{"id":33386,"date":"2022-11-02T09:59:16","date_gmt":"2022-11-02T02:59:16","guid":{"rendered":"https:\/\/mouldking.store\/?post_type=product&#038;p=33386"},"modified":"2022-11-02T09:59:16","modified_gmt":"2022-11-02T02:59:16","slug":"quan-guan-100239-kv-2-heavy-tank-with-1180-pieces","status":"publish","type":"product","link":"https:\/\/mouldking.store\/de\/shop\/quan-guan-100239-kv-2-heavy-tank-with-1180-pieces\/","title":{"rendered":"Quan Guan 100239 KV-2 Schwerer Panzer mit 1180 Teilen"},"content":{"rendered":"<p>Produktinformation:<\/p>\n<ol>\n<li>Marke: Quan Guan<\/li>\n<li>Geschlecht: Unisex<\/li>\n<li>Name: KV-2 Schwerer Panzer<\/li>\n<li>Altersspanne: &gt; 6 Jahre alt<\/li>\n<li>Modellnummer: 100239<\/li>\n<li>Einstufung: Assemblage<\/li>\n<li>Kunststoffblockform: Selbstsichernde Steine<\/li>\n<li>Material: Kunststoff<\/li>\n<li>Kunststofftyp: ABS<\/li>\n<li>Ziegelsteine: 1180 ST\u00dcCKE<\/li>\n<li>Abmessungen: 25,4 \u00d7 12 \u00d7 16,4 cm<\/li>\n<li>Enth\u00e4lt eine ausf\u00fchrliche Montageanleitung.<\/li>\n<\/ol>\n<p>Notiz:<br \/>\n1. Ohne Originalverpackung, aber wir garantieren, dass unsere Produkte eine Qualit\u00e4tssicherung und eine sch\u00f6ne Verpackung haben.<br \/>\n2. Wie alle Teile, die wir vor dem Versand \u00fcberpr\u00fcft haben, machen Sie sich keine Sorgen, wenn Sie feststellen, dass einige Teile fehlen oder besch\u00e4digt sind, und kontaktieren Sie uns einfach, und wir k\u00f6nnen sie Ihnen umgehend kostenlos erneut zusenden.<\/p>\n<figure id=\"attachment_33387\" aria-describedby=\"caption-attachment-33387\" style=\"width: 1024px\" class=\"wp-caption aligncenter\"><img fetchpriority=\"high\" decoding=\"async\" class=\"wp-image-33387 size-full\" src=\"https:\/\/mouldking.store\/wp-content\/uploads\/2022\/11\/Military-Quan-Guan-100239-KV-2-Heavy-Tank-1.jpg\" alt=\"Quan Guan 100239 KV-2 Heavy Tank With 1180 Pieces\" width=\"1024\" height=\"1024\" title=\"-\" srcset=\"https:\/\/mouldking.store\/wp-content\/uploads\/2022\/11\/Military-Quan-Guan-100239-KV-2-Heavy-Tank-1.jpg 1024w, https:\/\/mouldking.store\/wp-content\/uploads\/2022\/11\/Military-Quan-Guan-100239-KV-2-Heavy-Tank-1-300x300.jpg 300w, https:\/\/mouldking.store\/wp-content\/uploads\/2022\/11\/Military-Quan-Guan-100239-KV-2-Heavy-Tank-1-768x768.jpg 768w, https:\/\/mouldking.store\/wp-content\/uploads\/2022\/11\/Military-Quan-Guan-100239-KV-2-Heavy-Tank-1-600x600.jpg 600w, https:\/\/mouldking.store\/wp-content\/uploads\/2022\/11\/Military-Quan-Guan-100239-KV-2-Heavy-Tank-1-150x150.jpg 150w, https:\/\/mouldking.store\/wp-content\/uploads\/2022\/11\/Military-Quan-Guan-100239-KV-2-Heavy-Tank-1-60x60.jpg 60w, https:\/\/mouldking.store\/wp-content\/uploads\/2022\/11\/Military-Quan-Guan-100239-KV-2-Heavy-Tank-1-90x90.jpg 90w\" sizes=\"(max-width: 1024px) 100vw, 1024px\" \/><figcaption id=\"caption-attachment-33387\" class=\"wp-caption-text\">Quan Guan 100239 KV-2 Schwerer Panzer mit 1180 Teilen<\/figcaption><\/figure>\n<figure id=\"attachment_33388\" aria-describedby=\"caption-attachment-33388\" style=\"width: 750px\" class=\"wp-caption aligncenter\"><img decoding=\"async\" class=\"wp-image-33388 size-full\" src=\"https:\/\/mouldking.store\/wp-content\/uploads\/2022\/11\/Military-Quan-Guan-100239-KV-2-Heavy-Tank-4.jpg\" alt=\"Quan Guan 100239 KV-2 Heavy Tank With 1180 Pieces\" width=\"750\" height=\"750\" title=\"-\" srcset=\"https:\/\/mouldking.store\/wp-content\/uploads\/2022\/11\/Military-Quan-Guan-100239-KV-2-Heavy-Tank-4.jpg 750w, https:\/\/mouldking.store\/wp-content\/uploads\/2022\/11\/Military-Quan-Guan-100239-KV-2-Heavy-Tank-4-300x300.jpg 300w, https:\/\/mouldking.store\/wp-content\/uploads\/2022\/11\/Military-Quan-Guan-100239-KV-2-Heavy-Tank-4-600x600.jpg 600w, https:\/\/mouldking.store\/wp-content\/uploads\/2022\/11\/Military-Quan-Guan-100239-KV-2-Heavy-Tank-4-150x150.jpg 150w, https:\/\/mouldking.store\/wp-content\/uploads\/2022\/11\/Military-Quan-Guan-100239-KV-2-Heavy-Tank-4-60x60.jpg 60w, https:\/\/mouldking.store\/wp-content\/uploads\/2022\/11\/Military-Quan-Guan-100239-KV-2-Heavy-Tank-4-90x90.jpg 90w\" sizes=\"(max-width: 750px) 100vw, 750px\" \/><figcaption id=\"caption-attachment-33388\" class=\"wp-caption-text\">Quan Guan 100239 KV-2 Schwerer Panzer mit 1180 Teilen<\/figcaption><\/figure>\n<figure id=\"attachment_33389\" aria-describedby=\"caption-attachment-33389\" style=\"width: 750px\" class=\"wp-caption aligncenter\"><img decoding=\"async\" class=\"wp-image-33389 size-full\" src=\"https:\/\/mouldking.store\/wp-content\/uploads\/2022\/11\/Military-Quan-Guan-100239-KV-2-Heavy-Tank-2.jpg\" alt=\"Quan Guan 100239 KV-2 Heavy Tank With 1180 Pieces\" width=\"750\" height=\"750\" title=\"-\" srcset=\"https:\/\/mouldking.store\/wp-content\/uploads\/2022\/11\/Military-Quan-Guan-100239-KV-2-Heavy-Tank-2.jpg 750w, https:\/\/mouldking.store\/wp-content\/uploads\/2022\/11\/Military-Quan-Guan-100239-KV-2-Heavy-Tank-2-300x300.jpg 300w, https:\/\/mouldking.store\/wp-content\/uploads\/2022\/11\/Military-Quan-Guan-100239-KV-2-Heavy-Tank-2-600x600.jpg 600w, https:\/\/mouldking.store\/wp-content\/uploads\/2022\/11\/Military-Quan-Guan-100239-KV-2-Heavy-Tank-2-150x150.jpg 150w, https:\/\/mouldking.store\/wp-content\/uploads\/2022\/11\/Military-Quan-Guan-100239-KV-2-Heavy-Tank-2-60x60.jpg 60w, https:\/\/mouldking.store\/wp-content\/uploads\/2022\/11\/Military-Quan-Guan-100239-KV-2-Heavy-Tank-2-90x90.jpg 90w\" sizes=\"(max-width: 750px) 100vw, 750px\" \/><figcaption id=\"caption-attachment-33389\" class=\"wp-caption-text\">Quan Guan 100239 KV-2 Schwerer Panzer mit 1180 Teilen<\/figcaption><\/figure>\n<figure id=\"attachment_33390\" aria-describedby=\"caption-attachment-33390\" style=\"width: 750px\" class=\"wp-caption aligncenter\"><img loading=\"lazy\" decoding=\"async\" class=\"wp-image-33390 size-full\" src=\"https:\/\/mouldking.store\/wp-content\/uploads\/2022\/11\/Military-Quan-Guan-100239-KV-2-Heavy-Tank-3.jpg\" alt=\"Quan Guan 100239 KV-2 Heavy Tank With 1180 Pieces\" width=\"750\" height=\"750\" title=\"-\" srcset=\"https:\/\/mouldking.store\/wp-content\/uploads\/2022\/11\/Military-Quan-Guan-100239-KV-2-Heavy-Tank-3.jpg 750w, https:\/\/mouldking.store\/wp-content\/uploads\/2022\/11\/Military-Quan-Guan-100239-KV-2-Heavy-Tank-3-300x300.jpg 300w, https:\/\/mouldking.store\/wp-content\/uploads\/2022\/11\/Military-Quan-Guan-100239-KV-2-Heavy-Tank-3-600x600.jpg 600w, https:\/\/mouldking.store\/wp-content\/uploads\/2022\/11\/Military-Quan-Guan-100239-KV-2-Heavy-Tank-3-150x150.jpg 150w, https:\/\/mouldking.store\/wp-content\/uploads\/2022\/11\/Military-Quan-Guan-100239-KV-2-Heavy-Tank-3-60x60.jpg 60w, https:\/\/mouldking.store\/wp-content\/uploads\/2022\/11\/Military-Quan-Guan-100239-KV-2-Heavy-Tank-3-90x90.jpg 90w\" sizes=\"(max-width: 750px) 100vw, 750px\" \/><figcaption id=\"caption-attachment-33390\" class=\"wp-caption-text\">Quan Guan 100239 KV-2 Schwerer Panzer mit 1180 Teilen<\/figcaption><\/figure>\n<figure id=\"attachment_33391\" aria-describedby=\"caption-attachment-33391\" style=\"width: 800px\" class=\"wp-caption aligncenter\"><img loading=\"lazy\" decoding=\"async\" class=\"wp-image-33391 size-full\" src=\"https:\/\/mouldking.store\/wp-content\/uploads\/2022\/11\/Military-Quan-Guan-100239-KV-2-Heavy-Tank-7.jpg\" alt=\"Quan Guan 100239 KV-2 Heavy Tank With 1180 Pieces\" width=\"800\" height=\"800\" title=\"-\" srcset=\"https:\/\/mouldking.store\/wp-content\/uploads\/2022\/11\/Military-Quan-Guan-100239-KV-2-Heavy-Tank-7.jpg 800w, https:\/\/mouldking.store\/wp-content\/uploads\/2022\/11\/Military-Quan-Guan-100239-KV-2-Heavy-Tank-7-300x300.jpg 300w, https:\/\/mouldking.store\/wp-content\/uploads\/2022\/11\/Military-Quan-Guan-100239-KV-2-Heavy-Tank-7-768x768.jpg 768w, https:\/\/mouldking.store\/wp-content\/uploads\/2022\/11\/Military-Quan-Guan-100239-KV-2-Heavy-Tank-7-600x600.jpg 600w, https:\/\/mouldking.store\/wp-content\/uploads\/2022\/11\/Military-Quan-Guan-100239-KV-2-Heavy-Tank-7-150x150.jpg 150w, https:\/\/mouldking.store\/wp-content\/uploads\/2022\/11\/Military-Quan-Guan-100239-KV-2-Heavy-Tank-7-60x60.jpg 60w, https:\/\/mouldking.store\/wp-content\/uploads\/2022\/11\/Military-Quan-Guan-100239-KV-2-Heavy-Tank-7-90x90.jpg 90w\" sizes=\"(max-width: 800px) 100vw, 800px\" \/><figcaption id=\"caption-attachment-33391\" class=\"wp-caption-text\">Quan Guan 100239 KV-2 Schwerer Panzer mit 1180 Teilen<\/figcaption><\/figure>\n<figure id=\"attachment_33392\" aria-describedby=\"caption-attachment-33392\" style=\"width: 748px\" class=\"wp-caption aligncenter\"><img loading=\"lazy\" decoding=\"async\" class=\"wp-image-33392 size-full\" src=\"https:\/\/mouldking.store\/wp-content\/uploads\/2022\/11\/Military-Quan-Guan-100239-KV-2-Heavy-Tank-5.jpg\" alt=\"Quan Guan 100239 KV-2 Heavy Tank With 1180 Pieces\" width=\"748\" height=\"748\" title=\"-\" srcset=\"https:\/\/mouldking.store\/wp-content\/uploads\/2022\/11\/Military-Quan-Guan-100239-KV-2-Heavy-Tank-5.jpg 748w, https:\/\/mouldking.store\/wp-content\/uploads\/2022\/11\/Military-Quan-Guan-100239-KV-2-Heavy-Tank-5-300x300.jpg 300w, https:\/\/mouldking.store\/wp-content\/uploads\/2022\/11\/Military-Quan-Guan-100239-KV-2-Heavy-Tank-5-600x600.jpg 600w, https:\/\/mouldking.store\/wp-content\/uploads\/2022\/11\/Military-Quan-Guan-100239-KV-2-Heavy-Tank-5-150x150.jpg 150w, https:\/\/mouldking.store\/wp-content\/uploads\/2022\/11\/Military-Quan-Guan-100239-KV-2-Heavy-Tank-5-60x60.jpg 60w, https:\/\/mouldking.store\/wp-content\/uploads\/2022\/11\/Military-Quan-Guan-100239-KV-2-Heavy-Tank-5-90x90.jpg 90w\" sizes=\"(max-width: 748px) 100vw, 748px\" \/><figcaption id=\"caption-attachment-33392\" class=\"wp-caption-text\">Quan Guan 100239 KV-2 Schwerer Panzer mit 1180 Teilen<\/figcaption><\/figure>\n<figure id=\"attachment_33393\" aria-describedby=\"caption-attachment-33393\" style=\"width: 800px\" class=\"wp-caption aligncenter\"><img loading=\"lazy\" decoding=\"async\" class=\"wp-image-33393 size-full\" src=\"https:\/\/mouldking.store\/wp-content\/uploads\/2022\/11\/Military-Quan-Guan-100239-KV-2-Heavy-Tank-6.jpg\" alt=\"Quan Guan 100239 KV-2 Heavy Tank With 1180 Pieces\" width=\"800\" height=\"800\" title=\"-\" srcset=\"https:\/\/mouldking.store\/wp-content\/uploads\/2022\/11\/Military-Quan-Guan-100239-KV-2-Heavy-Tank-6.jpg 800w, https:\/\/mouldking.store\/wp-content\/uploads\/2022\/11\/Military-Quan-Guan-100239-KV-2-Heavy-Tank-6-300x300.jpg 300w, https:\/\/mouldking.store\/wp-content\/uploads\/2022\/11\/Military-Quan-Guan-100239-KV-2-Heavy-Tank-6-768x768.jpg 768w, https:\/\/mouldking.store\/wp-content\/uploads\/2022\/11\/Military-Quan-Guan-100239-KV-2-Heavy-Tank-6-600x600.jpg 600w, https:\/\/mouldking.store\/wp-content\/uploads\/2022\/11\/Military-Quan-Guan-100239-KV-2-Heavy-Tank-6-150x150.jpg 150w, https:\/\/mouldking.store\/wp-content\/uploads\/2022\/11\/Military-Quan-Guan-100239-KV-2-Heavy-Tank-6-60x60.jpg 60w, https:\/\/mouldking.store\/wp-content\/uploads\/2022\/11\/Military-Quan-Guan-100239-KV-2-Heavy-Tank-6-90x90.jpg 90w\" sizes=\"(max-width: 800px) 100vw, 800px\" \/><figcaption id=\"caption-attachment-33393\" class=\"wp-caption-text\">Quan Guan 100239 KV-2 Schwerer Panzer mit 1180 Teilen<\/figcaption><\/figure>","protected":false},"excerpt":{"rendered":"<p>Product information: Brand: Quan Guan Gender: Unisex Name: KV-2 Heavy Tank Age Range: &gt; 6 years old Model Number: 100239 Classification: Assemblage Plastic Block Shape: Self-Locking Bricks Material: Plastic Plastic Type: ABS Bricks Blocks: 1180 PCS Dimensions: 25.4 \u00d7 12 \u00d7 16.4 cm Contains detailed assembly instructions. Notice: 1. Without an original box, but we [&hellip;]<\/p>","protected":false},"featured_media":33387,"comment_status":"closed","ping_status":"closed","template":"","meta":{"_acf_changed":false},"product_cat":[1350],"product_tag":[6197,6200,5469,6198,5465,6199,6196,485],"class_list":["product","first","instock","shipping-taxable","purchasable","product-type-simple"],"acf":[],"_links":{"self":[{"href":"https:\/\/mouldking.store\/de\/wp-json\/wp\/v2\/product\/33386","targetHints":{"allow":["GET"]}}],"collection":[{"href":"https:\/\/mouldking.store\/de\/wp-json\/wp\/v2\/product"}],"about":[{"href":"https:\/\/mouldking.store\/de\/wp-json\/wp\/v2\/types\/product"}],"replies":[{"embeddable":true,"href":"https:\/\/mouldking.store\/de\/wp-json\/wp\/v2\/comments?post=33386"}],"wp:featuredmedia":[{"embeddable":true,"href":"https:\/\/mouldking.store\/de\/wp-json\/wp\/v2\/media\/33387"}],"wp:attachment":[{"href":"https:\/\/mouldking.store\/de\/wp-json\/wp\/v2\/media?parent=33386"}],"wp:term":[{"taxonomy":"product_cat","embeddable":true,"href":"https:\/\/mouldking.store\/de\/wp-json\/wp\/v2\/product_cat?post=33386"},{"taxonomy":"product_tag","embeddable":true,"href":"https:\/\/mouldking.store\/de\/wp-json\/wp\/v2\/product_tag?post=33386"}],"curies":[{"name":"wp","href":"https:\/\/api.w.org\/{rel}","templated":true}]}}