{"id":33394,"date":"2022-11-02T10:09:11","date_gmt":"2022-11-02T03:09:11","guid":{"rendered":"https:\/\/mouldking.store\/?post_type=product&#038;p=33394"},"modified":"2024-12-09T17:42:54","modified_gmt":"2024-12-09T10:42:54","slug":"lebo-77036-optimus-prime-carriage-with-1766-pieces","status":"publish","type":"product","link":"https:\/\/mouldking.store\/de\/shop\/lebo-77036-optimus-prime-carriage-with-1766-pieces\/","title":{"rendered":"LEBO 77036 Optimus Prime Kutsche mit 1766 Teilen"},"content":{"rendered":"<p>Produktinformation:<\/p>\n<ol>\n<li>Brand: LEBO<\/li>\n<li>Geschlecht: Unisex<\/li>\n<li>Name: Optimus Prime Carriage<\/li>\n<li>Altersspanne: &gt; 6 Jahre alt<\/li>\n<li>Model Number: 77036<\/li>\n<li>Einstufung: Assemblage<\/li>\n<li>Kunststoffblockform: Selbstsichernde Steine<\/li>\n<li>Material: Kunststoff<\/li>\n<li>Kunststofftyp: ABS<\/li>\n<li>Bricks Blocks: 1766 PCS<\/li>\n<li>Dimensions:\u00a039.5 \u00d7 13 \u00d7 19 cm<\/li>\n<li>Enth\u00e4lt eine ausf\u00fchrliche Montageanleitung.<\/li>\n<\/ol>\n<p>Notiz:<br \/>\n1. Ohne Originalverpackung, aber wir garantieren, dass unsere Produkte eine Qualit\u00e4tssicherung und eine sch\u00f6ne Verpackung haben.<br \/>\n2. Wie alle Teile, die wir vor dem Versand \u00fcberpr\u00fcft haben, machen Sie sich keine Sorgen, wenn Sie feststellen, dass einige Teile fehlen oder besch\u00e4digt sind, und kontaktieren Sie uns einfach, und wir k\u00f6nnen sie Ihnen umgehend kostenlos erneut zusenden.<\/p>\n<figure id=\"attachment_33395\" aria-describedby=\"caption-attachment-33395\" style=\"width: 768px\" class=\"wp-caption aligncenter\"><img fetchpriority=\"high\" decoding=\"async\" class=\"wp-image-33395 size-full\" src=\"https:\/\/mouldking.store\/wp-content\/uploads\/2022\/11\/Technic-LEBO-77036-Optimus-Prime-Carriage-1-768x768-1.jpg\" alt=\"LEBO 77036 Optimus Prime Carriage With 1766 Pieces\" width=\"768\" height=\"768\" title=\"-\" srcset=\"https:\/\/mouldking.store\/wp-content\/uploads\/2022\/11\/Technic-LEBO-77036-Optimus-Prime-Carriage-1-768x768-1.jpg 768w, https:\/\/mouldking.store\/wp-content\/uploads\/2022\/11\/Technic-LEBO-77036-Optimus-Prime-Carriage-1-768x768-1-300x300.jpg 300w, https:\/\/mouldking.store\/wp-content\/uploads\/2022\/11\/Technic-LEBO-77036-Optimus-Prime-Carriage-1-768x768-1-600x600.jpg 600w, https:\/\/mouldking.store\/wp-content\/uploads\/2022\/11\/Technic-LEBO-77036-Optimus-Prime-Carriage-1-768x768-1-150x150.jpg 150w, https:\/\/mouldking.store\/wp-content\/uploads\/2022\/11\/Technic-LEBO-77036-Optimus-Prime-Carriage-1-768x768-1-60x60.jpg 60w, https:\/\/mouldking.store\/wp-content\/uploads\/2022\/11\/Technic-LEBO-77036-Optimus-Prime-Carriage-1-768x768-1-90x90.jpg 90w\" sizes=\"(max-width: 768px) 100vw, 768px\" \/><figcaption id=\"caption-attachment-33395\" class=\"wp-caption-text\">LEBO 77036 Optimus Prime Kutsche mit 1766 Teilen<\/figcaption><\/figure>\n<figure id=\"attachment_33396\" aria-describedby=\"caption-attachment-33396\" style=\"width: 750px\" class=\"wp-caption aligncenter\"><img decoding=\"async\" class=\"wp-image-33396 size-full\" src=\"https:\/\/mouldking.store\/wp-content\/uploads\/2022\/11\/Technic-LEBO-77036-Optimus-Prime-Carriage-7.jpg\" alt=\"LEBO 77036 Optimus Prime Carriage With 1766 Pieces\" width=\"750\" height=\"1024\" title=\"-\" srcset=\"https:\/\/mouldking.store\/wp-content\/uploads\/2022\/11\/Technic-LEBO-77036-Optimus-Prime-Carriage-7.jpg 750w, https:\/\/mouldking.store\/wp-content\/uploads\/2022\/11\/Technic-LEBO-77036-Optimus-Prime-Carriage-7-220x300.jpg 220w, https:\/\/mouldking.store\/wp-content\/uploads\/2022\/11\/Technic-LEBO-77036-Optimus-Prime-Carriage-7-300x410.jpg 300w, https:\/\/mouldking.store\/wp-content\/uploads\/2022\/11\/Technic-LEBO-77036-Optimus-Prime-Carriage-7-600x819.jpg 600w, https:\/\/mouldking.store\/wp-content\/uploads\/2022\/11\/Technic-LEBO-77036-Optimus-Prime-Carriage-7-110x150.jpg 110w, https:\/\/mouldking.store\/wp-content\/uploads\/2022\/11\/Technic-LEBO-77036-Optimus-Prime-Carriage-7-44x60.jpg 44w, https:\/\/mouldking.store\/wp-content\/uploads\/2022\/11\/Technic-LEBO-77036-Optimus-Prime-Carriage-7-66x90.jpg 66w\" sizes=\"(max-width: 750px) 100vw, 750px\" \/><figcaption id=\"caption-attachment-33396\" class=\"wp-caption-text\">LEBO 77036 Optimus Prime Kutsche mit 1766 Teilen<\/figcaption><\/figure>\n<figure id=\"attachment_33397\" aria-describedby=\"caption-attachment-33397\" style=\"width: 541px\" class=\"wp-caption aligncenter\"><img decoding=\"async\" class=\"wp-image-33397 size-full\" src=\"https:\/\/mouldking.store\/wp-content\/uploads\/2022\/11\/Technic-LEBO-77036-Optimus-Prime-Carriage-6.jpg\" alt=\"LEBO 77036 Optimus Prime Carriage With 1766 Pieces\" width=\"541\" height=\"1024\" title=\"-\" srcset=\"https:\/\/mouldking.store\/wp-content\/uploads\/2022\/11\/Technic-LEBO-77036-Optimus-Prime-Carriage-6.jpg 541w, https:\/\/mouldking.store\/wp-content\/uploads\/2022\/11\/Technic-LEBO-77036-Optimus-Prime-Carriage-6-158x300.jpg 158w, https:\/\/mouldking.store\/wp-content\/uploads\/2022\/11\/Technic-LEBO-77036-Optimus-Prime-Carriage-6-300x568.jpg 300w, https:\/\/mouldking.store\/wp-content\/uploads\/2022\/11\/Technic-LEBO-77036-Optimus-Prime-Carriage-6-79x150.jpg 79w, https:\/\/mouldking.store\/wp-content\/uploads\/2022\/11\/Technic-LEBO-77036-Optimus-Prime-Carriage-6-32x60.jpg 32w, https:\/\/mouldking.store\/wp-content\/uploads\/2022\/11\/Technic-LEBO-77036-Optimus-Prime-Carriage-6-48x90.jpg 48w\" sizes=\"(max-width: 541px) 100vw, 541px\" \/><figcaption id=\"caption-attachment-33397\" class=\"wp-caption-text\">LEBO 77036 Optimus Prime Kutsche mit 1766 Teilen<\/figcaption><\/figure>\n<figure id=\"attachment_33398\" aria-describedby=\"caption-attachment-33398\" style=\"width: 768px\" class=\"wp-caption aligncenter\"><img loading=\"lazy\" decoding=\"async\" class=\"wp-image-33398 size-full\" src=\"https:\/\/mouldking.store\/wp-content\/uploads\/2022\/11\/Technic-LEBO-77036-Optimus-Prime-Carriage-5-768x823-1.jpg\" alt=\"LEBO 77036 Optimus Prime Carriage With 1766 Pieces\" width=\"768\" height=\"823\" title=\"-\" srcset=\"https:\/\/mouldking.store\/wp-content\/uploads\/2022\/11\/Technic-LEBO-77036-Optimus-Prime-Carriage-5-768x823-1.jpg 768w, https:\/\/mouldking.store\/wp-content\/uploads\/2022\/11\/Technic-LEBO-77036-Optimus-Prime-Carriage-5-768x823-1-280x300.jpg 280w, https:\/\/mouldking.store\/wp-content\/uploads\/2022\/11\/Technic-LEBO-77036-Optimus-Prime-Carriage-5-768x823-1-300x321.jpg 300w, https:\/\/mouldking.store\/wp-content\/uploads\/2022\/11\/Technic-LEBO-77036-Optimus-Prime-Carriage-5-768x823-1-600x643.jpg 600w, https:\/\/mouldking.store\/wp-content\/uploads\/2022\/11\/Technic-LEBO-77036-Optimus-Prime-Carriage-5-768x823-1-140x150.jpg 140w, https:\/\/mouldking.store\/wp-content\/uploads\/2022\/11\/Technic-LEBO-77036-Optimus-Prime-Carriage-5-768x823-1-56x60.jpg 56w, https:\/\/mouldking.store\/wp-content\/uploads\/2022\/11\/Technic-LEBO-77036-Optimus-Prime-Carriage-5-768x823-1-84x90.jpg 84w\" sizes=\"(max-width: 768px) 100vw, 768px\" \/><figcaption id=\"caption-attachment-33398\" class=\"wp-caption-text\">LEBO 77036 Optimus Prime Kutsche mit 1766 Teilen<\/figcaption><\/figure>\n<figure id=\"attachment_33399\" aria-describedby=\"caption-attachment-33399\" style=\"width: 768px\" class=\"wp-caption aligncenter\"><img loading=\"lazy\" decoding=\"async\" class=\"wp-image-33399 size-full\" src=\"https:\/\/mouldking.store\/wp-content\/uploads\/2022\/11\/Technic-LEBO-77036-Optimus-Prime-Carriage-4-768x698-1.jpg\" alt=\"LEBO 77036 Optimus Prime Carriage With 1766 Pieces\" width=\"768\" height=\"698\" title=\"-\" srcset=\"https:\/\/mouldking.store\/wp-content\/uploads\/2022\/11\/Technic-LEBO-77036-Optimus-Prime-Carriage-4-768x698-1.jpg 768w, https:\/\/mouldking.store\/wp-content\/uploads\/2022\/11\/Technic-LEBO-77036-Optimus-Prime-Carriage-4-768x698-1-300x273.jpg 300w, https:\/\/mouldking.store\/wp-content\/uploads\/2022\/11\/Technic-LEBO-77036-Optimus-Prime-Carriage-4-768x698-1-600x545.jpg 600w, https:\/\/mouldking.store\/wp-content\/uploads\/2022\/11\/Technic-LEBO-77036-Optimus-Prime-Carriage-4-768x698-1-150x136.jpg 150w, https:\/\/mouldking.store\/wp-content\/uploads\/2022\/11\/Technic-LEBO-77036-Optimus-Prime-Carriage-4-768x698-1-66x60.jpg 66w, https:\/\/mouldking.store\/wp-content\/uploads\/2022\/11\/Technic-LEBO-77036-Optimus-Prime-Carriage-4-768x698-1-99x90.jpg 99w\" sizes=\"(max-width: 768px) 100vw, 768px\" \/><figcaption id=\"caption-attachment-33399\" class=\"wp-caption-text\">LEBO 77036 Optimus Prime Kutsche mit 1766 Teilen<\/figcaption><\/figure>\n<figure id=\"attachment_33400\" aria-describedby=\"caption-attachment-33400\" style=\"width: 768px\" class=\"wp-caption aligncenter\"><img loading=\"lazy\" decoding=\"async\" class=\"wp-image-33400 size-full\" src=\"https:\/\/mouldking.store\/wp-content\/uploads\/2022\/11\/Technic-LEBO-77036-Optimus-Prime-Carriage-3-768x717-1.jpg\" alt=\"LEBO 77036 Optimus Prime Carriage With 1766 Pieces\" width=\"768\" height=\"717\" title=\"-\" srcset=\"https:\/\/mouldking.store\/wp-content\/uploads\/2022\/11\/Technic-LEBO-77036-Optimus-Prime-Carriage-3-768x717-1.jpg 768w, https:\/\/mouldking.store\/wp-content\/uploads\/2022\/11\/Technic-LEBO-77036-Optimus-Prime-Carriage-3-768x717-1-300x280.jpg 300w, https:\/\/mouldking.store\/wp-content\/uploads\/2022\/11\/Technic-LEBO-77036-Optimus-Prime-Carriage-3-768x717-1-600x560.jpg 600w, https:\/\/mouldking.store\/wp-content\/uploads\/2022\/11\/Technic-LEBO-77036-Optimus-Prime-Carriage-3-768x717-1-150x140.jpg 150w, https:\/\/mouldking.store\/wp-content\/uploads\/2022\/11\/Technic-LEBO-77036-Optimus-Prime-Carriage-3-768x717-1-64x60.jpg 64w, https:\/\/mouldking.store\/wp-content\/uploads\/2022\/11\/Technic-LEBO-77036-Optimus-Prime-Carriage-3-768x717-1-96x90.jpg 96w\" sizes=\"(max-width: 768px) 100vw, 768px\" \/><figcaption id=\"caption-attachment-33400\" class=\"wp-caption-text\">LEBO 77036 Optimus Prime Kutsche mit 1766 Teilen<\/figcaption><\/figure>\n<figure id=\"attachment_33401\" aria-describedby=\"caption-attachment-33401\" style=\"width: 768px\" class=\"wp-caption aligncenter\"><img loading=\"lazy\" decoding=\"async\" class=\"wp-image-33401 size-full\" src=\"https:\/\/mouldking.store\/wp-content\/uploads\/2022\/11\/Technic-LEBO-77036-Optimus-Prime-Carriage-2-768x963-1.jpg\" alt=\"LEBO 77036 Optimus Prime Carriage With 1766 Pieces\" width=\"768\" height=\"963\" title=\"-\" srcset=\"https:\/\/mouldking.store\/wp-content\/uploads\/2022\/11\/Technic-LEBO-77036-Optimus-Prime-Carriage-2-768x963-1.jpg 768w, https:\/\/mouldking.store\/wp-content\/uploads\/2022\/11\/Technic-LEBO-77036-Optimus-Prime-Carriage-2-768x963-1-239x300.jpg 239w, https:\/\/mouldking.store\/wp-content\/uploads\/2022\/11\/Technic-LEBO-77036-Optimus-Prime-Carriage-2-768x963-1-300x376.jpg 300w, https:\/\/mouldking.store\/wp-content\/uploads\/2022\/11\/Technic-LEBO-77036-Optimus-Prime-Carriage-2-768x963-1-600x752.jpg 600w, https:\/\/mouldking.store\/wp-content\/uploads\/2022\/11\/Technic-LEBO-77036-Optimus-Prime-Carriage-2-768x963-1-120x150.jpg 120w, https:\/\/mouldking.store\/wp-content\/uploads\/2022\/11\/Technic-LEBO-77036-Optimus-Prime-Carriage-2-768x963-1-48x60.jpg 48w, https:\/\/mouldking.store\/wp-content\/uploads\/2022\/11\/Technic-LEBO-77036-Optimus-Prime-Carriage-2-768x963-1-72x90.jpg 72w\" sizes=\"(max-width: 768px) 100vw, 768px\" \/><figcaption id=\"caption-attachment-33401\" class=\"wp-caption-text\">LEBO 77036 Optimus Prime Kutsche mit 1766 Teilen<\/figcaption><\/figure>","protected":false},"excerpt":{"rendered":"<p>Product information: Brand: LEBO Gender: Unisex Name: Optimus Prime Carriage Age Range: &gt; 6 years old Model Number: 77036 Classification: Assemblage Plastic Block Shape: Self-Locking Bricks Material: Plastic Plastic Type: ABS Bricks Blocks: 1766 PCS Dimensions:\u00a039.5 \u00d7 13 \u00d7 19 cm Contains detailed assembly instructions. Notice: 1. Without an original box, but we guarantee our [&hellip;]<\/p>","protected":false},"featured_media":33395,"comment_status":"closed","ping_status":"closed","template":"","meta":{"_acf_changed":false},"product_cat":[1357],"product_tag":[6206,6203,991,6204,6202,6201,6205],"class_list":["product","first","instock","shipping-taxable","purchasable","product-type-simple"],"acf":[],"_links":{"self":[{"href":"https:\/\/mouldking.store\/de\/wp-json\/wp\/v2\/product\/33394","targetHints":{"allow":["GET"]}}],"collection":[{"href":"https:\/\/mouldking.store\/de\/wp-json\/wp\/v2\/product"}],"about":[{"href":"https:\/\/mouldking.store\/de\/wp-json\/wp\/v2\/types\/product"}],"replies":[{"embeddable":true,"href":"https:\/\/mouldking.store\/de\/wp-json\/wp\/v2\/comments?post=33394"}],"wp:featuredmedia":[{"embeddable":true,"href":"https:\/\/mouldking.store\/de\/wp-json\/wp\/v2\/media\/33395"}],"wp:attachment":[{"href":"https:\/\/mouldking.store\/de\/wp-json\/wp\/v2\/media?parent=33394"}],"wp:term":[{"taxonomy":"product_cat","embeddable":true,"href":"https:\/\/mouldking.store\/de\/wp-json\/wp\/v2\/product_cat?post=33394"},{"taxonomy":"product_tag","embeddable":true,"href":"https:\/\/mouldking.store\/de\/wp-json\/wp\/v2\/product_tag?post=33394"}],"curies":[{"name":"wp","href":"https:\/\/api.w.org\/{rel}","templated":true}]}}