{"id":33402,"date":"2022-11-02T10:19:10","date_gmt":"2022-11-02T03:19:10","guid":{"rendered":"https:\/\/mouldking.store\/?post_type=product&#038;p=33402"},"modified":"2022-11-02T10:19:10","modified_gmt":"2022-11-02T03:19:10","slug":"reobrix-66027-medieval-church-with-3468-pieces","status":"publish","type":"product","link":"https:\/\/mouldking.store\/de\/shop\/reobrix-66027-medieval-church-with-3468-pieces\/","title":{"rendered":"Reobrix 66027 Mittelalterliche Kirche mit 3468 Teilen"},"content":{"rendered":"<p>Produktinformation:<\/p>\n<ol>\n<li>Marke: Reobrix<\/li>\n<li>Geschlecht: Unisex<\/li>\n<li>Name: Mittelalterliche Kirche<\/li>\n<li>Altersspanne: &gt; 6 Jahre alt<\/li>\n<li>Modellnummer: 66027<\/li>\n<li>Einstufung: Assemblage<\/li>\n<li>Kunststoffblockform: Selbstsichernde Steine<\/li>\n<li>Material: Kunststoff<\/li>\n<li>Kunststofftyp: ABS<\/li>\n<li>Ziegelsteine: 3468 ST\u00dcCKE<\/li>\n<li>Abmessungen: 29 \u00d7 32 \u00d7 49,5 cm<\/li>\n<li>Enth\u00e4lt eine ausf\u00fchrliche Montageanleitung.<\/li>\n<\/ol>\n<p>Notiz:<br \/>\n1. Ohne Originalverpackung, aber wir garantieren, dass unsere Produkte eine Qualit\u00e4tssicherung und eine sch\u00f6ne Verpackung haben.<br \/>\n2. Wie alle Teile, die wir vor dem Versand \u00fcberpr\u00fcft haben, machen Sie sich keine Sorgen, wenn Sie feststellen, dass einige Teile fehlen oder besch\u00e4digt sind, und kontaktieren Sie uns einfach, und wir k\u00f6nnen sie Ihnen umgehend kostenlos erneut zusenden.<\/p>\n<figure id=\"attachment_33403\" aria-describedby=\"caption-attachment-33403\" style=\"width: 800px\" class=\"wp-caption aligncenter\"><img fetchpriority=\"high\" decoding=\"async\" class=\"wp-image-33403 size-full\" src=\"https:\/\/mouldking.store\/wp-content\/uploads\/2022\/11\/Modular-Building-Reobrix-66027-Medieval-Church-1.jpg\" alt=\"Reobrix 66027 Medieval Church With 3468 Pieces\" width=\"800\" height=\"800\" title=\"-\" srcset=\"https:\/\/mouldking.store\/wp-content\/uploads\/2022\/11\/Modular-Building-Reobrix-66027-Medieval-Church-1.jpg 800w, https:\/\/mouldking.store\/wp-content\/uploads\/2022\/11\/Modular-Building-Reobrix-66027-Medieval-Church-1-300x300.jpg 300w, https:\/\/mouldking.store\/wp-content\/uploads\/2022\/11\/Modular-Building-Reobrix-66027-Medieval-Church-1-768x768.jpg 768w, https:\/\/mouldking.store\/wp-content\/uploads\/2022\/11\/Modular-Building-Reobrix-66027-Medieval-Church-1-600x600.jpg 600w, https:\/\/mouldking.store\/wp-content\/uploads\/2022\/11\/Modular-Building-Reobrix-66027-Medieval-Church-1-150x150.jpg 150w, https:\/\/mouldking.store\/wp-content\/uploads\/2022\/11\/Modular-Building-Reobrix-66027-Medieval-Church-1-60x60.jpg 60w, https:\/\/mouldking.store\/wp-content\/uploads\/2022\/11\/Modular-Building-Reobrix-66027-Medieval-Church-1-90x90.jpg 90w\" sizes=\"(max-width: 800px) 100vw, 800px\" \/><figcaption id=\"caption-attachment-33403\" class=\"wp-caption-text\">Reobrix 66027 Mittelalterliche Kirche mit 3468 Teilen<\/figcaption><\/figure>\n<figure id=\"attachment_33404\" aria-describedby=\"caption-attachment-33404\" style=\"width: 800px\" class=\"wp-caption aligncenter\"><img decoding=\"async\" class=\"wp-image-33404 size-full\" src=\"https:\/\/mouldking.store\/wp-content\/uploads\/2022\/11\/Modular-Building-Reobrix-66027-Medieval-Church-12.jpg\" alt=\"Reobrix 66027 Medieval Church With 3468 Pieces\" width=\"800\" height=\"800\" title=\"-\" srcset=\"https:\/\/mouldking.store\/wp-content\/uploads\/2022\/11\/Modular-Building-Reobrix-66027-Medieval-Church-12.jpg 800w, https:\/\/mouldking.store\/wp-content\/uploads\/2022\/11\/Modular-Building-Reobrix-66027-Medieval-Church-12-300x300.jpg 300w, https:\/\/mouldking.store\/wp-content\/uploads\/2022\/11\/Modular-Building-Reobrix-66027-Medieval-Church-12-768x768.jpg 768w, https:\/\/mouldking.store\/wp-content\/uploads\/2022\/11\/Modular-Building-Reobrix-66027-Medieval-Church-12-600x600.jpg 600w, https:\/\/mouldking.store\/wp-content\/uploads\/2022\/11\/Modular-Building-Reobrix-66027-Medieval-Church-12-150x150.jpg 150w, https:\/\/mouldking.store\/wp-content\/uploads\/2022\/11\/Modular-Building-Reobrix-66027-Medieval-Church-12-60x60.jpg 60w, https:\/\/mouldking.store\/wp-content\/uploads\/2022\/11\/Modular-Building-Reobrix-66027-Medieval-Church-12-90x90.jpg 90w\" sizes=\"(max-width: 800px) 100vw, 800px\" \/><figcaption id=\"caption-attachment-33404\" class=\"wp-caption-text\">Reobrix 66027 Mittelalterliche Kirche mit 3468 Teilen<\/figcaption><\/figure>\n<figure id=\"attachment_33405\" aria-describedby=\"caption-attachment-33405\" style=\"width: 800px\" class=\"wp-caption aligncenter\"><img decoding=\"async\" class=\"wp-image-33405 size-full\" src=\"https:\/\/mouldking.store\/wp-content\/uploads\/2022\/11\/Modular-Building-Reobrix-66027-Medieval-Church-11.jpg\" alt=\"Reobrix 66027 Medieval Church With 3468 Pieces\" width=\"800\" height=\"800\" title=\"-\" srcset=\"https:\/\/mouldking.store\/wp-content\/uploads\/2022\/11\/Modular-Building-Reobrix-66027-Medieval-Church-11.jpg 800w, https:\/\/mouldking.store\/wp-content\/uploads\/2022\/11\/Modular-Building-Reobrix-66027-Medieval-Church-11-300x300.jpg 300w, https:\/\/mouldking.store\/wp-content\/uploads\/2022\/11\/Modular-Building-Reobrix-66027-Medieval-Church-11-768x768.jpg 768w, https:\/\/mouldking.store\/wp-content\/uploads\/2022\/11\/Modular-Building-Reobrix-66027-Medieval-Church-11-600x600.jpg 600w, https:\/\/mouldking.store\/wp-content\/uploads\/2022\/11\/Modular-Building-Reobrix-66027-Medieval-Church-11-150x150.jpg 150w, https:\/\/mouldking.store\/wp-content\/uploads\/2022\/11\/Modular-Building-Reobrix-66027-Medieval-Church-11-60x60.jpg 60w, https:\/\/mouldking.store\/wp-content\/uploads\/2022\/11\/Modular-Building-Reobrix-66027-Medieval-Church-11-90x90.jpg 90w\" sizes=\"(max-width: 800px) 100vw, 800px\" \/><figcaption id=\"caption-attachment-33405\" class=\"wp-caption-text\">Reobrix 66027 Mittelalterliche Kirche mit 3468 Teilen<\/figcaption><\/figure>\n<figure id=\"attachment_33406\" aria-describedby=\"caption-attachment-33406\" style=\"width: 800px\" class=\"wp-caption aligncenter\"><img loading=\"lazy\" decoding=\"async\" class=\"wp-image-33406 size-full\" src=\"https:\/\/mouldking.store\/wp-content\/uploads\/2022\/11\/Modular-Building-Reobrix-66027-Medieval-Church-9.jpg\" alt=\"Reobrix 66027 Medieval Church With 3468 Pieces\" width=\"800\" height=\"800\" title=\"-\" srcset=\"https:\/\/mouldking.store\/wp-content\/uploads\/2022\/11\/Modular-Building-Reobrix-66027-Medieval-Church-9.jpg 800w, https:\/\/mouldking.store\/wp-content\/uploads\/2022\/11\/Modular-Building-Reobrix-66027-Medieval-Church-9-300x300.jpg 300w, https:\/\/mouldking.store\/wp-content\/uploads\/2022\/11\/Modular-Building-Reobrix-66027-Medieval-Church-9-768x768.jpg 768w, https:\/\/mouldking.store\/wp-content\/uploads\/2022\/11\/Modular-Building-Reobrix-66027-Medieval-Church-9-600x600.jpg 600w, https:\/\/mouldking.store\/wp-content\/uploads\/2022\/11\/Modular-Building-Reobrix-66027-Medieval-Church-9-150x150.jpg 150w, https:\/\/mouldking.store\/wp-content\/uploads\/2022\/11\/Modular-Building-Reobrix-66027-Medieval-Church-9-60x60.jpg 60w, https:\/\/mouldking.store\/wp-content\/uploads\/2022\/11\/Modular-Building-Reobrix-66027-Medieval-Church-9-90x90.jpg 90w\" sizes=\"(max-width: 800px) 100vw, 800px\" \/><figcaption id=\"caption-attachment-33406\" class=\"wp-caption-text\">Reobrix 66027 Mittelalterliche Kirche mit 3468 Teilen<\/figcaption><\/figure>\n<figure id=\"attachment_33407\" aria-describedby=\"caption-attachment-33407\" style=\"width: 788px\" class=\"wp-caption aligncenter\"><img loading=\"lazy\" decoding=\"async\" class=\"wp-image-33407 size-full\" src=\"https:\/\/mouldking.store\/wp-content\/uploads\/2022\/11\/Modular-Building-Reobrix-66027-Medieval-Church-4.jpg\" alt=\"Reobrix 66027 Medieval Church With 3468 Pieces\" width=\"788\" height=\"768\" title=\"-\" srcset=\"https:\/\/mouldking.store\/wp-content\/uploads\/2022\/11\/Modular-Building-Reobrix-66027-Medieval-Church-4.jpg 788w, https:\/\/mouldking.store\/wp-content\/uploads\/2022\/11\/Modular-Building-Reobrix-66027-Medieval-Church-4-300x292.jpg 300w, https:\/\/mouldking.store\/wp-content\/uploads\/2022\/11\/Modular-Building-Reobrix-66027-Medieval-Church-4-768x749.jpg 768w, https:\/\/mouldking.store\/wp-content\/uploads\/2022\/11\/Modular-Building-Reobrix-66027-Medieval-Church-4-600x585.jpg 600w, https:\/\/mouldking.store\/wp-content\/uploads\/2022\/11\/Modular-Building-Reobrix-66027-Medieval-Church-4-150x146.jpg 150w, https:\/\/mouldking.store\/wp-content\/uploads\/2022\/11\/Modular-Building-Reobrix-66027-Medieval-Church-4-62x60.jpg 62w, https:\/\/mouldking.store\/wp-content\/uploads\/2022\/11\/Modular-Building-Reobrix-66027-Medieval-Church-4-92x90.jpg 92w\" sizes=\"(max-width: 788px) 100vw, 788px\" \/><figcaption id=\"caption-attachment-33407\" class=\"wp-caption-text\">Reobrix 66027 Mittelalterliche Kirche mit 3468 Teilen<\/figcaption><\/figure>","protected":false},"excerpt":{"rendered":"<p>Product information: Brand: Reobrix Gender: Unisex Name: Medieval Church Age Range: &gt; 6 years old Model Number: 66027 Classification: Assemblage Plastic Block Shape: Self-Locking Bricks Material: Plastic Plastic Type: ABS Bricks Blocks: 3468 PCS Dimensions: \u00a029 \u00d7 32 \u00d7 49.5 cm Contains detailed assembly instructions. Notice: 1. Without an original box, but we guarantee our [&hellip;]<\/p>","protected":false},"featured_media":33403,"comment_status":"closed","ping_status":"closed","template":"","meta":{"_acf_changed":false},"product_cat":[1395],"product_tag":[6210,6208,4977,6209,2669,6211,6207],"class_list":["product","first","instock","shipping-taxable","purchasable","product-type-simple"],"acf":[],"_links":{"self":[{"href":"https:\/\/mouldking.store\/de\/wp-json\/wp\/v2\/product\/33402","targetHints":{"allow":["GET"]}}],"collection":[{"href":"https:\/\/mouldking.store\/de\/wp-json\/wp\/v2\/product"}],"about":[{"href":"https:\/\/mouldking.store\/de\/wp-json\/wp\/v2\/types\/product"}],"replies":[{"embeddable":true,"href":"https:\/\/mouldking.store\/de\/wp-json\/wp\/v2\/comments?post=33402"}],"wp:featuredmedia":[{"embeddable":true,"href":"https:\/\/mouldking.store\/de\/wp-json\/wp\/v2\/media\/33403"}],"wp:attachment":[{"href":"https:\/\/mouldking.store\/de\/wp-json\/wp\/v2\/media?parent=33402"}],"wp:term":[{"taxonomy":"product_cat","embeddable":true,"href":"https:\/\/mouldking.store\/de\/wp-json\/wp\/v2\/product_cat?post=33402"},{"taxonomy":"product_tag","embeddable":true,"href":"https:\/\/mouldking.store\/de\/wp-json\/wp\/v2\/product_tag?post=33402"}],"curies":[{"name":"wp","href":"https:\/\/api.w.org\/{rel}","templated":true}]}}