{"id":33442,"date":"2022-11-02T10:56:07","date_gmt":"2022-11-02T03:56:07","guid":{"rendered":"https:\/\/mouldking.store\/?post_type=product&#038;p=33442"},"modified":"2022-11-02T10:56:07","modified_gmt":"2022-11-02T03:56:07","slug":"qd-66002-mechanical-dinosaur-agility-model-with-1987-pieces","status":"publish","type":"product","link":"https:\/\/mouldking.store\/de\/shop\/qd-66002-mechanical-dinosaur-agility-model-with-1987-pieces\/","title":{"rendered":"QD 66002 Mechanisches Dinosaurier-Agility-Modell mit 1987 Teilen"},"content":{"rendered":"<p>Produktinformation:<\/p>\n<ol>\n<li>Marke: QD<\/li>\n<li>Geschlecht: Unisex<\/li>\n<li>Name: Mechanisches Dinosaurier-Agility-Modell<\/li>\n<li>Altersspanne: &gt; 6 Jahre alt<\/li>\n<li>Modellnummer: 66002<\/li>\n<li>Einstufung: Assemblage<\/li>\n<li>Kunststoffblockform: Selbstsichernde Steine<\/li>\n<li>Material: Kunststoff<\/li>\n<li>Kunststofftyp: ABS<\/li>\n<li>Ziegelsteine: 1987 PCS<\/li>\n<li>Abmessungen: 64 x 23,7 x 25,5 cm<\/li>\n<li>Enth\u00e4lt eine ausf\u00fchrliche Montageanleitung.<\/li>\n<\/ol>\n<p>Notiz:<br \/>\n1. Ohne Originalverpackung, aber wir garantieren, dass unsere Produkte eine Qualit\u00e4tssicherung und eine sch\u00f6ne Verpackung haben.<br \/>\n2. Wie alle Teile, die wir vor dem Versand \u00fcberpr\u00fcft haben, machen Sie sich keine Sorgen, wenn Sie feststellen, dass einige Teile fehlen oder besch\u00e4digt sind, und kontaktieren Sie uns einfach, und wir k\u00f6nnen sie Ihnen umgehend kostenlos erneut zusenden.<\/p>\n<figure id=\"attachment_33443\" aria-describedby=\"caption-attachment-33443\" style=\"width: 800px\" class=\"wp-caption aligncenter\"><img fetchpriority=\"high\" decoding=\"async\" class=\"wp-image-33443 size-full\" src=\"https:\/\/mouldking.store\/wp-content\/uploads\/2022\/11\/Creator-QD-66002-Mechanical-Dinosaur-Agility-Model-12-1.jpg\" alt=\"QD 66002 Mechanical Dinosaur Agility Model With 1987 Pieces\" width=\"800\" height=\"800\" title=\"-\" srcset=\"https:\/\/mouldking.store\/wp-content\/uploads\/2022\/11\/Creator-QD-66002-Mechanical-Dinosaur-Agility-Model-12-1.jpg 800w, https:\/\/mouldking.store\/wp-content\/uploads\/2022\/11\/Creator-QD-66002-Mechanical-Dinosaur-Agility-Model-12-1-300x300.jpg 300w, https:\/\/mouldking.store\/wp-content\/uploads\/2022\/11\/Creator-QD-66002-Mechanical-Dinosaur-Agility-Model-12-1-768x768.jpg 768w, https:\/\/mouldking.store\/wp-content\/uploads\/2022\/11\/Creator-QD-66002-Mechanical-Dinosaur-Agility-Model-12-1-600x600.jpg 600w, https:\/\/mouldking.store\/wp-content\/uploads\/2022\/11\/Creator-QD-66002-Mechanical-Dinosaur-Agility-Model-12-1-150x150.jpg 150w, https:\/\/mouldking.store\/wp-content\/uploads\/2022\/11\/Creator-QD-66002-Mechanical-Dinosaur-Agility-Model-12-1-60x60.jpg 60w, https:\/\/mouldking.store\/wp-content\/uploads\/2022\/11\/Creator-QD-66002-Mechanical-Dinosaur-Agility-Model-12-1-90x90.jpg 90w\" sizes=\"(max-width: 800px) 100vw, 800px\" \/><figcaption id=\"caption-attachment-33443\" class=\"wp-caption-text\">QD 66002 Mechanisches Dinosaurier-Agility-Modell mit 1987 Teilen<\/figcaption><\/figure>\n<figure id=\"attachment_33444\" aria-describedby=\"caption-attachment-33444\" style=\"width: 800px\" class=\"wp-caption aligncenter\"><img decoding=\"async\" class=\"wp-image-33444 size-full\" src=\"https:\/\/mouldking.store\/wp-content\/uploads\/2022\/11\/Creator-QD-66002-Mechanical-Dinosaur-Agility-Model-14.jpg\" alt=\"QD 66002 Mechanical Dinosaur Agility Model With 1987 Pieces\" width=\"800\" height=\"800\" title=\"-\" srcset=\"https:\/\/mouldking.store\/wp-content\/uploads\/2022\/11\/Creator-QD-66002-Mechanical-Dinosaur-Agility-Model-14.jpg 800w, https:\/\/mouldking.store\/wp-content\/uploads\/2022\/11\/Creator-QD-66002-Mechanical-Dinosaur-Agility-Model-14-300x300.jpg 300w, https:\/\/mouldking.store\/wp-content\/uploads\/2022\/11\/Creator-QD-66002-Mechanical-Dinosaur-Agility-Model-14-768x768.jpg 768w, https:\/\/mouldking.store\/wp-content\/uploads\/2022\/11\/Creator-QD-66002-Mechanical-Dinosaur-Agility-Model-14-600x600.jpg 600w, https:\/\/mouldking.store\/wp-content\/uploads\/2022\/11\/Creator-QD-66002-Mechanical-Dinosaur-Agility-Model-14-150x150.jpg 150w, https:\/\/mouldking.store\/wp-content\/uploads\/2022\/11\/Creator-QD-66002-Mechanical-Dinosaur-Agility-Model-14-60x60.jpg 60w, https:\/\/mouldking.store\/wp-content\/uploads\/2022\/11\/Creator-QD-66002-Mechanical-Dinosaur-Agility-Model-14-90x90.jpg 90w\" sizes=\"(max-width: 800px) 100vw, 800px\" \/><figcaption id=\"caption-attachment-33444\" class=\"wp-caption-text\">QD 66002 Mechanisches Dinosaurier-Agility-Modell mit 1987 Teilen<\/figcaption><\/figure>\n<figure id=\"attachment_33445\" aria-describedby=\"caption-attachment-33445\" style=\"width: 800px\" class=\"wp-caption aligncenter\"><img decoding=\"async\" class=\"wp-image-33445 size-full\" src=\"https:\/\/mouldking.store\/wp-content\/uploads\/2022\/11\/Creator-QD-66002-Mechanical-Dinosaur-Agility-Model-13.jpg\" alt=\"QD 66002 Mechanical Dinosaur Agility Model With 1987 Pieces\" width=\"800\" height=\"800\" title=\"-\" srcset=\"https:\/\/mouldking.store\/wp-content\/uploads\/2022\/11\/Creator-QD-66002-Mechanical-Dinosaur-Agility-Model-13.jpg 800w, https:\/\/mouldking.store\/wp-content\/uploads\/2022\/11\/Creator-QD-66002-Mechanical-Dinosaur-Agility-Model-13-300x300.jpg 300w, https:\/\/mouldking.store\/wp-content\/uploads\/2022\/11\/Creator-QD-66002-Mechanical-Dinosaur-Agility-Model-13-768x768.jpg 768w, https:\/\/mouldking.store\/wp-content\/uploads\/2022\/11\/Creator-QD-66002-Mechanical-Dinosaur-Agility-Model-13-600x600.jpg 600w, https:\/\/mouldking.store\/wp-content\/uploads\/2022\/11\/Creator-QD-66002-Mechanical-Dinosaur-Agility-Model-13-150x150.jpg 150w, https:\/\/mouldking.store\/wp-content\/uploads\/2022\/11\/Creator-QD-66002-Mechanical-Dinosaur-Agility-Model-13-60x60.jpg 60w, https:\/\/mouldking.store\/wp-content\/uploads\/2022\/11\/Creator-QD-66002-Mechanical-Dinosaur-Agility-Model-13-90x90.jpg 90w\" sizes=\"(max-width: 800px) 100vw, 800px\" \/><figcaption id=\"caption-attachment-33445\" class=\"wp-caption-text\">QD 66002 Mechanisches Dinosaurier-Agility-Modell mit 1987 Teilen<\/figcaption><\/figure>\n<figure id=\"attachment_33446\" aria-describedby=\"caption-attachment-33446\" style=\"width: 800px\" class=\"wp-caption aligncenter\"><img loading=\"lazy\" decoding=\"async\" class=\"wp-image-33446 size-full\" src=\"https:\/\/mouldking.store\/wp-content\/uploads\/2022\/11\/Creator-QD-66002-Mechanical-Dinosaur-Agility-Model-12.jpg\" alt=\"QD 66002 Mechanical Dinosaur Agility Model With 1987 Pieces\" width=\"800\" height=\"800\" title=\"-\" srcset=\"https:\/\/mouldking.store\/wp-content\/uploads\/2022\/11\/Creator-QD-66002-Mechanical-Dinosaur-Agility-Model-12.jpg 800w, https:\/\/mouldking.store\/wp-content\/uploads\/2022\/11\/Creator-QD-66002-Mechanical-Dinosaur-Agility-Model-12-300x300.jpg 300w, https:\/\/mouldking.store\/wp-content\/uploads\/2022\/11\/Creator-QD-66002-Mechanical-Dinosaur-Agility-Model-12-768x768.jpg 768w, https:\/\/mouldking.store\/wp-content\/uploads\/2022\/11\/Creator-QD-66002-Mechanical-Dinosaur-Agility-Model-12-600x600.jpg 600w, https:\/\/mouldking.store\/wp-content\/uploads\/2022\/11\/Creator-QD-66002-Mechanical-Dinosaur-Agility-Model-12-150x150.jpg 150w, https:\/\/mouldking.store\/wp-content\/uploads\/2022\/11\/Creator-QD-66002-Mechanical-Dinosaur-Agility-Model-12-60x60.jpg 60w, https:\/\/mouldking.store\/wp-content\/uploads\/2022\/11\/Creator-QD-66002-Mechanical-Dinosaur-Agility-Model-12-90x90.jpg 90w\" sizes=\"(max-width: 800px) 100vw, 800px\" \/><figcaption id=\"caption-attachment-33446\" class=\"wp-caption-text\">QD 66002 Mechanisches Dinosaurier-Agility-Modell mit 1987 Teilen<\/figcaption><\/figure>\n<figure id=\"attachment_33447\" aria-describedby=\"caption-attachment-33447\" style=\"width: 800px\" class=\"wp-caption aligncenter\"><img loading=\"lazy\" decoding=\"async\" class=\"wp-image-33447 size-full\" src=\"https:\/\/mouldking.store\/wp-content\/uploads\/2022\/11\/Creator-QD-66002-Mechanical-Dinosaur-Agility-Model-15.jpg\" alt=\"QD 66002 Mechanical Dinosaur Agility Model With 1987 Pieces\" width=\"800\" height=\"800\" title=\"-\" srcset=\"https:\/\/mouldking.store\/wp-content\/uploads\/2022\/11\/Creator-QD-66002-Mechanical-Dinosaur-Agility-Model-15.jpg 800w, https:\/\/mouldking.store\/wp-content\/uploads\/2022\/11\/Creator-QD-66002-Mechanical-Dinosaur-Agility-Model-15-300x300.jpg 300w, https:\/\/mouldking.store\/wp-content\/uploads\/2022\/11\/Creator-QD-66002-Mechanical-Dinosaur-Agility-Model-15-768x768.jpg 768w, https:\/\/mouldking.store\/wp-content\/uploads\/2022\/11\/Creator-QD-66002-Mechanical-Dinosaur-Agility-Model-15-600x600.jpg 600w, https:\/\/mouldking.store\/wp-content\/uploads\/2022\/11\/Creator-QD-66002-Mechanical-Dinosaur-Agility-Model-15-150x150.jpg 150w, https:\/\/mouldking.store\/wp-content\/uploads\/2022\/11\/Creator-QD-66002-Mechanical-Dinosaur-Agility-Model-15-60x60.jpg 60w, https:\/\/mouldking.store\/wp-content\/uploads\/2022\/11\/Creator-QD-66002-Mechanical-Dinosaur-Agility-Model-15-90x90.jpg 90w\" sizes=\"(max-width: 800px) 100vw, 800px\" \/><figcaption id=\"caption-attachment-33447\" class=\"wp-caption-text\">QD 66002 Mechanisches Dinosaurier-Agility-Modell mit 1987 Teilen<\/figcaption><\/figure>","protected":false},"excerpt":{"rendered":"<p>Product information: Brand: QD Gender: Unisex Name: Mechanical Dinosaur Agility Model Age Range: &gt; 6 years old Model Number: 66002 Classification: Assemblage Plastic Block Shape: Self-Locking Bricks Material: Plastic Plastic Type: ABS Bricks Blocks: 1987 PCS Dimensions: 64 x 23.7 x 25.5cm Contains detailed assembly instructions. Notice: 1. Without an original box, but we guarantee [&hellip;]<\/p>","protected":false},"featured_media":33443,"comment_status":"closed","ping_status":"closed","template":"","meta":{"_acf_changed":false},"product_cat":[1365],"product_tag":[2687,6231,2541,6227,6233,6232,6230],"class_list":["product","first","instock","shipping-taxable","purchasable","product-type-simple"],"acf":[],"_links":{"self":[{"href":"https:\/\/mouldking.store\/de\/wp-json\/wp\/v2\/product\/33442","targetHints":{"allow":["GET"]}}],"collection":[{"href":"https:\/\/mouldking.store\/de\/wp-json\/wp\/v2\/product"}],"about":[{"href":"https:\/\/mouldking.store\/de\/wp-json\/wp\/v2\/types\/product"}],"replies":[{"embeddable":true,"href":"https:\/\/mouldking.store\/de\/wp-json\/wp\/v2\/comments?post=33442"}],"wp:featuredmedia":[{"embeddable":true,"href":"https:\/\/mouldking.store\/de\/wp-json\/wp\/v2\/media\/33443"}],"wp:attachment":[{"href":"https:\/\/mouldking.store\/de\/wp-json\/wp\/v2\/media?parent=33442"}],"wp:term":[{"taxonomy":"product_cat","embeddable":true,"href":"https:\/\/mouldking.store\/de\/wp-json\/wp\/v2\/product_cat?post=33442"},{"taxonomy":"product_tag","embeddable":true,"href":"https:\/\/mouldking.store\/de\/wp-json\/wp\/v2\/product_tag?post=33442"}],"curies":[{"name":"wp","href":"https:\/\/api.w.org\/{rel}","templated":true}]}}