{"id":33505,"date":"2022-11-02T12:05:32","date_gmt":"2022-11-02T05:05:32","guid":{"rendered":"https:\/\/mouldking.store\/?post_type=product&#038;p=33505"},"modified":"2022-11-02T12:05:32","modified_gmt":"2022-11-02T05:05:32","slug":"sembo-605009-605012-tricky-magic-night-4-in-1-with-363-pieces","status":"publish","type":"product","link":"https:\/\/mouldking.store\/de\/shop\/sembo-605009-605012-tricky-magic-night-4-in-1-with-363-pieces\/","title":{"rendered":"SEMBO 605009-605012 Tricky Magic Night 4 in 1 mit 363 Teilen"},"content":{"rendered":"<p>Produktinformation:<\/p>\n<ol>\n<li>Marke: SEMBO<\/li>\n<li>Geschlecht: Unisex<\/li>\n<li>Name: Tricky Magic Night 4 in 1<\/li>\n<li>Altersspanne: &gt; 6 Jahre alt<\/li>\n<li>Model Number: 605009-605012<\/li>\n<li>Einstufung: Assemblage<\/li>\n<li>Kunststoffblockform: Selbstsichernde Steine<\/li>\n<li>Material: Kunststoff<\/li>\n<li>Kunststofftyp: ABS<\/li>\n<li>Ziegelsteine: 363 ST\u00dcCKE<\/li>\n<li>Enth\u00e4lt eine ausf\u00fchrliche Montageanleitung.<\/li>\n<\/ol>\n<p>Notiz:<br \/>\n1. Ohne Originalverpackung, aber wir garantieren, dass unsere Produkte eine Qualit\u00e4tssicherung und eine sch\u00f6ne Verpackung haben.<br \/>\n2. Wie alle Teile, die wir vor dem Versand \u00fcberpr\u00fcft haben, machen Sie sich keine Sorgen, wenn Sie feststellen, dass einige Teile fehlen oder besch\u00e4digt sind, und kontaktieren Sie uns einfach, und wir k\u00f6nnen sie Ihnen umgehend kostenlos erneut zusenden.<\/p>\n<figure id=\"attachment_33507\" aria-describedby=\"caption-attachment-33507\" style=\"width: 600px\" class=\"wp-caption aligncenter\"><img fetchpriority=\"high\" decoding=\"async\" class=\"wp-image-33507 size-full\" src=\"https:\/\/mouldking.store\/wp-content\/uploads\/2022\/11\/Creator-SEMBO-605009-605012-Tricky-Magic-Night-4-in-1-16-600x1001-1.jpg\" alt=\"SEMBO 605009-605012 Tricky Magic Night 4 in 1 With 363 Pieces\" width=\"600\" height=\"1001\" title=\"-\" srcset=\"https:\/\/mouldking.store\/wp-content\/uploads\/2022\/11\/Creator-SEMBO-605009-605012-Tricky-Magic-Night-4-in-1-16-600x1001-1.jpg 600w, https:\/\/mouldking.store\/wp-content\/uploads\/2022\/11\/Creator-SEMBO-605009-605012-Tricky-Magic-Night-4-in-1-16-600x1001-1-180x300.jpg 180w, https:\/\/mouldking.store\/wp-content\/uploads\/2022\/11\/Creator-SEMBO-605009-605012-Tricky-Magic-Night-4-in-1-16-600x1001-1-300x501.jpg 300w, https:\/\/mouldking.store\/wp-content\/uploads\/2022\/11\/Creator-SEMBO-605009-605012-Tricky-Magic-Night-4-in-1-16-600x1001-1-90x150.jpg 90w, https:\/\/mouldking.store\/wp-content\/uploads\/2022\/11\/Creator-SEMBO-605009-605012-Tricky-Magic-Night-4-in-1-16-600x1001-1-36x60.jpg 36w, https:\/\/mouldking.store\/wp-content\/uploads\/2022\/11\/Creator-SEMBO-605009-605012-Tricky-Magic-Night-4-in-1-16-600x1001-1-54x90.jpg 54w\" sizes=\"(max-width: 600px) 100vw, 600px\" \/><figcaption id=\"caption-attachment-33507\" class=\"wp-caption-text\">SEMBO 605009-605012 Tricky Magic Night 4 in 1 mit 363 Teilen<\/figcaption><\/figure>\n<figure id=\"attachment_33508\" aria-describedby=\"caption-attachment-33508\" style=\"width: 703px\" class=\"wp-caption aligncenter\"><img decoding=\"async\" class=\"wp-image-33508 size-full\" src=\"https:\/\/mouldking.store\/wp-content\/uploads\/2022\/11\/Creator-SEMBO-605009-605012-Tricky-Magic-Night-4-in-1-10.jpg\" alt=\"SEMBO 605009-605012 Tricky Magic Night 4 in 1 With 363 Pieces\" width=\"703\" height=\"1024\" title=\"-\" srcset=\"https:\/\/mouldking.store\/wp-content\/uploads\/2022\/11\/Creator-SEMBO-605009-605012-Tricky-Magic-Night-4-in-1-10.jpg 703w, https:\/\/mouldking.store\/wp-content\/uploads\/2022\/11\/Creator-SEMBO-605009-605012-Tricky-Magic-Night-4-in-1-10-206x300.jpg 206w, https:\/\/mouldking.store\/wp-content\/uploads\/2022\/11\/Creator-SEMBO-605009-605012-Tricky-Magic-Night-4-in-1-10-300x437.jpg 300w, https:\/\/mouldking.store\/wp-content\/uploads\/2022\/11\/Creator-SEMBO-605009-605012-Tricky-Magic-Night-4-in-1-10-600x874.jpg 600w, https:\/\/mouldking.store\/wp-content\/uploads\/2022\/11\/Creator-SEMBO-605009-605012-Tricky-Magic-Night-4-in-1-10-103x150.jpg 103w, https:\/\/mouldking.store\/wp-content\/uploads\/2022\/11\/Creator-SEMBO-605009-605012-Tricky-Magic-Night-4-in-1-10-41x60.jpg 41w, https:\/\/mouldking.store\/wp-content\/uploads\/2022\/11\/Creator-SEMBO-605009-605012-Tricky-Magic-Night-4-in-1-10-62x90.jpg 62w\" sizes=\"(max-width: 703px) 100vw, 703px\" \/><figcaption id=\"caption-attachment-33508\" class=\"wp-caption-text\">SEMBO 605009-605012 Tricky Magic Night 4 in 1 mit 363 Teilen<\/figcaption><\/figure>\n<figure id=\"attachment_33509\" aria-describedby=\"caption-attachment-33509\" style=\"width: 768px\" class=\"wp-caption aligncenter\"><img decoding=\"async\" class=\"wp-image-33509 size-full\" src=\"https:\/\/mouldking.store\/wp-content\/uploads\/2022\/11\/Creator-SEMBO-605009-605012-Tricky-Magic-Night-4-in-1-6-768x914-1.jpg\" alt=\"SEMBO 605009-605012 Tricky Magic Night 4 in 1 With 363 Pieces\" width=\"768\" height=\"914\" title=\"-\" srcset=\"https:\/\/mouldking.store\/wp-content\/uploads\/2022\/11\/Creator-SEMBO-605009-605012-Tricky-Magic-Night-4-in-1-6-768x914-1.jpg 768w, https:\/\/mouldking.store\/wp-content\/uploads\/2022\/11\/Creator-SEMBO-605009-605012-Tricky-Magic-Night-4-in-1-6-768x914-1-252x300.jpg 252w, https:\/\/mouldking.store\/wp-content\/uploads\/2022\/11\/Creator-SEMBO-605009-605012-Tricky-Magic-Night-4-in-1-6-768x914-1-300x357.jpg 300w, https:\/\/mouldking.store\/wp-content\/uploads\/2022\/11\/Creator-SEMBO-605009-605012-Tricky-Magic-Night-4-in-1-6-768x914-1-600x714.jpg 600w, https:\/\/mouldking.store\/wp-content\/uploads\/2022\/11\/Creator-SEMBO-605009-605012-Tricky-Magic-Night-4-in-1-6-768x914-1-126x150.jpg 126w, https:\/\/mouldking.store\/wp-content\/uploads\/2022\/11\/Creator-SEMBO-605009-605012-Tricky-Magic-Night-4-in-1-6-768x914-1-50x60.jpg 50w, https:\/\/mouldking.store\/wp-content\/uploads\/2022\/11\/Creator-SEMBO-605009-605012-Tricky-Magic-Night-4-in-1-6-768x914-1-76x90.jpg 76w\" sizes=\"(max-width: 768px) 100vw, 768px\" \/><figcaption id=\"caption-attachment-33509\" class=\"wp-caption-text\">SEMBO 605009-605012 Tricky Magic Night 4 in 1 mit 363 Teilen<\/figcaption><\/figure>\n<figure id=\"attachment_33510\" aria-describedby=\"caption-attachment-33510\" style=\"width: 680px\" class=\"wp-caption aligncenter\"><img loading=\"lazy\" decoding=\"async\" class=\"wp-image-33510 size-full\" src=\"https:\/\/mouldking.store\/wp-content\/uploads\/2022\/11\/Creator-SEMBO-605009-605012-Tricky-Magic-Night-4-in-1-7.jpg\" alt=\"SEMBO 605009-605012 Tricky Magic Night 4 in 1 With 363 Pieces\" width=\"680\" height=\"1024\" title=\"-\" srcset=\"https:\/\/mouldking.store\/wp-content\/uploads\/2022\/11\/Creator-SEMBO-605009-605012-Tricky-Magic-Night-4-in-1-7.jpg 680w, https:\/\/mouldking.store\/wp-content\/uploads\/2022\/11\/Creator-SEMBO-605009-605012-Tricky-Magic-Night-4-in-1-7-199x300.jpg 199w, https:\/\/mouldking.store\/wp-content\/uploads\/2022\/11\/Creator-SEMBO-605009-605012-Tricky-Magic-Night-4-in-1-7-300x452.jpg 300w, https:\/\/mouldking.store\/wp-content\/uploads\/2022\/11\/Creator-SEMBO-605009-605012-Tricky-Magic-Night-4-in-1-7-600x904.jpg 600w, https:\/\/mouldking.store\/wp-content\/uploads\/2022\/11\/Creator-SEMBO-605009-605012-Tricky-Magic-Night-4-in-1-7-100x150.jpg 100w, https:\/\/mouldking.store\/wp-content\/uploads\/2022\/11\/Creator-SEMBO-605009-605012-Tricky-Magic-Night-4-in-1-7-40x60.jpg 40w, https:\/\/mouldking.store\/wp-content\/uploads\/2022\/11\/Creator-SEMBO-605009-605012-Tricky-Magic-Night-4-in-1-7-60x90.jpg 60w\" sizes=\"(max-width: 680px) 100vw, 680px\" \/><figcaption id=\"caption-attachment-33510\" class=\"wp-caption-text\">SEMBO 605009-605012 Tricky Magic Night 4 in 1 mit 363 Teilen<\/figcaption><\/figure>\n<figure id=\"attachment_33511\" aria-describedby=\"caption-attachment-33511\" style=\"width: 509px\" class=\"wp-caption aligncenter\"><img loading=\"lazy\" decoding=\"async\" class=\"wp-image-33511 size-full\" src=\"https:\/\/mouldking.store\/wp-content\/uploads\/2022\/11\/Creator-SEMBO-605009-605012-Tricky-Magic-Night-4-in-1-8.jpg\" alt=\"SEMBO 605009-605012 Tricky Magic Night 4 in 1 With 363 Pieces\" width=\"509\" height=\"1024\" title=\"-\" srcset=\"https:\/\/mouldking.store\/wp-content\/uploads\/2022\/11\/Creator-SEMBO-605009-605012-Tricky-Magic-Night-4-in-1-8.jpg 509w, https:\/\/mouldking.store\/wp-content\/uploads\/2022\/11\/Creator-SEMBO-605009-605012-Tricky-Magic-Night-4-in-1-8-149x300.jpg 149w, https:\/\/mouldking.store\/wp-content\/uploads\/2022\/11\/Creator-SEMBO-605009-605012-Tricky-Magic-Night-4-in-1-8-300x604.jpg 300w, https:\/\/mouldking.store\/wp-content\/uploads\/2022\/11\/Creator-SEMBO-605009-605012-Tricky-Magic-Night-4-in-1-8-75x150.jpg 75w, https:\/\/mouldking.store\/wp-content\/uploads\/2022\/11\/Creator-SEMBO-605009-605012-Tricky-Magic-Night-4-in-1-8-30x60.jpg 30w, https:\/\/mouldking.store\/wp-content\/uploads\/2022\/11\/Creator-SEMBO-605009-605012-Tricky-Magic-Night-4-in-1-8-45x90.jpg 45w\" sizes=\"(max-width: 509px) 100vw, 509px\" \/><figcaption id=\"caption-attachment-33511\" class=\"wp-caption-text\">SEMBO 605009-605012 Tricky Magic Night 4 in 1 mit 363 Teilen<\/figcaption><\/figure>\n<figure id=\"attachment_33512\" aria-describedby=\"caption-attachment-33512\" style=\"width: 694px\" class=\"wp-caption aligncenter\"><img loading=\"lazy\" decoding=\"async\" class=\"wp-image-33512 size-full\" src=\"https:\/\/mouldking.store\/wp-content\/uploads\/2022\/11\/Creator-SEMBO-605009-605012-Tricky-Magic-Night-4-in-1-15.jpg\" alt=\"SEMBO 605009-605012 Tricky Magic Night 4 in 1 With 363 Pieces\" width=\"694\" height=\"1024\" title=\"-\" srcset=\"https:\/\/mouldking.store\/wp-content\/uploads\/2022\/11\/Creator-SEMBO-605009-605012-Tricky-Magic-Night-4-in-1-15.jpg 694w, https:\/\/mouldking.store\/wp-content\/uploads\/2022\/11\/Creator-SEMBO-605009-605012-Tricky-Magic-Night-4-in-1-15-203x300.jpg 203w, https:\/\/mouldking.store\/wp-content\/uploads\/2022\/11\/Creator-SEMBO-605009-605012-Tricky-Magic-Night-4-in-1-15-300x443.jpg 300w, https:\/\/mouldking.store\/wp-content\/uploads\/2022\/11\/Creator-SEMBO-605009-605012-Tricky-Magic-Night-4-in-1-15-600x885.jpg 600w, https:\/\/mouldking.store\/wp-content\/uploads\/2022\/11\/Creator-SEMBO-605009-605012-Tricky-Magic-Night-4-in-1-15-102x150.jpg 102w, https:\/\/mouldking.store\/wp-content\/uploads\/2022\/11\/Creator-SEMBO-605009-605012-Tricky-Magic-Night-4-in-1-15-41x60.jpg 41w, https:\/\/mouldking.store\/wp-content\/uploads\/2022\/11\/Creator-SEMBO-605009-605012-Tricky-Magic-Night-4-in-1-15-61x90.jpg 61w\" sizes=\"(max-width: 694px) 100vw, 694px\" \/><figcaption id=\"caption-attachment-33512\" class=\"wp-caption-text\">SEMBO 605009-605012 Tricky Magic Night 4 in 1 mit 363 Teilen<\/figcaption><\/figure>\n<figure id=\"attachment_33513\" aria-describedby=\"caption-attachment-33513\" style=\"width: 570px\" class=\"wp-caption aligncenter\"><img loading=\"lazy\" decoding=\"async\" class=\"wp-image-33513 size-full\" src=\"https:\/\/mouldking.store\/wp-content\/uploads\/2022\/11\/Creator-SEMBO-605009-605012-Tricky-Magic-Night-4-in-1-14.jpg\" alt=\"SEMBO 605009-605012 Tricky Magic Night 4 in 1 With 363 Pieces\" width=\"570\" height=\"1024\" title=\"-\" srcset=\"https:\/\/mouldking.store\/wp-content\/uploads\/2022\/11\/Creator-SEMBO-605009-605012-Tricky-Magic-Night-4-in-1-14.jpg 570w, https:\/\/mouldking.store\/wp-content\/uploads\/2022\/11\/Creator-SEMBO-605009-605012-Tricky-Magic-Night-4-in-1-14-167x300.jpg 167w, https:\/\/mouldking.store\/wp-content\/uploads\/2022\/11\/Creator-SEMBO-605009-605012-Tricky-Magic-Night-4-in-1-14-300x539.jpg 300w, https:\/\/mouldking.store\/wp-content\/uploads\/2022\/11\/Creator-SEMBO-605009-605012-Tricky-Magic-Night-4-in-1-14-83x150.jpg 83w, https:\/\/mouldking.store\/wp-content\/uploads\/2022\/11\/Creator-SEMBO-605009-605012-Tricky-Magic-Night-4-in-1-14-33x60.jpg 33w, https:\/\/mouldking.store\/wp-content\/uploads\/2022\/11\/Creator-SEMBO-605009-605012-Tricky-Magic-Night-4-in-1-14-50x90.jpg 50w\" sizes=\"(max-width: 570px) 100vw, 570px\" \/><figcaption id=\"caption-attachment-33513\" class=\"wp-caption-text\">SEMBO 605009-605012 Tricky Magic Night 4 in 1 mit 363 Teilen<\/figcaption><\/figure>\n<figure id=\"attachment_33514\" aria-describedby=\"caption-attachment-33514\" style=\"width: 600px\" class=\"wp-caption aligncenter\"><img loading=\"lazy\" decoding=\"async\" class=\"wp-image-33514 size-full\" src=\"https:\/\/mouldking.store\/wp-content\/uploads\/2022\/11\/Creator-SEMBO-605009-605012-Tricky-Magic-Night-4-in-1-13-600x988-1.jpg\" alt=\"SEMBO 605009-605012 Tricky Magic Night 4 in 1 With 363 Pieces\" width=\"600\" height=\"988\" title=\"-\" srcset=\"https:\/\/mouldking.store\/wp-content\/uploads\/2022\/11\/Creator-SEMBO-605009-605012-Tricky-Magic-Night-4-in-1-13-600x988-1.jpg 600w, https:\/\/mouldking.store\/wp-content\/uploads\/2022\/11\/Creator-SEMBO-605009-605012-Tricky-Magic-Night-4-in-1-13-600x988-1-182x300.jpg 182w, https:\/\/mouldking.store\/wp-content\/uploads\/2022\/11\/Creator-SEMBO-605009-605012-Tricky-Magic-Night-4-in-1-13-600x988-1-300x494.jpg 300w, https:\/\/mouldking.store\/wp-content\/uploads\/2022\/11\/Creator-SEMBO-605009-605012-Tricky-Magic-Night-4-in-1-13-600x988-1-91x150.jpg 91w, https:\/\/mouldking.store\/wp-content\/uploads\/2022\/11\/Creator-SEMBO-605009-605012-Tricky-Magic-Night-4-in-1-13-600x988-1-36x60.jpg 36w, https:\/\/mouldking.store\/wp-content\/uploads\/2022\/11\/Creator-SEMBO-605009-605012-Tricky-Magic-Night-4-in-1-13-600x988-1-55x90.jpg 55w\" sizes=\"(max-width: 600px) 100vw, 600px\" \/><figcaption id=\"caption-attachment-33514\" class=\"wp-caption-text\">SEMBO 605009-605012 Tricky Magic Night 4 in 1 mit 363 Teilen<\/figcaption><\/figure>\n<figure id=\"attachment_33515\" aria-describedby=\"caption-attachment-33515\" style=\"width: 566px\" class=\"wp-caption aligncenter\"><img loading=\"lazy\" decoding=\"async\" class=\"wp-image-33515 size-full\" src=\"https:\/\/mouldking.store\/wp-content\/uploads\/2022\/11\/Creator-SEMBO-605009-605012-Tricky-Magic-Night-4-in-1-12.jpg\" alt=\"SEMBO 605009-605012 Tricky Magic Night 4 in 1 With 363 Pieces\" width=\"566\" height=\"1024\" title=\"-\" srcset=\"https:\/\/mouldking.store\/wp-content\/uploads\/2022\/11\/Creator-SEMBO-605009-605012-Tricky-Magic-Night-4-in-1-12.jpg 566w, https:\/\/mouldking.store\/wp-content\/uploads\/2022\/11\/Creator-SEMBO-605009-605012-Tricky-Magic-Night-4-in-1-12-166x300.jpg 166w, https:\/\/mouldking.store\/wp-content\/uploads\/2022\/11\/Creator-SEMBO-605009-605012-Tricky-Magic-Night-4-in-1-12-300x543.jpg 300w, https:\/\/mouldking.store\/wp-content\/uploads\/2022\/11\/Creator-SEMBO-605009-605012-Tricky-Magic-Night-4-in-1-12-83x150.jpg 83w, https:\/\/mouldking.store\/wp-content\/uploads\/2022\/11\/Creator-SEMBO-605009-605012-Tricky-Magic-Night-4-in-1-12-33x60.jpg 33w, https:\/\/mouldking.store\/wp-content\/uploads\/2022\/11\/Creator-SEMBO-605009-605012-Tricky-Magic-Night-4-in-1-12-50x90.jpg 50w\" sizes=\"(max-width: 566px) 100vw, 566px\" \/><figcaption id=\"caption-attachment-33515\" class=\"wp-caption-text\">SEMBO 605009-605012 Tricky Magic Night 4 in 1 mit 363 Teilen<\/figcaption><\/figure>\n<figure id=\"attachment_33516\" aria-describedby=\"caption-attachment-33516\" style=\"width: 558px\" class=\"wp-caption aligncenter\"><img loading=\"lazy\" decoding=\"async\" class=\"wp-image-33516 size-full\" src=\"https:\/\/mouldking.store\/wp-content\/uploads\/2022\/11\/Creator-SEMBO-605009-605012-Tricky-Magic-Night-4-in-1-9.jpg\" alt=\"SEMBO 605009-605012 Tricky Magic Night 4 in 1 With 363 Pieces\" width=\"558\" height=\"1024\" title=\"-\" srcset=\"https:\/\/mouldking.store\/wp-content\/uploads\/2022\/11\/Creator-SEMBO-605009-605012-Tricky-Magic-Night-4-in-1-9.jpg 558w, https:\/\/mouldking.store\/wp-content\/uploads\/2022\/11\/Creator-SEMBO-605009-605012-Tricky-Magic-Night-4-in-1-9-163x300.jpg 163w, https:\/\/mouldking.store\/wp-content\/uploads\/2022\/11\/Creator-SEMBO-605009-605012-Tricky-Magic-Night-4-in-1-9-300x551.jpg 300w, https:\/\/mouldking.store\/wp-content\/uploads\/2022\/11\/Creator-SEMBO-605009-605012-Tricky-Magic-Night-4-in-1-9-82x150.jpg 82w, https:\/\/mouldking.store\/wp-content\/uploads\/2022\/11\/Creator-SEMBO-605009-605012-Tricky-Magic-Night-4-in-1-9-33x60.jpg 33w, https:\/\/mouldking.store\/wp-content\/uploads\/2022\/11\/Creator-SEMBO-605009-605012-Tricky-Magic-Night-4-in-1-9-49x90.jpg 49w\" sizes=\"(max-width: 558px) 100vw, 558px\" \/><figcaption id=\"caption-attachment-33516\" class=\"wp-caption-text\">SEMBO 605009-605012 Tricky Magic Night 4 in 1 mit 363 Teilen<\/figcaption><\/figure>\n<figure id=\"attachment_33517\" aria-describedby=\"caption-attachment-33517\" style=\"width: 768px\" class=\"wp-caption aligncenter\"><img loading=\"lazy\" decoding=\"async\" class=\"wp-image-33517 size-full\" src=\"https:\/\/mouldking.store\/wp-content\/uploads\/2022\/11\/Creator-SEMBO-605009-605012-Tricky-Magic-Night-4-in-1-11-768x943-1.jpg\" alt=\"SEMBO 605009-605012 Tricky Magic Night 4 in 1 With 363 Pieces\" width=\"768\" height=\"943\" title=\"-\" srcset=\"https:\/\/mouldking.store\/wp-content\/uploads\/2022\/11\/Creator-SEMBO-605009-605012-Tricky-Magic-Night-4-in-1-11-768x943-1.jpg 768w, https:\/\/mouldking.store\/wp-content\/uploads\/2022\/11\/Creator-SEMBO-605009-605012-Tricky-Magic-Night-4-in-1-11-768x943-1-244x300.jpg 244w, https:\/\/mouldking.store\/wp-content\/uploads\/2022\/11\/Creator-SEMBO-605009-605012-Tricky-Magic-Night-4-in-1-11-768x943-1-300x368.jpg 300w, https:\/\/mouldking.store\/wp-content\/uploads\/2022\/11\/Creator-SEMBO-605009-605012-Tricky-Magic-Night-4-in-1-11-768x943-1-600x737.jpg 600w, https:\/\/mouldking.store\/wp-content\/uploads\/2022\/11\/Creator-SEMBO-605009-605012-Tricky-Magic-Night-4-in-1-11-768x943-1-122x150.jpg 122w, https:\/\/mouldking.store\/wp-content\/uploads\/2022\/11\/Creator-SEMBO-605009-605012-Tricky-Magic-Night-4-in-1-11-768x943-1-49x60.jpg 49w, https:\/\/mouldking.store\/wp-content\/uploads\/2022\/11\/Creator-SEMBO-605009-605012-Tricky-Magic-Night-4-in-1-11-768x943-1-73x90.jpg 73w\" sizes=\"(max-width: 768px) 100vw, 768px\" \/><figcaption id=\"caption-attachment-33517\" class=\"wp-caption-text\">SEMBO 605009-605012 Tricky Magic Night 4 in 1 mit 363 Teilen<\/figcaption><\/figure>\n<figure id=\"attachment_33518\" aria-describedby=\"caption-attachment-33518\" style=\"width: 768px\" class=\"wp-caption aligncenter\"><img loading=\"lazy\" decoding=\"async\" class=\"wp-image-33518 size-full\" src=\"https:\/\/mouldking.store\/wp-content\/uploads\/2022\/11\/Creator-SEMBO-605009-605012-Tricky-Magic-Night-4-in-1-4-768x972-1.jpg\" alt=\"SEMBO 605009-605012 Tricky Magic Night 4 in 1 With 363 Pieces\" width=\"768\" height=\"972\" title=\"-\" srcset=\"https:\/\/mouldking.store\/wp-content\/uploads\/2022\/11\/Creator-SEMBO-605009-605012-Tricky-Magic-Night-4-in-1-4-768x972-1.jpg 768w, https:\/\/mouldking.store\/wp-content\/uploads\/2022\/11\/Creator-SEMBO-605009-605012-Tricky-Magic-Night-4-in-1-4-768x972-1-237x300.jpg 237w, https:\/\/mouldking.store\/wp-content\/uploads\/2022\/11\/Creator-SEMBO-605009-605012-Tricky-Magic-Night-4-in-1-4-768x972-1-300x380.jpg 300w, https:\/\/mouldking.store\/wp-content\/uploads\/2022\/11\/Creator-SEMBO-605009-605012-Tricky-Magic-Night-4-in-1-4-768x972-1-600x759.jpg 600w, https:\/\/mouldking.store\/wp-content\/uploads\/2022\/11\/Creator-SEMBO-605009-605012-Tricky-Magic-Night-4-in-1-4-768x972-1-119x150.jpg 119w, https:\/\/mouldking.store\/wp-content\/uploads\/2022\/11\/Creator-SEMBO-605009-605012-Tricky-Magic-Night-4-in-1-4-768x972-1-47x60.jpg 47w, https:\/\/mouldking.store\/wp-content\/uploads\/2022\/11\/Creator-SEMBO-605009-605012-Tricky-Magic-Night-4-in-1-4-768x972-1-71x90.jpg 71w\" sizes=\"(max-width: 768px) 100vw, 768px\" \/><figcaption id=\"caption-attachment-33518\" class=\"wp-caption-text\">SEMBO 605009-605012 Tricky Magic Night 4 in 1 mit 363 Teilen<\/figcaption><\/figure>\n<figure id=\"attachment_33519\" aria-describedby=\"caption-attachment-33519\" style=\"width: 578px\" class=\"wp-caption aligncenter\"><img loading=\"lazy\" decoding=\"async\" class=\"wp-image-33519 size-full\" src=\"https:\/\/mouldking.store\/wp-content\/uploads\/2022\/11\/Creator-SEMBO-605009-605012-Tricky-Magic-Night-4-in-1-3.jpg\" alt=\"SEMBO 605009-605012 Tricky Magic Night 4 in 1 With 363 Pieces\" width=\"578\" height=\"1024\" title=\"-\" srcset=\"https:\/\/mouldking.store\/wp-content\/uploads\/2022\/11\/Creator-SEMBO-605009-605012-Tricky-Magic-Night-4-in-1-3.jpg 578w, https:\/\/mouldking.store\/wp-content\/uploads\/2022\/11\/Creator-SEMBO-605009-605012-Tricky-Magic-Night-4-in-1-3-169x300.jpg 169w, https:\/\/mouldking.store\/wp-content\/uploads\/2022\/11\/Creator-SEMBO-605009-605012-Tricky-Magic-Night-4-in-1-3-300x531.jpg 300w, https:\/\/mouldking.store\/wp-content\/uploads\/2022\/11\/Creator-SEMBO-605009-605012-Tricky-Magic-Night-4-in-1-3-85x150.jpg 85w, https:\/\/mouldking.store\/wp-content\/uploads\/2022\/11\/Creator-SEMBO-605009-605012-Tricky-Magic-Night-4-in-1-3-34x60.jpg 34w, https:\/\/mouldking.store\/wp-content\/uploads\/2022\/11\/Creator-SEMBO-605009-605012-Tricky-Magic-Night-4-in-1-3-51x90.jpg 51w\" sizes=\"(max-width: 578px) 100vw, 578px\" \/><figcaption id=\"caption-attachment-33519\" class=\"wp-caption-text\">SEMBO 605009-605012 Tricky Magic Night 4 in 1 mit 363 Teilen<\/figcaption><\/figure>\n<figure id=\"attachment_33520\" aria-describedby=\"caption-attachment-33520\" style=\"width: 768px\" class=\"wp-caption aligncenter\"><img loading=\"lazy\" decoding=\"async\" class=\"wp-image-33520 size-full\" src=\"https:\/\/mouldking.store\/wp-content\/uploads\/2022\/11\/Creator-SEMBO-605009-605012-Tricky-Magic-Night-4-in-1-2-768x778-1.jpg\" alt=\"SEMBO 605009-605012 Tricky Magic Night 4 in 1 With 363 Pieces\" width=\"768\" height=\"778\" title=\"-\" srcset=\"https:\/\/mouldking.store\/wp-content\/uploads\/2022\/11\/Creator-SEMBO-605009-605012-Tricky-Magic-Night-4-in-1-2-768x778-1.jpg 768w, https:\/\/mouldking.store\/wp-content\/uploads\/2022\/11\/Creator-SEMBO-605009-605012-Tricky-Magic-Night-4-in-1-2-768x778-1-296x300.jpg 296w, https:\/\/mouldking.store\/wp-content\/uploads\/2022\/11\/Creator-SEMBO-605009-605012-Tricky-Magic-Night-4-in-1-2-768x778-1-300x304.jpg 300w, https:\/\/mouldking.store\/wp-content\/uploads\/2022\/11\/Creator-SEMBO-605009-605012-Tricky-Magic-Night-4-in-1-2-768x778-1-600x608.jpg 600w, https:\/\/mouldking.store\/wp-content\/uploads\/2022\/11\/Creator-SEMBO-605009-605012-Tricky-Magic-Night-4-in-1-2-768x778-1-148x150.jpg 148w, https:\/\/mouldking.store\/wp-content\/uploads\/2022\/11\/Creator-SEMBO-605009-605012-Tricky-Magic-Night-4-in-1-2-768x778-1-59x60.jpg 59w, https:\/\/mouldking.store\/wp-content\/uploads\/2022\/11\/Creator-SEMBO-605009-605012-Tricky-Magic-Night-4-in-1-2-768x778-1-89x90.jpg 89w\" sizes=\"(max-width: 768px) 100vw, 768px\" \/><figcaption id=\"caption-attachment-33520\" class=\"wp-caption-text\">SEMBO 605009-605012 Tricky Magic Night 4 in 1 mit 363 Teilen<\/figcaption><\/figure>\n<figure id=\"attachment_33506\" aria-describedby=\"caption-attachment-33506\" style=\"width: 768px\" class=\"wp-caption aligncenter\"><img loading=\"lazy\" decoding=\"async\" class=\"wp-image-33506 size-full\" src=\"https:\/\/mouldking.store\/wp-content\/uploads\/2022\/11\/Creator-SEMBO-605009-605012-Tricky-Magic-Night-4-in-1-1-768x768-1.jpg\" alt=\"SEMBO 605009-605012 Tricky Magic Night 4 in 1 With 363 Pieces\" width=\"768\" height=\"768\" title=\"-\" srcset=\"https:\/\/mouldking.store\/wp-content\/uploads\/2022\/11\/Creator-SEMBO-605009-605012-Tricky-Magic-Night-4-in-1-1-768x768-1.jpg 768w, https:\/\/mouldking.store\/wp-content\/uploads\/2022\/11\/Creator-SEMBO-605009-605012-Tricky-Magic-Night-4-in-1-1-768x768-1-300x300.jpg 300w, https:\/\/mouldking.store\/wp-content\/uploads\/2022\/11\/Creator-SEMBO-605009-605012-Tricky-Magic-Night-4-in-1-1-768x768-1-600x600.jpg 600w, https:\/\/mouldking.store\/wp-content\/uploads\/2022\/11\/Creator-SEMBO-605009-605012-Tricky-Magic-Night-4-in-1-1-768x768-1-150x150.jpg 150w, https:\/\/mouldking.store\/wp-content\/uploads\/2022\/11\/Creator-SEMBO-605009-605012-Tricky-Magic-Night-4-in-1-1-768x768-1-60x60.jpg 60w, https:\/\/mouldking.store\/wp-content\/uploads\/2022\/11\/Creator-SEMBO-605009-605012-Tricky-Magic-Night-4-in-1-1-768x768-1-90x90.jpg 90w\" sizes=\"(max-width: 768px) 100vw, 768px\" \/><figcaption id=\"caption-attachment-33506\" class=\"wp-caption-text\">SEMBO 605009-605012 Tricky Magic Night 4 in 1 mit 363 Teilen<\/figcaption><\/figure>","protected":false},"excerpt":{"rendered":"<p>Product information: Brand: SEMBO Gender: Unisex Name: Tricky Magic Night 4 in 1 Age Range: &gt; 6 years old Model Number: 605009-605012 Classification: Assemblage Plastic Block Shape: Self-Locking Bricks Material: Plastic Plastic Type: ABS Bricks Blocks: 363 PCS Contains detailed assembly instructions. Notice: 1. Without an original box, but we guarantee our products have quality [&hellip;]<\/p>","protected":false},"featured_media":33506,"comment_status":"closed","ping_status":"closed","template":"","meta":{"_acf_changed":false},"product_cat":[1365],"product_tag":[6269,1491,6270,6268,6251,6253],"class_list":["product","first","instock","shipping-taxable","purchasable","product-type-simple"],"acf":[],"_links":{"self":[{"href":"https:\/\/mouldking.store\/de\/wp-json\/wp\/v2\/product\/33505","targetHints":{"allow":["GET"]}}],"collection":[{"href":"https:\/\/mouldking.store\/de\/wp-json\/wp\/v2\/product"}],"about":[{"href":"https:\/\/mouldking.store\/de\/wp-json\/wp\/v2\/types\/product"}],"replies":[{"embeddable":true,"href":"https:\/\/mouldking.store\/de\/wp-json\/wp\/v2\/comments?post=33505"}],"wp:featuredmedia":[{"embeddable":true,"href":"https:\/\/mouldking.store\/de\/wp-json\/wp\/v2\/media\/33506"}],"wp:attachment":[{"href":"https:\/\/mouldking.store\/de\/wp-json\/wp\/v2\/media?parent=33505"}],"wp:term":[{"taxonomy":"product_cat","embeddable":true,"href":"https:\/\/mouldking.store\/de\/wp-json\/wp\/v2\/product_cat?post=33505"},{"taxonomy":"product_tag","embeddable":true,"href":"https:\/\/mouldking.store\/de\/wp-json\/wp\/v2\/product_tag?post=33505"}],"curies":[{"name":"wp","href":"https:\/\/api.w.org\/{rel}","templated":true}]}}