{"id":33533,"date":"2022-11-02T12:26:30","date_gmt":"2022-11-02T05:26:30","guid":{"rendered":"https:\/\/mouldking.store\/?post_type=product&#038;p=33533"},"modified":"2023-01-31T17:07:24","modified_gmt":"2023-01-31T10:07:24","slug":"pantasy-86401-popeye-poppy-and-olivia-with-1209-pieces","status":"publish","type":"product","link":"https:\/\/mouldking.store\/de\/shop\/pantasy-86401-popeye-poppy-and-olivia-with-1209-pieces\/","title":{"rendered":"PANTASY 86401 Popeye Mohn und Olivia mit 1209 St\u00fcck"},"content":{"rendered":"<p>Produktinformation:<\/p>\n<ol>\n<li>Marke: PANTASY<\/li>\n<li>Geschlecht: Unisex<\/li>\n<li>Name: Popeye Mohn und Olivia<\/li>\n<li>Altersspanne: &gt; 6 Jahre alt<\/li>\n<li>Modellnummer: 86401<\/li>\n<li>Einstufung: Assemblage<\/li>\n<li>Kunststoffblockform: Selbstsichernde Steine<\/li>\n<li>Material: Kunststoff<\/li>\n<li>Kunststofftyp: ABS<\/li>\n<li>Ziegelsteine: 1209 ST\u00dcCKE<\/li>\n<li>Abmessungen: 29,1 \u00d7 35,6 \u00d7 33 cm<\/li>\n<li>Enth\u00e4lt eine ausf\u00fchrliche Montageanleitung.<\/li>\n<\/ol>\n<p>Notiz:<br \/>\n1. Ohne Originalverpackung, aber wir garantieren, dass unsere Produkte eine Qualit\u00e4tssicherung und eine sch\u00f6ne Verpackung haben.<br \/>\n2. Wie alle Teile, die wir vor dem Versand \u00fcberpr\u00fcft haben, machen Sie sich keine Sorgen, wenn Sie feststellen, dass einige Teile fehlen oder besch\u00e4digt sind, und kontaktieren Sie uns einfach, und wir k\u00f6nnen sie Ihnen umgehend kostenlos erneut zusenden.<\/p>\n<figure id=\"attachment_33534\" aria-describedby=\"caption-attachment-33534\" style=\"width: 800px\" class=\"wp-caption aligncenter\"><img fetchpriority=\"high\" decoding=\"async\" class=\"wp-image-33534 size-full\" src=\"https:\/\/mouldking.store\/wp-content\/uploads\/2022\/11\/Movie-PANTASY-86401-Popeye-Poppy-And-Olivia-6.jpg\" alt=\"PANTASY 86401 Popeye Poppy And Olivia With 1209 Pieces\" width=\"800\" height=\"800\" title=\"-\" srcset=\"https:\/\/mouldking.store\/wp-content\/uploads\/2022\/11\/Movie-PANTASY-86401-Popeye-Poppy-And-Olivia-6.jpg 800w, https:\/\/mouldking.store\/wp-content\/uploads\/2022\/11\/Movie-PANTASY-86401-Popeye-Poppy-And-Olivia-6-300x300.jpg 300w, https:\/\/mouldking.store\/wp-content\/uploads\/2022\/11\/Movie-PANTASY-86401-Popeye-Poppy-And-Olivia-6-768x768.jpg 768w, https:\/\/mouldking.store\/wp-content\/uploads\/2022\/11\/Movie-PANTASY-86401-Popeye-Poppy-And-Olivia-6-600x600.jpg 600w, https:\/\/mouldking.store\/wp-content\/uploads\/2022\/11\/Movie-PANTASY-86401-Popeye-Poppy-And-Olivia-6-150x150.jpg 150w, https:\/\/mouldking.store\/wp-content\/uploads\/2022\/11\/Movie-PANTASY-86401-Popeye-Poppy-And-Olivia-6-60x60.jpg 60w, https:\/\/mouldking.store\/wp-content\/uploads\/2022\/11\/Movie-PANTASY-86401-Popeye-Poppy-And-Olivia-6-90x90.jpg 90w\" sizes=\"(max-width: 800px) 100vw, 800px\" \/><figcaption id=\"caption-attachment-33534\" class=\"wp-caption-text\">PANTASY 86401 Popeye Mohn und Olivia mit 1209 St\u00fcck<\/figcaption><\/figure>\n<figure id=\"attachment_33535\" aria-describedby=\"caption-attachment-33535\" style=\"width: 800px\" class=\"wp-caption aligncenter\"><img decoding=\"async\" class=\"wp-image-33535 size-full\" src=\"https:\/\/mouldking.store\/wp-content\/uploads\/2022\/11\/Movie-PANTASY-86401-Popeye-Poppy-And-Olivia-1.jpg\" alt=\"PANTASY 86401 Popeye Poppy And Olivia With 1209 Pieces\" width=\"800\" height=\"800\" title=\"-\" srcset=\"https:\/\/mouldking.store\/wp-content\/uploads\/2022\/11\/Movie-PANTASY-86401-Popeye-Poppy-And-Olivia-1.jpg 800w, https:\/\/mouldking.store\/wp-content\/uploads\/2022\/11\/Movie-PANTASY-86401-Popeye-Poppy-And-Olivia-1-300x300.jpg 300w, https:\/\/mouldking.store\/wp-content\/uploads\/2022\/11\/Movie-PANTASY-86401-Popeye-Poppy-And-Olivia-1-768x768.jpg 768w, https:\/\/mouldking.store\/wp-content\/uploads\/2022\/11\/Movie-PANTASY-86401-Popeye-Poppy-And-Olivia-1-600x600.jpg 600w, https:\/\/mouldking.store\/wp-content\/uploads\/2022\/11\/Movie-PANTASY-86401-Popeye-Poppy-And-Olivia-1-150x150.jpg 150w, https:\/\/mouldking.store\/wp-content\/uploads\/2022\/11\/Movie-PANTASY-86401-Popeye-Poppy-And-Olivia-1-60x60.jpg 60w, https:\/\/mouldking.store\/wp-content\/uploads\/2022\/11\/Movie-PANTASY-86401-Popeye-Poppy-And-Olivia-1-90x90.jpg 90w\" sizes=\"(max-width: 800px) 100vw, 800px\" \/><figcaption id=\"caption-attachment-33535\" class=\"wp-caption-text\">PANTASY 86401 Popeye Mohn und Olivia mit 1209 St\u00fcck<\/figcaption><\/figure>\n<figure id=\"attachment_33536\" aria-describedby=\"caption-attachment-33536\" style=\"width: 800px\" class=\"wp-caption aligncenter\"><img decoding=\"async\" class=\"wp-image-33536 size-full\" src=\"https:\/\/mouldking.store\/wp-content\/uploads\/2022\/11\/Movie-PANTASY-86401-Popeye-Poppy-And-Olivia-5.jpg\" alt=\"PANTASY 86401 Popeye Poppy And Olivia With 1209 Pieces\" width=\"800\" height=\"800\" title=\"-\" srcset=\"https:\/\/mouldking.store\/wp-content\/uploads\/2022\/11\/Movie-PANTASY-86401-Popeye-Poppy-And-Olivia-5.jpg 800w, https:\/\/mouldking.store\/wp-content\/uploads\/2022\/11\/Movie-PANTASY-86401-Popeye-Poppy-And-Olivia-5-300x300.jpg 300w, https:\/\/mouldking.store\/wp-content\/uploads\/2022\/11\/Movie-PANTASY-86401-Popeye-Poppy-And-Olivia-5-768x768.jpg 768w, https:\/\/mouldking.store\/wp-content\/uploads\/2022\/11\/Movie-PANTASY-86401-Popeye-Poppy-And-Olivia-5-600x600.jpg 600w, https:\/\/mouldking.store\/wp-content\/uploads\/2022\/11\/Movie-PANTASY-86401-Popeye-Poppy-And-Olivia-5-150x150.jpg 150w, https:\/\/mouldking.store\/wp-content\/uploads\/2022\/11\/Movie-PANTASY-86401-Popeye-Poppy-And-Olivia-5-60x60.jpg 60w, https:\/\/mouldking.store\/wp-content\/uploads\/2022\/11\/Movie-PANTASY-86401-Popeye-Poppy-And-Olivia-5-90x90.jpg 90w\" sizes=\"(max-width: 800px) 100vw, 800px\" \/><figcaption id=\"caption-attachment-33536\" class=\"wp-caption-text\">PANTASY 86401 Popeye Mohn und Olivia mit 1209 St\u00fcck<\/figcaption><\/figure>\n<figure id=\"attachment_33537\" aria-describedby=\"caption-attachment-33537\" style=\"width: 800px\" class=\"wp-caption aligncenter\"><img loading=\"lazy\" decoding=\"async\" class=\"wp-image-33537 size-full\" src=\"https:\/\/mouldking.store\/wp-content\/uploads\/2022\/11\/Movie-PANTASY-86401-Popeye-Poppy-And-Olivia-4.jpg\" alt=\"PANTASY 86401 Popeye Poppy And Olivia With 1209 Pieces\" width=\"800\" height=\"800\" title=\"-\" srcset=\"https:\/\/mouldking.store\/wp-content\/uploads\/2022\/11\/Movie-PANTASY-86401-Popeye-Poppy-And-Olivia-4.jpg 800w, https:\/\/mouldking.store\/wp-content\/uploads\/2022\/11\/Movie-PANTASY-86401-Popeye-Poppy-And-Olivia-4-300x300.jpg 300w, https:\/\/mouldking.store\/wp-content\/uploads\/2022\/11\/Movie-PANTASY-86401-Popeye-Poppy-And-Olivia-4-768x768.jpg 768w, https:\/\/mouldking.store\/wp-content\/uploads\/2022\/11\/Movie-PANTASY-86401-Popeye-Poppy-And-Olivia-4-600x600.jpg 600w, https:\/\/mouldking.store\/wp-content\/uploads\/2022\/11\/Movie-PANTASY-86401-Popeye-Poppy-And-Olivia-4-150x150.jpg 150w, https:\/\/mouldking.store\/wp-content\/uploads\/2022\/11\/Movie-PANTASY-86401-Popeye-Poppy-And-Olivia-4-60x60.jpg 60w, https:\/\/mouldking.store\/wp-content\/uploads\/2022\/11\/Movie-PANTASY-86401-Popeye-Poppy-And-Olivia-4-90x90.jpg 90w\" sizes=\"(max-width: 800px) 100vw, 800px\" \/><figcaption id=\"caption-attachment-33537\" class=\"wp-caption-text\">PANTASY 86401 Popeye Mohn und Olivia mit 1209 St\u00fcck<\/figcaption><\/figure>\n<figure id=\"attachment_33538\" aria-describedby=\"caption-attachment-33538\" style=\"width: 800px\" class=\"wp-caption aligncenter\"><img loading=\"lazy\" decoding=\"async\" class=\"wp-image-33538 size-full\" src=\"https:\/\/mouldking.store\/wp-content\/uploads\/2022\/11\/Movie-PANTASY-86401-Popeye-Poppy-And-Olivia-3.jpg\" alt=\"PANTASY 86401 Popeye Poppy And Olivia With 1209 Pieces\" width=\"800\" height=\"800\" title=\"-\" srcset=\"https:\/\/mouldking.store\/wp-content\/uploads\/2022\/11\/Movie-PANTASY-86401-Popeye-Poppy-And-Olivia-3.jpg 800w, https:\/\/mouldking.store\/wp-content\/uploads\/2022\/11\/Movie-PANTASY-86401-Popeye-Poppy-And-Olivia-3-300x300.jpg 300w, https:\/\/mouldking.store\/wp-content\/uploads\/2022\/11\/Movie-PANTASY-86401-Popeye-Poppy-And-Olivia-3-768x768.jpg 768w, https:\/\/mouldking.store\/wp-content\/uploads\/2022\/11\/Movie-PANTASY-86401-Popeye-Poppy-And-Olivia-3-600x600.jpg 600w, https:\/\/mouldking.store\/wp-content\/uploads\/2022\/11\/Movie-PANTASY-86401-Popeye-Poppy-And-Olivia-3-150x150.jpg 150w, https:\/\/mouldking.store\/wp-content\/uploads\/2022\/11\/Movie-PANTASY-86401-Popeye-Poppy-And-Olivia-3-60x60.jpg 60w, https:\/\/mouldking.store\/wp-content\/uploads\/2022\/11\/Movie-PANTASY-86401-Popeye-Poppy-And-Olivia-3-90x90.jpg 90w\" sizes=\"(max-width: 800px) 100vw, 800px\" \/><figcaption id=\"caption-attachment-33538\" class=\"wp-caption-text\">PANTASY 86401 Popeye Mohn und Olivia mit 1209 St\u00fcck<\/figcaption><\/figure>","protected":false},"excerpt":{"rendered":"<p>Product information: Brand: PANTASY Gender: Unisex Name: Popeye Poppy And Olivia Age Range: &gt; 6 years old Model Number: 86401 Classification: Assemblage Plastic Block Shape: Self-Locking Bricks Material: Plastic Plastic Type: ABS Bricks Blocks: 1209PCS Dimensions: 29.1 \u00d7 35.6 \u00d7 33 cm Contains detailed assembly instructions. Notice: 1. Without an original box, but we guarantee [&hellip;]<\/p>","protected":false},"featured_media":33534,"comment_status":"closed","ping_status":"closed","template":"","meta":{"_acf_changed":false},"product_cat":[1408],"product_tag":[6281,6283,6280,6285,6284,6282,6286],"class_list":["product","first","instock","shipping-taxable","purchasable","product-type-simple"],"acf":[],"_links":{"self":[{"href":"https:\/\/mouldking.store\/de\/wp-json\/wp\/v2\/product\/33533","targetHints":{"allow":["GET"]}}],"collection":[{"href":"https:\/\/mouldking.store\/de\/wp-json\/wp\/v2\/product"}],"about":[{"href":"https:\/\/mouldking.store\/de\/wp-json\/wp\/v2\/types\/product"}],"replies":[{"embeddable":true,"href":"https:\/\/mouldking.store\/de\/wp-json\/wp\/v2\/comments?post=33533"}],"wp:featuredmedia":[{"embeddable":true,"href":"https:\/\/mouldking.store\/de\/wp-json\/wp\/v2\/media\/33534"}],"wp:attachment":[{"href":"https:\/\/mouldking.store\/de\/wp-json\/wp\/v2\/media?parent=33533"}],"wp:term":[{"taxonomy":"product_cat","embeddable":true,"href":"https:\/\/mouldking.store\/de\/wp-json\/wp\/v2\/product_cat?post=33533"},{"taxonomy":"product_tag","embeddable":true,"href":"https:\/\/mouldking.store\/de\/wp-json\/wp\/v2\/product_tag?post=33533"}],"curies":[{"name":"wp","href":"https:\/\/api.w.org\/{rel}","templated":true}]}}