{"id":33539,"date":"2022-11-02T12:43:16","date_gmt":"2022-11-02T05:43:16","guid":{"rendered":"https:\/\/mouldking.store\/?post_type=product&#038;p=33539"},"modified":"2022-11-02T12:43:16","modified_gmt":"2022-11-02T05:43:16","slug":"wekki-516951-time-machine-the-8090s-with-4279-pieces","status":"publish","type":"product","link":"https:\/\/mouldking.store\/de\/shop\/wekki-516951-time-machine-the-8090s-with-4279-pieces\/","title":{"rendered":"Wekki 516951 Zeitmaschine: Die 8090er mit 4279 Teilen"},"content":{"rendered":"<p style=\"margin: 0px 0px 1.41575em;color: #000000;font-family: sans-serif;font-size: medium\">Produktinformation:<\/p>\n<ol style=\"padding: 0px;margin: 0px 0px 1.41575em 20px;color: #000000;font-family: sans-serif;font-size: medium\">\n<li style=\"margin-bottom: 3px;padding-left: 6px\">Marke: Wekki<\/li>\n<li style=\"margin-bottom: 3px;padding-left: 6px\">Geschlecht: Unisex<\/li>\n<li style=\"margin-bottom: 3px;padding-left: 6px\">Name: Zeitmaschine: Die 8090er<\/li>\n<li style=\"margin-bottom: 3px;padding-left: 6px\">Altersspanne: &gt; 6 Jahre alt<\/li>\n<li style=\"margin-bottom: 3px;padding-left: 6px\">Modellnummer: 516951<\/li>\n<li style=\"margin-bottom: 3px;padding-left: 6px\">Einstufung: Assemblage<\/li>\n<li style=\"margin-bottom: 3px;padding-left: 6px\">Kunststoffblockform: Selbstsichernde Steine<\/li>\n<li style=\"margin-bottom: 3px;padding-left: 6px\">Material: Kunststoff<\/li>\n<li style=\"margin-bottom: 3px;padding-left: 6px\">Kunststofftyp: ABS<\/li>\n<li style=\"margin-bottom: 3px;padding-left: 6px\">Ziegelsteine: 4279 ST\u00dcCKE<\/li>\n<li style=\"margin-bottom: 3px;padding-left: 6px\">Abmessungen: 58,5 \u00d7 56,7 \u00d7 33,4 cm<\/li>\n<li style=\"margin-bottom: 3px;padding-left: 6px\">Enth\u00e4lt eine ausf\u00fchrliche Montageanleitung.<\/li>\n<\/ol>\n<p style=\"margin: 0px 0px 1.41575em;color: #000000;font-family: sans-serif;font-size: medium\">Notiz:<br \/>1. Ohne Originalverpackung, aber wir garantieren, dass unsere Produkte eine Qualit\u00e4tssicherung und eine sch\u00f6ne Verpackung haben.<br \/>2. Wie alle Teile, die wir vor dem Versand \u00fcberpr\u00fcft haben, machen Sie sich keine Sorgen, wenn Sie feststellen, dass einige Teile fehlen oder besch\u00e4digt sind, und kontaktieren Sie uns einfach, und wir k\u00f6nnen sie Ihnen umgehend kostenlos erneut zusenden.<\/p>\n<figure id=\"attachment_33540\" aria-describedby=\"caption-attachment-33540\" style=\"width: 800px\" class=\"wp-caption aligncenter\"><img fetchpriority=\"high\" decoding=\"async\" class=\"wp-image-33540 size-full\" src=\"https:\/\/mouldking.store\/wp-content\/uploads\/2022\/11\/Modular-Building-Wekki-516951-Time-Machine-The-8090s-1.jpg\" alt=\"Wekki 516951 Time Machine: The 8090s With 4279 Pieces\" width=\"800\" height=\"800\" title=\"-\" srcset=\"https:\/\/mouldking.store\/wp-content\/uploads\/2022\/11\/Modular-Building-Wekki-516951-Time-Machine-The-8090s-1.jpg 800w, https:\/\/mouldking.store\/wp-content\/uploads\/2022\/11\/Modular-Building-Wekki-516951-Time-Machine-The-8090s-1-300x300.jpg 300w, https:\/\/mouldking.store\/wp-content\/uploads\/2022\/11\/Modular-Building-Wekki-516951-Time-Machine-The-8090s-1-768x768.jpg 768w, https:\/\/mouldking.store\/wp-content\/uploads\/2022\/11\/Modular-Building-Wekki-516951-Time-Machine-The-8090s-1-600x600.jpg 600w, https:\/\/mouldking.store\/wp-content\/uploads\/2022\/11\/Modular-Building-Wekki-516951-Time-Machine-The-8090s-1-150x150.jpg 150w, https:\/\/mouldking.store\/wp-content\/uploads\/2022\/11\/Modular-Building-Wekki-516951-Time-Machine-The-8090s-1-60x60.jpg 60w, https:\/\/mouldking.store\/wp-content\/uploads\/2022\/11\/Modular-Building-Wekki-516951-Time-Machine-The-8090s-1-90x90.jpg 90w\" sizes=\"(max-width: 800px) 100vw, 800px\" \/><figcaption id=\"caption-attachment-33540\" class=\"wp-caption-text\">Wekki 516951 Zeitmaschine: Die 8090er mit 4279 Teilen<\/figcaption><\/figure>\n<figure id=\"attachment_33541\" aria-describedby=\"caption-attachment-33541\" style=\"width: 800px\" class=\"wp-caption aligncenter\"><img decoding=\"async\" class=\"wp-image-33541 size-full\" src=\"https:\/\/mouldking.store\/wp-content\/uploads\/2022\/11\/Modular-Building-Wekki-516951-Time-Machine-The-8090s-7.jpg\" alt=\"Wekki 516951 Time Machine: The 8090s With 4279 Pieces\" width=\"800\" height=\"800\" title=\"-\" srcset=\"https:\/\/mouldking.store\/wp-content\/uploads\/2022\/11\/Modular-Building-Wekki-516951-Time-Machine-The-8090s-7.jpg 800w, https:\/\/mouldking.store\/wp-content\/uploads\/2022\/11\/Modular-Building-Wekki-516951-Time-Machine-The-8090s-7-300x300.jpg 300w, https:\/\/mouldking.store\/wp-content\/uploads\/2022\/11\/Modular-Building-Wekki-516951-Time-Machine-The-8090s-7-768x768.jpg 768w, https:\/\/mouldking.store\/wp-content\/uploads\/2022\/11\/Modular-Building-Wekki-516951-Time-Machine-The-8090s-7-600x600.jpg 600w, https:\/\/mouldking.store\/wp-content\/uploads\/2022\/11\/Modular-Building-Wekki-516951-Time-Machine-The-8090s-7-150x150.jpg 150w, https:\/\/mouldking.store\/wp-content\/uploads\/2022\/11\/Modular-Building-Wekki-516951-Time-Machine-The-8090s-7-60x60.jpg 60w, https:\/\/mouldking.store\/wp-content\/uploads\/2022\/11\/Modular-Building-Wekki-516951-Time-Machine-The-8090s-7-90x90.jpg 90w\" sizes=\"(max-width: 800px) 100vw, 800px\" \/><figcaption id=\"caption-attachment-33541\" class=\"wp-caption-text\">Wekki 516951 Zeitmaschine: Die 8090er mit 4279 Teilen<\/figcaption><\/figure>\n<figure id=\"attachment_33542\" aria-describedby=\"caption-attachment-33542\" style=\"width: 800px\" class=\"wp-caption aligncenter\"><img decoding=\"async\" class=\"wp-image-33542 size-full\" src=\"https:\/\/mouldking.store\/wp-content\/uploads\/2022\/11\/Modular-Building-Wekki-516951-Time-Machine-The-8090s-6.jpg\" alt=\"Wekki 516951 Time Machine: The 8090s With 4279 Pieces\" width=\"800\" height=\"800\" title=\"-\" srcset=\"https:\/\/mouldking.store\/wp-content\/uploads\/2022\/11\/Modular-Building-Wekki-516951-Time-Machine-The-8090s-6.jpg 800w, https:\/\/mouldking.store\/wp-content\/uploads\/2022\/11\/Modular-Building-Wekki-516951-Time-Machine-The-8090s-6-300x300.jpg 300w, https:\/\/mouldking.store\/wp-content\/uploads\/2022\/11\/Modular-Building-Wekki-516951-Time-Machine-The-8090s-6-768x768.jpg 768w, https:\/\/mouldking.store\/wp-content\/uploads\/2022\/11\/Modular-Building-Wekki-516951-Time-Machine-The-8090s-6-600x600.jpg 600w, https:\/\/mouldking.store\/wp-content\/uploads\/2022\/11\/Modular-Building-Wekki-516951-Time-Machine-The-8090s-6-150x150.jpg 150w, https:\/\/mouldking.store\/wp-content\/uploads\/2022\/11\/Modular-Building-Wekki-516951-Time-Machine-The-8090s-6-60x60.jpg 60w, https:\/\/mouldking.store\/wp-content\/uploads\/2022\/11\/Modular-Building-Wekki-516951-Time-Machine-The-8090s-6-90x90.jpg 90w\" sizes=\"(max-width: 800px) 100vw, 800px\" \/><figcaption id=\"caption-attachment-33542\" class=\"wp-caption-text\">Wekki 516951 Zeitmaschine: Die 8090er mit 4279 Teilen<\/figcaption><\/figure>\n<figure id=\"attachment_33543\" aria-describedby=\"caption-attachment-33543\" style=\"width: 800px\" class=\"wp-caption aligncenter\"><img loading=\"lazy\" decoding=\"async\" class=\"wp-image-33543 size-full\" src=\"https:\/\/mouldking.store\/wp-content\/uploads\/2022\/11\/Modular-Building-Wekki-516951-Time-Machine-The-8090s-5.jpg\" alt=\"Wekki 516951 Time Machine: The 8090s With 4279 Pieces\" width=\"800\" height=\"800\" title=\"-\" srcset=\"https:\/\/mouldking.store\/wp-content\/uploads\/2022\/11\/Modular-Building-Wekki-516951-Time-Machine-The-8090s-5.jpg 800w, https:\/\/mouldking.store\/wp-content\/uploads\/2022\/11\/Modular-Building-Wekki-516951-Time-Machine-The-8090s-5-300x300.jpg 300w, https:\/\/mouldking.store\/wp-content\/uploads\/2022\/11\/Modular-Building-Wekki-516951-Time-Machine-The-8090s-5-768x768.jpg 768w, https:\/\/mouldking.store\/wp-content\/uploads\/2022\/11\/Modular-Building-Wekki-516951-Time-Machine-The-8090s-5-600x600.jpg 600w, https:\/\/mouldking.store\/wp-content\/uploads\/2022\/11\/Modular-Building-Wekki-516951-Time-Machine-The-8090s-5-150x150.jpg 150w, https:\/\/mouldking.store\/wp-content\/uploads\/2022\/11\/Modular-Building-Wekki-516951-Time-Machine-The-8090s-5-60x60.jpg 60w, https:\/\/mouldking.store\/wp-content\/uploads\/2022\/11\/Modular-Building-Wekki-516951-Time-Machine-The-8090s-5-90x90.jpg 90w\" sizes=\"(max-width: 800px) 100vw, 800px\" \/><figcaption id=\"caption-attachment-33543\" class=\"wp-caption-text\">Wekki 516951 Zeitmaschine: Die 8090er mit 4279 Teilen<\/figcaption><\/figure>\n<figure id=\"attachment_33544\" aria-describedby=\"caption-attachment-33544\" style=\"width: 800px\" class=\"wp-caption aligncenter\"><img loading=\"lazy\" decoding=\"async\" class=\"wp-image-33544 size-full\" src=\"https:\/\/mouldking.store\/wp-content\/uploads\/2022\/11\/Modular-Building-Wekki-516951-Time-Machine-The-8090s-4.jpg\" alt=\"Wekki 516951 Time Machine: The 8090s With 4279 Pieces\" width=\"800\" height=\"800\" title=\"-\" srcset=\"https:\/\/mouldking.store\/wp-content\/uploads\/2022\/11\/Modular-Building-Wekki-516951-Time-Machine-The-8090s-4.jpg 800w, https:\/\/mouldking.store\/wp-content\/uploads\/2022\/11\/Modular-Building-Wekki-516951-Time-Machine-The-8090s-4-300x300.jpg 300w, https:\/\/mouldking.store\/wp-content\/uploads\/2022\/11\/Modular-Building-Wekki-516951-Time-Machine-The-8090s-4-768x768.jpg 768w, https:\/\/mouldking.store\/wp-content\/uploads\/2022\/11\/Modular-Building-Wekki-516951-Time-Machine-The-8090s-4-600x600.jpg 600w, https:\/\/mouldking.store\/wp-content\/uploads\/2022\/11\/Modular-Building-Wekki-516951-Time-Machine-The-8090s-4-150x150.jpg 150w, https:\/\/mouldking.store\/wp-content\/uploads\/2022\/11\/Modular-Building-Wekki-516951-Time-Machine-The-8090s-4-60x60.jpg 60w, https:\/\/mouldking.store\/wp-content\/uploads\/2022\/11\/Modular-Building-Wekki-516951-Time-Machine-The-8090s-4-90x90.jpg 90w\" sizes=\"(max-width: 800px) 100vw, 800px\" \/><figcaption id=\"caption-attachment-33544\" class=\"wp-caption-text\">Wekki 516951 Zeitmaschine: Die 8090er mit 4279 Teilen<\/figcaption><\/figure>\n<figure id=\"attachment_33545\" aria-describedby=\"caption-attachment-33545\" style=\"width: 800px\" class=\"wp-caption aligncenter\"><img loading=\"lazy\" decoding=\"async\" class=\"wp-image-33545 size-full\" src=\"https:\/\/mouldking.store\/wp-content\/uploads\/2022\/11\/Modular-Building-Wekki-516951-Time-Machine-The-8090s-3.jpg\" alt=\"Wekki 516951 Time Machine: The 8090s With 4279 Pieces\" width=\"800\" height=\"800\" title=\"-\" srcset=\"https:\/\/mouldking.store\/wp-content\/uploads\/2022\/11\/Modular-Building-Wekki-516951-Time-Machine-The-8090s-3.jpg 800w, https:\/\/mouldking.store\/wp-content\/uploads\/2022\/11\/Modular-Building-Wekki-516951-Time-Machine-The-8090s-3-300x300.jpg 300w, https:\/\/mouldking.store\/wp-content\/uploads\/2022\/11\/Modular-Building-Wekki-516951-Time-Machine-The-8090s-3-768x768.jpg 768w, https:\/\/mouldking.store\/wp-content\/uploads\/2022\/11\/Modular-Building-Wekki-516951-Time-Machine-The-8090s-3-600x600.jpg 600w, https:\/\/mouldking.store\/wp-content\/uploads\/2022\/11\/Modular-Building-Wekki-516951-Time-Machine-The-8090s-3-150x150.jpg 150w, https:\/\/mouldking.store\/wp-content\/uploads\/2022\/11\/Modular-Building-Wekki-516951-Time-Machine-The-8090s-3-60x60.jpg 60w, https:\/\/mouldking.store\/wp-content\/uploads\/2022\/11\/Modular-Building-Wekki-516951-Time-Machine-The-8090s-3-90x90.jpg 90w\" sizes=\"(max-width: 800px) 100vw, 800px\" \/><figcaption id=\"caption-attachment-33545\" class=\"wp-caption-text\">Wekki 516951 Zeitmaschine: Die 8090er mit 4279 Teilen<\/figcaption><\/figure>\n<figure id=\"attachment_33546\" aria-describedby=\"caption-attachment-33546\" style=\"width: 800px\" class=\"wp-caption aligncenter\"><img loading=\"lazy\" decoding=\"async\" class=\"wp-image-33546 size-full\" src=\"https:\/\/mouldking.store\/wp-content\/uploads\/2022\/11\/Modular-Building-Wekki-516951-Time-Machine-The-8090s-2.jpg\" alt=\"Wekki 516951 Time Machine: The 8090s With 4279 Pieces\" width=\"800\" height=\"800\" title=\"-\" srcset=\"https:\/\/mouldking.store\/wp-content\/uploads\/2022\/11\/Modular-Building-Wekki-516951-Time-Machine-The-8090s-2.jpg 800w, https:\/\/mouldking.store\/wp-content\/uploads\/2022\/11\/Modular-Building-Wekki-516951-Time-Machine-The-8090s-2-300x300.jpg 300w, https:\/\/mouldking.store\/wp-content\/uploads\/2022\/11\/Modular-Building-Wekki-516951-Time-Machine-The-8090s-2-768x768.jpg 768w, https:\/\/mouldking.store\/wp-content\/uploads\/2022\/11\/Modular-Building-Wekki-516951-Time-Machine-The-8090s-2-600x600.jpg 600w, https:\/\/mouldking.store\/wp-content\/uploads\/2022\/11\/Modular-Building-Wekki-516951-Time-Machine-The-8090s-2-150x150.jpg 150w, https:\/\/mouldking.store\/wp-content\/uploads\/2022\/11\/Modular-Building-Wekki-516951-Time-Machine-The-8090s-2-60x60.jpg 60w, https:\/\/mouldking.store\/wp-content\/uploads\/2022\/11\/Modular-Building-Wekki-516951-Time-Machine-The-8090s-2-90x90.jpg 90w\" sizes=\"(max-width: 800px) 100vw, 800px\" \/><figcaption id=\"caption-attachment-33546\" class=\"wp-caption-text\">Wekki 516951 Zeitmaschine: Die 8090er mit 4279 Teilen<\/figcaption><\/figure>","protected":false},"excerpt":{"rendered":"<p>Product information: Brand: Wekki Gender: Unisex Name: Time Machine: The 8090s Age Range: &gt; 6 years old Model Number: 516951 Classification: Assemblage Plastic Block Shape: Self-Locking Bricks Material: Plastic Plastic Type: ABS Bricks Blocks: 4279 PCS Dimensions: 58.5 \u00d7 56.7 \u00d7 33.4 cm Contains detailed assembly instructions. Notice:1. Without an original box, but we guarantee [&hellip;]<\/p>","protected":false},"featured_media":33540,"comment_status":"closed","ping_status":"closed","template":"","meta":{"_acf_changed":false},"product_cat":[1395],"product_tag":[6289,6292,6291,6290,6288,6293,6287],"class_list":["product","first","instock","shipping-taxable","purchasable","product-type-simple"],"acf":[],"_links":{"self":[{"href":"https:\/\/mouldking.store\/de\/wp-json\/wp\/v2\/product\/33539","targetHints":{"allow":["GET"]}}],"collection":[{"href":"https:\/\/mouldking.store\/de\/wp-json\/wp\/v2\/product"}],"about":[{"href":"https:\/\/mouldking.store\/de\/wp-json\/wp\/v2\/types\/product"}],"replies":[{"embeddable":true,"href":"https:\/\/mouldking.store\/de\/wp-json\/wp\/v2\/comments?post=33539"}],"wp:featuredmedia":[{"embeddable":true,"href":"https:\/\/mouldking.store\/de\/wp-json\/wp\/v2\/media\/33540"}],"wp:attachment":[{"href":"https:\/\/mouldking.store\/de\/wp-json\/wp\/v2\/media?parent=33539"}],"wp:term":[{"taxonomy":"product_cat","embeddable":true,"href":"https:\/\/mouldking.store\/de\/wp-json\/wp\/v2\/product_cat?post=33539"},{"taxonomy":"product_tag","embeddable":true,"href":"https:\/\/mouldking.store\/de\/wp-json\/wp\/v2\/product_tag?post=33539"}],"curies":[{"name":"wp","href":"https:\/\/api.w.org\/{rel}","templated":true}]}}