{"id":33547,"date":"2022-11-02T13:03:51","date_gmt":"2022-11-02T06:03:51","guid":{"rendered":"https:\/\/mouldking.store\/?post_type=product&#038;p=33547"},"modified":"2022-11-02T13:03:51","modified_gmt":"2022-11-02T06:03:51","slug":"cada-c61048-static-version-18-fantasma-sports-car-with-4346-pieces","status":"publish","type":"product","link":"https:\/\/mouldking.store\/de\/shop\/cada-c61048-static-version-18-fantasma-sports-car-with-4346-pieces\/","title":{"rendered":"CaDa C61048 Statische Version 1:8 Fantasma Sportwagen mit 4346 Teilen"},"content":{"rendered":"<p>Produktinformation:<\/p>\n<ol>\n<li>Marke: Cada<\/li>\n<li>Geschlecht: Unisex<\/li>\n<li>Name: Statische Version 1:8 Fantasma Sportwagen<\/li>\n<li>Altersspanne: &gt; 6 Jahre alt<\/li>\n<li>Modellnummer: C61048<\/li>\n<li>Einstufung: Assemblage<\/li>\n<li>Kunststoffblockform: Selbstsichernde Steine<\/li>\n<li>Material: Kunststoff<\/li>\n<li>Kunststofftyp: ABS<\/li>\n<li>Ziegelsteine: 4346 ST\u00dcCKE<\/li>\n<li>Abmessungen: 62 \u00d7 26,5 \u00d7 17 cm<\/li>\n<li>Enth\u00e4lt eine ausf\u00fchrliche Montageanleitung.<\/li>\n<\/ol>\n<p>Notiz:<br \/>\n1. Ohne Originalverpackung, aber wir garantieren, dass unsere Produkte eine Qualit\u00e4tssicherung und eine sch\u00f6ne Verpackung haben.<br \/>\n2. Wie alle Teile, die wir vor dem Versand \u00fcberpr\u00fcft haben, machen Sie sich keine Sorgen, wenn Sie feststellen, dass einige Teile fehlen oder besch\u00e4digt sind, und kontaktieren Sie uns einfach, und wir k\u00f6nnen sie Ihnen umgehend kostenlos erneut zusenden.<\/p>\n<figure id=\"attachment_33548\" aria-describedby=\"caption-attachment-33548\" style=\"width: 800px\" class=\"wp-caption aligncenter\"><img fetchpriority=\"high\" decoding=\"async\" class=\"wp-image-33548 size-full\" src=\"https:\/\/mouldking.store\/wp-content\/uploads\/2022\/11\/Technic-CaDa-C61048-Static-Version-18-Fantasma-Sports-Car-1.jpg\" alt=\" CaDa C61048 Static Version 1:8 Fantasma Sports Car With 4346 Pieces\" width=\"800\" height=\"800\" title=\"-\" srcset=\"https:\/\/mouldking.store\/wp-content\/uploads\/2022\/11\/Technic-CaDa-C61048-Static-Version-18-Fantasma-Sports-Car-1.jpg 800w, https:\/\/mouldking.store\/wp-content\/uploads\/2022\/11\/Technic-CaDa-C61048-Static-Version-18-Fantasma-Sports-Car-1-300x300.jpg 300w, https:\/\/mouldking.store\/wp-content\/uploads\/2022\/11\/Technic-CaDa-C61048-Static-Version-18-Fantasma-Sports-Car-1-768x768.jpg 768w, https:\/\/mouldking.store\/wp-content\/uploads\/2022\/11\/Technic-CaDa-C61048-Static-Version-18-Fantasma-Sports-Car-1-600x600.jpg 600w, https:\/\/mouldking.store\/wp-content\/uploads\/2022\/11\/Technic-CaDa-C61048-Static-Version-18-Fantasma-Sports-Car-1-150x150.jpg 150w, https:\/\/mouldking.store\/wp-content\/uploads\/2022\/11\/Technic-CaDa-C61048-Static-Version-18-Fantasma-Sports-Car-1-60x60.jpg 60w, https:\/\/mouldking.store\/wp-content\/uploads\/2022\/11\/Technic-CaDa-C61048-Static-Version-18-Fantasma-Sports-Car-1-90x90.jpg 90w\" sizes=\"(max-width: 800px) 100vw, 800px\" \/><figcaption id=\"caption-attachment-33548\" class=\"wp-caption-text\">CaDa C61048 Statische Version 1:8 Fantasma Sportwagen mit 4346 Teilen<\/figcaption><\/figure>\n<figure id=\"attachment_33549\" aria-describedby=\"caption-attachment-33549\" style=\"width: 1000px\" class=\"wp-caption aligncenter\"><img decoding=\"async\" class=\"wp-image-33549 size-full\" src=\"https:\/\/mouldking.store\/wp-content\/uploads\/2022\/11\/Technic-CaDa-C61048-Static-Version-18-Fantasma-Sports-Car-7.jpg\" alt=\" CaDa C61048 Static Version 1:8 Fantasma Sports Car With 4346 Pieces\" width=\"1000\" height=\"1000\" title=\"-\" srcset=\"https:\/\/mouldking.store\/wp-content\/uploads\/2022\/11\/Technic-CaDa-C61048-Static-Version-18-Fantasma-Sports-Car-7.jpg 1000w, https:\/\/mouldking.store\/wp-content\/uploads\/2022\/11\/Technic-CaDa-C61048-Static-Version-18-Fantasma-Sports-Car-7-300x300.jpg 300w, https:\/\/mouldking.store\/wp-content\/uploads\/2022\/11\/Technic-CaDa-C61048-Static-Version-18-Fantasma-Sports-Car-7-768x768.jpg 768w, https:\/\/mouldking.store\/wp-content\/uploads\/2022\/11\/Technic-CaDa-C61048-Static-Version-18-Fantasma-Sports-Car-7-600x600.jpg 600w, https:\/\/mouldking.store\/wp-content\/uploads\/2022\/11\/Technic-CaDa-C61048-Static-Version-18-Fantasma-Sports-Car-7-150x150.jpg 150w, https:\/\/mouldking.store\/wp-content\/uploads\/2022\/11\/Technic-CaDa-C61048-Static-Version-18-Fantasma-Sports-Car-7-60x60.jpg 60w, https:\/\/mouldking.store\/wp-content\/uploads\/2022\/11\/Technic-CaDa-C61048-Static-Version-18-Fantasma-Sports-Car-7-90x90.jpg 90w\" sizes=\"(max-width: 1000px) 100vw, 1000px\" \/><figcaption id=\"caption-attachment-33549\" class=\"wp-caption-text\">CaDa C61048 Statische Version 1:8 Fantasma Sportwagen mit 4346 Teilen<\/figcaption><\/figure>\n<figure id=\"attachment_33550\" aria-describedby=\"caption-attachment-33550\" style=\"width: 1000px\" class=\"wp-caption aligncenter\"><img decoding=\"async\" class=\"wp-image-33550 size-full\" src=\"https:\/\/mouldking.store\/wp-content\/uploads\/2022\/11\/Technic-CaDa-C61048-Static-Version-18-Fantasma-Sports-Car-3.jpg\" alt=\" CaDa C61048 Static Version 1:8 Fantasma Sports Car With 4346 Pieces\" width=\"1000\" height=\"1000\" title=\"-\" srcset=\"https:\/\/mouldking.store\/wp-content\/uploads\/2022\/11\/Technic-CaDa-C61048-Static-Version-18-Fantasma-Sports-Car-3.jpg 1000w, https:\/\/mouldking.store\/wp-content\/uploads\/2022\/11\/Technic-CaDa-C61048-Static-Version-18-Fantasma-Sports-Car-3-300x300.jpg 300w, https:\/\/mouldking.store\/wp-content\/uploads\/2022\/11\/Technic-CaDa-C61048-Static-Version-18-Fantasma-Sports-Car-3-768x768.jpg 768w, https:\/\/mouldking.store\/wp-content\/uploads\/2022\/11\/Technic-CaDa-C61048-Static-Version-18-Fantasma-Sports-Car-3-600x600.jpg 600w, https:\/\/mouldking.store\/wp-content\/uploads\/2022\/11\/Technic-CaDa-C61048-Static-Version-18-Fantasma-Sports-Car-3-150x150.jpg 150w, https:\/\/mouldking.store\/wp-content\/uploads\/2022\/11\/Technic-CaDa-C61048-Static-Version-18-Fantasma-Sports-Car-3-60x60.jpg 60w, https:\/\/mouldking.store\/wp-content\/uploads\/2022\/11\/Technic-CaDa-C61048-Static-Version-18-Fantasma-Sports-Car-3-90x90.jpg 90w\" sizes=\"(max-width: 1000px) 100vw, 1000px\" \/><figcaption id=\"caption-attachment-33550\" class=\"wp-caption-text\">CaDa C61048 Statische Version 1:8 Fantasma Sportwagen mit 4346 Teilen<\/figcaption><\/figure>\n<figure id=\"attachment_33551\" aria-describedby=\"caption-attachment-33551\" style=\"width: 1000px\" class=\"wp-caption aligncenter\"><img loading=\"lazy\" decoding=\"async\" class=\"wp-image-33551 size-full\" src=\"https:\/\/mouldking.store\/wp-content\/uploads\/2022\/11\/Technic-CaDa-C61048-Static-Version-18-Fantasma-Sports-Car-6.jpg\" alt=\" CaDa C61048 Static Version 1:8 Fantasma Sports Car With 4346 Pieces\" width=\"1000\" height=\"1000\" title=\"-\" srcset=\"https:\/\/mouldking.store\/wp-content\/uploads\/2022\/11\/Technic-CaDa-C61048-Static-Version-18-Fantasma-Sports-Car-6.jpg 1000w, https:\/\/mouldking.store\/wp-content\/uploads\/2022\/11\/Technic-CaDa-C61048-Static-Version-18-Fantasma-Sports-Car-6-300x300.jpg 300w, https:\/\/mouldking.store\/wp-content\/uploads\/2022\/11\/Technic-CaDa-C61048-Static-Version-18-Fantasma-Sports-Car-6-768x768.jpg 768w, https:\/\/mouldking.store\/wp-content\/uploads\/2022\/11\/Technic-CaDa-C61048-Static-Version-18-Fantasma-Sports-Car-6-600x600.jpg 600w, https:\/\/mouldking.store\/wp-content\/uploads\/2022\/11\/Technic-CaDa-C61048-Static-Version-18-Fantasma-Sports-Car-6-150x150.jpg 150w, https:\/\/mouldking.store\/wp-content\/uploads\/2022\/11\/Technic-CaDa-C61048-Static-Version-18-Fantasma-Sports-Car-6-60x60.jpg 60w, https:\/\/mouldking.store\/wp-content\/uploads\/2022\/11\/Technic-CaDa-C61048-Static-Version-18-Fantasma-Sports-Car-6-90x90.jpg 90w\" sizes=\"(max-width: 1000px) 100vw, 1000px\" \/><figcaption id=\"caption-attachment-33551\" class=\"wp-caption-text\">CaDa C61048 Statische Version 1:8 Fantasma Sportwagen mit 4346 Teilen<\/figcaption><\/figure>\n<figure id=\"attachment_33552\" aria-describedby=\"caption-attachment-33552\" style=\"width: 1000px\" class=\"wp-caption aligncenter\"><img loading=\"lazy\" decoding=\"async\" class=\"wp-image-33552 size-full\" src=\"https:\/\/mouldking.store\/wp-content\/uploads\/2022\/11\/Technic-CaDa-C61048-Static-Version-18-Fantasma-Sports-Car-5.jpg\" alt=\" CaDa C61048 Static Version 1:8 Fantasma Sports Car With 4346 Pieces\" width=\"1000\" height=\"1000\" title=\"-\" srcset=\"https:\/\/mouldking.store\/wp-content\/uploads\/2022\/11\/Technic-CaDa-C61048-Static-Version-18-Fantasma-Sports-Car-5.jpg 1000w, https:\/\/mouldking.store\/wp-content\/uploads\/2022\/11\/Technic-CaDa-C61048-Static-Version-18-Fantasma-Sports-Car-5-300x300.jpg 300w, https:\/\/mouldking.store\/wp-content\/uploads\/2022\/11\/Technic-CaDa-C61048-Static-Version-18-Fantasma-Sports-Car-5-768x768.jpg 768w, https:\/\/mouldking.store\/wp-content\/uploads\/2022\/11\/Technic-CaDa-C61048-Static-Version-18-Fantasma-Sports-Car-5-600x600.jpg 600w, https:\/\/mouldking.store\/wp-content\/uploads\/2022\/11\/Technic-CaDa-C61048-Static-Version-18-Fantasma-Sports-Car-5-150x150.jpg 150w, https:\/\/mouldking.store\/wp-content\/uploads\/2022\/11\/Technic-CaDa-C61048-Static-Version-18-Fantasma-Sports-Car-5-60x60.jpg 60w, https:\/\/mouldking.store\/wp-content\/uploads\/2022\/11\/Technic-CaDa-C61048-Static-Version-18-Fantasma-Sports-Car-5-90x90.jpg 90w\" sizes=\"(max-width: 1000px) 100vw, 1000px\" \/><figcaption id=\"caption-attachment-33552\" class=\"wp-caption-text\">CaDa C61048 Statische Version 1:8 Fantasma Sportwagen mit 4346 Teilen<\/figcaption><\/figure>\n<figure id=\"attachment_33553\" aria-describedby=\"caption-attachment-33553\" style=\"width: 1000px\" class=\"wp-caption aligncenter\"><img loading=\"lazy\" decoding=\"async\" class=\"wp-image-33553 size-full\" src=\"https:\/\/mouldking.store\/wp-content\/uploads\/2022\/11\/Technic-CaDa-C61048-Static-Version-18-Fantasma-Sports-Car-2.jpg\" alt=\" CaDa C61048 Static Version 1:8 Fantasma Sports Car With 4346 Pieces\" width=\"1000\" height=\"1000\" title=\"-\" srcset=\"https:\/\/mouldking.store\/wp-content\/uploads\/2022\/11\/Technic-CaDa-C61048-Static-Version-18-Fantasma-Sports-Car-2.jpg 1000w, https:\/\/mouldking.store\/wp-content\/uploads\/2022\/11\/Technic-CaDa-C61048-Static-Version-18-Fantasma-Sports-Car-2-300x300.jpg 300w, https:\/\/mouldking.store\/wp-content\/uploads\/2022\/11\/Technic-CaDa-C61048-Static-Version-18-Fantasma-Sports-Car-2-768x768.jpg 768w, https:\/\/mouldking.store\/wp-content\/uploads\/2022\/11\/Technic-CaDa-C61048-Static-Version-18-Fantasma-Sports-Car-2-600x600.jpg 600w, https:\/\/mouldking.store\/wp-content\/uploads\/2022\/11\/Technic-CaDa-C61048-Static-Version-18-Fantasma-Sports-Car-2-150x150.jpg 150w, https:\/\/mouldking.store\/wp-content\/uploads\/2022\/11\/Technic-CaDa-C61048-Static-Version-18-Fantasma-Sports-Car-2-60x60.jpg 60w, https:\/\/mouldking.store\/wp-content\/uploads\/2022\/11\/Technic-CaDa-C61048-Static-Version-18-Fantasma-Sports-Car-2-90x90.jpg 90w\" sizes=\"(max-width: 1000px) 100vw, 1000px\" \/><figcaption id=\"caption-attachment-33553\" class=\"wp-caption-text\">CaDa C61048 Statische Version 1:8 Fantasma Sportwagen mit 4346 Teilen<\/figcaption><\/figure>","protected":false},"excerpt":{"rendered":"<p>Product information: Brand: CaDa Gender: Unisex Name: Static Version 1:8 Fantasma Sports Car Age Range: &gt; 6 years old Model Number: C61048 Classification: Assemblage Plastic Block Shape: Self-Locking Bricks Material: Plastic Plastic Type: ABS Bricks Blocks: 4346 PCS Dimensions:\u00a062 \u00d7 26.5 \u00d7 17 cm Contains detailed assembly instructions. Notice: 1. Without an original box, but [&hellip;]<\/p>","protected":false},"featured_media":33548,"comment_status":"closed","ping_status":"closed","template":"","meta":{"_acf_changed":false},"product_cat":[1357],"product_tag":[6297,6295,1916,6299,6294,6298,5166,6296,6300],"class_list":["product","first","instock","shipping-taxable","purchasable","product-type-simple"],"acf":[],"_links":{"self":[{"href":"https:\/\/mouldking.store\/de\/wp-json\/wp\/v2\/product\/33547","targetHints":{"allow":["GET"]}}],"collection":[{"href":"https:\/\/mouldking.store\/de\/wp-json\/wp\/v2\/product"}],"about":[{"href":"https:\/\/mouldking.store\/de\/wp-json\/wp\/v2\/types\/product"}],"replies":[{"embeddable":true,"href":"https:\/\/mouldking.store\/de\/wp-json\/wp\/v2\/comments?post=33547"}],"wp:featuredmedia":[{"embeddable":true,"href":"https:\/\/mouldking.store\/de\/wp-json\/wp\/v2\/media\/33548"}],"wp:attachment":[{"href":"https:\/\/mouldking.store\/de\/wp-json\/wp\/v2\/media?parent=33547"}],"wp:term":[{"taxonomy":"product_cat","embeddable":true,"href":"https:\/\/mouldking.store\/de\/wp-json\/wp\/v2\/product_cat?post=33547"},{"taxonomy":"product_tag","embeddable":true,"href":"https:\/\/mouldking.store\/de\/wp-json\/wp\/v2\/product_tag?post=33547"}],"curies":[{"name":"wp","href":"https:\/\/api.w.org\/{rel}","templated":true}]}}