{"id":33554,"date":"2022-11-02T13:07:57","date_gmt":"2022-11-02T06:07:57","guid":{"rendered":"https:\/\/mouldking.store\/?post_type=product&#038;p=33554"},"modified":"2022-11-02T13:07:57","modified_gmt":"2022-11-02T06:07:57","slug":"yupin-p1401-114-rc-sports-car-zonda-gt-with-1689-pieces","status":"publish","type":"product","link":"https:\/\/mouldking.store\/de\/shop\/yupin-p1401-114-rc-sports-car-zonda-gt-with-1689-pieces\/","title":{"rendered":"Yupin P1401 1:14 RC Sportwagen Zonda GT mit 1689 Teilen"},"content":{"rendered":"<p>Produktinformation:<\/p>\n<ol>\n<li>Marke: Yupin<\/li>\n<li>Geschlecht: Unisex<\/li>\n<li>Name: 1:14 RC Sportwagen Zonda GT<\/li>\n<li>Altersspanne: &gt; 6 Jahre alt<\/li>\n<li>Modellnummer: P1401<\/li>\n<li>Einstufung: Assemblage<\/li>\n<li>Kunststoffblockform: Selbstsichernde Steine<\/li>\n<li>Material: Kunststoff<\/li>\n<li>Kunststofftyp: ABS<\/li>\n<li>Ziegelsteine: 1689 ST\u00dcCKE<\/li>\n<li>Abmessungen: 38,3 \u00d7 16,8 \u00d7 9,9 cm<\/li>\n<li>Gewicht: 0,21 kg<\/li>\n<li>Enth\u00e4lt eine ausf\u00fchrliche Montageanleitung.<\/li>\n<\/ol>\n<p>Notiz:<br \/>\n1. Ohne Originalverpackung, aber wir garantieren, dass unsere Produkte eine Qualit\u00e4tssicherung und eine sch\u00f6ne Verpackung haben.<br \/>\n2. Wie alle Teile, die wir vor dem Versand \u00fcberpr\u00fcft haben, machen Sie sich keine Sorgen, wenn Sie feststellen, dass einige Teile fehlen oder besch\u00e4digt sind, und kontaktieren Sie uns einfach, und wir k\u00f6nnen sie Ihnen umgehend kostenlos erneut zusenden.<\/p>\n<figure id=\"attachment_33555\" aria-describedby=\"caption-attachment-33555\" style=\"width: 800px\" class=\"wp-caption aligncenter\"><img fetchpriority=\"high\" decoding=\"async\" class=\"wp-image-33555 size-full\" src=\"https:\/\/mouldking.store\/wp-content\/uploads\/2022\/11\/Technic-Yupin-P1401-114-RC-Sports-Car-Zonda-GT-1.jpg\" alt=\"Yupin P1401 1:14 RC Sports Car Zonda GT With 1689 Pieces\" width=\"800\" height=\"800\" title=\"-\" srcset=\"https:\/\/mouldking.store\/wp-content\/uploads\/2022\/11\/Technic-Yupin-P1401-114-RC-Sports-Car-Zonda-GT-1.jpg 800w, https:\/\/mouldking.store\/wp-content\/uploads\/2022\/11\/Technic-Yupin-P1401-114-RC-Sports-Car-Zonda-GT-1-300x300.jpg 300w, https:\/\/mouldking.store\/wp-content\/uploads\/2022\/11\/Technic-Yupin-P1401-114-RC-Sports-Car-Zonda-GT-1-768x768.jpg 768w, https:\/\/mouldking.store\/wp-content\/uploads\/2022\/11\/Technic-Yupin-P1401-114-RC-Sports-Car-Zonda-GT-1-600x600.jpg 600w, https:\/\/mouldking.store\/wp-content\/uploads\/2022\/11\/Technic-Yupin-P1401-114-RC-Sports-Car-Zonda-GT-1-150x150.jpg 150w, https:\/\/mouldking.store\/wp-content\/uploads\/2022\/11\/Technic-Yupin-P1401-114-RC-Sports-Car-Zonda-GT-1-60x60.jpg 60w, https:\/\/mouldking.store\/wp-content\/uploads\/2022\/11\/Technic-Yupin-P1401-114-RC-Sports-Car-Zonda-GT-1-90x90.jpg 90w\" sizes=\"(max-width: 800px) 100vw, 800px\" \/><figcaption id=\"caption-attachment-33555\" class=\"wp-caption-text\">Yupin P1401 1:14 RC Sportwagen Zonda GT mit 1689 Teilen<\/figcaption><\/figure>\n<figure id=\"attachment_33556\" aria-describedby=\"caption-attachment-33556\" style=\"width: 800px\" class=\"wp-caption aligncenter\"><img decoding=\"async\" class=\"wp-image-33556 size-full\" src=\"https:\/\/mouldking.store\/wp-content\/uploads\/2022\/11\/Technic-Yupin-P1401-114-RC-Sports-Car-Zonda-GT-5.jpg\" alt=\"Yupin P1401 1:14 RC Sports Car Zonda GT With 1689 Pieces\" width=\"800\" height=\"800\" title=\"-\" srcset=\"https:\/\/mouldking.store\/wp-content\/uploads\/2022\/11\/Technic-Yupin-P1401-114-RC-Sports-Car-Zonda-GT-5.jpg 800w, https:\/\/mouldking.store\/wp-content\/uploads\/2022\/11\/Technic-Yupin-P1401-114-RC-Sports-Car-Zonda-GT-5-300x300.jpg 300w, https:\/\/mouldking.store\/wp-content\/uploads\/2022\/11\/Technic-Yupin-P1401-114-RC-Sports-Car-Zonda-GT-5-768x768.jpg 768w, https:\/\/mouldking.store\/wp-content\/uploads\/2022\/11\/Technic-Yupin-P1401-114-RC-Sports-Car-Zonda-GT-5-600x600.jpg 600w, https:\/\/mouldking.store\/wp-content\/uploads\/2022\/11\/Technic-Yupin-P1401-114-RC-Sports-Car-Zonda-GT-5-150x150.jpg 150w, https:\/\/mouldking.store\/wp-content\/uploads\/2022\/11\/Technic-Yupin-P1401-114-RC-Sports-Car-Zonda-GT-5-60x60.jpg 60w, https:\/\/mouldking.store\/wp-content\/uploads\/2022\/11\/Technic-Yupin-P1401-114-RC-Sports-Car-Zonda-GT-5-90x90.jpg 90w\" sizes=\"(max-width: 800px) 100vw, 800px\" \/><figcaption id=\"caption-attachment-33556\" class=\"wp-caption-text\">Yupin P1401 1:14 RC Sportwagen Zonda GT mit 1689 Teilen<\/figcaption><\/figure>\n<figure id=\"attachment_33557\" aria-describedby=\"caption-attachment-33557\" style=\"width: 800px\" class=\"wp-caption aligncenter\"><img decoding=\"async\" class=\"wp-image-33557 size-full\" src=\"https:\/\/mouldking.store\/wp-content\/uploads\/2022\/11\/Technic-Yupin-P1401-114-RC-Sports-Car-Zonda-GT-4.jpg\" alt=\"Yupin P1401 1:14 RC Sports Car Zonda GT With 1689 Pieces\" width=\"800\" height=\"800\" title=\"-\" srcset=\"https:\/\/mouldking.store\/wp-content\/uploads\/2022\/11\/Technic-Yupin-P1401-114-RC-Sports-Car-Zonda-GT-4.jpg 800w, https:\/\/mouldking.store\/wp-content\/uploads\/2022\/11\/Technic-Yupin-P1401-114-RC-Sports-Car-Zonda-GT-4-300x300.jpg 300w, https:\/\/mouldking.store\/wp-content\/uploads\/2022\/11\/Technic-Yupin-P1401-114-RC-Sports-Car-Zonda-GT-4-768x768.jpg 768w, https:\/\/mouldking.store\/wp-content\/uploads\/2022\/11\/Technic-Yupin-P1401-114-RC-Sports-Car-Zonda-GT-4-600x600.jpg 600w, https:\/\/mouldking.store\/wp-content\/uploads\/2022\/11\/Technic-Yupin-P1401-114-RC-Sports-Car-Zonda-GT-4-150x150.jpg 150w, https:\/\/mouldking.store\/wp-content\/uploads\/2022\/11\/Technic-Yupin-P1401-114-RC-Sports-Car-Zonda-GT-4-60x60.jpg 60w, https:\/\/mouldking.store\/wp-content\/uploads\/2022\/11\/Technic-Yupin-P1401-114-RC-Sports-Car-Zonda-GT-4-90x90.jpg 90w\" sizes=\"(max-width: 800px) 100vw, 800px\" \/><figcaption id=\"caption-attachment-33557\" class=\"wp-caption-text\">Yupin P1401 1:14 RC Sportwagen Zonda GT mit 1689 Teilen<\/figcaption><\/figure>\n<figure id=\"attachment_33558\" aria-describedby=\"caption-attachment-33558\" style=\"width: 800px\" class=\"wp-caption aligncenter\"><img loading=\"lazy\" decoding=\"async\" class=\"wp-image-33558 size-full\" src=\"https:\/\/mouldking.store\/wp-content\/uploads\/2022\/11\/Technic-Yupin-P1401-114-RC-Sports-Car-Zonda-GT-3.jpg\" alt=\"Yupin P1401 1:14 RC Sports Car Zonda GT With 1689 Pieces\" width=\"800\" height=\"800\" title=\"-\" srcset=\"https:\/\/mouldking.store\/wp-content\/uploads\/2022\/11\/Technic-Yupin-P1401-114-RC-Sports-Car-Zonda-GT-3.jpg 800w, https:\/\/mouldking.store\/wp-content\/uploads\/2022\/11\/Technic-Yupin-P1401-114-RC-Sports-Car-Zonda-GT-3-300x300.jpg 300w, https:\/\/mouldking.store\/wp-content\/uploads\/2022\/11\/Technic-Yupin-P1401-114-RC-Sports-Car-Zonda-GT-3-768x768.jpg 768w, https:\/\/mouldking.store\/wp-content\/uploads\/2022\/11\/Technic-Yupin-P1401-114-RC-Sports-Car-Zonda-GT-3-600x600.jpg 600w, https:\/\/mouldking.store\/wp-content\/uploads\/2022\/11\/Technic-Yupin-P1401-114-RC-Sports-Car-Zonda-GT-3-150x150.jpg 150w, https:\/\/mouldking.store\/wp-content\/uploads\/2022\/11\/Technic-Yupin-P1401-114-RC-Sports-Car-Zonda-GT-3-60x60.jpg 60w, https:\/\/mouldking.store\/wp-content\/uploads\/2022\/11\/Technic-Yupin-P1401-114-RC-Sports-Car-Zonda-GT-3-90x90.jpg 90w\" sizes=\"(max-width: 800px) 100vw, 800px\" \/><figcaption id=\"caption-attachment-33558\" class=\"wp-caption-text\">Yupin P1401 1:14 RC Sportwagen Zonda GT mit 1689 Teilen<\/figcaption><\/figure>\n<figure id=\"attachment_33559\" aria-describedby=\"caption-attachment-33559\" style=\"width: 800px\" class=\"wp-caption aligncenter\"><img loading=\"lazy\" decoding=\"async\" class=\"wp-image-33559 size-full\" src=\"https:\/\/mouldking.store\/wp-content\/uploads\/2022\/11\/Technic-Yupin-P1401-114-RC-Sports-Car-Zonda-GT-2.jpg\" alt=\"Yupin P1401 1:14 RC Sports Car Zonda GT With 1689 Pieces\" width=\"800\" height=\"800\" title=\"-\" srcset=\"https:\/\/mouldking.store\/wp-content\/uploads\/2022\/11\/Technic-Yupin-P1401-114-RC-Sports-Car-Zonda-GT-2.jpg 800w, https:\/\/mouldking.store\/wp-content\/uploads\/2022\/11\/Technic-Yupin-P1401-114-RC-Sports-Car-Zonda-GT-2-300x300.jpg 300w, https:\/\/mouldking.store\/wp-content\/uploads\/2022\/11\/Technic-Yupin-P1401-114-RC-Sports-Car-Zonda-GT-2-768x768.jpg 768w, https:\/\/mouldking.store\/wp-content\/uploads\/2022\/11\/Technic-Yupin-P1401-114-RC-Sports-Car-Zonda-GT-2-600x600.jpg 600w, https:\/\/mouldking.store\/wp-content\/uploads\/2022\/11\/Technic-Yupin-P1401-114-RC-Sports-Car-Zonda-GT-2-150x150.jpg 150w, https:\/\/mouldking.store\/wp-content\/uploads\/2022\/11\/Technic-Yupin-P1401-114-RC-Sports-Car-Zonda-GT-2-60x60.jpg 60w, https:\/\/mouldking.store\/wp-content\/uploads\/2022\/11\/Technic-Yupin-P1401-114-RC-Sports-Car-Zonda-GT-2-90x90.jpg 90w\" sizes=\"(max-width: 800px) 100vw, 800px\" \/><figcaption id=\"caption-attachment-33559\" class=\"wp-caption-text\">Yupin P1401 1:14 RC Sportwagen Zonda GT mit 1689 Teilen<\/figcaption><\/figure>","protected":false},"excerpt":{"rendered":"<p>Product information: Brand: Yupin Gender: Unisex Name: 1:14 RC Sports Car Zonda GT Age Range: &gt; 6 years old Model Number: P1401 Classification: Assemblage Plastic Block Shape: Self-Locking Bricks Material: Plastic Plastic Type: ABS Bricks Blocks: 1689 PCS Dimensions: 38.3 \u00d7 16.8 \u00d7 9.9 cm Weight: 0.21 kg Contains detailed assembly instructions. Notice: 1. Without [&hellip;]<\/p>","protected":false},"featured_media":33555,"comment_status":"closed","ping_status":"closed","template":"","meta":{"_acf_changed":false},"product_cat":[1357],"product_tag":[6305,6306,6303,5166,6302,6307,6301,6304],"class_list":["product","first","instock","shipping-taxable","purchasable","product-type-simple"],"acf":[],"_links":{"self":[{"href":"https:\/\/mouldking.store\/de\/wp-json\/wp\/v2\/product\/33554","targetHints":{"allow":["GET"]}}],"collection":[{"href":"https:\/\/mouldking.store\/de\/wp-json\/wp\/v2\/product"}],"about":[{"href":"https:\/\/mouldking.store\/de\/wp-json\/wp\/v2\/types\/product"}],"replies":[{"embeddable":true,"href":"https:\/\/mouldking.store\/de\/wp-json\/wp\/v2\/comments?post=33554"}],"wp:featuredmedia":[{"embeddable":true,"href":"https:\/\/mouldking.store\/de\/wp-json\/wp\/v2\/media\/33555"}],"wp:attachment":[{"href":"https:\/\/mouldking.store\/de\/wp-json\/wp\/v2\/media?parent=33554"}],"wp:term":[{"taxonomy":"product_cat","embeddable":true,"href":"https:\/\/mouldking.store\/de\/wp-json\/wp\/v2\/product_cat?post=33554"},{"taxonomy":"product_tag","embeddable":true,"href":"https:\/\/mouldking.store\/de\/wp-json\/wp\/v2\/product_tag?post=33554"}],"curies":[{"name":"wp","href":"https:\/\/api.w.org\/{rel}","templated":true}]}}