{"id":33560,"date":"2022-11-02T14:01:17","date_gmt":"2022-11-02T07:01:17","guid":{"rendered":"https:\/\/mouldking.store\/?post_type=product&#038;p=33560"},"modified":"2025-12-25T09:12:24","modified_gmt":"2025-12-25T02:12:24","slug":"moc-13800-machinery-arale-with-2273-pieces","status":"publish","type":"product","link":"https:\/\/mouldking.store\/de\/shop\/moc-13800-machinery-arale-with-2273-pieces\/","title":{"rendered":"MOC 13800 Maschinen Arale mit 2273 Teilen"},"content":{"rendered":"<p>Produktinformation:<\/p>\n<ol>\n<li>Marke: MOC<\/li>\n<li>Geschlecht: Unisex<\/li>\n<li>Name: Machinery Arale<\/li>\n<li>Altersspanne: &gt; 6 Jahre alt<\/li>\n<li>Model Number: 13800<\/li>\n<li>Einstufung: Assemblage<\/li>\n<li>Kunststoffblockform: Selbstsichernde Steine<\/li>\n<li>Material: Kunststoff<\/li>\n<li>Kunststofftyp: ABS<\/li>\n<li>Bricks Blocks: 2273 PCS<\/li>\n<li>Dimensions: 22.5 \u00d7 19.3 \u00d7 35.9 cm<\/li>\n<li>Enth\u00e4lt eine ausf\u00fchrliche Montageanleitung.<\/li>\n<\/ol>\n<p>Notiz:<br \/>\n1. Ohne Originalverpackung, aber wir garantieren, dass unsere Produkte eine Qualit\u00e4tssicherung und eine sch\u00f6ne Verpackung haben.<br \/>\n2. Wie alle Teile, die wir vor dem Versand \u00fcberpr\u00fcft haben, machen Sie sich keine Sorgen, wenn Sie feststellen, dass einige Teile fehlen oder besch\u00e4digt sind, und kontaktieren Sie uns einfach, und wir k\u00f6nnen sie Ihnen umgehend kostenlos erneut zusenden.<\/p>\n<figure id=\"attachment_33562\" aria-describedby=\"caption-attachment-33562\" style=\"width: 800px\" class=\"wp-caption aligncenter\"><img fetchpriority=\"high\" decoding=\"async\" class=\"wp-image-33562 size-full\" src=\"https:\/\/mouldking.store\/wp-content\/uploads\/2022\/11\/Movie-MOC-13800-Machinery-Arale-1.jpg\" alt=\"MOC 13800 Machinery Arale With 2273 Pieces\" width=\"800\" height=\"800\" title=\"-\" srcset=\"https:\/\/mouldking.store\/wp-content\/uploads\/2022\/11\/Movie-MOC-13800-Machinery-Arale-1.jpg 800w, https:\/\/mouldking.store\/wp-content\/uploads\/2022\/11\/Movie-MOC-13800-Machinery-Arale-1-300x300.jpg 300w, https:\/\/mouldking.store\/wp-content\/uploads\/2022\/11\/Movie-MOC-13800-Machinery-Arale-1-768x768.jpg 768w, https:\/\/mouldking.store\/wp-content\/uploads\/2022\/11\/Movie-MOC-13800-Machinery-Arale-1-600x600.jpg 600w, https:\/\/mouldking.store\/wp-content\/uploads\/2022\/11\/Movie-MOC-13800-Machinery-Arale-1-150x150.jpg 150w, https:\/\/mouldking.store\/wp-content\/uploads\/2022\/11\/Movie-MOC-13800-Machinery-Arale-1-60x60.jpg 60w, https:\/\/mouldking.store\/wp-content\/uploads\/2022\/11\/Movie-MOC-13800-Machinery-Arale-1-90x90.jpg 90w\" sizes=\"(max-width: 800px) 100vw, 800px\" \/><figcaption id=\"caption-attachment-33562\" class=\"wp-caption-text\">MOC 13800 Maschinen Arale mit 2273 Teilen<\/figcaption><\/figure>\n<figure id=\"attachment_33563\" aria-describedby=\"caption-attachment-33563\" style=\"width: 800px\" class=\"wp-caption aligncenter\"><img decoding=\"async\" class=\"wp-image-33563 size-full\" src=\"https:\/\/mouldking.store\/wp-content\/uploads\/2022\/11\/Movie-MOC-13800-Machinery-Arale-3.jpg\" alt=\"MOC 13800 Machinery Arale With 2273 Pieces\" width=\"800\" height=\"800\" title=\"-\" srcset=\"https:\/\/mouldking.store\/wp-content\/uploads\/2022\/11\/Movie-MOC-13800-Machinery-Arale-3.jpg 800w, https:\/\/mouldking.store\/wp-content\/uploads\/2022\/11\/Movie-MOC-13800-Machinery-Arale-3-300x300.jpg 300w, https:\/\/mouldking.store\/wp-content\/uploads\/2022\/11\/Movie-MOC-13800-Machinery-Arale-3-768x768.jpg 768w, https:\/\/mouldking.store\/wp-content\/uploads\/2022\/11\/Movie-MOC-13800-Machinery-Arale-3-600x600.jpg 600w, https:\/\/mouldking.store\/wp-content\/uploads\/2022\/11\/Movie-MOC-13800-Machinery-Arale-3-150x150.jpg 150w, https:\/\/mouldking.store\/wp-content\/uploads\/2022\/11\/Movie-MOC-13800-Machinery-Arale-3-60x60.jpg 60w, https:\/\/mouldking.store\/wp-content\/uploads\/2022\/11\/Movie-MOC-13800-Machinery-Arale-3-90x90.jpg 90w\" sizes=\"(max-width: 800px) 100vw, 800px\" \/><figcaption id=\"caption-attachment-33563\" class=\"wp-caption-text\">MOC 13800 Maschinen Arale mit 2273 Teilen<\/figcaption><\/figure>\n<figure id=\"attachment_33564\" aria-describedby=\"caption-attachment-33564\" style=\"width: 800px\" class=\"wp-caption aligncenter\"><img decoding=\"async\" class=\"wp-image-33564 size-full\" src=\"https:\/\/mouldking.store\/wp-content\/uploads\/2022\/11\/Movie-MOC-13800-Machinery-Arale-4.jpg\" alt=\"MOC 13800 Machinery Arale With 2273 Pieces\" width=\"800\" height=\"800\" title=\"-\" srcset=\"https:\/\/mouldking.store\/wp-content\/uploads\/2022\/11\/Movie-MOC-13800-Machinery-Arale-4.jpg 800w, https:\/\/mouldking.store\/wp-content\/uploads\/2022\/11\/Movie-MOC-13800-Machinery-Arale-4-300x300.jpg 300w, https:\/\/mouldking.store\/wp-content\/uploads\/2022\/11\/Movie-MOC-13800-Machinery-Arale-4-768x768.jpg 768w, https:\/\/mouldking.store\/wp-content\/uploads\/2022\/11\/Movie-MOC-13800-Machinery-Arale-4-600x600.jpg 600w, https:\/\/mouldking.store\/wp-content\/uploads\/2022\/11\/Movie-MOC-13800-Machinery-Arale-4-150x150.jpg 150w, https:\/\/mouldking.store\/wp-content\/uploads\/2022\/11\/Movie-MOC-13800-Machinery-Arale-4-60x60.jpg 60w, https:\/\/mouldking.store\/wp-content\/uploads\/2022\/11\/Movie-MOC-13800-Machinery-Arale-4-90x90.jpg 90w\" sizes=\"(max-width: 800px) 100vw, 800px\" \/><figcaption id=\"caption-attachment-33564\" class=\"wp-caption-text\">MOC 13800 Maschinen Arale mit 2273 Teilen<\/figcaption><\/figure>\n<figure id=\"attachment_33565\" aria-describedby=\"caption-attachment-33565\" style=\"width: 800px\" class=\"wp-caption aligncenter\"><img loading=\"lazy\" decoding=\"async\" class=\"wp-image-33565 size-full\" src=\"https:\/\/mouldking.store\/wp-content\/uploads\/2022\/11\/Movie-MOC-13800-Machinery-Arale-2.jpg\" alt=\"MOC 13800 Machinery Arale With 2273 Pieces\" width=\"800\" height=\"800\" title=\"-\" srcset=\"https:\/\/mouldking.store\/wp-content\/uploads\/2022\/11\/Movie-MOC-13800-Machinery-Arale-2.jpg 800w, https:\/\/mouldking.store\/wp-content\/uploads\/2022\/11\/Movie-MOC-13800-Machinery-Arale-2-300x300.jpg 300w, https:\/\/mouldking.store\/wp-content\/uploads\/2022\/11\/Movie-MOC-13800-Machinery-Arale-2-768x768.jpg 768w, https:\/\/mouldking.store\/wp-content\/uploads\/2022\/11\/Movie-MOC-13800-Machinery-Arale-2-600x600.jpg 600w, https:\/\/mouldking.store\/wp-content\/uploads\/2022\/11\/Movie-MOC-13800-Machinery-Arale-2-150x150.jpg 150w, https:\/\/mouldking.store\/wp-content\/uploads\/2022\/11\/Movie-MOC-13800-Machinery-Arale-2-60x60.jpg 60w, https:\/\/mouldking.store\/wp-content\/uploads\/2022\/11\/Movie-MOC-13800-Machinery-Arale-2-90x90.jpg 90w\" sizes=\"(max-width: 800px) 100vw, 800px\" \/><figcaption id=\"caption-attachment-33565\" class=\"wp-caption-text\">MOC 13800 Maschinen Arale mit 2273 Teilen<\/figcaption><\/figure>","protected":false},"excerpt":{"rendered":"<p>Product information: Brand: MOC Gender: Unisex Name: Machinery Arale Age Range: &gt; 6 years old Model Number: 13800 Classification: Assemblage Plastic Block Shape: Self-Locking Bricks Material: Plastic Plastic Type: ABS Bricks Blocks: 2273 PCS Dimensions: 22.5 \u00d7 19.3 \u00d7 35.9 cm Contains detailed assembly instructions. Notice: 1. Without an original box, but we guarantee our [&hellip;]<\/p>","protected":false},"featured_media":33562,"comment_status":"closed","ping_status":"closed","template":"","meta":{"_acf_changed":false},"product_cat":[1408],"product_tag":[6309,6311,6310,6312,6313,6308],"class_list":["product","first","instock","shipping-taxable","purchasable","product-type-simple"],"acf":[],"_links":{"self":[{"href":"https:\/\/mouldking.store\/de\/wp-json\/wp\/v2\/product\/33560","targetHints":{"allow":["GET"]}}],"collection":[{"href":"https:\/\/mouldking.store\/de\/wp-json\/wp\/v2\/product"}],"about":[{"href":"https:\/\/mouldking.store\/de\/wp-json\/wp\/v2\/types\/product"}],"replies":[{"embeddable":true,"href":"https:\/\/mouldking.store\/de\/wp-json\/wp\/v2\/comments?post=33560"}],"wp:featuredmedia":[{"embeddable":true,"href":"https:\/\/mouldking.store\/de\/wp-json\/wp\/v2\/media\/33562"}],"wp:attachment":[{"href":"https:\/\/mouldking.store\/de\/wp-json\/wp\/v2\/media?parent=33560"}],"wp:term":[{"taxonomy":"product_cat","embeddable":true,"href":"https:\/\/mouldking.store\/de\/wp-json\/wp\/v2\/product_cat?post=33560"},{"taxonomy":"product_tag","embeddable":true,"href":"https:\/\/mouldking.store\/de\/wp-json\/wp\/v2\/product_tag?post=33560"}],"curies":[{"name":"wp","href":"https:\/\/api.w.org\/{rel}","templated":true}]}}