{"id":33561,"date":"2022-11-02T14:15:16","date_gmt":"2022-11-02T07:15:16","guid":{"rendered":"https:\/\/mouldking.store\/?post_type=product&#038;p=33561"},"modified":"2022-11-02T14:15:16","modified_gmt":"2022-11-02T07:15:16","slug":"mould-king-21061-a-a4b-landspeeder-moloch-speeder-with-3018-pieces","status":"publish","type":"product","link":"https:\/\/mouldking.store\/de\/shop\/mould-king-21061-a-a4b-landspeeder-moloch-speeder-with-3018-pieces\/","title":{"rendered":"Mould King 21061 A-A4B Landspeeder (Moloch Speeder) mit 3018 Teilen"},"content":{"rendered":"<p>Produktinformation:<\/p>\n<ol>\n<li>Marke: Mould King<\/li>\n<li>Geschlecht: Unisex<\/li>\n<li>Name: A-A4B Landspeeder (Moloch Speeder)<\/li>\n<li>Altersspanne: &gt; 6 Jahre alt<\/li>\n<li>Model Number: 21061<\/li>\n<li>Einstufung: Assemblage<\/li>\n<li>Kunststoffblockform: Selbstsichernde Steine<\/li>\n<li>Material: Kunststoff<\/li>\n<li>Kunststofftyp: ABS<\/li>\n<li>Bricks Blocks: 3018 PCS<\/li>\n<li>Dimensions: 30.7 x 21.8 x 12.4 cm<\/li>\n<li>Enth\u00e4lt eine ausf\u00fchrliche Montageanleitung.<\/li>\n<\/ol>\n<p>Notiz:<br \/>\n1. Ohne Originalverpackung, aber wir garantieren, dass unsere Produkte eine Qualit\u00e4tssicherung und eine sch\u00f6ne Verpackung haben.<br \/>\n2. Wie alle Teile, die wir vor dem Versand \u00fcberpr\u00fcft haben, machen Sie sich keine Sorgen, wenn Sie feststellen, dass einige Teile fehlen oder besch\u00e4digt sind, und kontaktieren Sie uns einfach, und wir k\u00f6nnen sie Ihnen umgehend kostenlos erneut zusenden.<\/p>\n<figure id=\"attachment_33573\" aria-describedby=\"caption-attachment-33573\" style=\"width: 800px\" class=\"wp-caption aligncenter\"><img fetchpriority=\"high\" decoding=\"async\" class=\"wp-image-33573 size-full\" src=\"https:\/\/mouldking.store\/wp-content\/uploads\/2022\/11\/Mould-King-21061-A-A4B-Landspeeder-Moloch-Speeder-1.jpg\" alt=\"Mould King 21061 A-A4B Landspeeder (Moloch Speeder) With 3018 Pieces\" width=\"800\" height=\"800\" title=\"-\" srcset=\"https:\/\/mouldking.store\/wp-content\/uploads\/2022\/11\/Mould-King-21061-A-A4B-Landspeeder-Moloch-Speeder-1.jpg 800w, https:\/\/mouldking.store\/wp-content\/uploads\/2022\/11\/Mould-King-21061-A-A4B-Landspeeder-Moloch-Speeder-1-300x300.jpg 300w, https:\/\/mouldking.store\/wp-content\/uploads\/2022\/11\/Mould-King-21061-A-A4B-Landspeeder-Moloch-Speeder-1-768x768.jpg 768w, https:\/\/mouldking.store\/wp-content\/uploads\/2022\/11\/Mould-King-21061-A-A4B-Landspeeder-Moloch-Speeder-1-600x600.jpg 600w, https:\/\/mouldking.store\/wp-content\/uploads\/2022\/11\/Mould-King-21061-A-A4B-Landspeeder-Moloch-Speeder-1-150x150.jpg 150w, https:\/\/mouldking.store\/wp-content\/uploads\/2022\/11\/Mould-King-21061-A-A4B-Landspeeder-Moloch-Speeder-1-60x60.jpg 60w, https:\/\/mouldking.store\/wp-content\/uploads\/2022\/11\/Mould-King-21061-A-A4B-Landspeeder-Moloch-Speeder-1-90x90.jpg 90w\" sizes=\"(max-width: 800px) 100vw, 800px\" \/><figcaption id=\"caption-attachment-33573\" class=\"wp-caption-text\">Mould King 21061 A-A4B Landspeeder (Moloch Speeder) mit 3018 Teilen<\/figcaption><\/figure>\n<figure id=\"attachment_33574\" aria-describedby=\"caption-attachment-33574\" style=\"width: 800px\" class=\"wp-caption aligncenter\"><img decoding=\"async\" class=\"wp-image-33574 size-full\" src=\"https:\/\/mouldking.store\/wp-content\/uploads\/2022\/11\/Mould-King-21061-A-A4B-Landspeeder-Moloch-Speeder-2.jpg\" alt=\"Mould King 21061 A-A4B Landspeeder (Moloch Speeder) With 3018 Pieces\" width=\"800\" height=\"800\" title=\"-\" srcset=\"https:\/\/mouldking.store\/wp-content\/uploads\/2022\/11\/Mould-King-21061-A-A4B-Landspeeder-Moloch-Speeder-2.jpg 800w, https:\/\/mouldking.store\/wp-content\/uploads\/2022\/11\/Mould-King-21061-A-A4B-Landspeeder-Moloch-Speeder-2-300x300.jpg 300w, https:\/\/mouldking.store\/wp-content\/uploads\/2022\/11\/Mould-King-21061-A-A4B-Landspeeder-Moloch-Speeder-2-768x768.jpg 768w, https:\/\/mouldking.store\/wp-content\/uploads\/2022\/11\/Mould-King-21061-A-A4B-Landspeeder-Moloch-Speeder-2-600x600.jpg 600w, https:\/\/mouldking.store\/wp-content\/uploads\/2022\/11\/Mould-King-21061-A-A4B-Landspeeder-Moloch-Speeder-2-150x150.jpg 150w, https:\/\/mouldking.store\/wp-content\/uploads\/2022\/11\/Mould-King-21061-A-A4B-Landspeeder-Moloch-Speeder-2-60x60.jpg 60w, https:\/\/mouldking.store\/wp-content\/uploads\/2022\/11\/Mould-King-21061-A-A4B-Landspeeder-Moloch-Speeder-2-90x90.jpg 90w\" sizes=\"(max-width: 800px) 100vw, 800px\" \/><figcaption id=\"caption-attachment-33574\" class=\"wp-caption-text\">Mould King 21061 A-A4B Landspeeder (Moloch Speeder) mit 3018 Teilen<\/figcaption><\/figure>\n<figure id=\"attachment_33575\" aria-describedby=\"caption-attachment-33575\" style=\"width: 800px\" class=\"wp-caption aligncenter\"><img decoding=\"async\" class=\"wp-image-33575 size-full\" src=\"https:\/\/mouldking.store\/wp-content\/uploads\/2022\/11\/Mould-King-21061-A-A4B-Landspeeder-Moloch-Speeder-4.jpg\" alt=\"Mould King 21061 A-A4B Landspeeder (Moloch Speeder) With 3018 Pieces\" width=\"800\" height=\"800\" title=\"-\" srcset=\"https:\/\/mouldking.store\/wp-content\/uploads\/2022\/11\/Mould-King-21061-A-A4B-Landspeeder-Moloch-Speeder-4.jpg 800w, https:\/\/mouldking.store\/wp-content\/uploads\/2022\/11\/Mould-King-21061-A-A4B-Landspeeder-Moloch-Speeder-4-300x300.jpg 300w, https:\/\/mouldking.store\/wp-content\/uploads\/2022\/11\/Mould-King-21061-A-A4B-Landspeeder-Moloch-Speeder-4-768x768.jpg 768w, https:\/\/mouldking.store\/wp-content\/uploads\/2022\/11\/Mould-King-21061-A-A4B-Landspeeder-Moloch-Speeder-4-600x600.jpg 600w, https:\/\/mouldking.store\/wp-content\/uploads\/2022\/11\/Mould-King-21061-A-A4B-Landspeeder-Moloch-Speeder-4-150x150.jpg 150w, https:\/\/mouldking.store\/wp-content\/uploads\/2022\/11\/Mould-King-21061-A-A4B-Landspeeder-Moloch-Speeder-4-60x60.jpg 60w, https:\/\/mouldking.store\/wp-content\/uploads\/2022\/11\/Mould-King-21061-A-A4B-Landspeeder-Moloch-Speeder-4-90x90.jpg 90w\" sizes=\"(max-width: 800px) 100vw, 800px\" \/><figcaption id=\"caption-attachment-33575\" class=\"wp-caption-text\">Mould King 21061 A-A4B Landspeeder (Moloch Speeder) mit 3018 Teilen<\/figcaption><\/figure>\n<figure id=\"attachment_33576\" aria-describedby=\"caption-attachment-33576\" style=\"width: 800px\" class=\"wp-caption aligncenter\"><img loading=\"lazy\" decoding=\"async\" class=\"wp-image-33576 size-full\" src=\"https:\/\/mouldking.store\/wp-content\/uploads\/2022\/11\/Mould-King-21061-A-A4B-Landspeeder-Moloch-Speeder-5.jpg\" alt=\"Mould King 21061 A-A4B Landspeeder (Moloch Speeder) With 3018 Pieces\" width=\"800\" height=\"800\" title=\"-\" srcset=\"https:\/\/mouldking.store\/wp-content\/uploads\/2022\/11\/Mould-King-21061-A-A4B-Landspeeder-Moloch-Speeder-5.jpg 800w, https:\/\/mouldking.store\/wp-content\/uploads\/2022\/11\/Mould-King-21061-A-A4B-Landspeeder-Moloch-Speeder-5-300x300.jpg 300w, https:\/\/mouldking.store\/wp-content\/uploads\/2022\/11\/Mould-King-21061-A-A4B-Landspeeder-Moloch-Speeder-5-768x768.jpg 768w, https:\/\/mouldking.store\/wp-content\/uploads\/2022\/11\/Mould-King-21061-A-A4B-Landspeeder-Moloch-Speeder-5-600x600.jpg 600w, https:\/\/mouldking.store\/wp-content\/uploads\/2022\/11\/Mould-King-21061-A-A4B-Landspeeder-Moloch-Speeder-5-150x150.jpg 150w, https:\/\/mouldking.store\/wp-content\/uploads\/2022\/11\/Mould-King-21061-A-A4B-Landspeeder-Moloch-Speeder-5-60x60.jpg 60w, https:\/\/mouldking.store\/wp-content\/uploads\/2022\/11\/Mould-King-21061-A-A4B-Landspeeder-Moloch-Speeder-5-90x90.jpg 90w\" sizes=\"(max-width: 800px) 100vw, 800px\" \/><figcaption id=\"caption-attachment-33576\" class=\"wp-caption-text\">Mould King 21061 A-A4B Landspeeder (Moloch Speeder) mit 3018 Teilen<\/figcaption><\/figure>\n<figure id=\"attachment_33577\" aria-describedby=\"caption-attachment-33577\" style=\"width: 800px\" class=\"wp-caption aligncenter\"><img loading=\"lazy\" decoding=\"async\" class=\"wp-image-33577 size-full\" src=\"https:\/\/mouldking.store\/wp-content\/uploads\/2022\/11\/Mould-King-21061-A-A4B-Landspeeder-Moloch-Speeder-3.jpg\" alt=\"Mould King 21061 A-A4B Landspeeder (Moloch Speeder) With 3018 PiecesMould King 21061 A-A4B Landspeeder (Moloch Speeder) With 3018 Pieces\" width=\"800\" height=\"800\" title=\"-\" srcset=\"https:\/\/mouldking.store\/wp-content\/uploads\/2022\/11\/Mould-King-21061-A-A4B-Landspeeder-Moloch-Speeder-3.jpg 800w, https:\/\/mouldking.store\/wp-content\/uploads\/2022\/11\/Mould-King-21061-A-A4B-Landspeeder-Moloch-Speeder-3-300x300.jpg 300w, https:\/\/mouldking.store\/wp-content\/uploads\/2022\/11\/Mould-King-21061-A-A4B-Landspeeder-Moloch-Speeder-3-768x768.jpg 768w, https:\/\/mouldking.store\/wp-content\/uploads\/2022\/11\/Mould-King-21061-A-A4B-Landspeeder-Moloch-Speeder-3-600x600.jpg 600w, https:\/\/mouldking.store\/wp-content\/uploads\/2022\/11\/Mould-King-21061-A-A4B-Landspeeder-Moloch-Speeder-3-150x150.jpg 150w, https:\/\/mouldking.store\/wp-content\/uploads\/2022\/11\/Mould-King-21061-A-A4B-Landspeeder-Moloch-Speeder-3-60x60.jpg 60w, https:\/\/mouldking.store\/wp-content\/uploads\/2022\/11\/Mould-King-21061-A-A4B-Landspeeder-Moloch-Speeder-3-90x90.jpg 90w\" sizes=\"(max-width: 800px) 100vw, 800px\" \/><figcaption id=\"caption-attachment-33577\" class=\"wp-caption-text\">Mould King 21061 A-A4B Landspeeder (Moloch Speeder) mit 3018 Teilen<\/figcaption><\/figure>","protected":false},"excerpt":{"rendered":"<p>Product information: Brand: Mould King Gender: Unisex Name: A-A4B Landspeeder (Moloch Speeder) Age Range: &gt; 6 years old Model Number: 21061 Classification: Assemblage Plastic Block Shape: Self-Locking Bricks Material: Plastic Plastic Type: ABS Bricks Blocks: 3018 PCS Dimensions: 30.7 x 21.8 x 12.4 cm Contains detailed assembly instructions. Notice: 1. Without an original box, but [&hellip;]<\/p>","protected":false},"featured_media":33573,"comment_status":"closed","ping_status":"closed","template":"","meta":{"_acf_changed":false},"product_cat":[1357],"product_tag":[6321,6324,6322,6323,615,6325,6320],"class_list":["product","first","instock","shipping-taxable","purchasable","product-type-simple"],"acf":[],"_links":{"self":[{"href":"https:\/\/mouldking.store\/de\/wp-json\/wp\/v2\/product\/33561","targetHints":{"allow":["GET"]}}],"collection":[{"href":"https:\/\/mouldking.store\/de\/wp-json\/wp\/v2\/product"}],"about":[{"href":"https:\/\/mouldking.store\/de\/wp-json\/wp\/v2\/types\/product"}],"replies":[{"embeddable":true,"href":"https:\/\/mouldking.store\/de\/wp-json\/wp\/v2\/comments?post=33561"}],"wp:featuredmedia":[{"embeddable":true,"href":"https:\/\/mouldking.store\/de\/wp-json\/wp\/v2\/media\/33573"}],"wp:attachment":[{"href":"https:\/\/mouldking.store\/de\/wp-json\/wp\/v2\/media?parent=33561"}],"wp:term":[{"taxonomy":"product_cat","embeddable":true,"href":"https:\/\/mouldking.store\/de\/wp-json\/wp\/v2\/product_cat?post=33561"},{"taxonomy":"product_tag","embeddable":true,"href":"https:\/\/mouldking.store\/de\/wp-json\/wp\/v2\/product_tag?post=33561"}],"curies":[{"name":"wp","href":"https:\/\/api.w.org\/{rel}","templated":true}]}}