{"id":33633,"date":"2022-11-02T15:24:22","date_gmt":"2022-11-02T08:24:22","guid":{"rendered":"https:\/\/mouldking.store\/?post_type=product&#038;p=33633"},"modified":"2023-12-29T17:17:06","modified_gmt":"2023-12-29T10:17:06","slug":"panlos-687303-mechanical-godzilla-q-edition-with-687303-pieces","status":"publish","type":"product","link":"https:\/\/mouldking.store\/de\/shop\/panlos-687303-mechanical-godzilla-q-edition-with-687303-pieces\/","title":{"rendered":"PANLOS 687303 Mechanische Godzilla Q Edition mit 687303 Teilen"},"content":{"rendered":"<p>Produktinformation:<\/p>\n<ol>\n<li>Marke: PANLOS<\/li>\n<li>Geschlecht: Unisex<\/li>\n<li>Name: Mechanical Godzilla Q Edition<\/li>\n<li>Altersspanne: &gt; 6 Jahre alt<\/li>\n<li>Model Number: 687303<\/li>\n<li>Einstufung: Assemblage<\/li>\n<li>Kunststoffblockform: Selbstsichernde Steine<\/li>\n<li>Material: Kunststoff<\/li>\n<li>Kunststofftyp: ABS<\/li>\n<li>Bricks Blocks: 687303 PCS<\/li>\n<li>Enth\u00e4lt eine ausf\u00fchrliche Montageanleitung.<\/li>\n<\/ol>\n<p>Notiz:<br \/>\n1. Ohne Originalverpackung, aber wir garantieren, dass unsere Produkte eine Qualit\u00e4tssicherung und eine sch\u00f6ne Verpackung haben.<br \/>\n2. Wie alle Teile, die wir vor dem Versand \u00fcberpr\u00fcft haben, machen Sie sich keine Sorgen, wenn Sie feststellen, dass einige Teile fehlen oder besch\u00e4digt sind, und kontaktieren Sie uns einfach, und wir k\u00f6nnen sie Ihnen umgehend kostenlos erneut zusenden.<\/p>\n<figure id=\"attachment_33641\" aria-describedby=\"caption-attachment-33641\" style=\"width: 768px\" class=\"wp-caption aligncenter\"><img fetchpriority=\"high\" decoding=\"async\" class=\"wp-image-33641 size-full\" src=\"https:\/\/mouldking.store\/wp-content\/uploads\/2022\/11\/Creator-PANLOS-687303-Mechanical-Godzilla-Q-Edition-1-768x768-1.jpg\" alt=\"PANLOS 687303 Mechanical Godzilla Q Edition With 687303 Pieces\" width=\"768\" height=\"768\" title=\"-\" srcset=\"https:\/\/mouldking.store\/wp-content\/uploads\/2022\/11\/Creator-PANLOS-687303-Mechanical-Godzilla-Q-Edition-1-768x768-1.jpg 768w, https:\/\/mouldking.store\/wp-content\/uploads\/2022\/11\/Creator-PANLOS-687303-Mechanical-Godzilla-Q-Edition-1-768x768-1-300x300.jpg 300w, https:\/\/mouldking.store\/wp-content\/uploads\/2022\/11\/Creator-PANLOS-687303-Mechanical-Godzilla-Q-Edition-1-768x768-1-600x600.jpg 600w, https:\/\/mouldking.store\/wp-content\/uploads\/2022\/11\/Creator-PANLOS-687303-Mechanical-Godzilla-Q-Edition-1-768x768-1-150x150.jpg 150w, https:\/\/mouldking.store\/wp-content\/uploads\/2022\/11\/Creator-PANLOS-687303-Mechanical-Godzilla-Q-Edition-1-768x768-1-60x60.jpg 60w, https:\/\/mouldking.store\/wp-content\/uploads\/2022\/11\/Creator-PANLOS-687303-Mechanical-Godzilla-Q-Edition-1-768x768-1-90x90.jpg 90w\" sizes=\"(max-width: 768px) 100vw, 768px\" \/><figcaption id=\"caption-attachment-33641\" class=\"wp-caption-text\">PANLOS 687303 Mechanische Godzilla Q Edition mit 687303 Teilen<\/figcaption><\/figure>\n<figure id=\"attachment_33642\" aria-describedby=\"caption-attachment-33642\" style=\"width: 740px\" class=\"wp-caption aligncenter\"><img decoding=\"async\" class=\"wp-image-33642 size-full\" src=\"https:\/\/mouldking.store\/wp-content\/uploads\/2022\/11\/Creator-PANLOS-687303-Mechanical-Godzilla-Q-Edition-4.jpg\" alt=\"PANLOS 687303 Mechanical Godzilla Q Edition With 687303 Pieces\" width=\"740\" height=\"1024\" title=\"-\" srcset=\"https:\/\/mouldking.store\/wp-content\/uploads\/2022\/11\/Creator-PANLOS-687303-Mechanical-Godzilla-Q-Edition-4.jpg 740w, https:\/\/mouldking.store\/wp-content\/uploads\/2022\/11\/Creator-PANLOS-687303-Mechanical-Godzilla-Q-Edition-4-217x300.jpg 217w, https:\/\/mouldking.store\/wp-content\/uploads\/2022\/11\/Creator-PANLOS-687303-Mechanical-Godzilla-Q-Edition-4-300x415.jpg 300w, https:\/\/mouldking.store\/wp-content\/uploads\/2022\/11\/Creator-PANLOS-687303-Mechanical-Godzilla-Q-Edition-4-600x830.jpg 600w, https:\/\/mouldking.store\/wp-content\/uploads\/2022\/11\/Creator-PANLOS-687303-Mechanical-Godzilla-Q-Edition-4-108x150.jpg 108w, https:\/\/mouldking.store\/wp-content\/uploads\/2022\/11\/Creator-PANLOS-687303-Mechanical-Godzilla-Q-Edition-4-43x60.jpg 43w, https:\/\/mouldking.store\/wp-content\/uploads\/2022\/11\/Creator-PANLOS-687303-Mechanical-Godzilla-Q-Edition-4-65x90.jpg 65w\" sizes=\"(max-width: 740px) 100vw, 740px\" \/><figcaption id=\"caption-attachment-33642\" class=\"wp-caption-text\">PANLOS 687303 Mechanische Godzilla Q Edition mit 687303 Teilen<\/figcaption><\/figure>\n<figure id=\"attachment_33643\" aria-describedby=\"caption-attachment-33643\" style=\"width: 768px\" class=\"wp-caption aligncenter\"><img decoding=\"async\" class=\"wp-image-33643 size-full\" src=\"https:\/\/mouldking.store\/wp-content\/uploads\/2022\/11\/Creator-PANLOS-687303-Mechanical-Godzilla-Q-Edition-3-768x990-1.jpg\" alt=\"PANLOS 687303 Mechanical Godzilla Q Edition With 687303 Pieces\" width=\"768\" height=\"990\" title=\"-\" srcset=\"https:\/\/mouldking.store\/wp-content\/uploads\/2022\/11\/Creator-PANLOS-687303-Mechanical-Godzilla-Q-Edition-3-768x990-1.jpg 768w, https:\/\/mouldking.store\/wp-content\/uploads\/2022\/11\/Creator-PANLOS-687303-Mechanical-Godzilla-Q-Edition-3-768x990-1-233x300.jpg 233w, https:\/\/mouldking.store\/wp-content\/uploads\/2022\/11\/Creator-PANLOS-687303-Mechanical-Godzilla-Q-Edition-3-768x990-1-300x387.jpg 300w, https:\/\/mouldking.store\/wp-content\/uploads\/2022\/11\/Creator-PANLOS-687303-Mechanical-Godzilla-Q-Edition-3-768x990-1-600x773.jpg 600w, https:\/\/mouldking.store\/wp-content\/uploads\/2022\/11\/Creator-PANLOS-687303-Mechanical-Godzilla-Q-Edition-3-768x990-1-116x150.jpg 116w, https:\/\/mouldking.store\/wp-content\/uploads\/2022\/11\/Creator-PANLOS-687303-Mechanical-Godzilla-Q-Edition-3-768x990-1-47x60.jpg 47w, https:\/\/mouldking.store\/wp-content\/uploads\/2022\/11\/Creator-PANLOS-687303-Mechanical-Godzilla-Q-Edition-3-768x990-1-70x90.jpg 70w\" sizes=\"(max-width: 768px) 100vw, 768px\" \/><figcaption id=\"caption-attachment-33643\" class=\"wp-caption-text\">PANLOS 687303 Mechanische Godzilla Q Edition mit 687303 Teilen<\/figcaption><\/figure>\n<figure id=\"attachment_33644\" aria-describedby=\"caption-attachment-33644\" style=\"width: 768px\" class=\"wp-caption aligncenter\"><img loading=\"lazy\" decoding=\"async\" class=\"wp-image-33644 size-full\" src=\"https:\/\/mouldking.store\/wp-content\/uploads\/2022\/11\/Creator-PANLOS-687303-Mechanical-Godzilla-Q-Edition-2-768x677-1.jpg\" alt=\"PANLOS 687303 Mechanical Godzilla Q Edition With 687303 Pieces\" width=\"768\" height=\"677\" title=\"-\" srcset=\"https:\/\/mouldking.store\/wp-content\/uploads\/2022\/11\/Creator-PANLOS-687303-Mechanical-Godzilla-Q-Edition-2-768x677-1.jpg 768w, https:\/\/mouldking.store\/wp-content\/uploads\/2022\/11\/Creator-PANLOS-687303-Mechanical-Godzilla-Q-Edition-2-768x677-1-300x264.jpg 300w, https:\/\/mouldking.store\/wp-content\/uploads\/2022\/11\/Creator-PANLOS-687303-Mechanical-Godzilla-Q-Edition-2-768x677-1-600x529.jpg 600w, https:\/\/mouldking.store\/wp-content\/uploads\/2022\/11\/Creator-PANLOS-687303-Mechanical-Godzilla-Q-Edition-2-768x677-1-150x132.jpg 150w, https:\/\/mouldking.store\/wp-content\/uploads\/2022\/11\/Creator-PANLOS-687303-Mechanical-Godzilla-Q-Edition-2-768x677-1-68x60.jpg 68w, https:\/\/mouldking.store\/wp-content\/uploads\/2022\/11\/Creator-PANLOS-687303-Mechanical-Godzilla-Q-Edition-2-768x677-1-102x90.jpg 102w\" sizes=\"(max-width: 768px) 100vw, 768px\" \/><figcaption id=\"caption-attachment-33644\" class=\"wp-caption-text\">PANLOS 687303 Mechanische Godzilla Q Edition mit 687303 Teilen<\/figcaption><\/figure>","protected":false},"excerpt":{"rendered":"<p>Product information: Brand: PANLOS Gender: Unisex Name: Mechanical Godzilla Q Edition Age Range: &gt; 6 years old Model Number: 687303 Classification: Assemblage Plastic Block Shape: Self-Locking Bricks Material: Plastic Plastic Type: ABS Bricks Blocks: 687303 PCS Contains detailed assembly instructions. Notice: 1. Without an original box, but we guarantee our products have quality assurance and [&hellip;]<\/p>","protected":false},"featured_media":33641,"comment_status":"closed","ping_status":"closed","template":"","meta":{"_acf_changed":false},"product_cat":[1365],"product_tag":[6383,3547,6385,6384,1851,6382],"class_list":["product","first","instock","shipping-taxable","purchasable","product-type-simple"],"acf":[],"_links":{"self":[{"href":"https:\/\/mouldking.store\/de\/wp-json\/wp\/v2\/product\/33633","targetHints":{"allow":["GET"]}}],"collection":[{"href":"https:\/\/mouldking.store\/de\/wp-json\/wp\/v2\/product"}],"about":[{"href":"https:\/\/mouldking.store\/de\/wp-json\/wp\/v2\/types\/product"}],"replies":[{"embeddable":true,"href":"https:\/\/mouldking.store\/de\/wp-json\/wp\/v2\/comments?post=33633"}],"wp:featuredmedia":[{"embeddable":true,"href":"https:\/\/mouldking.store\/de\/wp-json\/wp\/v2\/media\/33641"}],"wp:attachment":[{"href":"https:\/\/mouldking.store\/de\/wp-json\/wp\/v2\/media?parent=33633"}],"wp:term":[{"taxonomy":"product_cat","embeddable":true,"href":"https:\/\/mouldking.store\/de\/wp-json\/wp\/v2\/product_cat?post=33633"},{"taxonomy":"product_tag","embeddable":true,"href":"https:\/\/mouldking.store\/de\/wp-json\/wp\/v2\/product_tag?post=33633"}],"curies":[{"name":"wp","href":"https:\/\/api.w.org\/{rel}","templated":true}]}}