{"id":33640,"date":"2022-11-02T15:30:28","date_gmt":"2022-11-02T08:30:28","guid":{"rendered":"https:\/\/mouldking.store\/?post_type=product&#038;p=33640"},"modified":"2022-11-02T15:30:28","modified_gmt":"2022-11-02T08:30:28","slug":"panlos-687302-king-kong-q-edition-with-566-pieces","status":"publish","type":"product","link":"https:\/\/mouldking.store\/de\/shop\/panlos-687302-king-kong-q-edition-with-566-pieces\/","title":{"rendered":"PANLOS 687302 King Kong Q Edition mit 566 Teilen"},"content":{"rendered":"<p>Produktinformation:<\/p>\n<ol>\n<li>Marke: PANLOS<\/li>\n<li>Geschlecht: Unisex<\/li>\n<li>Name: King Kong Q Edition<\/li>\n<li>Altersspanne: &gt; 6 Jahre alt<\/li>\n<li>Model Number: 687302<\/li>\n<li>Einstufung: Assemblage<\/li>\n<li>Kunststoffblockform: Selbstsichernde Steine<\/li>\n<li>Material: Kunststoff<\/li>\n<li>Kunststofftyp: ABS<\/li>\n<li>Bricks Blocks: 566 PCS<\/li>\n<li>Enth\u00e4lt eine ausf\u00fchrliche Montageanleitung.<\/li>\n<\/ol>\n<p>Notiz:<br \/>\n1. Ohne Originalverpackung, aber wir garantieren, dass unsere Produkte eine Qualit\u00e4tssicherung und eine sch\u00f6ne Verpackung haben.<br \/>\n2. Wie alle Teile, die wir vor dem Versand \u00fcberpr\u00fcft haben, machen Sie sich keine Sorgen, wenn Sie feststellen, dass einige Teile fehlen oder besch\u00e4digt sind, und kontaktieren Sie uns einfach, und wir k\u00f6nnen sie Ihnen umgehend kostenlos erneut zusenden.<\/p>\n<figure id=\"attachment_33647\" aria-describedby=\"caption-attachment-33647\" style=\"width: 768px\" class=\"wp-caption aligncenter\"><img fetchpriority=\"high\" decoding=\"async\" class=\"wp-image-33647 size-full\" src=\"https:\/\/mouldking.store\/wp-content\/uploads\/2022\/11\/Creator-PANLOS-687302-King-Kong-Q-Edition-1-768x768-1.jpg\" alt=\" PANLOS 687302 King Kong Q Edition With 566 Pieces\" width=\"768\" height=\"768\" title=\"-\" srcset=\"https:\/\/mouldking.store\/wp-content\/uploads\/2022\/11\/Creator-PANLOS-687302-King-Kong-Q-Edition-1-768x768-1.jpg 768w, https:\/\/mouldking.store\/wp-content\/uploads\/2022\/11\/Creator-PANLOS-687302-King-Kong-Q-Edition-1-768x768-1-300x300.jpg 300w, https:\/\/mouldking.store\/wp-content\/uploads\/2022\/11\/Creator-PANLOS-687302-King-Kong-Q-Edition-1-768x768-1-600x600.jpg 600w, https:\/\/mouldking.store\/wp-content\/uploads\/2022\/11\/Creator-PANLOS-687302-King-Kong-Q-Edition-1-768x768-1-150x150.jpg 150w, https:\/\/mouldking.store\/wp-content\/uploads\/2022\/11\/Creator-PANLOS-687302-King-Kong-Q-Edition-1-768x768-1-60x60.jpg 60w, https:\/\/mouldking.store\/wp-content\/uploads\/2022\/11\/Creator-PANLOS-687302-King-Kong-Q-Edition-1-768x768-1-90x90.jpg 90w\" sizes=\"(max-width: 768px) 100vw, 768px\" \/><figcaption id=\"caption-attachment-33647\" class=\"wp-caption-text\">PANLOS 687302 King Kong Q Edition mit 566 Teilen<\/figcaption><\/figure>\n<figure id=\"attachment_33648\" aria-describedby=\"caption-attachment-33648\" style=\"width: 750px\" class=\"wp-caption aligncenter\"><img decoding=\"async\" class=\"wp-image-33648 size-full\" src=\"https:\/\/mouldking.store\/wp-content\/uploads\/2022\/11\/Creator-PANLOS-687302-King-Kong-Q-Edition-4.jpg\" alt=\" PANLOS 687302 King Kong Q Edition With 566 Pieces\" width=\"750\" height=\"1024\" title=\"-\" srcset=\"https:\/\/mouldking.store\/wp-content\/uploads\/2022\/11\/Creator-PANLOS-687302-King-Kong-Q-Edition-4.jpg 750w, https:\/\/mouldking.store\/wp-content\/uploads\/2022\/11\/Creator-PANLOS-687302-King-Kong-Q-Edition-4-220x300.jpg 220w, https:\/\/mouldking.store\/wp-content\/uploads\/2022\/11\/Creator-PANLOS-687302-King-Kong-Q-Edition-4-300x410.jpg 300w, https:\/\/mouldking.store\/wp-content\/uploads\/2022\/11\/Creator-PANLOS-687302-King-Kong-Q-Edition-4-600x819.jpg 600w, https:\/\/mouldking.store\/wp-content\/uploads\/2022\/11\/Creator-PANLOS-687302-King-Kong-Q-Edition-4-110x150.jpg 110w, https:\/\/mouldking.store\/wp-content\/uploads\/2022\/11\/Creator-PANLOS-687302-King-Kong-Q-Edition-4-44x60.jpg 44w, https:\/\/mouldking.store\/wp-content\/uploads\/2022\/11\/Creator-PANLOS-687302-King-Kong-Q-Edition-4-66x90.jpg 66w\" sizes=\"(max-width: 750px) 100vw, 750px\" \/><figcaption id=\"caption-attachment-33648\" class=\"wp-caption-text\">PANLOS 687302 King Kong Q Edition mit 566 Teilen<\/figcaption><\/figure>\n<figure id=\"attachment_33649\" aria-describedby=\"caption-attachment-33649\" style=\"width: 768px\" class=\"wp-caption aligncenter\"><img decoding=\"async\" class=\"wp-image-33649 size-full\" src=\"https:\/\/mouldking.store\/wp-content\/uploads\/2022\/11\/Creator-PANLOS-687302-King-Kong-Q-Edition-3-768x978-1.jpg\" alt=\" PANLOS 687302 King Kong Q Edition With 566 Pieces\" width=\"768\" height=\"978\" title=\"-\" srcset=\"https:\/\/mouldking.store\/wp-content\/uploads\/2022\/11\/Creator-PANLOS-687302-King-Kong-Q-Edition-3-768x978-1.jpg 768w, https:\/\/mouldking.store\/wp-content\/uploads\/2022\/11\/Creator-PANLOS-687302-King-Kong-Q-Edition-3-768x978-1-236x300.jpg 236w, https:\/\/mouldking.store\/wp-content\/uploads\/2022\/11\/Creator-PANLOS-687302-King-Kong-Q-Edition-3-768x978-1-300x382.jpg 300w, https:\/\/mouldking.store\/wp-content\/uploads\/2022\/11\/Creator-PANLOS-687302-King-Kong-Q-Edition-3-768x978-1-600x764.jpg 600w, https:\/\/mouldking.store\/wp-content\/uploads\/2022\/11\/Creator-PANLOS-687302-King-Kong-Q-Edition-3-768x978-1-118x150.jpg 118w, https:\/\/mouldking.store\/wp-content\/uploads\/2022\/11\/Creator-PANLOS-687302-King-Kong-Q-Edition-3-768x978-1-47x60.jpg 47w, https:\/\/mouldking.store\/wp-content\/uploads\/2022\/11\/Creator-PANLOS-687302-King-Kong-Q-Edition-3-768x978-1-71x90.jpg 71w\" sizes=\"(max-width: 768px) 100vw, 768px\" \/><figcaption id=\"caption-attachment-33649\" class=\"wp-caption-text\">PANLOS 687302 King Kong Q Edition mit 566 Teilen<\/figcaption><\/figure>\n<figure id=\"attachment_33650\" aria-describedby=\"caption-attachment-33650\" style=\"width: 768px\" class=\"wp-caption aligncenter\"><img loading=\"lazy\" decoding=\"async\" class=\"wp-image-33650 size-full\" src=\"https:\/\/mouldking.store\/wp-content\/uploads\/2022\/11\/Creator-PANLOS-687302-King-Kong-Q-Edition-2-768x665-1.jpg\" alt=\" PANLOS 687302 King Kong Q Edition With 566 Pieces\" width=\"768\" height=\"665\" title=\"-\" srcset=\"https:\/\/mouldking.store\/wp-content\/uploads\/2022\/11\/Creator-PANLOS-687302-King-Kong-Q-Edition-2-768x665-1.jpg 768w, https:\/\/mouldking.store\/wp-content\/uploads\/2022\/11\/Creator-PANLOS-687302-King-Kong-Q-Edition-2-768x665-1-300x260.jpg 300w, https:\/\/mouldking.store\/wp-content\/uploads\/2022\/11\/Creator-PANLOS-687302-King-Kong-Q-Edition-2-768x665-1-600x520.jpg 600w, https:\/\/mouldking.store\/wp-content\/uploads\/2022\/11\/Creator-PANLOS-687302-King-Kong-Q-Edition-2-768x665-1-150x130.jpg 150w, https:\/\/mouldking.store\/wp-content\/uploads\/2022\/11\/Creator-PANLOS-687302-King-Kong-Q-Edition-2-768x665-1-69x60.jpg 69w, https:\/\/mouldking.store\/wp-content\/uploads\/2022\/11\/Creator-PANLOS-687302-King-Kong-Q-Edition-2-768x665-1-104x90.jpg 104w\" sizes=\"(max-width: 768px) 100vw, 768px\" \/><figcaption id=\"caption-attachment-33650\" class=\"wp-caption-text\">PANLOS 687302 King Kong Q Edition mit 566 Teilen<\/figcaption><\/figure>","protected":false},"excerpt":{"rendered":"<p>Product information: Brand: PANLOS Gender: Unisex Name: King Kong Q Edition Age Range: &gt; 6 years old Model Number: 687302 Classification: Assemblage Plastic Block Shape: Self-Locking Bricks Material: Plastic Plastic Type: ABS Bricks Blocks: 566 PCS Contains detailed assembly instructions. Notice: 1. Without an original box, but we guarantee our products have quality assurance and [&hellip;]<\/p>","protected":false},"featured_media":33647,"comment_status":"closed","ping_status":"closed","template":"","meta":{"_acf_changed":false},"product_cat":[1365],"product_tag":[6387,2508,6389,1851,6388,6386],"class_list":["product","first","instock","shipping-taxable","purchasable","product-type-simple"],"acf":[],"_links":{"self":[{"href":"https:\/\/mouldking.store\/de\/wp-json\/wp\/v2\/product\/33640","targetHints":{"allow":["GET"]}}],"collection":[{"href":"https:\/\/mouldking.store\/de\/wp-json\/wp\/v2\/product"}],"about":[{"href":"https:\/\/mouldking.store\/de\/wp-json\/wp\/v2\/types\/product"}],"replies":[{"embeddable":true,"href":"https:\/\/mouldking.store\/de\/wp-json\/wp\/v2\/comments?post=33640"}],"wp:featuredmedia":[{"embeddable":true,"href":"https:\/\/mouldking.store\/de\/wp-json\/wp\/v2\/media\/33647"}],"wp:attachment":[{"href":"https:\/\/mouldking.store\/de\/wp-json\/wp\/v2\/media?parent=33640"}],"wp:term":[{"taxonomy":"product_cat","embeddable":true,"href":"https:\/\/mouldking.store\/de\/wp-json\/wp\/v2\/product_cat?post=33640"},{"taxonomy":"product_tag","embeddable":true,"href":"https:\/\/mouldking.store\/de\/wp-json\/wp\/v2\/product_tag?post=33640"}],"curies":[{"name":"wp","href":"https:\/\/api.w.org\/{rel}","templated":true}]}}