{"id":33656,"date":"2022-11-02T15:55:23","date_gmt":"2022-11-02T08:55:23","guid":{"rendered":"https:\/\/mouldking.store\/?post_type=product&#038;p=33656"},"modified":"2024-11-30T17:51:10","modified_gmt":"2024-11-30T10:51:10","slug":"jie-star-99068-super-miuoa-bowser-with-1358-pieces","status":"publish","type":"product","link":"https:\/\/mouldking.store\/de\/shop\/jie-star-99068-super-miuoa-bowser-with-1358-pieces\/","title":{"rendered":"JIE STAR 99068 Super Miuoa Bowser mit 1358 St\u00fcck"},"content":{"rendered":"<p>Produktinformation:<\/p>\n<ol>\n<li>Marke: JIE STAR<\/li>\n<li>Geschlecht: Unisex<\/li>\n<li>Name: Super Miuoa Bowser<\/li>\n<li>Altersspanne: &gt; 6 Jahre alt<\/li>\n<li>Model Number: 99068<\/li>\n<li>Einstufung: Assemblage<\/li>\n<li>Kunststoffblockform: Selbstsichernde Steine<\/li>\n<li>Material: Kunststoff<\/li>\n<li>Kunststofftyp: ABS<\/li>\n<li>Bricks Blocks: 1358 \u00a0PCS<\/li>\n<li>Dimensions: \u00a029.7 \u00d7 23.7 cm<\/li>\n<li>Enth\u00e4lt eine ausf\u00fchrliche Montageanleitung.<\/li>\n<\/ol>\n<p>Notiz:<br \/>\n1. Ohne Originalverpackung, aber wir garantieren, dass unsere Produkte eine Qualit\u00e4tssicherung und eine sch\u00f6ne Verpackung haben.<br \/>\n2. Wie alle Teile, die wir vor dem Versand \u00fcberpr\u00fcft haben, machen Sie sich keine Sorgen, wenn Sie feststellen, dass einige Teile fehlen oder besch\u00e4digt sind, und kontaktieren Sie uns einfach, und wir k\u00f6nnen sie Ihnen umgehend kostenlos erneut zusenden.<\/p>\n<figure id=\"attachment_33667\" aria-describedby=\"caption-attachment-33667\" style=\"width: 800px\" class=\"wp-caption aligncenter\"><img fetchpriority=\"high\" decoding=\"async\" class=\"wp-image-33667 size-full\" src=\"https:\/\/mouldking.store\/wp-content\/uploads\/2022\/11\/Creator-JIE-STAR-99068-Super-Miuoa-Bowser-1.jpg\" alt=\"JIE STAR 99068 Super Miuoa Bowser With 1358 Pieces\" width=\"800\" height=\"800\" title=\"-\" srcset=\"https:\/\/mouldking.store\/wp-content\/uploads\/2022\/11\/Creator-JIE-STAR-99068-Super-Miuoa-Bowser-1.jpg 800w, https:\/\/mouldking.store\/wp-content\/uploads\/2022\/11\/Creator-JIE-STAR-99068-Super-Miuoa-Bowser-1-300x300.jpg 300w, https:\/\/mouldking.store\/wp-content\/uploads\/2022\/11\/Creator-JIE-STAR-99068-Super-Miuoa-Bowser-1-768x768.jpg 768w, https:\/\/mouldking.store\/wp-content\/uploads\/2022\/11\/Creator-JIE-STAR-99068-Super-Miuoa-Bowser-1-600x600.jpg 600w, https:\/\/mouldking.store\/wp-content\/uploads\/2022\/11\/Creator-JIE-STAR-99068-Super-Miuoa-Bowser-1-150x150.jpg 150w, https:\/\/mouldking.store\/wp-content\/uploads\/2022\/11\/Creator-JIE-STAR-99068-Super-Miuoa-Bowser-1-60x60.jpg 60w, https:\/\/mouldking.store\/wp-content\/uploads\/2022\/11\/Creator-JIE-STAR-99068-Super-Miuoa-Bowser-1-90x90.jpg 90w\" sizes=\"(max-width: 800px) 100vw, 800px\" \/><figcaption id=\"caption-attachment-33667\" class=\"wp-caption-text\">JIE STAR 99068 Super Miuoa Bowser mit 1358 St\u00fcck<\/figcaption><\/figure>\n<figure id=\"attachment_33668\" aria-describedby=\"caption-attachment-33668\" style=\"width: 800px\" class=\"wp-caption aligncenter\"><img decoding=\"async\" class=\"wp-image-33668 size-full\" src=\"https:\/\/mouldking.store\/wp-content\/uploads\/2022\/11\/Creator-JIE-STAR-99068-Super-Miuoa-Bowser-2.jpg\" alt=\"JIE STAR 99068 Super Miuoa Bowser With 1358 Pieces\" width=\"800\" height=\"800\" title=\"-\" srcset=\"https:\/\/mouldking.store\/wp-content\/uploads\/2022\/11\/Creator-JIE-STAR-99068-Super-Miuoa-Bowser-2.jpg 800w, https:\/\/mouldking.store\/wp-content\/uploads\/2022\/11\/Creator-JIE-STAR-99068-Super-Miuoa-Bowser-2-300x300.jpg 300w, https:\/\/mouldking.store\/wp-content\/uploads\/2022\/11\/Creator-JIE-STAR-99068-Super-Miuoa-Bowser-2-768x768.jpg 768w, https:\/\/mouldking.store\/wp-content\/uploads\/2022\/11\/Creator-JIE-STAR-99068-Super-Miuoa-Bowser-2-600x600.jpg 600w, https:\/\/mouldking.store\/wp-content\/uploads\/2022\/11\/Creator-JIE-STAR-99068-Super-Miuoa-Bowser-2-150x150.jpg 150w, https:\/\/mouldking.store\/wp-content\/uploads\/2022\/11\/Creator-JIE-STAR-99068-Super-Miuoa-Bowser-2-60x60.jpg 60w, https:\/\/mouldking.store\/wp-content\/uploads\/2022\/11\/Creator-JIE-STAR-99068-Super-Miuoa-Bowser-2-90x90.jpg 90w\" sizes=\"(max-width: 800px) 100vw, 800px\" \/><figcaption id=\"caption-attachment-33668\" class=\"wp-caption-text\">JIE STAR 99068 Super Miuoa Bowser mit 1358 St\u00fcck<\/figcaption><\/figure>","protected":false},"excerpt":{"rendered":"<p>Product information: Brand: JIE STAR Gender: Unisex Name: Super Miuoa Bowser Age Range: &gt; 6 years old Model Number: 99068 Classification: Assemblage Plastic Block Shape: Self-Locking Bricks Material: Plastic Plastic Type: ABS Bricks Blocks: 1358 \u00a0PCS Dimensions: \u00a029.7 \u00d7 23.7 cm Contains detailed assembly instructions. Notice: 1. Without an original box, but we guarantee our [&hellip;]<\/p>","protected":false},"featured_media":33667,"comment_status":"closed","ping_status":"closed","template":"","meta":{"_acf_changed":false},"product_cat":[1365],"product_tag":[6407,6403,6406,6402,6405,6404],"class_list":["product","first","instock","shipping-taxable","purchasable","product-type-simple"],"acf":[],"_links":{"self":[{"href":"https:\/\/mouldking.store\/de\/wp-json\/wp\/v2\/product\/33656","targetHints":{"allow":["GET"]}}],"collection":[{"href":"https:\/\/mouldking.store\/de\/wp-json\/wp\/v2\/product"}],"about":[{"href":"https:\/\/mouldking.store\/de\/wp-json\/wp\/v2\/types\/product"}],"replies":[{"embeddable":true,"href":"https:\/\/mouldking.store\/de\/wp-json\/wp\/v2\/comments?post=33656"}],"wp:featuredmedia":[{"embeddable":true,"href":"https:\/\/mouldking.store\/de\/wp-json\/wp\/v2\/media\/33667"}],"wp:attachment":[{"href":"https:\/\/mouldking.store\/de\/wp-json\/wp\/v2\/media?parent=33656"}],"wp:term":[{"taxonomy":"product_cat","embeddable":true,"href":"https:\/\/mouldking.store\/de\/wp-json\/wp\/v2\/product_cat?post=33656"},{"taxonomy":"product_tag","embeddable":true,"href":"https:\/\/mouldking.store\/de\/wp-json\/wp\/v2\/product_tag?post=33656"}],"curies":[{"name":"wp","href":"https:\/\/api.w.org\/{rel}","templated":true}]}}