{"id":33666,"date":"2022-11-02T16:04:51","date_gmt":"2022-11-02T09:04:51","guid":{"rendered":"https:\/\/mouldking.store\/?post_type=product&#038;p=33666"},"modified":"2022-11-02T16:04:51","modified_gmt":"2022-11-02T09:04:51","slug":"tgl-t4012-ferdinand-td-with-2436-pieces","status":"publish","type":"product","link":"https:\/\/mouldking.store\/de\/shop\/tgl-t4012-ferdinand-td-with-2436-pieces\/","title":{"rendered":"TGL T4012 Ferdinand-TD mit 2436 Teilen"},"content":{"rendered":"<p>Produktinformation:<\/p>\n<ol>\n<li>Marke: TGL<\/li>\n<li>Geschlecht: Unisex<\/li>\n<li>Name: Ferdinand-TD<\/li>\n<li>Altersspanne: &gt; 6 Jahre alt<\/li>\n<li>Modellnummer: T4012<\/li>\n<li>Einstufung: Assemblage<\/li>\n<li>Kunststoffblockform: Selbstsichernde Steine<\/li>\n<li>Material: Kunststoff<\/li>\n<li>Kunststofftyp: ABS<\/li>\n<li>Ziegelsteine: 2436 ST\u00dcCKE<\/li>\n<li>Enth\u00e4lt eine ausf\u00fchrliche Montageanleitung.<\/li>\n<\/ol>\n<p>Notiz:<br \/>\n1. Ohne Originalverpackung, aber wir garantieren, dass unsere Produkte eine Qualit\u00e4tssicherung und eine sch\u00f6ne Verpackung haben.<br \/>\n2. Wie alle Teile, die wir vor dem Versand \u00fcberpr\u00fcft haben, machen Sie sich keine Sorgen, wenn Sie feststellen, dass einige Teile fehlen oder besch\u00e4digt sind, und kontaktieren Sie uns einfach, und wir k\u00f6nnen sie Ihnen umgehend kostenlos erneut zusenden.<\/p>\n<figure id=\"attachment_33670\" aria-describedby=\"caption-attachment-33670\" style=\"width: 640px\" class=\"wp-caption aligncenter\"><img fetchpriority=\"high\" decoding=\"async\" class=\"wp-image-33670 size-full\" src=\"https:\/\/mouldking.store\/wp-content\/uploads\/2022\/11\/Military-TGL-T4012-Ferdinand-TD-1.jpg\" alt=\"TGL T4012 Ferdinand-TD With 2436 Pieces\" width=\"640\" height=\"640\" title=\"-\" srcset=\"https:\/\/mouldking.store\/wp-content\/uploads\/2022\/11\/Military-TGL-T4012-Ferdinand-TD-1.jpg 640w, https:\/\/mouldking.store\/wp-content\/uploads\/2022\/11\/Military-TGL-T4012-Ferdinand-TD-1-300x300.jpg 300w, https:\/\/mouldking.store\/wp-content\/uploads\/2022\/11\/Military-TGL-T4012-Ferdinand-TD-1-600x600.jpg 600w, https:\/\/mouldking.store\/wp-content\/uploads\/2022\/11\/Military-TGL-T4012-Ferdinand-TD-1-150x150.jpg 150w, https:\/\/mouldking.store\/wp-content\/uploads\/2022\/11\/Military-TGL-T4012-Ferdinand-TD-1-60x60.jpg 60w, https:\/\/mouldking.store\/wp-content\/uploads\/2022\/11\/Military-TGL-T4012-Ferdinand-TD-1-90x90.jpg 90w\" sizes=\"(max-width: 640px) 100vw, 640px\" \/><figcaption id=\"caption-attachment-33670\" class=\"wp-caption-text\">TGL T4012 Ferdinand-TD mit 2436 Teilen<\/figcaption><\/figure>\n<figure id=\"attachment_33671\" aria-describedby=\"caption-attachment-33671\" style=\"width: 640px\" class=\"wp-caption aligncenter\"><img decoding=\"async\" class=\"wp-image-33671 size-full\" src=\"https:\/\/mouldking.store\/wp-content\/uploads\/2022\/11\/Military-TGL-T4012-Ferdinand-TD-6.jpg\" alt=\"TGL T4012 Ferdinand-TD With 2436 Pieces\" width=\"640\" height=\"640\" title=\"-\" srcset=\"https:\/\/mouldking.store\/wp-content\/uploads\/2022\/11\/Military-TGL-T4012-Ferdinand-TD-6.jpg 640w, https:\/\/mouldking.store\/wp-content\/uploads\/2022\/11\/Military-TGL-T4012-Ferdinand-TD-6-300x300.jpg 300w, https:\/\/mouldking.store\/wp-content\/uploads\/2022\/11\/Military-TGL-T4012-Ferdinand-TD-6-600x600.jpg 600w, https:\/\/mouldking.store\/wp-content\/uploads\/2022\/11\/Military-TGL-T4012-Ferdinand-TD-6-150x150.jpg 150w, https:\/\/mouldking.store\/wp-content\/uploads\/2022\/11\/Military-TGL-T4012-Ferdinand-TD-6-60x60.jpg 60w, https:\/\/mouldking.store\/wp-content\/uploads\/2022\/11\/Military-TGL-T4012-Ferdinand-TD-6-90x90.jpg 90w\" sizes=\"(max-width: 640px) 100vw, 640px\" \/><figcaption id=\"caption-attachment-33671\" class=\"wp-caption-text\">TGL T4012 Ferdinand-TD mit 2436 Teilen<\/figcaption><\/figure>\n<figure id=\"attachment_33672\" aria-describedby=\"caption-attachment-33672\" style=\"width: 628px\" class=\"wp-caption aligncenter\"><img decoding=\"async\" class=\"wp-image-33672 size-full\" src=\"https:\/\/mouldking.store\/wp-content\/uploads\/2022\/11\/Military-TGL-T4012-Ferdinand-TD-4.jpg\" alt=\"TGL T4012 Ferdinand-TD With 2436 Pieces\" width=\"628\" height=\"628\" title=\"-\" srcset=\"https:\/\/mouldking.store\/wp-content\/uploads\/2022\/11\/Military-TGL-T4012-Ferdinand-TD-4.jpg 628w, https:\/\/mouldking.store\/wp-content\/uploads\/2022\/11\/Military-TGL-T4012-Ferdinand-TD-4-300x300.jpg 300w, https:\/\/mouldking.store\/wp-content\/uploads\/2022\/11\/Military-TGL-T4012-Ferdinand-TD-4-600x600.jpg 600w, https:\/\/mouldking.store\/wp-content\/uploads\/2022\/11\/Military-TGL-T4012-Ferdinand-TD-4-150x150.jpg 150w, https:\/\/mouldking.store\/wp-content\/uploads\/2022\/11\/Military-TGL-T4012-Ferdinand-TD-4-60x60.jpg 60w, https:\/\/mouldking.store\/wp-content\/uploads\/2022\/11\/Military-TGL-T4012-Ferdinand-TD-4-90x90.jpg 90w\" sizes=\"(max-width: 628px) 100vw, 628px\" \/><figcaption id=\"caption-attachment-33672\" class=\"wp-caption-text\">TGL T4012 Ferdinand-TD mit 2436 Teilen<\/figcaption><\/figure>\n<figure id=\"attachment_33673\" aria-describedby=\"caption-attachment-33673\" style=\"width: 640px\" class=\"wp-caption aligncenter\"><img loading=\"lazy\" decoding=\"async\" class=\"wp-image-33673 size-full\" src=\"https:\/\/mouldking.store\/wp-content\/uploads\/2022\/11\/Military-TGL-T4012-Ferdinand-TD-2.jpg\" alt=\"TGL T4012 Ferdinand-TD With 2436 Pieces\" width=\"640\" height=\"640\" title=\"-\" srcset=\"https:\/\/mouldking.store\/wp-content\/uploads\/2022\/11\/Military-TGL-T4012-Ferdinand-TD-2.jpg 640w, https:\/\/mouldking.store\/wp-content\/uploads\/2022\/11\/Military-TGL-T4012-Ferdinand-TD-2-300x300.jpg 300w, https:\/\/mouldking.store\/wp-content\/uploads\/2022\/11\/Military-TGL-T4012-Ferdinand-TD-2-600x600.jpg 600w, https:\/\/mouldking.store\/wp-content\/uploads\/2022\/11\/Military-TGL-T4012-Ferdinand-TD-2-150x150.jpg 150w, https:\/\/mouldking.store\/wp-content\/uploads\/2022\/11\/Military-TGL-T4012-Ferdinand-TD-2-60x60.jpg 60w, https:\/\/mouldking.store\/wp-content\/uploads\/2022\/11\/Military-TGL-T4012-Ferdinand-TD-2-90x90.jpg 90w\" sizes=\"(max-width: 640px) 100vw, 640px\" \/><figcaption id=\"caption-attachment-33673\" class=\"wp-caption-text\">TGL T4012 Ferdinand-TD mit 2436 Teilen<\/figcaption><\/figure>","protected":false},"excerpt":{"rendered":"<p>Product information: Brand: TGL Gender: Unisex Name: Ferdinand-TD Age Range: &gt; 6 years old Model Number: T4012 Classification: Assemblage Plastic Block Shape: Self-Locking Bricks Material: Plastic Plastic Type: ABS Bricks Blocks: 2436 PCS Contains detailed assembly instructions. Notice: 1. Without an original box, but we guarantee our products have quality assurance and nice packaging. 2. [&hellip;]<\/p>","protected":false},"featured_media":33670,"comment_status":"closed","ping_status":"closed","template":"","meta":{"_acf_changed":false},"product_cat":[1350],"product_tag":[6412,6410,6411,6409,6408],"class_list":["product","first","instock","shipping-taxable","purchasable","product-type-variable"],"acf":[],"_links":{"self":[{"href":"https:\/\/mouldking.store\/de\/wp-json\/wp\/v2\/product\/33666","targetHints":{"allow":["GET"]}}],"collection":[{"href":"https:\/\/mouldking.store\/de\/wp-json\/wp\/v2\/product"}],"about":[{"href":"https:\/\/mouldking.store\/de\/wp-json\/wp\/v2\/types\/product"}],"replies":[{"embeddable":true,"href":"https:\/\/mouldking.store\/de\/wp-json\/wp\/v2\/comments?post=33666"}],"wp:featuredmedia":[{"embeddable":true,"href":"https:\/\/mouldking.store\/de\/wp-json\/wp\/v2\/media\/33670"}],"wp:attachment":[{"href":"https:\/\/mouldking.store\/de\/wp-json\/wp\/v2\/media?parent=33666"}],"wp:term":[{"taxonomy":"product_cat","embeddable":true,"href":"https:\/\/mouldking.store\/de\/wp-json\/wp\/v2\/product_cat?post=33666"},{"taxonomy":"product_tag","embeddable":true,"href":"https:\/\/mouldking.store\/de\/wp-json\/wp\/v2\/product_tag?post=33666"}],"curies":[{"name":"wp","href":"https:\/\/api.w.org\/{rel}","templated":true}]}}