{"id":33676,"date":"2022-11-02T16:14:23","date_gmt":"2022-11-02T09:14:23","guid":{"rendered":"https:\/\/mouldking.store\/?post_type=product&#038;p=33676"},"modified":"2022-11-02T16:14:24","modified_gmt":"2022-11-02T09:14:24","slug":"dk-711-christmas-tv-with-626-pieces","status":"publish","type":"product","link":"https:\/\/mouldking.store\/de\/shop\/dk-711-christmas-tv-with-626-pieces\/","title":{"rendered":"DK 711 Weihnachtsfernseher mit 626 Teilen"},"content":{"rendered":"<p>Produktinformation:<\/p>\n<ol>\n<li>Marke: DK<\/li>\n<li>Geschlecht: Unisex<\/li>\n<li>Name: Christmas TV<\/li>\n<li>Altersspanne: &gt; 6 Jahre alt<\/li>\n<li>Model Number: 711<\/li>\n<li>Einstufung: Assemblage<\/li>\n<li>Kunststoffblockform: Selbstsichernde Steine<\/li>\n<li>Material: Kunststoff<\/li>\n<li>Kunststofftyp: ABS<\/li>\n<li>Bricks Blocks: 626 PCS<\/li>\n<li>Dimensions: 39 x 7.7 x 29.5 cm<\/li>\n<li>Enth\u00e4lt eine ausf\u00fchrliche Montageanleitung.<\/li>\n<\/ol>\n<p>Notiz:<br \/>\n1. Ohne Originalverpackung, aber wir garantieren, dass unsere Produkte eine Qualit\u00e4tssicherung und eine sch\u00f6ne Verpackung haben.<br \/>\n2. Wie alle Teile, die wir vor dem Versand \u00fcberpr\u00fcft haben, machen Sie sich keine Sorgen, wenn Sie feststellen, dass einige Teile fehlen oder besch\u00e4digt sind, und kontaktieren Sie uns einfach, und wir k\u00f6nnen sie Ihnen umgehend kostenlos erneut zusenden.<\/p>\n<figure id=\"attachment_33677\" aria-describedby=\"caption-attachment-33677\" style=\"width: 800px\" class=\"wp-caption aligncenter\"><img fetchpriority=\"high\" decoding=\"async\" class=\"wp-image-33677 size-full\" src=\"https:\/\/mouldking.store\/wp-content\/uploads\/2022\/11\/Creator-DK-711-Christmas-TV-1.jpg\" alt=\"DK 711 Christmas TV With 626 Pieces\" width=\"800\" height=\"800\" title=\"-\" srcset=\"https:\/\/mouldking.store\/wp-content\/uploads\/2022\/11\/Creator-DK-711-Christmas-TV-1.jpg 800w, https:\/\/mouldking.store\/wp-content\/uploads\/2022\/11\/Creator-DK-711-Christmas-TV-1-300x300.jpg 300w, https:\/\/mouldking.store\/wp-content\/uploads\/2022\/11\/Creator-DK-711-Christmas-TV-1-768x768.jpg 768w, https:\/\/mouldking.store\/wp-content\/uploads\/2022\/11\/Creator-DK-711-Christmas-TV-1-600x600.jpg 600w, https:\/\/mouldking.store\/wp-content\/uploads\/2022\/11\/Creator-DK-711-Christmas-TV-1-150x150.jpg 150w, https:\/\/mouldking.store\/wp-content\/uploads\/2022\/11\/Creator-DK-711-Christmas-TV-1-60x60.jpg 60w, https:\/\/mouldking.store\/wp-content\/uploads\/2022\/11\/Creator-DK-711-Christmas-TV-1-90x90.jpg 90w\" sizes=\"(max-width: 800px) 100vw, 800px\" \/><figcaption id=\"caption-attachment-33677\" class=\"wp-caption-text\">DK 711 Weihnachtsfernseher mit 626 Teilen<\/figcaption><\/figure>\n<figure id=\"attachment_33678\" aria-describedby=\"caption-attachment-33678\" style=\"width: 800px\" class=\"wp-caption aligncenter\"><img decoding=\"async\" class=\"wp-image-33678 size-full\" src=\"https:\/\/mouldking.store\/wp-content\/uploads\/2022\/11\/Creator-DK-711-Christmas-TV-3.jpg\" alt=\"DK 711 Christmas TV With 626 Pieces\" width=\"800\" height=\"800\" title=\"-\" srcset=\"https:\/\/mouldking.store\/wp-content\/uploads\/2022\/11\/Creator-DK-711-Christmas-TV-3.jpg 800w, https:\/\/mouldking.store\/wp-content\/uploads\/2022\/11\/Creator-DK-711-Christmas-TV-3-300x300.jpg 300w, https:\/\/mouldking.store\/wp-content\/uploads\/2022\/11\/Creator-DK-711-Christmas-TV-3-768x768.jpg 768w, https:\/\/mouldking.store\/wp-content\/uploads\/2022\/11\/Creator-DK-711-Christmas-TV-3-600x600.jpg 600w, https:\/\/mouldking.store\/wp-content\/uploads\/2022\/11\/Creator-DK-711-Christmas-TV-3-150x150.jpg 150w, https:\/\/mouldking.store\/wp-content\/uploads\/2022\/11\/Creator-DK-711-Christmas-TV-3-60x60.jpg 60w, https:\/\/mouldking.store\/wp-content\/uploads\/2022\/11\/Creator-DK-711-Christmas-TV-3-90x90.jpg 90w\" sizes=\"(max-width: 800px) 100vw, 800px\" \/><figcaption id=\"caption-attachment-33678\" class=\"wp-caption-text\">DK 711 Weihnachtsfernseher mit 626 Teilen<\/figcaption><\/figure>\n<figure id=\"attachment_33679\" aria-describedby=\"caption-attachment-33679\" style=\"width: 750px\" class=\"wp-caption aligncenter\"><img decoding=\"async\" class=\"wp-image-33679 size-full\" src=\"https:\/\/mouldking.store\/wp-content\/uploads\/2022\/11\/Creator-DK-711-Christmas-TV-2.jpg\" alt=\"DK 711 Christmas TV With 626 Pieces\" width=\"750\" height=\"1014\" title=\"-\" srcset=\"https:\/\/mouldking.store\/wp-content\/uploads\/2022\/11\/Creator-DK-711-Christmas-TV-2.jpg 750w, https:\/\/mouldking.store\/wp-content\/uploads\/2022\/11\/Creator-DK-711-Christmas-TV-2-222x300.jpg 222w, https:\/\/mouldking.store\/wp-content\/uploads\/2022\/11\/Creator-DK-711-Christmas-TV-2-300x406.jpg 300w, https:\/\/mouldking.store\/wp-content\/uploads\/2022\/11\/Creator-DK-711-Christmas-TV-2-600x811.jpg 600w, https:\/\/mouldking.store\/wp-content\/uploads\/2022\/11\/Creator-DK-711-Christmas-TV-2-111x150.jpg 111w, https:\/\/mouldking.store\/wp-content\/uploads\/2022\/11\/Creator-DK-711-Christmas-TV-2-44x60.jpg 44w, https:\/\/mouldking.store\/wp-content\/uploads\/2022\/11\/Creator-DK-711-Christmas-TV-2-67x90.jpg 67w\" sizes=\"(max-width: 750px) 100vw, 750px\" \/><figcaption id=\"caption-attachment-33679\" class=\"wp-caption-text\">DK 711 Weihnachtsfernseher mit 626 Teilen<\/figcaption><\/figure>","protected":false},"excerpt":{"rendered":"<p>Product information: Brand: DK Gender: Unisex Name: Christmas TV Age Range: &gt; 6 years old Model Number: 711 Classification: Assemblage Plastic Block Shape: Self-Locking Bricks Material: Plastic Plastic Type: ABS Bricks Blocks: 626 PCS Dimensions: 39 x 7.7 x 29.5 cm Contains detailed assembly instructions. Notice: 1. Without an original box, but we guarantee our [&hellip;]<\/p>","protected":false},"featured_media":33677,"comment_status":"closed","ping_status":"closed","template":"","meta":{"_acf_changed":false},"product_cat":[1365],"product_tag":[6416,1066,6414,6415,6413],"class_list":["product","first","instock","shipping-taxable","purchasable","product-type-simple"],"acf":[],"_links":{"self":[{"href":"https:\/\/mouldking.store\/de\/wp-json\/wp\/v2\/product\/33676","targetHints":{"allow":["GET"]}}],"collection":[{"href":"https:\/\/mouldking.store\/de\/wp-json\/wp\/v2\/product"}],"about":[{"href":"https:\/\/mouldking.store\/de\/wp-json\/wp\/v2\/types\/product"}],"replies":[{"embeddable":true,"href":"https:\/\/mouldking.store\/de\/wp-json\/wp\/v2\/comments?post=33676"}],"wp:featuredmedia":[{"embeddable":true,"href":"https:\/\/mouldking.store\/de\/wp-json\/wp\/v2\/media\/33677"}],"wp:attachment":[{"href":"https:\/\/mouldking.store\/de\/wp-json\/wp\/v2\/media?parent=33676"}],"wp:term":[{"taxonomy":"product_cat","embeddable":true,"href":"https:\/\/mouldking.store\/de\/wp-json\/wp\/v2\/product_cat?post=33676"},{"taxonomy":"product_tag","embeddable":true,"href":"https:\/\/mouldking.store\/de\/wp-json\/wp\/v2\/product_tag?post=33676"}],"curies":[{"name":"wp","href":"https:\/\/api.w.org\/{rel}","templated":true}]}}