{"id":33701,"date":"2022-11-02T16:37:00","date_gmt":"2022-11-02T09:37:00","guid":{"rendered":"https:\/\/mouldking.store\/?post_type=product&#038;p=33701"},"modified":"2022-11-02T16:37:00","modified_gmt":"2022-11-02T09:37:00","slug":"jaki-2362-monets-flower-room-with-502-pieces","status":"publish","type":"product","link":"https:\/\/mouldking.store\/de\/shop\/jaki-2362-monets-flower-room-with-502-pieces\/","title":{"rendered":"JAKI 2362 Monets Blumenzimmer mit 502 Teilen"},"content":{"rendered":"<p>Produktinformation:<\/p>\n<ol>\n<li>Marke: JAKI<\/li>\n<li>Geschlecht: Unisex<\/li>\n<li>Name: Monet\u2019s Flower Room<\/li>\n<li>Altersspanne: &gt; 6 Jahre alt<\/li>\n<li>Model Number: 2362<\/li>\n<li>Einstufung: Assemblage<\/li>\n<li>Kunststoffblockform: Selbstsichernde Steine<\/li>\n<li>Material: Kunststoff<\/li>\n<li>Kunststofftyp: ABS<\/li>\n<li>Bricks Blocks: 502 PCS<\/li>\n<li>Dimensions: 31.8 \u00d7 10.2 \u00d7 25 cm<\/li>\n<li>Enth\u00e4lt eine ausf\u00fchrliche Montageanleitung.<\/li>\n<\/ol>\n<p>Notiz:<br \/>\n1. Ohne Originalverpackung, aber wir garantieren, dass unsere Produkte eine Qualit\u00e4tssicherung und eine sch\u00f6ne Verpackung haben.<br \/>\n2. Wie alle Teile, die wir vor dem Versand \u00fcberpr\u00fcft haben, machen Sie sich keine Sorgen, wenn Sie feststellen, dass einige Teile fehlen oder besch\u00e4digt sind, und kontaktieren Sie uns einfach, und wir k\u00f6nnen sie Ihnen umgehend kostenlos erneut zusenden.<\/p>\n<figure id=\"attachment_33707\" aria-describedby=\"caption-attachment-33707\" style=\"width: 800px\" class=\"wp-caption aligncenter\"><img fetchpriority=\"high\" decoding=\"async\" class=\"wp-image-33707 size-full\" src=\"https:\/\/mouldking.store\/wp-content\/uploads\/2022\/11\/Creator-JAKI-2362-Monets-Flower-Room-1.jpg\" alt=\" JAKI 2362 Monet\u2019s Flower Room With 502 Pieces\" width=\"800\" height=\"800\" title=\"-\" srcset=\"https:\/\/mouldking.store\/wp-content\/uploads\/2022\/11\/Creator-JAKI-2362-Monets-Flower-Room-1.jpg 800w, https:\/\/mouldking.store\/wp-content\/uploads\/2022\/11\/Creator-JAKI-2362-Monets-Flower-Room-1-300x300.jpg 300w, https:\/\/mouldking.store\/wp-content\/uploads\/2022\/11\/Creator-JAKI-2362-Monets-Flower-Room-1-768x768.jpg 768w, https:\/\/mouldking.store\/wp-content\/uploads\/2022\/11\/Creator-JAKI-2362-Monets-Flower-Room-1-600x600.jpg 600w, https:\/\/mouldking.store\/wp-content\/uploads\/2022\/11\/Creator-JAKI-2362-Monets-Flower-Room-1-150x150.jpg 150w, https:\/\/mouldking.store\/wp-content\/uploads\/2022\/11\/Creator-JAKI-2362-Monets-Flower-Room-1-60x60.jpg 60w, https:\/\/mouldking.store\/wp-content\/uploads\/2022\/11\/Creator-JAKI-2362-Monets-Flower-Room-1-90x90.jpg 90w\" sizes=\"(max-width: 800px) 100vw, 800px\" \/><figcaption id=\"caption-attachment-33707\" class=\"wp-caption-text\">JAKI 2362 Monets Blumenzimmer mit 502 Teilen<\/figcaption><\/figure>\n<figure id=\"attachment_33708\" aria-describedby=\"caption-attachment-33708\" style=\"width: 800px\" class=\"wp-caption aligncenter\"><img decoding=\"async\" class=\"wp-image-33708 size-full\" src=\"https:\/\/mouldking.store\/wp-content\/uploads\/2022\/11\/Creator-JAKI-2362-Monets-Flower-Room-2.jpg\" alt=\" JAKI 2362 Monet\u2019s Flower Room With 502 Pieces\" width=\"800\" height=\"800\" title=\"-\" srcset=\"https:\/\/mouldking.store\/wp-content\/uploads\/2022\/11\/Creator-JAKI-2362-Monets-Flower-Room-2.jpg 800w, https:\/\/mouldking.store\/wp-content\/uploads\/2022\/11\/Creator-JAKI-2362-Monets-Flower-Room-2-300x300.jpg 300w, https:\/\/mouldking.store\/wp-content\/uploads\/2022\/11\/Creator-JAKI-2362-Monets-Flower-Room-2-768x768.jpg 768w, https:\/\/mouldking.store\/wp-content\/uploads\/2022\/11\/Creator-JAKI-2362-Monets-Flower-Room-2-600x600.jpg 600w, https:\/\/mouldking.store\/wp-content\/uploads\/2022\/11\/Creator-JAKI-2362-Monets-Flower-Room-2-150x150.jpg 150w, https:\/\/mouldking.store\/wp-content\/uploads\/2022\/11\/Creator-JAKI-2362-Monets-Flower-Room-2-60x60.jpg 60w, https:\/\/mouldking.store\/wp-content\/uploads\/2022\/11\/Creator-JAKI-2362-Monets-Flower-Room-2-90x90.jpg 90w\" sizes=\"(max-width: 800px) 100vw, 800px\" \/><figcaption id=\"caption-attachment-33708\" class=\"wp-caption-text\">JAKI 2362 Monets Blumenzimmer mit 502 Teilen<\/figcaption><\/figure>\n<figure id=\"attachment_33709\" aria-describedby=\"caption-attachment-33709\" style=\"width: 800px\" class=\"wp-caption aligncenter\"><img decoding=\"async\" class=\"wp-image-33709 size-full\" src=\"https:\/\/mouldking.store\/wp-content\/uploads\/2022\/11\/Creator-JAKI-2362-Monets-Flower-Room-5.jpg\" alt=\" JAKI 2362 Monet\u2019s Flower Room With 502 Pieces\" width=\"800\" height=\"800\" title=\"-\" srcset=\"https:\/\/mouldking.store\/wp-content\/uploads\/2022\/11\/Creator-JAKI-2362-Monets-Flower-Room-5.jpg 800w, https:\/\/mouldking.store\/wp-content\/uploads\/2022\/11\/Creator-JAKI-2362-Monets-Flower-Room-5-300x300.jpg 300w, https:\/\/mouldking.store\/wp-content\/uploads\/2022\/11\/Creator-JAKI-2362-Monets-Flower-Room-5-768x768.jpg 768w, https:\/\/mouldking.store\/wp-content\/uploads\/2022\/11\/Creator-JAKI-2362-Monets-Flower-Room-5-600x600.jpg 600w, https:\/\/mouldking.store\/wp-content\/uploads\/2022\/11\/Creator-JAKI-2362-Monets-Flower-Room-5-150x150.jpg 150w, https:\/\/mouldking.store\/wp-content\/uploads\/2022\/11\/Creator-JAKI-2362-Monets-Flower-Room-5-60x60.jpg 60w, https:\/\/mouldking.store\/wp-content\/uploads\/2022\/11\/Creator-JAKI-2362-Monets-Flower-Room-5-90x90.jpg 90w\" sizes=\"(max-width: 800px) 100vw, 800px\" \/><figcaption id=\"caption-attachment-33709\" class=\"wp-caption-text\">JAKI 2362 Monets Blumenzimmer mit 502 Teilen<\/figcaption><\/figure>\n<figure id=\"attachment_33710\" aria-describedby=\"caption-attachment-33710\" style=\"width: 800px\" class=\"wp-caption aligncenter\"><img loading=\"lazy\" decoding=\"async\" class=\"wp-image-33710 size-full\" src=\"https:\/\/mouldking.store\/wp-content\/uploads\/2022\/11\/Creator-JAKI-2362-Monets-Flower-Room-4.jpg\" alt=\" JAKI 2362 Monet\u2019s Flower Room With 502 Pieces\" width=\"800\" height=\"800\" title=\"-\" srcset=\"https:\/\/mouldking.store\/wp-content\/uploads\/2022\/11\/Creator-JAKI-2362-Monets-Flower-Room-4.jpg 800w, https:\/\/mouldking.store\/wp-content\/uploads\/2022\/11\/Creator-JAKI-2362-Monets-Flower-Room-4-300x300.jpg 300w, https:\/\/mouldking.store\/wp-content\/uploads\/2022\/11\/Creator-JAKI-2362-Monets-Flower-Room-4-768x768.jpg 768w, https:\/\/mouldking.store\/wp-content\/uploads\/2022\/11\/Creator-JAKI-2362-Monets-Flower-Room-4-600x600.jpg 600w, https:\/\/mouldking.store\/wp-content\/uploads\/2022\/11\/Creator-JAKI-2362-Monets-Flower-Room-4-150x150.jpg 150w, https:\/\/mouldking.store\/wp-content\/uploads\/2022\/11\/Creator-JAKI-2362-Monets-Flower-Room-4-60x60.jpg 60w, https:\/\/mouldking.store\/wp-content\/uploads\/2022\/11\/Creator-JAKI-2362-Monets-Flower-Room-4-90x90.jpg 90w\" sizes=\"(max-width: 800px) 100vw, 800px\" \/><figcaption id=\"caption-attachment-33710\" class=\"wp-caption-text\">JAKI 2362 Monets Blumenzimmer mit 502 Teilen<\/figcaption><\/figure>\n<figure id=\"attachment_33711\" aria-describedby=\"caption-attachment-33711\" style=\"width: 800px\" class=\"wp-caption aligncenter\"><img loading=\"lazy\" decoding=\"async\" class=\"wp-image-33711 size-full\" src=\"https:\/\/mouldking.store\/wp-content\/uploads\/2022\/11\/Creator-JAKI-2362-Monets-Flower-Room-3.jpg\" alt=\" JAKI 2362 Monet\u2019s Flower Room With 502 Pieces\" width=\"800\" height=\"800\" title=\"-\" srcset=\"https:\/\/mouldking.store\/wp-content\/uploads\/2022\/11\/Creator-JAKI-2362-Monets-Flower-Room-3.jpg 800w, https:\/\/mouldking.store\/wp-content\/uploads\/2022\/11\/Creator-JAKI-2362-Monets-Flower-Room-3-300x300.jpg 300w, https:\/\/mouldking.store\/wp-content\/uploads\/2022\/11\/Creator-JAKI-2362-Monets-Flower-Room-3-768x768.jpg 768w, https:\/\/mouldking.store\/wp-content\/uploads\/2022\/11\/Creator-JAKI-2362-Monets-Flower-Room-3-600x600.jpg 600w, https:\/\/mouldking.store\/wp-content\/uploads\/2022\/11\/Creator-JAKI-2362-Monets-Flower-Room-3-150x150.jpg 150w, https:\/\/mouldking.store\/wp-content\/uploads\/2022\/11\/Creator-JAKI-2362-Monets-Flower-Room-3-60x60.jpg 60w, https:\/\/mouldking.store\/wp-content\/uploads\/2022\/11\/Creator-JAKI-2362-Monets-Flower-Room-3-90x90.jpg 90w\" sizes=\"(max-width: 800px) 100vw, 800px\" \/><figcaption id=\"caption-attachment-33711\" class=\"wp-caption-text\">JAKI 2362 Monets Blumenzimmer mit 502 Teilen<\/figcaption><\/figure>","protected":false},"excerpt":{"rendered":"<p>Product information: Brand: JAKI Gender: Unisex Name: Monet\u2019s Flower Room Age Range: &gt; 6 years old Model Number: 2362 Classification: Assemblage Plastic Block Shape: Self-Locking Bricks Material: Plastic Plastic Type: ABS Bricks Blocks: 502 PCS Dimensions: 31.8 \u00d7 10.2 \u00d7 25 cm Contains detailed assembly instructions. Notice: 1. Without an original box, but we guarantee [&hellip;]<\/p>","protected":false},"featured_media":33707,"comment_status":"closed","ping_status":"closed","template":"","meta":{"_acf_changed":false},"product_cat":[1365],"product_tag":[6441,6444,6440,6446,6439,6443,6445,6442],"class_list":["product","first","instock","shipping-taxable","purchasable","product-type-simple"],"acf":[],"_links":{"self":[{"href":"https:\/\/mouldking.store\/de\/wp-json\/wp\/v2\/product\/33701","targetHints":{"allow":["GET"]}}],"collection":[{"href":"https:\/\/mouldking.store\/de\/wp-json\/wp\/v2\/product"}],"about":[{"href":"https:\/\/mouldking.store\/de\/wp-json\/wp\/v2\/types\/product"}],"replies":[{"embeddable":true,"href":"https:\/\/mouldking.store\/de\/wp-json\/wp\/v2\/comments?post=33701"}],"wp:featuredmedia":[{"embeddable":true,"href":"https:\/\/mouldking.store\/de\/wp-json\/wp\/v2\/media\/33707"}],"wp:attachment":[{"href":"https:\/\/mouldking.store\/de\/wp-json\/wp\/v2\/media?parent=33701"}],"wp:term":[{"taxonomy":"product_cat","embeddable":true,"href":"https:\/\/mouldking.store\/de\/wp-json\/wp\/v2\/product_cat?post=33701"},{"taxonomy":"product_tag","embeddable":true,"href":"https:\/\/mouldking.store\/de\/wp-json\/wp\/v2\/product_tag?post=33701"}],"curies":[{"name":"wp","href":"https:\/\/api.w.org\/{rel}","templated":true}]}}