{"id":33712,"date":"2022-11-02T16:41:34","date_gmt":"2022-11-02T09:41:34","guid":{"rendered":"https:\/\/mouldking.store\/?post_type=product&#038;p=33712"},"modified":"2022-11-02T16:41:34","modified_gmt":"2022-11-02T09:41:34","slug":"decool-33024-114-gt-amg-pull-back-vehicle-with-1294-pieces","status":"publish","type":"product","link":"https:\/\/mouldking.store\/de\/shop\/decool-33024-114-gt-amg-pull-back-vehicle-with-1294-pieces\/","title":{"rendered":"DECOOL 33024 1:14 GT AMG Pullback Fahrzeug mit 1294 Teilen"},"content":{"rendered":"<p>Produktinformation:<\/p>\n<ol>\n<li>Marke: DECOOL<\/li>\n<li>Geschlecht: Unisex<\/li>\n<li>Name: 1:14 GT AMG Pull-Back Vehicle<\/li>\n<li>Altersspanne: &gt; 6 Jahre alt<\/li>\n<li>Model Number: 33024<\/li>\n<li>Einstufung: Assemblage<\/li>\n<li>Kunststoffblockform: Selbstsichernde Steine<\/li>\n<li>Material: Kunststoff<\/li>\n<li>Kunststofftyp: ABS<\/li>\n<li>Bricks Blocks: 1294 PCS<\/li>\n<li>Dimensions:31.3 x 9 cm<\/li>\n<li>Enth\u00e4lt eine ausf\u00fchrliche Montageanleitung.<\/li>\n<\/ol>\n<p>Notiz:<br \/>\n1. Ohne Originalverpackung, aber wir garantieren, dass unsere Produkte eine Qualit\u00e4tssicherung und eine sch\u00f6ne Verpackung haben.<br \/>\n2. Wie alle Teile, die wir vor dem Versand \u00fcberpr\u00fcft haben, machen Sie sich keine Sorgen, wenn Sie feststellen, dass einige Teile fehlen oder besch\u00e4digt sind, und kontaktieren Sie uns einfach, und wir k\u00f6nnen sie Ihnen umgehend kostenlos erneut zusenden.<\/p>\n<figure id=\"attachment_33714\" aria-describedby=\"caption-attachment-33714\" style=\"width: 800px\" class=\"wp-caption aligncenter\"><img fetchpriority=\"high\" decoding=\"async\" class=\"wp-image-33714 size-full\" src=\"https:\/\/mouldking.store\/wp-content\/uploads\/2022\/11\/Technic-DECOOL-33024-114-GT-AMG-Pull-Back-Vehicle-2.jpg\" alt=\"DECOOL 33024 1:14 GT AMG Pull-Back Vehicle With 1294 Pieces\" width=\"800\" height=\"800\" title=\"-\" srcset=\"https:\/\/mouldking.store\/wp-content\/uploads\/2022\/11\/Technic-DECOOL-33024-114-GT-AMG-Pull-Back-Vehicle-2.jpg 800w, https:\/\/mouldking.store\/wp-content\/uploads\/2022\/11\/Technic-DECOOL-33024-114-GT-AMG-Pull-Back-Vehicle-2-300x300.jpg 300w, https:\/\/mouldking.store\/wp-content\/uploads\/2022\/11\/Technic-DECOOL-33024-114-GT-AMG-Pull-Back-Vehicle-2-768x768.jpg 768w, https:\/\/mouldking.store\/wp-content\/uploads\/2022\/11\/Technic-DECOOL-33024-114-GT-AMG-Pull-Back-Vehicle-2-600x600.jpg 600w, https:\/\/mouldking.store\/wp-content\/uploads\/2022\/11\/Technic-DECOOL-33024-114-GT-AMG-Pull-Back-Vehicle-2-150x150.jpg 150w, https:\/\/mouldking.store\/wp-content\/uploads\/2022\/11\/Technic-DECOOL-33024-114-GT-AMG-Pull-Back-Vehicle-2-60x60.jpg 60w, https:\/\/mouldking.store\/wp-content\/uploads\/2022\/11\/Technic-DECOOL-33024-114-GT-AMG-Pull-Back-Vehicle-2-90x90.jpg 90w\" sizes=\"(max-width: 800px) 100vw, 800px\" \/><figcaption id=\"caption-attachment-33714\" class=\"wp-caption-text\">DECOOL 33024 1:14 GT AMG Pullback Fahrzeug mit 1294 Teilen<\/figcaption><\/figure>\n<figure id=\"attachment_33715\" aria-describedby=\"caption-attachment-33715\" style=\"width: 800px\" class=\"wp-caption aligncenter\"><img decoding=\"async\" class=\"wp-image-33715 size-full\" src=\"https:\/\/mouldking.store\/wp-content\/uploads\/2022\/11\/Technic-DECOOL-33024-114-GT-AMG-Pull-Back-Vehicle-3.jpg\" alt=\"DECOOL 33024 1:14 GT AMG Pull-Back Vehicle With 1294 Pieces\" width=\"800\" height=\"800\" title=\"-\" srcset=\"https:\/\/mouldking.store\/wp-content\/uploads\/2022\/11\/Technic-DECOOL-33024-114-GT-AMG-Pull-Back-Vehicle-3.jpg 800w, https:\/\/mouldking.store\/wp-content\/uploads\/2022\/11\/Technic-DECOOL-33024-114-GT-AMG-Pull-Back-Vehicle-3-300x300.jpg 300w, https:\/\/mouldking.store\/wp-content\/uploads\/2022\/11\/Technic-DECOOL-33024-114-GT-AMG-Pull-Back-Vehicle-3-768x768.jpg 768w, https:\/\/mouldking.store\/wp-content\/uploads\/2022\/11\/Technic-DECOOL-33024-114-GT-AMG-Pull-Back-Vehicle-3-600x600.jpg 600w, https:\/\/mouldking.store\/wp-content\/uploads\/2022\/11\/Technic-DECOOL-33024-114-GT-AMG-Pull-Back-Vehicle-3-150x150.jpg 150w, https:\/\/mouldking.store\/wp-content\/uploads\/2022\/11\/Technic-DECOOL-33024-114-GT-AMG-Pull-Back-Vehicle-3-60x60.jpg 60w, https:\/\/mouldking.store\/wp-content\/uploads\/2022\/11\/Technic-DECOOL-33024-114-GT-AMG-Pull-Back-Vehicle-3-90x90.jpg 90w\" sizes=\"(max-width: 800px) 100vw, 800px\" \/><figcaption id=\"caption-attachment-33715\" class=\"wp-caption-text\">DECOOL 33024 1:14 GT AMG Pullback Fahrzeug mit 1294 Teilen<\/figcaption><\/figure>\n<figure id=\"attachment_33716\" aria-describedby=\"caption-attachment-33716\" style=\"width: 800px\" class=\"wp-caption aligncenter\"><img decoding=\"async\" class=\"wp-image-33716 size-full\" src=\"https:\/\/mouldking.store\/wp-content\/uploads\/2022\/11\/Technic-DECOOL-33024-114-GT-AMG-Pull-Back-Vehicle-1.jpg\" alt=\"DECOOL 33024 1:14 GT AMG Pull-Back Vehicle With 1294 Pieces\" width=\"800\" height=\"800\" title=\"-\" srcset=\"https:\/\/mouldking.store\/wp-content\/uploads\/2022\/11\/Technic-DECOOL-33024-114-GT-AMG-Pull-Back-Vehicle-1.jpg 800w, https:\/\/mouldking.store\/wp-content\/uploads\/2022\/11\/Technic-DECOOL-33024-114-GT-AMG-Pull-Back-Vehicle-1-300x300.jpg 300w, https:\/\/mouldking.store\/wp-content\/uploads\/2022\/11\/Technic-DECOOL-33024-114-GT-AMG-Pull-Back-Vehicle-1-768x768.jpg 768w, https:\/\/mouldking.store\/wp-content\/uploads\/2022\/11\/Technic-DECOOL-33024-114-GT-AMG-Pull-Back-Vehicle-1-600x600.jpg 600w, https:\/\/mouldking.store\/wp-content\/uploads\/2022\/11\/Technic-DECOOL-33024-114-GT-AMG-Pull-Back-Vehicle-1-150x150.jpg 150w, https:\/\/mouldking.store\/wp-content\/uploads\/2022\/11\/Technic-DECOOL-33024-114-GT-AMG-Pull-Back-Vehicle-1-60x60.jpg 60w, https:\/\/mouldking.store\/wp-content\/uploads\/2022\/11\/Technic-DECOOL-33024-114-GT-AMG-Pull-Back-Vehicle-1-90x90.jpg 90w\" sizes=\"(max-width: 800px) 100vw, 800px\" \/><figcaption id=\"caption-attachment-33716\" class=\"wp-caption-text\">DECOOL 33024 1:14 GT AMG Pullback Fahrzeug mit 1294 Teilen<\/figcaption><\/figure>","protected":false},"excerpt":{"rendered":"<p>Product information: Brand: DECOOL Gender: Unisex Name: 1:14 GT AMG Pull-Back Vehicle Age Range: &gt; 6 years old Model Number: 33024 Classification: Assemblage Plastic Block Shape: Self-Locking Bricks Material: Plastic Plastic Type: ABS Bricks Blocks: 1294 PCS Dimensions:31.3 x 9 cm Contains detailed assembly instructions. Notice: 1. Without an original box, but we guarantee our [&hellip;]<\/p>","protected":false},"featured_media":33714,"comment_status":"closed","ping_status":"closed","template":"","meta":{"_acf_changed":false},"product_cat":[1357],"product_tag":[6450,6452,6448,2463,6451,6447,6449],"class_list":["product","first","instock","shipping-taxable","purchasable","product-type-simple"],"acf":[],"_links":{"self":[{"href":"https:\/\/mouldking.store\/de\/wp-json\/wp\/v2\/product\/33712","targetHints":{"allow":["GET"]}}],"collection":[{"href":"https:\/\/mouldking.store\/de\/wp-json\/wp\/v2\/product"}],"about":[{"href":"https:\/\/mouldking.store\/de\/wp-json\/wp\/v2\/types\/product"}],"replies":[{"embeddable":true,"href":"https:\/\/mouldking.store\/de\/wp-json\/wp\/v2\/comments?post=33712"}],"wp:featuredmedia":[{"embeddable":true,"href":"https:\/\/mouldking.store\/de\/wp-json\/wp\/v2\/media\/33714"}],"wp:attachment":[{"href":"https:\/\/mouldking.store\/de\/wp-json\/wp\/v2\/media?parent=33712"}],"wp:term":[{"taxonomy":"product_cat","embeddable":true,"href":"https:\/\/mouldking.store\/de\/wp-json\/wp\/v2\/product_cat?post=33712"},{"taxonomy":"product_tag","embeddable":true,"href":"https:\/\/mouldking.store\/de\/wp-json\/wp\/v2\/product_tag?post=33712"}],"curies":[{"name":"wp","href":"https:\/\/api.w.org\/{rel}","templated":true}]}}