{"id":33746,"date":"2022-11-02T17:21:47","date_gmt":"2022-11-02T10:21:47","guid":{"rendered":"https:\/\/mouldking.store\/?post_type=product&#038;p=33746"},"modified":"2022-11-02T17:21:47","modified_gmt":"2022-11-02T10:21:47","slug":"funwhole-fh9004-lake-house-with-1969-pieces","status":"publish","type":"product","link":"https:\/\/mouldking.store\/de\/shop\/funwhole-fh9004-lake-house-with-1969-pieces\/","title":{"rendered":"FUNWHOLE FH9004 Haus am See mit 1969 St\u00fcck"},"content":{"rendered":"<p>Produktinformation:<\/p>\n<ol>\n<li>Brand: FUNWHOLE<\/li>\n<li>Geschlecht: Unisex<\/li>\n<li>Name: Haus am See<\/li>\n<li>Altersspanne: &gt; 6 Jahre alt<\/li>\n<li>Model Number: FH9004<\/li>\n<li>Einstufung: Assemblage<\/li>\n<li>Kunststoffblockform: Selbstsichernde Steine<\/li>\n<li>Material: Kunststoff<\/li>\n<li>Kunststofftyp: ABS<\/li>\n<li>Bricks Blocks: 1969PCS<\/li>\n<li>Enth\u00e4lt eine ausf\u00fchrliche Montageanleitung.<\/li>\n<\/ol>\n<p>Notiz:<br \/>\n1. Ohne Originalverpackung, aber wir garantieren, dass unsere Produkte eine Qualit\u00e4tssicherung und eine sch\u00f6ne Verpackung haben.<br \/>\n2. Wie alle Teile, die wir vor dem Versand \u00fcberpr\u00fcft haben, machen Sie sich keine Sorgen, wenn Sie feststellen, dass einige Teile fehlen oder besch\u00e4digt sind, und kontaktieren Sie uns einfach, und wir k\u00f6nnen sie Ihnen umgehend kostenlos erneut zusenden.<\/p>\n<figure id=\"attachment_33754\" aria-describedby=\"caption-attachment-33754\" style=\"width: 1024px\" class=\"wp-caption aligncenter\"><img fetchpriority=\"high\" decoding=\"async\" class=\"wp-image-33754 size-large\" src=\"https:\/\/mouldking.store\/wp-content\/uploads\/2022\/11\/Modular-Buildings-FUNWHOLE-FH9004-Lake-House-1-1024x1024.jpg\" alt=\"FUNWHOLE FH9004 Lake House With 1969 Pieces \" width=\"1024\" height=\"1024\" title=\"-\" srcset=\"https:\/\/mouldking.store\/wp-content\/uploads\/2022\/11\/Modular-Buildings-FUNWHOLE-FH9004-Lake-House-1-1024x1024.jpg 1024w, https:\/\/mouldking.store\/wp-content\/uploads\/2022\/11\/Modular-Buildings-FUNWHOLE-FH9004-Lake-House-1-300x300.jpg 300w, https:\/\/mouldking.store\/wp-content\/uploads\/2022\/11\/Modular-Buildings-FUNWHOLE-FH9004-Lake-House-1-768x768.jpg 768w, https:\/\/mouldking.store\/wp-content\/uploads\/2022\/11\/Modular-Buildings-FUNWHOLE-FH9004-Lake-House-1-1536x1536.jpg 1536w, https:\/\/mouldking.store\/wp-content\/uploads\/2022\/11\/Modular-Buildings-FUNWHOLE-FH9004-Lake-House-1-600x600.jpg 600w, https:\/\/mouldking.store\/wp-content\/uploads\/2022\/11\/Modular-Buildings-FUNWHOLE-FH9004-Lake-House-1-150x150.jpg 150w, https:\/\/mouldking.store\/wp-content\/uploads\/2022\/11\/Modular-Buildings-FUNWHOLE-FH9004-Lake-House-1-60x60.jpg 60w, https:\/\/mouldking.store\/wp-content\/uploads\/2022\/11\/Modular-Buildings-FUNWHOLE-FH9004-Lake-House-1-90x90.jpg 90w, https:\/\/mouldking.store\/wp-content\/uploads\/2022\/11\/Modular-Buildings-FUNWHOLE-FH9004-Lake-House-1.jpg 1600w\" sizes=\"(max-width: 1024px) 100vw, 1024px\" \/><figcaption id=\"caption-attachment-33754\" class=\"wp-caption-text\">FUNWHOLE FH9004 Haus am See mit 1969 St\u00fcck<\/figcaption><\/figure>\n<figure id=\"attachment_33755\" aria-describedby=\"caption-attachment-33755\" style=\"width: 1024px\" class=\"wp-caption aligncenter\"><img decoding=\"async\" class=\"wp-image-33755 size-large\" src=\"https:\/\/mouldking.store\/wp-content\/uploads\/2022\/11\/Modular-Buildings-FUNWHOLE-FH9004-Lake-House-9-1024x1024.jpg\" alt=\"FUNWHOLE FH9004 Lake House With 1969 Pieces \" width=\"1024\" height=\"1024\" title=\"-\" srcset=\"https:\/\/mouldking.store\/wp-content\/uploads\/2022\/11\/Modular-Buildings-FUNWHOLE-FH9004-Lake-House-9-1024x1024.jpg 1024w, https:\/\/mouldking.store\/wp-content\/uploads\/2022\/11\/Modular-Buildings-FUNWHOLE-FH9004-Lake-House-9-300x300.jpg 300w, https:\/\/mouldking.store\/wp-content\/uploads\/2022\/11\/Modular-Buildings-FUNWHOLE-FH9004-Lake-House-9-768x768.jpg 768w, https:\/\/mouldking.store\/wp-content\/uploads\/2022\/11\/Modular-Buildings-FUNWHOLE-FH9004-Lake-House-9-1536x1536.jpg 1536w, https:\/\/mouldking.store\/wp-content\/uploads\/2022\/11\/Modular-Buildings-FUNWHOLE-FH9004-Lake-House-9-600x600.jpg 600w, https:\/\/mouldking.store\/wp-content\/uploads\/2022\/11\/Modular-Buildings-FUNWHOLE-FH9004-Lake-House-9-150x150.jpg 150w, https:\/\/mouldking.store\/wp-content\/uploads\/2022\/11\/Modular-Buildings-FUNWHOLE-FH9004-Lake-House-9-60x60.jpg 60w, https:\/\/mouldking.store\/wp-content\/uploads\/2022\/11\/Modular-Buildings-FUNWHOLE-FH9004-Lake-House-9-90x90.jpg 90w, https:\/\/mouldking.store\/wp-content\/uploads\/2022\/11\/Modular-Buildings-FUNWHOLE-FH9004-Lake-House-9.jpg 1600w\" sizes=\"(max-width: 1024px) 100vw, 1024px\" \/><figcaption id=\"caption-attachment-33755\" class=\"wp-caption-text\">FUNWHOLE FH9004 Haus am See mit 1969 St\u00fcck<\/figcaption><\/figure>\n<figure id=\"attachment_33756\" aria-describedby=\"caption-attachment-33756\" style=\"width: 1024px\" class=\"wp-caption aligncenter\"><img decoding=\"async\" class=\"wp-image-33756 size-large\" src=\"https:\/\/mouldking.store\/wp-content\/uploads\/2022\/11\/Modular-Buildings-FUNWHOLE-FH9004-Lake-House-10-1024x1024.jpg\" alt=\"FUNWHOLE FH9004 Lake House With 1969 Pieces \" width=\"1024\" height=\"1024\" title=\"-\" srcset=\"https:\/\/mouldking.store\/wp-content\/uploads\/2022\/11\/Modular-Buildings-FUNWHOLE-FH9004-Lake-House-10-1024x1024.jpg 1024w, https:\/\/mouldking.store\/wp-content\/uploads\/2022\/11\/Modular-Buildings-FUNWHOLE-FH9004-Lake-House-10-300x300.jpg 300w, https:\/\/mouldking.store\/wp-content\/uploads\/2022\/11\/Modular-Buildings-FUNWHOLE-FH9004-Lake-House-10-768x768.jpg 768w, https:\/\/mouldking.store\/wp-content\/uploads\/2022\/11\/Modular-Buildings-FUNWHOLE-FH9004-Lake-House-10-1536x1536.jpg 1536w, https:\/\/mouldking.store\/wp-content\/uploads\/2022\/11\/Modular-Buildings-FUNWHOLE-FH9004-Lake-House-10-600x600.jpg 600w, https:\/\/mouldking.store\/wp-content\/uploads\/2022\/11\/Modular-Buildings-FUNWHOLE-FH9004-Lake-House-10-150x150.jpg 150w, https:\/\/mouldking.store\/wp-content\/uploads\/2022\/11\/Modular-Buildings-FUNWHOLE-FH9004-Lake-House-10-60x60.jpg 60w, https:\/\/mouldking.store\/wp-content\/uploads\/2022\/11\/Modular-Buildings-FUNWHOLE-FH9004-Lake-House-10-90x90.jpg 90w, https:\/\/mouldking.store\/wp-content\/uploads\/2022\/11\/Modular-Buildings-FUNWHOLE-FH9004-Lake-House-10.jpg 1600w\" sizes=\"(max-width: 1024px) 100vw, 1024px\" \/><figcaption id=\"caption-attachment-33756\" class=\"wp-caption-text\">FUNWHOLE FH9004 Haus am See mit 1969 St\u00fcck<\/figcaption><\/figure>\n<figure id=\"attachment_33757\" aria-describedby=\"caption-attachment-33757\" style=\"width: 1024px\" class=\"wp-caption aligncenter\"><img loading=\"lazy\" decoding=\"async\" class=\"wp-image-33757 size-large\" src=\"https:\/\/mouldking.store\/wp-content\/uploads\/2022\/11\/Modular-Buildings-FUNWHOLE-FH9004-Lake-House-8-1024x1024.jpg\" alt=\"FUNWHOLE FH9004 Lake House With 1969 Pieces \" width=\"1024\" height=\"1024\" title=\"-\" srcset=\"https:\/\/mouldking.store\/wp-content\/uploads\/2022\/11\/Modular-Buildings-FUNWHOLE-FH9004-Lake-House-8-1024x1024.jpg 1024w, https:\/\/mouldking.store\/wp-content\/uploads\/2022\/11\/Modular-Buildings-FUNWHOLE-FH9004-Lake-House-8-300x300.jpg 300w, https:\/\/mouldking.store\/wp-content\/uploads\/2022\/11\/Modular-Buildings-FUNWHOLE-FH9004-Lake-House-8-768x768.jpg 768w, https:\/\/mouldking.store\/wp-content\/uploads\/2022\/11\/Modular-Buildings-FUNWHOLE-FH9004-Lake-House-8-1536x1536.jpg 1536w, https:\/\/mouldking.store\/wp-content\/uploads\/2022\/11\/Modular-Buildings-FUNWHOLE-FH9004-Lake-House-8-600x600.jpg 600w, https:\/\/mouldking.store\/wp-content\/uploads\/2022\/11\/Modular-Buildings-FUNWHOLE-FH9004-Lake-House-8-150x150.jpg 150w, https:\/\/mouldking.store\/wp-content\/uploads\/2022\/11\/Modular-Buildings-FUNWHOLE-FH9004-Lake-House-8-60x60.jpg 60w, https:\/\/mouldking.store\/wp-content\/uploads\/2022\/11\/Modular-Buildings-FUNWHOLE-FH9004-Lake-House-8-90x90.jpg 90w, https:\/\/mouldking.store\/wp-content\/uploads\/2022\/11\/Modular-Buildings-FUNWHOLE-FH9004-Lake-House-8.jpg 1600w\" sizes=\"(max-width: 1024px) 100vw, 1024px\" \/><figcaption id=\"caption-attachment-33757\" class=\"wp-caption-text\">FUNWHOLE FH9004 Haus am See mit 1969 St\u00fcck<\/figcaption><\/figure>\n<figure id=\"attachment_33758\" aria-describedby=\"caption-attachment-33758\" style=\"width: 1024px\" class=\"wp-caption aligncenter\"><img loading=\"lazy\" decoding=\"async\" class=\"wp-image-33758 size-large\" src=\"https:\/\/mouldking.store\/wp-content\/uploads\/2022\/11\/Modular-Buildings-FUNWHOLE-FH9004-Lake-House-7-1024x1024.jpg\" alt=\"FUNWHOLE FH9004 Lake House With 1969 Pieces \" width=\"1024\" height=\"1024\" title=\"-\" srcset=\"https:\/\/mouldking.store\/wp-content\/uploads\/2022\/11\/Modular-Buildings-FUNWHOLE-FH9004-Lake-House-7-1024x1024.jpg 1024w, https:\/\/mouldking.store\/wp-content\/uploads\/2022\/11\/Modular-Buildings-FUNWHOLE-FH9004-Lake-House-7-300x300.jpg 300w, https:\/\/mouldking.store\/wp-content\/uploads\/2022\/11\/Modular-Buildings-FUNWHOLE-FH9004-Lake-House-7-768x768.jpg 768w, https:\/\/mouldking.store\/wp-content\/uploads\/2022\/11\/Modular-Buildings-FUNWHOLE-FH9004-Lake-House-7-1536x1536.jpg 1536w, https:\/\/mouldking.store\/wp-content\/uploads\/2022\/11\/Modular-Buildings-FUNWHOLE-FH9004-Lake-House-7-600x600.jpg 600w, https:\/\/mouldking.store\/wp-content\/uploads\/2022\/11\/Modular-Buildings-FUNWHOLE-FH9004-Lake-House-7-150x150.jpg 150w, https:\/\/mouldking.store\/wp-content\/uploads\/2022\/11\/Modular-Buildings-FUNWHOLE-FH9004-Lake-House-7-60x60.jpg 60w, https:\/\/mouldking.store\/wp-content\/uploads\/2022\/11\/Modular-Buildings-FUNWHOLE-FH9004-Lake-House-7-90x90.jpg 90w, https:\/\/mouldking.store\/wp-content\/uploads\/2022\/11\/Modular-Buildings-FUNWHOLE-FH9004-Lake-House-7.jpg 1600w\" sizes=\"(max-width: 1024px) 100vw, 1024px\" \/><figcaption id=\"caption-attachment-33758\" class=\"wp-caption-text\">FUNWHOLE FH9004 Haus am See mit 1969 St\u00fcck<\/figcaption><\/figure>\n<figure id=\"attachment_33759\" aria-describedby=\"caption-attachment-33759\" style=\"width: 1024px\" class=\"wp-caption aligncenter\"><img loading=\"lazy\" decoding=\"async\" class=\"wp-image-33759 size-large\" src=\"https:\/\/mouldking.store\/wp-content\/uploads\/2022\/11\/Modular-Buildings-FUNWHOLE-FH9004-Lake-House-6-1024x1024.jpg\" alt=\"FUNWHOLE FH9004 Lake House With 1969 Pieces \" width=\"1024\" height=\"1024\" title=\"-\" srcset=\"https:\/\/mouldking.store\/wp-content\/uploads\/2022\/11\/Modular-Buildings-FUNWHOLE-FH9004-Lake-House-6-1024x1024.jpg 1024w, https:\/\/mouldking.store\/wp-content\/uploads\/2022\/11\/Modular-Buildings-FUNWHOLE-FH9004-Lake-House-6-300x300.jpg 300w, https:\/\/mouldking.store\/wp-content\/uploads\/2022\/11\/Modular-Buildings-FUNWHOLE-FH9004-Lake-House-6-768x768.jpg 768w, https:\/\/mouldking.store\/wp-content\/uploads\/2022\/11\/Modular-Buildings-FUNWHOLE-FH9004-Lake-House-6-1536x1536.jpg 1536w, https:\/\/mouldking.store\/wp-content\/uploads\/2022\/11\/Modular-Buildings-FUNWHOLE-FH9004-Lake-House-6-600x600.jpg 600w, https:\/\/mouldking.store\/wp-content\/uploads\/2022\/11\/Modular-Buildings-FUNWHOLE-FH9004-Lake-House-6-150x150.jpg 150w, https:\/\/mouldking.store\/wp-content\/uploads\/2022\/11\/Modular-Buildings-FUNWHOLE-FH9004-Lake-House-6-60x60.jpg 60w, https:\/\/mouldking.store\/wp-content\/uploads\/2022\/11\/Modular-Buildings-FUNWHOLE-FH9004-Lake-House-6-90x90.jpg 90w, https:\/\/mouldking.store\/wp-content\/uploads\/2022\/11\/Modular-Buildings-FUNWHOLE-FH9004-Lake-House-6.jpg 1600w\" sizes=\"(max-width: 1024px) 100vw, 1024px\" \/><figcaption id=\"caption-attachment-33759\" class=\"wp-caption-text\">FUNWHOLE FH9004 Haus am See mit 1969 St\u00fcck<\/figcaption><\/figure>","protected":false},"excerpt":{"rendered":"<p>Product information: Brand: FUNWHOLE Gender: Unisex Name: Lake House Age Range: &gt; 6 years old Model Number: FH9004 Classification: Assemblage Plastic Block Shape: Self-Locking Bricks Material: Plastic Plastic Type: ABS Bricks Blocks: 1969PCS Contains detailed assembly instructions. Notice: 1. Without an original box, but we guarantee our products have quality assurance and nice packaging. 2. [&hellip;]<\/p>","protected":false},"featured_media":33754,"comment_status":"closed","ping_status":"closed","template":"","meta":{"_acf_changed":false},"product_cat":[1395],"product_tag":[6487,6467,6489,6486,2318,6488,3306],"class_list":["product","first","instock","shipping-taxable","purchasable","product-type-simple"],"acf":[],"_links":{"self":[{"href":"https:\/\/mouldking.store\/de\/wp-json\/wp\/v2\/product\/33746","targetHints":{"allow":["GET"]}}],"collection":[{"href":"https:\/\/mouldking.store\/de\/wp-json\/wp\/v2\/product"}],"about":[{"href":"https:\/\/mouldking.store\/de\/wp-json\/wp\/v2\/types\/product"}],"replies":[{"embeddable":true,"href":"https:\/\/mouldking.store\/de\/wp-json\/wp\/v2\/comments?post=33746"}],"wp:featuredmedia":[{"embeddable":true,"href":"https:\/\/mouldking.store\/de\/wp-json\/wp\/v2\/media\/33754"}],"wp:attachment":[{"href":"https:\/\/mouldking.store\/de\/wp-json\/wp\/v2\/media?parent=33746"}],"wp:term":[{"taxonomy":"product_cat","embeddable":true,"href":"https:\/\/mouldking.store\/de\/wp-json\/wp\/v2\/product_cat?post=33746"},{"taxonomy":"product_tag","embeddable":true,"href":"https:\/\/mouldking.store\/de\/wp-json\/wp\/v2\/product_tag?post=33746"}],"curies":[{"name":"wp","href":"https:\/\/api.w.org\/{rel}","templated":true}]}}