{"id":33753,"date":"2022-11-02T17:29:42","date_gmt":"2022-11-02T10:29:42","guid":{"rendered":"https:\/\/mouldking.store\/?post_type=product&#038;p=33753"},"modified":"2022-11-02T17:29:42","modified_gmt":"2022-11-02T10:29:42","slug":"funwhole-fh9005-cliff-castle-medieval-with-1044-pieces","status":"publish","type":"product","link":"https:\/\/mouldking.store\/de\/shop\/funwhole-fh9005-cliff-castle-medieval-with-1044-pieces\/","title":{"rendered":"FUNWHOLE FH9005 Cliff Castle Medieval mit 1044 Teilen"},"content":{"rendered":"<p>Produktinformation:<\/p>\n<ol>\n<li>Brand: FUNWHOLE<\/li>\n<li>Geschlecht: Unisex<\/li>\n<li>Name: Cliff Castle Medieval<\/li>\n<li>Altersspanne: &gt; 6 Jahre alt<\/li>\n<li>Model Number: FH9005<\/li>\n<li>Einstufung: Assemblage<\/li>\n<li>Kunststoffblockform: Selbstsichernde Steine<\/li>\n<li>Material: Kunststoff<\/li>\n<li>Kunststofftyp: ABS<\/li>\n<li>Bricks Blocks: 1044 PCS<\/li>\n<li>Enth\u00e4lt eine ausf\u00fchrliche Montageanleitung.<\/li>\n<\/ol>\n<p>Notiz:<br \/>\n1. Ohne Originalverpackung, aber wir garantieren, dass unsere Produkte eine Qualit\u00e4tssicherung und eine sch\u00f6ne Verpackung haben.<br \/>\n2. Wie alle Teile, die wir vor dem Versand \u00fcberpr\u00fcft haben, machen Sie sich keine Sorgen, wenn Sie feststellen, dass einige Teile fehlen oder besch\u00e4digt sind, und kontaktieren Sie uns einfach, und wir k\u00f6nnen sie Ihnen umgehend kostenlos erneut zusenden.<\/p>\n<figure id=\"attachment_33761\" aria-describedby=\"caption-attachment-33761\" style=\"width: 1024px\" class=\"wp-caption aligncenter\"><img fetchpriority=\"high\" decoding=\"async\" class=\"wp-image-33761 size-large\" src=\"https:\/\/mouldking.store\/wp-content\/uploads\/2022\/11\/Modular-Buildings-FUNWHOLE-FH9005-Cliff-Castle-Medieval-1-1024x1024.jpg\" alt=\" FUNWHOLE FH9005 Cliff Castle Medieval With 1044 Pieces\" width=\"1024\" height=\"1024\" title=\"-\" srcset=\"https:\/\/mouldking.store\/wp-content\/uploads\/2022\/11\/Modular-Buildings-FUNWHOLE-FH9005-Cliff-Castle-Medieval-1-1024x1024.jpg 1024w, https:\/\/mouldking.store\/wp-content\/uploads\/2022\/11\/Modular-Buildings-FUNWHOLE-FH9005-Cliff-Castle-Medieval-1-300x300.jpg 300w, https:\/\/mouldking.store\/wp-content\/uploads\/2022\/11\/Modular-Buildings-FUNWHOLE-FH9005-Cliff-Castle-Medieval-1-768x768.jpg 768w, https:\/\/mouldking.store\/wp-content\/uploads\/2022\/11\/Modular-Buildings-FUNWHOLE-FH9005-Cliff-Castle-Medieval-1-1536x1536.jpg 1536w, https:\/\/mouldking.store\/wp-content\/uploads\/2022\/11\/Modular-Buildings-FUNWHOLE-FH9005-Cliff-Castle-Medieval-1-600x600.jpg 600w, https:\/\/mouldking.store\/wp-content\/uploads\/2022\/11\/Modular-Buildings-FUNWHOLE-FH9005-Cliff-Castle-Medieval-1-150x150.jpg 150w, https:\/\/mouldking.store\/wp-content\/uploads\/2022\/11\/Modular-Buildings-FUNWHOLE-FH9005-Cliff-Castle-Medieval-1-60x60.jpg 60w, https:\/\/mouldking.store\/wp-content\/uploads\/2022\/11\/Modular-Buildings-FUNWHOLE-FH9005-Cliff-Castle-Medieval-1-90x90.jpg 90w, https:\/\/mouldking.store\/wp-content\/uploads\/2022\/11\/Modular-Buildings-FUNWHOLE-FH9005-Cliff-Castle-Medieval-1.jpg 1600w\" sizes=\"(max-width: 1024px) 100vw, 1024px\" \/><figcaption id=\"caption-attachment-33761\" class=\"wp-caption-text\">FUNWHOLE FH9005 Cliff Castle Medieval mit 1044 Teilen<\/figcaption><\/figure>\n<figure id=\"attachment_33762\" aria-describedby=\"caption-attachment-33762\" style=\"width: 1024px\" class=\"wp-caption aligncenter\"><img decoding=\"async\" class=\"wp-image-33762 size-large\" src=\"https:\/\/mouldking.store\/wp-content\/uploads\/2022\/11\/Modular-Buildings-FUNWHOLE-FH9005-Cliff-Castle-Medieval-2-1024x1024.jpg\" alt=\" FUNWHOLE FH9005 Cliff Castle Medieval With 1044 Pieces\" width=\"1024\" height=\"1024\" title=\"-\" srcset=\"https:\/\/mouldking.store\/wp-content\/uploads\/2022\/11\/Modular-Buildings-FUNWHOLE-FH9005-Cliff-Castle-Medieval-2-1024x1024.jpg 1024w, https:\/\/mouldking.store\/wp-content\/uploads\/2022\/11\/Modular-Buildings-FUNWHOLE-FH9005-Cliff-Castle-Medieval-2-300x300.jpg 300w, https:\/\/mouldking.store\/wp-content\/uploads\/2022\/11\/Modular-Buildings-FUNWHOLE-FH9005-Cliff-Castle-Medieval-2-768x768.jpg 768w, https:\/\/mouldking.store\/wp-content\/uploads\/2022\/11\/Modular-Buildings-FUNWHOLE-FH9005-Cliff-Castle-Medieval-2-1536x1536.jpg 1536w, https:\/\/mouldking.store\/wp-content\/uploads\/2022\/11\/Modular-Buildings-FUNWHOLE-FH9005-Cliff-Castle-Medieval-2-600x600.jpg 600w, https:\/\/mouldking.store\/wp-content\/uploads\/2022\/11\/Modular-Buildings-FUNWHOLE-FH9005-Cliff-Castle-Medieval-2-150x150.jpg 150w, https:\/\/mouldking.store\/wp-content\/uploads\/2022\/11\/Modular-Buildings-FUNWHOLE-FH9005-Cliff-Castle-Medieval-2-60x60.jpg 60w, https:\/\/mouldking.store\/wp-content\/uploads\/2022\/11\/Modular-Buildings-FUNWHOLE-FH9005-Cliff-Castle-Medieval-2-90x90.jpg 90w, https:\/\/mouldking.store\/wp-content\/uploads\/2022\/11\/Modular-Buildings-FUNWHOLE-FH9005-Cliff-Castle-Medieval-2.jpg 1600w\" sizes=\"(max-width: 1024px) 100vw, 1024px\" \/><figcaption id=\"caption-attachment-33762\" class=\"wp-caption-text\">FUNWHOLE FH9005 Cliff Castle Medieval mit 1044 Teilen<\/figcaption><\/figure>\n<figure id=\"attachment_33763\" aria-describedby=\"caption-attachment-33763\" style=\"width: 1024px\" class=\"wp-caption aligncenter\"><img decoding=\"async\" class=\"wp-image-33763 size-large\" src=\"https:\/\/mouldking.store\/wp-content\/uploads\/2022\/11\/Modular-Buildings-FUNWHOLE-FH9005-Cliff-Castle-Medieval-4-1024x1024.jpg\" alt=\" FUNWHOLE FH9005 Cliff Castle Medieval With 1044 Pieces\" width=\"1024\" height=\"1024\" title=\"-\" srcset=\"https:\/\/mouldking.store\/wp-content\/uploads\/2022\/11\/Modular-Buildings-FUNWHOLE-FH9005-Cliff-Castle-Medieval-4-1024x1024.jpg 1024w, https:\/\/mouldking.store\/wp-content\/uploads\/2022\/11\/Modular-Buildings-FUNWHOLE-FH9005-Cliff-Castle-Medieval-4-300x300.jpg 300w, https:\/\/mouldking.store\/wp-content\/uploads\/2022\/11\/Modular-Buildings-FUNWHOLE-FH9005-Cliff-Castle-Medieval-4-768x768.jpg 768w, https:\/\/mouldking.store\/wp-content\/uploads\/2022\/11\/Modular-Buildings-FUNWHOLE-FH9005-Cliff-Castle-Medieval-4-1536x1536.jpg 1536w, https:\/\/mouldking.store\/wp-content\/uploads\/2022\/11\/Modular-Buildings-FUNWHOLE-FH9005-Cliff-Castle-Medieval-4-600x600.jpg 600w, https:\/\/mouldking.store\/wp-content\/uploads\/2022\/11\/Modular-Buildings-FUNWHOLE-FH9005-Cliff-Castle-Medieval-4-150x150.jpg 150w, https:\/\/mouldking.store\/wp-content\/uploads\/2022\/11\/Modular-Buildings-FUNWHOLE-FH9005-Cliff-Castle-Medieval-4-60x60.jpg 60w, https:\/\/mouldking.store\/wp-content\/uploads\/2022\/11\/Modular-Buildings-FUNWHOLE-FH9005-Cliff-Castle-Medieval-4-90x90.jpg 90w, https:\/\/mouldking.store\/wp-content\/uploads\/2022\/11\/Modular-Buildings-FUNWHOLE-FH9005-Cliff-Castle-Medieval-4.jpg 1600w\" sizes=\"(max-width: 1024px) 100vw, 1024px\" \/><figcaption id=\"caption-attachment-33763\" class=\"wp-caption-text\">FUNWHOLE FH9005 Cliff Castle Medieval mit 1044 Teilen<\/figcaption><\/figure>\n<figure id=\"attachment_33764\" aria-describedby=\"caption-attachment-33764\" style=\"width: 1024px\" class=\"wp-caption aligncenter\"><img loading=\"lazy\" decoding=\"async\" class=\"wp-image-33764 size-large\" src=\"https:\/\/mouldking.store\/wp-content\/uploads\/2022\/11\/Modular-Buildings-FUNWHOLE-FH9005-Cliff-Castle-Medieval-5-1024x1024.jpg\" alt=\" FUNWHOLE FH9005 Cliff Castle Medieval With 1044 Pieces\" width=\"1024\" height=\"1024\" title=\"-\" srcset=\"https:\/\/mouldking.store\/wp-content\/uploads\/2022\/11\/Modular-Buildings-FUNWHOLE-FH9005-Cliff-Castle-Medieval-5-1024x1024.jpg 1024w, https:\/\/mouldking.store\/wp-content\/uploads\/2022\/11\/Modular-Buildings-FUNWHOLE-FH9005-Cliff-Castle-Medieval-5-300x300.jpg 300w, https:\/\/mouldking.store\/wp-content\/uploads\/2022\/11\/Modular-Buildings-FUNWHOLE-FH9005-Cliff-Castle-Medieval-5-768x768.jpg 768w, https:\/\/mouldking.store\/wp-content\/uploads\/2022\/11\/Modular-Buildings-FUNWHOLE-FH9005-Cliff-Castle-Medieval-5-1536x1536.jpg 1536w, https:\/\/mouldking.store\/wp-content\/uploads\/2022\/11\/Modular-Buildings-FUNWHOLE-FH9005-Cliff-Castle-Medieval-5-600x600.jpg 600w, https:\/\/mouldking.store\/wp-content\/uploads\/2022\/11\/Modular-Buildings-FUNWHOLE-FH9005-Cliff-Castle-Medieval-5-150x150.jpg 150w, https:\/\/mouldking.store\/wp-content\/uploads\/2022\/11\/Modular-Buildings-FUNWHOLE-FH9005-Cliff-Castle-Medieval-5-60x60.jpg 60w, https:\/\/mouldking.store\/wp-content\/uploads\/2022\/11\/Modular-Buildings-FUNWHOLE-FH9005-Cliff-Castle-Medieval-5-90x90.jpg 90w, https:\/\/mouldking.store\/wp-content\/uploads\/2022\/11\/Modular-Buildings-FUNWHOLE-FH9005-Cliff-Castle-Medieval-5.jpg 1600w\" sizes=\"(max-width: 1024px) 100vw, 1024px\" \/><figcaption id=\"caption-attachment-33764\" class=\"wp-caption-text\">FUNWHOLE FH9005 Cliff Castle Medieval mit 1044 Teilen<\/figcaption><\/figure>\n<figure id=\"attachment_33765\" aria-describedby=\"caption-attachment-33765\" style=\"width: 1024px\" class=\"wp-caption aligncenter\"><img loading=\"lazy\" decoding=\"async\" class=\"wp-image-33765 size-large\" src=\"https:\/\/mouldking.store\/wp-content\/uploads\/2022\/11\/Modular-Buildings-FUNWHOLE-FH9005-Cliff-Castle-Medieval-6-1024x1024.jpg\" alt=\" FUNWHOLE FH9005 Cliff Castle Medieval With 1044 Pieces\" width=\"1024\" height=\"1024\" title=\"-\" srcset=\"https:\/\/mouldking.store\/wp-content\/uploads\/2022\/11\/Modular-Buildings-FUNWHOLE-FH9005-Cliff-Castle-Medieval-6-1024x1024.jpg 1024w, https:\/\/mouldking.store\/wp-content\/uploads\/2022\/11\/Modular-Buildings-FUNWHOLE-FH9005-Cliff-Castle-Medieval-6-300x300.jpg 300w, https:\/\/mouldking.store\/wp-content\/uploads\/2022\/11\/Modular-Buildings-FUNWHOLE-FH9005-Cliff-Castle-Medieval-6-768x768.jpg 768w, https:\/\/mouldking.store\/wp-content\/uploads\/2022\/11\/Modular-Buildings-FUNWHOLE-FH9005-Cliff-Castle-Medieval-6-1536x1536.jpg 1536w, https:\/\/mouldking.store\/wp-content\/uploads\/2022\/11\/Modular-Buildings-FUNWHOLE-FH9005-Cliff-Castle-Medieval-6-600x600.jpg 600w, https:\/\/mouldking.store\/wp-content\/uploads\/2022\/11\/Modular-Buildings-FUNWHOLE-FH9005-Cliff-Castle-Medieval-6-150x150.jpg 150w, https:\/\/mouldking.store\/wp-content\/uploads\/2022\/11\/Modular-Buildings-FUNWHOLE-FH9005-Cliff-Castle-Medieval-6-60x60.jpg 60w, https:\/\/mouldking.store\/wp-content\/uploads\/2022\/11\/Modular-Buildings-FUNWHOLE-FH9005-Cliff-Castle-Medieval-6-90x90.jpg 90w, https:\/\/mouldking.store\/wp-content\/uploads\/2022\/11\/Modular-Buildings-FUNWHOLE-FH9005-Cliff-Castle-Medieval-6.jpg 1600w\" sizes=\"(max-width: 1024px) 100vw, 1024px\" \/><figcaption id=\"caption-attachment-33765\" class=\"wp-caption-text\">FUNWHOLE FH9005 Cliff Castle Medieval mit 1044 Teilen<\/figcaption><\/figure>\n<figure id=\"attachment_33766\" aria-describedby=\"caption-attachment-33766\" style=\"width: 1024px\" class=\"wp-caption aligncenter\"><img loading=\"lazy\" decoding=\"async\" class=\"wp-image-33766 size-large\" src=\"https:\/\/mouldking.store\/wp-content\/uploads\/2022\/11\/Modular-Buildings-FUNWHOLE-FH9005-Cliff-Castle-Medieval-3-1024x1024.jpg\" alt=\" FUNWHOLE FH9005 Cliff Castle Medieval With 1044 Pieces\" width=\"1024\" height=\"1024\" title=\"-\" srcset=\"https:\/\/mouldking.store\/wp-content\/uploads\/2022\/11\/Modular-Buildings-FUNWHOLE-FH9005-Cliff-Castle-Medieval-3-1024x1024.jpg 1024w, https:\/\/mouldking.store\/wp-content\/uploads\/2022\/11\/Modular-Buildings-FUNWHOLE-FH9005-Cliff-Castle-Medieval-3-300x300.jpg 300w, https:\/\/mouldking.store\/wp-content\/uploads\/2022\/11\/Modular-Buildings-FUNWHOLE-FH9005-Cliff-Castle-Medieval-3-768x768.jpg 768w, https:\/\/mouldking.store\/wp-content\/uploads\/2022\/11\/Modular-Buildings-FUNWHOLE-FH9005-Cliff-Castle-Medieval-3-1536x1536.jpg 1536w, https:\/\/mouldking.store\/wp-content\/uploads\/2022\/11\/Modular-Buildings-FUNWHOLE-FH9005-Cliff-Castle-Medieval-3-600x600.jpg 600w, https:\/\/mouldking.store\/wp-content\/uploads\/2022\/11\/Modular-Buildings-FUNWHOLE-FH9005-Cliff-Castle-Medieval-3-150x150.jpg 150w, https:\/\/mouldking.store\/wp-content\/uploads\/2022\/11\/Modular-Buildings-FUNWHOLE-FH9005-Cliff-Castle-Medieval-3-60x60.jpg 60w, https:\/\/mouldking.store\/wp-content\/uploads\/2022\/11\/Modular-Buildings-FUNWHOLE-FH9005-Cliff-Castle-Medieval-3-90x90.jpg 90w, https:\/\/mouldking.store\/wp-content\/uploads\/2022\/11\/Modular-Buildings-FUNWHOLE-FH9005-Cliff-Castle-Medieval-3.jpg 1600w\" sizes=\"(max-width: 1024px) 100vw, 1024px\" \/><figcaption id=\"caption-attachment-33766\" class=\"wp-caption-text\">FUNWHOLE FH9005 Cliff Castle Medieval mit 1044 Teilen<\/figcaption><\/figure>","protected":false},"excerpt":{"rendered":"<p>Product information: Brand: FUNWHOLE Gender: Unisex Name: Cliff Castle Medieval Age Range: &gt; 6 years old Model Number: FH9005 Classification: Assemblage Plastic Block Shape: Self-Locking Bricks Material: Plastic Plastic Type: ABS Bricks Blocks: 1044 PCS Contains detailed assembly instructions. Notice: 1. Without an original box, but we guarantee our products have quality assurance and nice [&hellip;]<\/p>","protected":false},"featured_media":33761,"comment_status":"closed","ping_status":"closed","template":"","meta":{"_acf_changed":false},"product_cat":[1395],"product_tag":[787,6492,6491,6467,6493,6490,4996],"class_list":["product","first","instock","shipping-taxable","purchasable","product-type-simple"],"acf":[],"_links":{"self":[{"href":"https:\/\/mouldking.store\/de\/wp-json\/wp\/v2\/product\/33753","targetHints":{"allow":["GET"]}}],"collection":[{"href":"https:\/\/mouldking.store\/de\/wp-json\/wp\/v2\/product"}],"about":[{"href":"https:\/\/mouldking.store\/de\/wp-json\/wp\/v2\/types\/product"}],"replies":[{"embeddable":true,"href":"https:\/\/mouldking.store\/de\/wp-json\/wp\/v2\/comments?post=33753"}],"wp:featuredmedia":[{"embeddable":true,"href":"https:\/\/mouldking.store\/de\/wp-json\/wp\/v2\/media\/33761"}],"wp:attachment":[{"href":"https:\/\/mouldking.store\/de\/wp-json\/wp\/v2\/media?parent=33753"}],"wp:term":[{"taxonomy":"product_cat","embeddable":true,"href":"https:\/\/mouldking.store\/de\/wp-json\/wp\/v2\/product_cat?post=33753"},{"taxonomy":"product_tag","embeddable":true,"href":"https:\/\/mouldking.store\/de\/wp-json\/wp\/v2\/product_tag?post=33753"}],"curies":[{"name":"wp","href":"https:\/\/api.w.org\/{rel}","templated":true}]}}