{"id":33836,"date":"2022-11-03T09:19:47","date_gmt":"2022-11-03T02:19:47","guid":{"rendered":"https:\/\/mouldking.store\/?post_type=product&#038;p=33836"},"modified":"2025-12-25T09:12:23","modified_gmt":"2025-12-25T02:12:23","slug":"moc-97338-yt-2400-freighter-outrider-satos-hammer-playset-with-1817-pieces","status":"publish","type":"product","link":"https:\/\/mouldking.store\/de\/shop\/moc-97338-yt-2400-freighter-outrider-satos-hammer-playset-with-1817-pieces\/","title":{"rendered":"MOC-97338 YT-2400 Freighter \/ Outrider \/ Satos Hammer \u2013 Spielset mit 1817 Teilen"},"content":{"rendered":"<p>Produktinformation:<\/p>\n<ol>\n<li>Marke: MOC<\/li>\n<li>Geschlecht: Unisex<\/li>\n<li>Name: YT-2400 Frachter \/ Outrider \/ Satos Hammer \u2013 Spielset<\/li>\n<li>Altersspanne: &gt; 6 Jahre alt<\/li>\n<li>Modellnummer: 97338<\/li>\n<li>Einstufung: Assemblage<\/li>\n<li>Kunststoffblockform: Selbstsichernde Steine<\/li>\n<li>Material: Kunststoff<\/li>\n<li>Kunststofftyp: ABS<\/li>\n<li>Ziegelsteine: 1817 PCS<\/li>\n<li>Gr\u00f6\u00dfe: 245 x 36,8 x 17 cm<\/li>\n<li>Gewicht: 2,01 kg<\/li>\n<li>Enth\u00e4lt eine ausf\u00fchrliche Montageanleitung.<\/li>\n<\/ol>\n<p>Notiz:<br \/>\n1. Ohne Originalverpackung, aber wir garantieren, dass unsere Produkte eine Qualit\u00e4tssicherung und eine sch\u00f6ne Verpackung haben.<br \/>\n2. Wie alle Teile, die wir vor dem Versand \u00fcberpr\u00fcft haben, machen Sie sich keine Sorgen, wenn Sie feststellen, dass einige Teile fehlen oder besch\u00e4digt sind, und kontaktieren Sie uns einfach, und wir k\u00f6nnen sie Ihnen umgehend kostenlos erneut zusenden.<\/p>\n<figure id=\"attachment_33887\" aria-describedby=\"caption-attachment-33887\" style=\"width: 1024px\" class=\"wp-caption aligncenter\"><img fetchpriority=\"high\" decoding=\"async\" class=\"wp-image-33887 size-large\" src=\"https:\/\/mouldking.store\/wp-content\/uploads\/2022\/11\/MOCFACTORY-Product-12-1024x1024.png\" alt=\"MOC-97338 YT-2400 Freighter \/ Outrider \/ Sato\u2019s Hammer \u2013 Playset With 1817 pieces\" width=\"1024\" height=\"1024\" title=\"-\" srcset=\"https:\/\/mouldking.store\/wp-content\/uploads\/2022\/11\/MOCFACTORY-Product-12-1024x1024.png 1024w, https:\/\/mouldking.store\/wp-content\/uploads\/2022\/11\/MOCFACTORY-Product-12-300x300.png 300w, https:\/\/mouldking.store\/wp-content\/uploads\/2022\/11\/MOCFACTORY-Product-12-768x768.png 768w, https:\/\/mouldking.store\/wp-content\/uploads\/2022\/11\/MOCFACTORY-Product-12-600x600.png 600w, https:\/\/mouldking.store\/wp-content\/uploads\/2022\/11\/MOCFACTORY-Product-12-150x150.png 150w, https:\/\/mouldking.store\/wp-content\/uploads\/2022\/11\/MOCFACTORY-Product-12-60x60.png 60w, https:\/\/mouldking.store\/wp-content\/uploads\/2022\/11\/MOCFACTORY-Product-12-90x90.png 90w, https:\/\/mouldking.store\/wp-content\/uploads\/2022\/11\/MOCFACTORY-Product-12.png 1095w\" sizes=\"(max-width: 1024px) 100vw, 1024px\" \/><figcaption id=\"caption-attachment-33887\" class=\"wp-caption-text\">MOC-97338 YT-2400 Freighter \/ Outrider \/ Satos Hammer \u2013 Spielset mit 1817 Teilen<\/figcaption><\/figure>\n<figure id=\"attachment_33838\" aria-describedby=\"caption-attachment-33838\" style=\"width: 800px\" class=\"wp-caption aligncenter\"><img decoding=\"async\" class=\"wp-image-33838 size-full\" src=\"https:\/\/mouldking.store\/wp-content\/uploads\/2022\/11\/Star-Wars-MOC-97338-YT-2400-Freighter-Outrider-Satos-Hammer-Playset-MOCBRICKLAND-4.jpg\" alt=\"MOC-97338 YT-2400 Freighter \/ Outrider \/ Sato\u2019s Hammer \u2013 Playset With 1817 pieces\" width=\"800\" height=\"800\" title=\"-\" srcset=\"https:\/\/mouldking.store\/wp-content\/uploads\/2022\/11\/Star-Wars-MOC-97338-YT-2400-Freighter-Outrider-Satos-Hammer-Playset-MOCBRICKLAND-4.jpg 800w, https:\/\/mouldking.store\/wp-content\/uploads\/2022\/11\/Star-Wars-MOC-97338-YT-2400-Freighter-Outrider-Satos-Hammer-Playset-MOCBRICKLAND-4-300x300.jpg 300w, https:\/\/mouldking.store\/wp-content\/uploads\/2022\/11\/Star-Wars-MOC-97338-YT-2400-Freighter-Outrider-Satos-Hammer-Playset-MOCBRICKLAND-4-768x768.jpg 768w, https:\/\/mouldking.store\/wp-content\/uploads\/2022\/11\/Star-Wars-MOC-97338-YT-2400-Freighter-Outrider-Satos-Hammer-Playset-MOCBRICKLAND-4-600x600.jpg 600w, https:\/\/mouldking.store\/wp-content\/uploads\/2022\/11\/Star-Wars-MOC-97338-YT-2400-Freighter-Outrider-Satos-Hammer-Playset-MOCBRICKLAND-4-150x150.jpg 150w, https:\/\/mouldking.store\/wp-content\/uploads\/2022\/11\/Star-Wars-MOC-97338-YT-2400-Freighter-Outrider-Satos-Hammer-Playset-MOCBRICKLAND-4-60x60.jpg 60w, https:\/\/mouldking.store\/wp-content\/uploads\/2022\/11\/Star-Wars-MOC-97338-YT-2400-Freighter-Outrider-Satos-Hammer-Playset-MOCBRICKLAND-4-90x90.jpg 90w\" sizes=\"(max-width: 800px) 100vw, 800px\" \/><figcaption id=\"caption-attachment-33838\" class=\"wp-caption-text\">MOC-97338 YT-2400 Freighter \/ Outrider \/ Satos Hammer \u2013 Spielset mit 1817 Teilen<\/figcaption><\/figure>\n<figure id=\"attachment_33839\" aria-describedby=\"caption-attachment-33839\" style=\"width: 800px\" class=\"wp-caption aligncenter\"><img decoding=\"async\" class=\"wp-image-33839 size-full\" src=\"https:\/\/mouldking.store\/wp-content\/uploads\/2022\/11\/Star-Wars-MOC-97338-YT-2400-Freighter-Outrider-Satos-Hammer-Playset-MOCBRICKLAND-3.jpg\" alt=\"MOC-97338 YT-2400 Freighter \/ Outrider \/ Sato\u2019s Hammer \u2013 Playset With 1817 pieces\" width=\"800\" height=\"800\" title=\"-\" srcset=\"https:\/\/mouldking.store\/wp-content\/uploads\/2022\/11\/Star-Wars-MOC-97338-YT-2400-Freighter-Outrider-Satos-Hammer-Playset-MOCBRICKLAND-3.jpg 800w, https:\/\/mouldking.store\/wp-content\/uploads\/2022\/11\/Star-Wars-MOC-97338-YT-2400-Freighter-Outrider-Satos-Hammer-Playset-MOCBRICKLAND-3-300x300.jpg 300w, https:\/\/mouldking.store\/wp-content\/uploads\/2022\/11\/Star-Wars-MOC-97338-YT-2400-Freighter-Outrider-Satos-Hammer-Playset-MOCBRICKLAND-3-768x768.jpg 768w, https:\/\/mouldking.store\/wp-content\/uploads\/2022\/11\/Star-Wars-MOC-97338-YT-2400-Freighter-Outrider-Satos-Hammer-Playset-MOCBRICKLAND-3-600x600.jpg 600w, https:\/\/mouldking.store\/wp-content\/uploads\/2022\/11\/Star-Wars-MOC-97338-YT-2400-Freighter-Outrider-Satos-Hammer-Playset-MOCBRICKLAND-3-150x150.jpg 150w, https:\/\/mouldking.store\/wp-content\/uploads\/2022\/11\/Star-Wars-MOC-97338-YT-2400-Freighter-Outrider-Satos-Hammer-Playset-MOCBRICKLAND-3-60x60.jpg 60w, https:\/\/mouldking.store\/wp-content\/uploads\/2022\/11\/Star-Wars-MOC-97338-YT-2400-Freighter-Outrider-Satos-Hammer-Playset-MOCBRICKLAND-3-90x90.jpg 90w\" sizes=\"(max-width: 800px) 100vw, 800px\" \/><figcaption id=\"caption-attachment-33839\" class=\"wp-caption-text\">MOC-97338 YT-2400 Freighter \/ Outrider \/ Satos Hammer \u2013 Spielset mit 1817 Teilen<\/figcaption><\/figure>\n<figure id=\"attachment_33840\" aria-describedby=\"caption-attachment-33840\" style=\"width: 800px\" class=\"wp-caption aligncenter\"><img loading=\"lazy\" decoding=\"async\" class=\"wp-image-33840 size-full\" src=\"https:\/\/mouldking.store\/wp-content\/uploads\/2022\/11\/Star-Wars-MOC-97338-YT-2400-Freighter-Outrider-Satos-Hammer-Playset-MOCBRICKLAND-2.jpg\" alt=\"MOC-97338 YT-2400 Freighter \/ Outrider \/ Sato\u2019s Hammer \u2013 Playset With 1817 pieces\" width=\"800\" height=\"800\" title=\"-\" srcset=\"https:\/\/mouldking.store\/wp-content\/uploads\/2022\/11\/Star-Wars-MOC-97338-YT-2400-Freighter-Outrider-Satos-Hammer-Playset-MOCBRICKLAND-2.jpg 800w, https:\/\/mouldking.store\/wp-content\/uploads\/2022\/11\/Star-Wars-MOC-97338-YT-2400-Freighter-Outrider-Satos-Hammer-Playset-MOCBRICKLAND-2-300x300.jpg 300w, https:\/\/mouldking.store\/wp-content\/uploads\/2022\/11\/Star-Wars-MOC-97338-YT-2400-Freighter-Outrider-Satos-Hammer-Playset-MOCBRICKLAND-2-768x768.jpg 768w, https:\/\/mouldking.store\/wp-content\/uploads\/2022\/11\/Star-Wars-MOC-97338-YT-2400-Freighter-Outrider-Satos-Hammer-Playset-MOCBRICKLAND-2-600x600.jpg 600w, https:\/\/mouldking.store\/wp-content\/uploads\/2022\/11\/Star-Wars-MOC-97338-YT-2400-Freighter-Outrider-Satos-Hammer-Playset-MOCBRICKLAND-2-150x150.jpg 150w, https:\/\/mouldking.store\/wp-content\/uploads\/2022\/11\/Star-Wars-MOC-97338-YT-2400-Freighter-Outrider-Satos-Hammer-Playset-MOCBRICKLAND-2-60x60.jpg 60w, https:\/\/mouldking.store\/wp-content\/uploads\/2022\/11\/Star-Wars-MOC-97338-YT-2400-Freighter-Outrider-Satos-Hammer-Playset-MOCBRICKLAND-2-90x90.jpg 90w\" sizes=\"(max-width: 800px) 100vw, 800px\" \/><figcaption id=\"caption-attachment-33840\" class=\"wp-caption-text\">MOC-97338 YT-2400 Freighter \/ Outrider \/ Satos Hammer \u2013 Spielset mit 1817 Teilen<\/figcaption><\/figure>\n<figure id=\"attachment_33841\" aria-describedby=\"caption-attachment-33841\" style=\"width: 800px\" class=\"wp-caption aligncenter\"><img loading=\"lazy\" decoding=\"async\" class=\"wp-image-33841 size-full\" src=\"https:\/\/mouldking.store\/wp-content\/uploads\/2022\/11\/Star-Wars-MOC-97338-YT-2400-Freighter-Outrider-Satos-Hammer-Playset-MOCBRICKLAND-5.jpg\" alt=\"MOC-97338 YT-2400 Freighter \/ Outrider \/ Sato\u2019s Hammer \u2013 Playset With 1817 pieces\" width=\"800\" height=\"800\" title=\"-\" srcset=\"https:\/\/mouldking.store\/wp-content\/uploads\/2022\/11\/Star-Wars-MOC-97338-YT-2400-Freighter-Outrider-Satos-Hammer-Playset-MOCBRICKLAND-5.jpg 800w, https:\/\/mouldking.store\/wp-content\/uploads\/2022\/11\/Star-Wars-MOC-97338-YT-2400-Freighter-Outrider-Satos-Hammer-Playset-MOCBRICKLAND-5-300x300.jpg 300w, https:\/\/mouldking.store\/wp-content\/uploads\/2022\/11\/Star-Wars-MOC-97338-YT-2400-Freighter-Outrider-Satos-Hammer-Playset-MOCBRICKLAND-5-768x768.jpg 768w, https:\/\/mouldking.store\/wp-content\/uploads\/2022\/11\/Star-Wars-MOC-97338-YT-2400-Freighter-Outrider-Satos-Hammer-Playset-MOCBRICKLAND-5-600x600.jpg 600w, https:\/\/mouldking.store\/wp-content\/uploads\/2022\/11\/Star-Wars-MOC-97338-YT-2400-Freighter-Outrider-Satos-Hammer-Playset-MOCBRICKLAND-5-150x150.jpg 150w, https:\/\/mouldking.store\/wp-content\/uploads\/2022\/11\/Star-Wars-MOC-97338-YT-2400-Freighter-Outrider-Satos-Hammer-Playset-MOCBRICKLAND-5-60x60.jpg 60w, https:\/\/mouldking.store\/wp-content\/uploads\/2022\/11\/Star-Wars-MOC-97338-YT-2400-Freighter-Outrider-Satos-Hammer-Playset-MOCBRICKLAND-5-90x90.jpg 90w\" sizes=\"(max-width: 800px) 100vw, 800px\" \/><figcaption id=\"caption-attachment-33841\" class=\"wp-caption-text\">MOC-97338 YT-2400 Freighter \/ Outrider \/ Satos Hammer \u2013 Spielset mit 1817 Teilen<\/figcaption><\/figure>","protected":false},"excerpt":{"rendered":"<p>Product information: Brand: MOC Gender: Unisex Name: YT-2400 Freighter \/ Outrider \/ Sato\u2019s Hammer \u2013 Playset Age Range: &gt; 6 years old Model Number: 97338 Classification: Assemblage Plastic Block Shape: Self-Locking Bricks Material: Plastic Plastic Type: ABS Bricks Blocks: 1817 PCS Size: \u00a0245 x 36.8 x 17 cm Weight:2.01 kg Contains detailed assembly instructions. Notice: [&hellip;]<\/p>","protected":false},"featured_media":33887,"comment_status":"closed","ping_status":"closed","template":"","meta":{"_acf_changed":false},"product_cat":[415],"product_tag":[6552,6550,6549,6553,6555,6554,6551,6556],"class_list":["product","first","instock","shipping-taxable","purchasable","product-type-simple"],"acf":[],"_links":{"self":[{"href":"https:\/\/mouldking.store\/de\/wp-json\/wp\/v2\/product\/33836","targetHints":{"allow":["GET"]}}],"collection":[{"href":"https:\/\/mouldking.store\/de\/wp-json\/wp\/v2\/product"}],"about":[{"href":"https:\/\/mouldking.store\/de\/wp-json\/wp\/v2\/types\/product"}],"replies":[{"embeddable":true,"href":"https:\/\/mouldking.store\/de\/wp-json\/wp\/v2\/comments?post=33836"}],"wp:featuredmedia":[{"embeddable":true,"href":"https:\/\/mouldking.store\/de\/wp-json\/wp\/v2\/media\/33887"}],"wp:attachment":[{"href":"https:\/\/mouldking.store\/de\/wp-json\/wp\/v2\/media?parent=33836"}],"wp:term":[{"taxonomy":"product_cat","embeddable":true,"href":"https:\/\/mouldking.store\/de\/wp-json\/wp\/v2\/product_cat?post=33836"},{"taxonomy":"product_tag","embeddable":true,"href":"https:\/\/mouldking.store\/de\/wp-json\/wp\/v2\/product_tag?post=33836"}],"curies":[{"name":"wp","href":"https:\/\/api.w.org\/{rel}","templated":true}]}}