{"id":33914,"date":"2022-11-04T10:00:16","date_gmt":"2022-11-04T03:00:16","guid":{"rendered":"https:\/\/mouldking.store\/?post_type=product&#038;p=33914"},"modified":"2022-11-04T10:00:16","modified_gmt":"2022-11-04T03:00:16","slug":"k-box-10505-fashion-sports-car-with-2421pcs","status":"publish","type":"product","link":"https:\/\/mouldking.store\/de\/shop\/k-box-10505-fashion-sports-car-with-2421pcs\/","title":{"rendered":"K-Box 10505 Modesportwagen mit 2421tlg"},"content":{"rendered":"<p>Produktinformation:<\/p>\n<ol>\n<li>Marke: K-Box<\/li>\n<li>Geschlecht: Unisex<\/li>\n<li>Name: Modesportwagen<\/li>\n<li>Altersspanne: &gt; 6 Jahre alt<\/li>\n<li>Modellnummer: 10505<\/li>\n<li>Einstufung: Assemblage<\/li>\n<li>Kunststoffblockform: Selbstsichernde Steine<\/li>\n<li>Material: Kunststoff<\/li>\n<li>Kunststofftyp: ABS<\/li>\n<li>Ziegelsteine: 2421 PCS<\/li>\n<li>Abmessungen: 25 x 42 x 18 cm<\/li>\n<li>Enth\u00e4lt eine ausf\u00fchrliche Montageanleitung.<\/li>\n<\/ol>\n<p>Notiz:<br \/>\n1. Ohne Originalverpackung, aber wir garantieren, dass unsere Produkte eine Qualit\u00e4tssicherung und eine sch\u00f6ne Verpackung haben.<br \/>\n2. Wie alle Teile, die wir vor dem Versand \u00fcberpr\u00fcft haben, machen Sie sich keine Sorgen, wenn Sie feststellen, dass einige Teile fehlen oder besch\u00e4digt sind, und kontaktieren Sie uns einfach, und wir k\u00f6nnen sie Ihnen umgehend kostenlos erneut zusenden.<\/p>\n<figure id=\"attachment_33915\" aria-describedby=\"caption-attachment-33915\" style=\"width: 800px\" class=\"wp-caption aligncenter\"><img fetchpriority=\"high\" decoding=\"async\" class=\"wp-image-33915 size-full\" src=\"https:\/\/mouldking.store\/wp-content\/uploads\/2022\/11\/K-Box-10505-3.jpg\" alt=\"K-Box 10505 Fashion Sports Car With 2421pcs \" width=\"800\" height=\"800\" title=\"-\" srcset=\"https:\/\/mouldking.store\/wp-content\/uploads\/2022\/11\/K-Box-10505-3.jpg 800w, https:\/\/mouldking.store\/wp-content\/uploads\/2022\/11\/K-Box-10505-3-300x300.jpg 300w, https:\/\/mouldking.store\/wp-content\/uploads\/2022\/11\/K-Box-10505-3-768x768.jpg 768w, https:\/\/mouldking.store\/wp-content\/uploads\/2022\/11\/K-Box-10505-3-600x600.jpg 600w, https:\/\/mouldking.store\/wp-content\/uploads\/2022\/11\/K-Box-10505-3-150x150.jpg 150w, https:\/\/mouldking.store\/wp-content\/uploads\/2022\/11\/K-Box-10505-3-60x60.jpg 60w, https:\/\/mouldking.store\/wp-content\/uploads\/2022\/11\/K-Box-10505-3-90x90.jpg 90w\" sizes=\"(max-width: 800px) 100vw, 800px\" \/><figcaption id=\"caption-attachment-33915\" class=\"wp-caption-text\">K-Box 10505 Modesportwagen mit 2421tlg<\/figcaption><\/figure>\n<figure id=\"attachment_33916\" aria-describedby=\"caption-attachment-33916\" style=\"width: 800px\" class=\"wp-caption aligncenter\"><img decoding=\"async\" class=\"wp-image-33916 size-full\" src=\"https:\/\/mouldking.store\/wp-content\/uploads\/2022\/11\/K-Box-10505-2.jpg\" alt=\"K-Box 10505 Fashion Sports Car With 2421pcs \" width=\"800\" height=\"800\" title=\"-\" srcset=\"https:\/\/mouldking.store\/wp-content\/uploads\/2022\/11\/K-Box-10505-2.jpg 800w, https:\/\/mouldking.store\/wp-content\/uploads\/2022\/11\/K-Box-10505-2-300x300.jpg 300w, https:\/\/mouldking.store\/wp-content\/uploads\/2022\/11\/K-Box-10505-2-768x768.jpg 768w, https:\/\/mouldking.store\/wp-content\/uploads\/2022\/11\/K-Box-10505-2-600x600.jpg 600w, https:\/\/mouldking.store\/wp-content\/uploads\/2022\/11\/K-Box-10505-2-150x150.jpg 150w, https:\/\/mouldking.store\/wp-content\/uploads\/2022\/11\/K-Box-10505-2-60x60.jpg 60w, https:\/\/mouldking.store\/wp-content\/uploads\/2022\/11\/K-Box-10505-2-90x90.jpg 90w\" sizes=\"(max-width: 800px) 100vw, 800px\" \/><figcaption id=\"caption-attachment-33916\" class=\"wp-caption-text\">K-Box 10505 Modesportwagen mit 2421tlg<\/figcaption><\/figure>\n<figure id=\"attachment_33917\" aria-describedby=\"caption-attachment-33917\" style=\"width: 800px\" class=\"wp-caption aligncenter\"><img decoding=\"async\" class=\"wp-image-33917 size-full\" src=\"https:\/\/mouldking.store\/wp-content\/uploads\/2022\/11\/K-Box-10505-1.jpg\" alt=\"K-Box 10505 Fashion Sports Car With 2421pcs \" width=\"800\" height=\"800\" title=\"-\" srcset=\"https:\/\/mouldking.store\/wp-content\/uploads\/2022\/11\/K-Box-10505-1.jpg 800w, https:\/\/mouldking.store\/wp-content\/uploads\/2022\/11\/K-Box-10505-1-300x300.jpg 300w, https:\/\/mouldking.store\/wp-content\/uploads\/2022\/11\/K-Box-10505-1-768x768.jpg 768w, https:\/\/mouldking.store\/wp-content\/uploads\/2022\/11\/K-Box-10505-1-600x600.jpg 600w, https:\/\/mouldking.store\/wp-content\/uploads\/2022\/11\/K-Box-10505-1-150x150.jpg 150w, https:\/\/mouldking.store\/wp-content\/uploads\/2022\/11\/K-Box-10505-1-60x60.jpg 60w, https:\/\/mouldking.store\/wp-content\/uploads\/2022\/11\/K-Box-10505-1-90x90.jpg 90w\" sizes=\"(max-width: 800px) 100vw, 800px\" \/><figcaption id=\"caption-attachment-33917\" class=\"wp-caption-text\">K-Box 10505 Modesportwagen mit 2421tlg<\/figcaption><\/figure>\n<figure id=\"attachment_33918\" aria-describedby=\"caption-attachment-33918\" style=\"width: 800px\" class=\"wp-caption aligncenter\"><img loading=\"lazy\" decoding=\"async\" class=\"wp-image-33918 size-full\" src=\"https:\/\/mouldking.store\/wp-content\/uploads\/2022\/11\/K-Box-10505.jpg\" alt=\"K-Box 10505 Fashion Sports Car With 2421pcs \" width=\"800\" height=\"800\" title=\"-\" srcset=\"https:\/\/mouldking.store\/wp-content\/uploads\/2022\/11\/K-Box-10505.jpg 800w, https:\/\/mouldking.store\/wp-content\/uploads\/2022\/11\/K-Box-10505-300x300.jpg 300w, https:\/\/mouldking.store\/wp-content\/uploads\/2022\/11\/K-Box-10505-768x768.jpg 768w, https:\/\/mouldking.store\/wp-content\/uploads\/2022\/11\/K-Box-10505-600x600.jpg 600w, https:\/\/mouldking.store\/wp-content\/uploads\/2022\/11\/K-Box-10505-150x150.jpg 150w, https:\/\/mouldking.store\/wp-content\/uploads\/2022\/11\/K-Box-10505-60x60.jpg 60w, https:\/\/mouldking.store\/wp-content\/uploads\/2022\/11\/K-Box-10505-90x90.jpg 90w\" sizes=\"(max-width: 800px) 100vw, 800px\" \/><figcaption id=\"caption-attachment-33918\" class=\"wp-caption-text\">K-Box 10505 Modesportwagen mit 2421tlg<\/figcaption><\/figure>","protected":false},"excerpt":{"rendered":"<p>Product information: Brand: K-Box Gender: Unisex Name: Fashion Sports Car Age Range: &gt; 6 years old Model Number: 10505 Classification: Assemblage Plastic Block Shape: Self-Locking Bricks Material: Plastic Plastic Type: ABS Bricks Blocks: 2421 PCS Dimensions: 25x42x18cm Contains detailed assembly instructions. Notice: 1. Without an original box, but we guarantee our products have quality assurance [&hellip;]<\/p>","protected":false},"featured_media":33915,"comment_status":"closed","ping_status":"closed","template":"","meta":{"_acf_changed":false},"product_cat":[1360,1357],"product_tag":[6586,6587,6588,2969,6589,6585,5166],"class_list":["product","first","instock","shipping-taxable","purchasable","product-type-variable"],"acf":[],"_links":{"self":[{"href":"https:\/\/mouldking.store\/de\/wp-json\/wp\/v2\/product\/33914","targetHints":{"allow":["GET"]}}],"collection":[{"href":"https:\/\/mouldking.store\/de\/wp-json\/wp\/v2\/product"}],"about":[{"href":"https:\/\/mouldking.store\/de\/wp-json\/wp\/v2\/types\/product"}],"replies":[{"embeddable":true,"href":"https:\/\/mouldking.store\/de\/wp-json\/wp\/v2\/comments?post=33914"}],"wp:featuredmedia":[{"embeddable":true,"href":"https:\/\/mouldking.store\/de\/wp-json\/wp\/v2\/media\/33915"}],"wp:attachment":[{"href":"https:\/\/mouldking.store\/de\/wp-json\/wp\/v2\/media?parent=33914"}],"wp:term":[{"taxonomy":"product_cat","embeddable":true,"href":"https:\/\/mouldking.store\/de\/wp-json\/wp\/v2\/product_cat?post=33914"},{"taxonomy":"product_tag","embeddable":true,"href":"https:\/\/mouldking.store\/de\/wp-json\/wp\/v2\/product_tag?post=33914"}],"curies":[{"name":"wp","href":"https:\/\/api.w.org\/{rel}","templated":true}]}}