{"id":33941,"date":"2022-11-04T10:45:55","date_gmt":"2022-11-04T03:45:55","guid":{"rendered":"https:\/\/mouldking.store\/?post_type=product&#038;p=33941"},"modified":"2022-11-04T10:45:56","modified_gmt":"2022-11-04T03:45:56","slug":"mork-10204-cube-brown-modern-villa-with-3591-pieces","status":"publish","type":"product","link":"https:\/\/mouldking.store\/de\/shop\/mork-10204-cube-brown-modern-villa-with-3591-pieces\/","title":{"rendered":"Mork 10204 Cube Brown Moderne Villa mit 3591 Teilen"},"content":{"rendered":"<p>Produktinformation:<\/p>\n<ol>\n<li>Marke: Morke<\/li>\n<li>Geschlecht: Unisex<\/li>\n<li>Name: Cube Brown Modern Villa<\/li>\n<li>Altersspanne: &gt; 6 Jahre alt<\/li>\n<li>Model Number: 10204<\/li>\n<li>Einstufung: Assemblage<\/li>\n<li>Kunststoffblockform: Selbstsichernde Steine<\/li>\n<li>Material: Kunststoff<\/li>\n<li>Kunststofftyp: ABS<\/li>\n<li>Bricks Blocks: 3591 PCS<\/li>\n<li>Dimensions: 27 x 26.4 x 31.9 cm<\/li>\n<li>Enth\u00e4lt eine ausf\u00fchrliche Montageanleitung.<\/li>\n<\/ol>\n<p>Notiz:<br \/>\n1. Ohne Originalverpackung, aber wir garantieren, dass unsere Produkte eine Qualit\u00e4tssicherung und eine sch\u00f6ne Verpackung haben.<br \/>\n2. Wie alle Teile, die wir vor dem Versand \u00fcberpr\u00fcft haben, machen Sie sich keine Sorgen, wenn Sie feststellen, dass einige Teile fehlen oder besch\u00e4digt sind, und kontaktieren Sie uns einfach, und wir k\u00f6nnen sie Ihnen umgehend kostenlos erneut zusenden.<\/p>\n<figure id=\"attachment_33942\" aria-describedby=\"caption-attachment-33942\" style=\"width: 800px\" class=\"wp-caption aligncenter\"><img fetchpriority=\"high\" decoding=\"async\" class=\"wp-image-33942 size-full\" src=\"https:\/\/mouldking.store\/wp-content\/uploads\/2022\/11\/10204-3.jpg\" alt=\"Mork 10204 Cube Brown Modern Villa With 3591 Pieces\" width=\"800\" height=\"800\" title=\"-\" srcset=\"https:\/\/mouldking.store\/wp-content\/uploads\/2022\/11\/10204-3.jpg 800w, https:\/\/mouldking.store\/wp-content\/uploads\/2022\/11\/10204-3-300x300.jpg 300w, https:\/\/mouldking.store\/wp-content\/uploads\/2022\/11\/10204-3-768x768.jpg 768w, https:\/\/mouldking.store\/wp-content\/uploads\/2022\/11\/10204-3-600x600.jpg 600w, https:\/\/mouldking.store\/wp-content\/uploads\/2022\/11\/10204-3-150x150.jpg 150w, https:\/\/mouldking.store\/wp-content\/uploads\/2022\/11\/10204-3-60x60.jpg 60w, https:\/\/mouldking.store\/wp-content\/uploads\/2022\/11\/10204-3-90x90.jpg 90w\" sizes=\"(max-width: 800px) 100vw, 800px\" \/><figcaption id=\"caption-attachment-33942\" class=\"wp-caption-text\">Mork 10204 Cube Brown Moderne Villa mit 3591 Teilen<\/figcaption><\/figure>\n<figure id=\"attachment_33943\" aria-describedby=\"caption-attachment-33943\" style=\"width: 800px\" class=\"wp-caption aligncenter\"><img decoding=\"async\" class=\"wp-image-33943 size-full\" src=\"https:\/\/mouldking.store\/wp-content\/uploads\/2022\/11\/10204-2.jpg\" alt=\"Mork 10204 Cube Brown Modern Villa With 3591 Pieces\" width=\"800\" height=\"800\" title=\"-\" srcset=\"https:\/\/mouldking.store\/wp-content\/uploads\/2022\/11\/10204-2.jpg 800w, https:\/\/mouldking.store\/wp-content\/uploads\/2022\/11\/10204-2-300x300.jpg 300w, https:\/\/mouldking.store\/wp-content\/uploads\/2022\/11\/10204-2-768x768.jpg 768w, https:\/\/mouldking.store\/wp-content\/uploads\/2022\/11\/10204-2-600x600.jpg 600w, https:\/\/mouldking.store\/wp-content\/uploads\/2022\/11\/10204-2-150x150.jpg 150w, https:\/\/mouldking.store\/wp-content\/uploads\/2022\/11\/10204-2-60x60.jpg 60w, https:\/\/mouldking.store\/wp-content\/uploads\/2022\/11\/10204-2-90x90.jpg 90w\" sizes=\"(max-width: 800px) 100vw, 800px\" \/><figcaption id=\"caption-attachment-33943\" class=\"wp-caption-text\">Mork 10204 Cube Brown Moderne Villa mit 3591 Teilen<\/figcaption><\/figure>\n<figure id=\"attachment_33944\" aria-describedby=\"caption-attachment-33944\" style=\"width: 800px\" class=\"wp-caption aligncenter\"><img decoding=\"async\" class=\"wp-image-33944 size-full\" src=\"https:\/\/mouldking.store\/wp-content\/uploads\/2022\/11\/10204-1.jpg\" alt=\"Mork 10204 Cube Brown Modern Villa With 3591 Pieces\" width=\"800\" height=\"800\" title=\"-\" srcset=\"https:\/\/mouldking.store\/wp-content\/uploads\/2022\/11\/10204-1.jpg 800w, https:\/\/mouldking.store\/wp-content\/uploads\/2022\/11\/10204-1-300x300.jpg 300w, https:\/\/mouldking.store\/wp-content\/uploads\/2022\/11\/10204-1-768x768.jpg 768w, https:\/\/mouldking.store\/wp-content\/uploads\/2022\/11\/10204-1-600x600.jpg 600w, https:\/\/mouldking.store\/wp-content\/uploads\/2022\/11\/10204-1-150x150.jpg 150w, https:\/\/mouldking.store\/wp-content\/uploads\/2022\/11\/10204-1-60x60.jpg 60w, https:\/\/mouldking.store\/wp-content\/uploads\/2022\/11\/10204-1-90x90.jpg 90w\" sizes=\"(max-width: 800px) 100vw, 800px\" \/><figcaption id=\"caption-attachment-33944\" class=\"wp-caption-text\">Mork 10204 Cube Brown Moderne Villa mit 3591 Teilen<\/figcaption><\/figure>\n<figure id=\"attachment_33945\" aria-describedby=\"caption-attachment-33945\" style=\"width: 800px\" class=\"wp-caption aligncenter\"><img loading=\"lazy\" decoding=\"async\" class=\"wp-image-33945 size-full\" src=\"https:\/\/mouldking.store\/wp-content\/uploads\/2022\/11\/10204.jpg\" alt=\"Mork 10204 Cube Brown Modern Villa With 3591 Pieces\" width=\"800\" height=\"800\" title=\"-\" srcset=\"https:\/\/mouldking.store\/wp-content\/uploads\/2022\/11\/10204.jpg 800w, https:\/\/mouldking.store\/wp-content\/uploads\/2022\/11\/10204-300x300.jpg 300w, https:\/\/mouldking.store\/wp-content\/uploads\/2022\/11\/10204-768x768.jpg 768w, https:\/\/mouldking.store\/wp-content\/uploads\/2022\/11\/10204-600x600.jpg 600w, https:\/\/mouldking.store\/wp-content\/uploads\/2022\/11\/10204-150x150.jpg 150w, https:\/\/mouldking.store\/wp-content\/uploads\/2022\/11\/10204-60x60.jpg 60w, https:\/\/mouldking.store\/wp-content\/uploads\/2022\/11\/10204-90x90.jpg 90w\" sizes=\"(max-width: 800px) 100vw, 800px\" \/><figcaption id=\"caption-attachment-33945\" class=\"wp-caption-text\">Mork 10204 Cube Brown Moderne Villa mit 3591 Teilen<\/figcaption><\/figure>","protected":false},"excerpt":{"rendered":"<p>Product information: Brand: Mork Gender: Unisex Name: Cube Brown Modern Villa Age Range: &gt; 6 years old Model Number: 10204 Classification: Assemblage Plastic Block Shape: Self-Locking Bricks Material: Plastic Plastic Type: ABS Bricks Blocks: 3591 PCS Dimensions: 27 x 26.4 x 31.9 cm Contains detailed assembly instructions. Notice: 1. Without an original box, but we [&hellip;]<\/p>","protected":false},"featured_media":33942,"comment_status":"closed","ping_status":"closed","template":"","meta":{"_acf_changed":false},"product_cat":[1395],"product_tag":[6613,6615,6346,2352,6616,6612,6614],"class_list":["product","first","instock","shipping-taxable","purchasable","product-type-simple"],"acf":[],"_links":{"self":[{"href":"https:\/\/mouldking.store\/de\/wp-json\/wp\/v2\/product\/33941","targetHints":{"allow":["GET"]}}],"collection":[{"href":"https:\/\/mouldking.store\/de\/wp-json\/wp\/v2\/product"}],"about":[{"href":"https:\/\/mouldking.store\/de\/wp-json\/wp\/v2\/types\/product"}],"replies":[{"embeddable":true,"href":"https:\/\/mouldking.store\/de\/wp-json\/wp\/v2\/comments?post=33941"}],"wp:featuredmedia":[{"embeddable":true,"href":"https:\/\/mouldking.store\/de\/wp-json\/wp\/v2\/media\/33942"}],"wp:attachment":[{"href":"https:\/\/mouldking.store\/de\/wp-json\/wp\/v2\/media?parent=33941"}],"wp:term":[{"taxonomy":"product_cat","embeddable":true,"href":"https:\/\/mouldking.store\/de\/wp-json\/wp\/v2\/product_cat?post=33941"},{"taxonomy":"product_tag","embeddable":true,"href":"https:\/\/mouldking.store\/de\/wp-json\/wp\/v2\/product_tag?post=33941"}],"curies":[{"name":"wp","href":"https:\/\/api.w.org\/{rel}","templated":true}]}}