{"id":33947,"date":"2022-11-04T10:52:43","date_gmt":"2022-11-04T03:52:43","guid":{"rendered":"https:\/\/mouldking.store\/?post_type=product&#038;p=33947"},"modified":"2022-11-04T10:52:43","modified_gmt":"2022-11-04T03:52:43","slug":"mould-king-13159-cute-happy-fox-with-438-pcs","status":"publish","type":"product","link":"https:\/\/mouldking.store\/de\/shop\/mould-king-13159-cute-happy-fox-with-438-pcs\/","title":{"rendered":"FORM K\u00d6NIG 13159 S\u00fc\u00dfer Fr\u00f6hlicher FUCHS Mit 438-tlg"},"content":{"rendered":"<p>Produktinformation:<\/p>\n<ol>\n<li>Marke: MOLD KING<\/li>\n<li>Geschlecht: Unisex<\/li>\n<li>Name: Cute Happy FOX<\/li>\n<li>Altersspanne: &gt; 6 Jahre alt<\/li>\n<li>Model Number: 13159<\/li>\n<li>Einstufung: Assemblage<\/li>\n<li>Kunststoffblockform: Selbstsichernde Steine<\/li>\n<li>Material: Kunststoff<\/li>\n<li>Kunststofftyp: ABS<\/li>\n<li>Bricks Blocks: 438 PCS<\/li>\n<li>Dimensions: 16 \u00d7 15.8 \u00d7 17.8 cm<\/li>\n<li>Enth\u00e4lt eine ausf\u00fchrliche Montageanleitung.<\/li>\n<\/ol>\n<p>Notiz:<br \/>\n1. Ohne Originalverpackung, aber wir garantieren, dass unsere Produkte eine Qualit\u00e4tssicherung und eine sch\u00f6ne Verpackung haben.<br \/>\n2. Wie alle Teile, die wir vor dem Versand \u00fcberpr\u00fcft haben, machen Sie sich keine Sorgen, wenn Sie feststellen, dass einige Teile fehlen oder besch\u00e4digt sind, und kontaktieren Sie uns einfach, und wir k\u00f6nnen sie Ihnen umgehend kostenlos erneut zusenden.<\/p>\n<figure id=\"attachment_33948\" aria-describedby=\"caption-attachment-33948\" style=\"width: 800px\" class=\"wp-caption aligncenter\"><img fetchpriority=\"high\" decoding=\"async\" class=\"wp-image-33948 size-full\" src=\"https:\/\/mouldking.store\/wp-content\/uploads\/2022\/11\/MK13159-1-5fc0.jpg\" alt=\"MOULD KING 13159 Cute Happy FOX With 438 pcs\" width=\"800\" height=\"800\" title=\"-\" srcset=\"https:\/\/mouldking.store\/wp-content\/uploads\/2022\/11\/MK13159-1-5fc0.jpg 800w, https:\/\/mouldking.store\/wp-content\/uploads\/2022\/11\/MK13159-1-5fc0-300x300.jpg 300w, https:\/\/mouldking.store\/wp-content\/uploads\/2022\/11\/MK13159-1-5fc0-768x768.jpg 768w, https:\/\/mouldking.store\/wp-content\/uploads\/2022\/11\/MK13159-1-5fc0-600x600.jpg 600w, https:\/\/mouldking.store\/wp-content\/uploads\/2022\/11\/MK13159-1-5fc0-150x150.jpg 150w, https:\/\/mouldking.store\/wp-content\/uploads\/2022\/11\/MK13159-1-5fc0-60x60.jpg 60w, https:\/\/mouldking.store\/wp-content\/uploads\/2022\/11\/MK13159-1-5fc0-90x90.jpg 90w\" sizes=\"(max-width: 800px) 100vw, 800px\" \/><figcaption id=\"caption-attachment-33948\" class=\"wp-caption-text\">FORM K\u00d6NIG 13159 S\u00fc\u00dfer Fr\u00f6hlicher FUCHS Mit 438-tlg<\/figcaption><\/figure>\n<figure id=\"attachment_33949\" aria-describedby=\"caption-attachment-33949\" style=\"width: 800px\" class=\"wp-caption aligncenter\"><img decoding=\"async\" class=\"wp-image-33949 size-full\" src=\"https:\/\/mouldking.store\/wp-content\/uploads\/2022\/11\/MK13159-3-0daf.jpg\" alt=\"MOULD KING 13159 Cute Happy FOX With 438 pcs\" width=\"800\" height=\"800\" title=\"-\" srcset=\"https:\/\/mouldking.store\/wp-content\/uploads\/2022\/11\/MK13159-3-0daf.jpg 800w, https:\/\/mouldking.store\/wp-content\/uploads\/2022\/11\/MK13159-3-0daf-300x300.jpg 300w, https:\/\/mouldking.store\/wp-content\/uploads\/2022\/11\/MK13159-3-0daf-768x768.jpg 768w, https:\/\/mouldking.store\/wp-content\/uploads\/2022\/11\/MK13159-3-0daf-600x600.jpg 600w, https:\/\/mouldking.store\/wp-content\/uploads\/2022\/11\/MK13159-3-0daf-150x150.jpg 150w, https:\/\/mouldking.store\/wp-content\/uploads\/2022\/11\/MK13159-3-0daf-60x60.jpg 60w, https:\/\/mouldking.store\/wp-content\/uploads\/2022\/11\/MK13159-3-0daf-90x90.jpg 90w\" sizes=\"(max-width: 800px) 100vw, 800px\" \/><figcaption id=\"caption-attachment-33949\" class=\"wp-caption-text\">FORM K\u00d6NIG 13159 S\u00fc\u00dfer Fr\u00f6hlicher FUCHS Mit 438-tlg<\/figcaption><\/figure>\n<figure id=\"attachment_33950\" aria-describedby=\"caption-attachment-33950\" style=\"width: 800px\" class=\"wp-caption aligncenter\"><img decoding=\"async\" class=\"wp-image-33950 size-full\" src=\"https:\/\/mouldking.store\/wp-content\/uploads\/2022\/11\/MK13159-4-3099.jpg\" alt=\"MOULD KING 13159 Cute Happy FOX With 438 pcs\" width=\"800\" height=\"800\" title=\"-\" srcset=\"https:\/\/mouldking.store\/wp-content\/uploads\/2022\/11\/MK13159-4-3099.jpg 800w, https:\/\/mouldking.store\/wp-content\/uploads\/2022\/11\/MK13159-4-3099-300x300.jpg 300w, https:\/\/mouldking.store\/wp-content\/uploads\/2022\/11\/MK13159-4-3099-768x768.jpg 768w, https:\/\/mouldking.store\/wp-content\/uploads\/2022\/11\/MK13159-4-3099-600x600.jpg 600w, https:\/\/mouldking.store\/wp-content\/uploads\/2022\/11\/MK13159-4-3099-150x150.jpg 150w, https:\/\/mouldking.store\/wp-content\/uploads\/2022\/11\/MK13159-4-3099-60x60.jpg 60w, https:\/\/mouldking.store\/wp-content\/uploads\/2022\/11\/MK13159-4-3099-90x90.jpg 90w\" sizes=\"(max-width: 800px) 100vw, 800px\" \/><figcaption id=\"caption-attachment-33950\" class=\"wp-caption-text\">FORM K\u00d6NIG 13159 S\u00fc\u00dfer Fr\u00f6hlicher FUCHS Mit 438-tlg<\/figcaption><\/figure>\n<figure id=\"attachment_33951\" aria-describedby=\"caption-attachment-33951\" style=\"width: 800px\" class=\"wp-caption aligncenter\"><img loading=\"lazy\" decoding=\"async\" class=\"wp-image-33951 size-full\" src=\"https:\/\/mouldking.store\/wp-content\/uploads\/2022\/11\/MK13159-2-76d1.jpg\" alt=\"MOULD KING 13159 Cute Happy FOX With 438 pcs\" width=\"800\" height=\"800\" title=\"-\" srcset=\"https:\/\/mouldking.store\/wp-content\/uploads\/2022\/11\/MK13159-2-76d1.jpg 800w, https:\/\/mouldking.store\/wp-content\/uploads\/2022\/11\/MK13159-2-76d1-300x300.jpg 300w, https:\/\/mouldking.store\/wp-content\/uploads\/2022\/11\/MK13159-2-76d1-768x768.jpg 768w, https:\/\/mouldking.store\/wp-content\/uploads\/2022\/11\/MK13159-2-76d1-600x600.jpg 600w, https:\/\/mouldking.store\/wp-content\/uploads\/2022\/11\/MK13159-2-76d1-150x150.jpg 150w, https:\/\/mouldking.store\/wp-content\/uploads\/2022\/11\/MK13159-2-76d1-60x60.jpg 60w, https:\/\/mouldking.store\/wp-content\/uploads\/2022\/11\/MK13159-2-76d1-90x90.jpg 90w\" sizes=\"(max-width: 800px) 100vw, 800px\" \/><figcaption id=\"caption-attachment-33951\" class=\"wp-caption-text\">FORM K\u00d6NIG 13159 S\u00fc\u00dfer Fr\u00f6hlicher FUCHS Mit 438-tlg<\/figcaption><\/figure>\n<figure id=\"attachment_33952\" aria-describedby=\"caption-attachment-33952\" style=\"width: 800px\" class=\"wp-caption aligncenter\"><img loading=\"lazy\" decoding=\"async\" class=\"wp-image-33952 size-full\" src=\"https:\/\/mouldking.store\/wp-content\/uploads\/2022\/11\/MK13159-5-dd2a.jpg\" alt=\"MOULD KING 13159 Cute Happy FOX With 438 pcs\" width=\"800\" height=\"800\" title=\"-\" srcset=\"https:\/\/mouldking.store\/wp-content\/uploads\/2022\/11\/MK13159-5-dd2a.jpg 800w, https:\/\/mouldking.store\/wp-content\/uploads\/2022\/11\/MK13159-5-dd2a-300x300.jpg 300w, https:\/\/mouldking.store\/wp-content\/uploads\/2022\/11\/MK13159-5-dd2a-768x768.jpg 768w, https:\/\/mouldking.store\/wp-content\/uploads\/2022\/11\/MK13159-5-dd2a-600x600.jpg 600w, https:\/\/mouldking.store\/wp-content\/uploads\/2022\/11\/MK13159-5-dd2a-150x150.jpg 150w, https:\/\/mouldking.store\/wp-content\/uploads\/2022\/11\/MK13159-5-dd2a-60x60.jpg 60w, https:\/\/mouldking.store\/wp-content\/uploads\/2022\/11\/MK13159-5-dd2a-90x90.jpg 90w\" sizes=\"(max-width: 800px) 100vw, 800px\" \/><figcaption id=\"caption-attachment-33952\" class=\"wp-caption-text\">FORM K\u00d6NIG 13159 S\u00fc\u00dfer Fr\u00f6hlicher FUCHS Mit 438-tlg<\/figcaption><\/figure>","protected":false},"excerpt":{"rendered":"<p>Product information: Brand: MOULD KING Gender: Unisex Name: Cute Happy FOX Age Range: &gt; 6 years old Model Number: 13159 Classification: Assemblage Plastic Block Shape: Self-Locking Bricks Material: Plastic Plastic Type: ABS Bricks Blocks: 438 PCS Dimensions: 16 \u00d7 15.8 \u00d7 17.8 cm Contains detailed assembly instructions. Notice: 1. Without an original box, but we [&hellip;]<\/p>","protected":false},"featured_media":33948,"comment_status":"closed","ping_status":"closed","template":"","meta":{"_acf_changed":false},"product_cat":[1365,371],"product_tag":[6618,6619,6620,615,6621,6617],"class_list":["product","first","instock","shipping-taxable","purchasable","product-type-simple"],"acf":[],"_links":{"self":[{"href":"https:\/\/mouldking.store\/de\/wp-json\/wp\/v2\/product\/33947","targetHints":{"allow":["GET"]}}],"collection":[{"href":"https:\/\/mouldking.store\/de\/wp-json\/wp\/v2\/product"}],"about":[{"href":"https:\/\/mouldking.store\/de\/wp-json\/wp\/v2\/types\/product"}],"replies":[{"embeddable":true,"href":"https:\/\/mouldking.store\/de\/wp-json\/wp\/v2\/comments?post=33947"}],"wp:featuredmedia":[{"embeddable":true,"href":"https:\/\/mouldking.store\/de\/wp-json\/wp\/v2\/media\/33948"}],"wp:attachment":[{"href":"https:\/\/mouldking.store\/de\/wp-json\/wp\/v2\/media?parent=33947"}],"wp:term":[{"taxonomy":"product_cat","embeddable":true,"href":"https:\/\/mouldking.store\/de\/wp-json\/wp\/v2\/product_cat?post=33947"},{"taxonomy":"product_tag","embeddable":true,"href":"https:\/\/mouldking.store\/de\/wp-json\/wp\/v2\/product_tag?post=33947"}],"curies":[{"name":"wp","href":"https:\/\/api.w.org\/{rel}","templated":true}]}}