{"id":33959,"date":"2022-11-04T11:06:24","date_gmt":"2022-11-04T04:06:24","guid":{"rendered":"https:\/\/mouldking.store\/?post_type=product&#038;p=33959"},"modified":"2022-11-04T11:06:24","modified_gmt":"2022-11-04T04:06:24","slug":"mould-king-15053-red-spider-with-818-pieces","status":"publish","type":"product","link":"https:\/\/mouldking.store\/de\/shop\/mould-king-15053-red-spider-with-818-pieces\/","title":{"rendered":"MOLD KING 15053 Rote Spinne mit 818 Teilen"},"content":{"rendered":"<p>Produktinformation:<\/p>\n<ol>\n<li>Marke: MOLD KING<\/li>\n<li>Geschlecht: Unisex<\/li>\n<li>Name: Rote Spinne<\/li>\n<li>Altersspanne: &gt; 6 Jahre alt<\/li>\n<li>Modellnummer: 15053<\/li>\n<li>Einstufung: Assemblage<\/li>\n<li>Kunststoffblockform: Selbstsichernde Steine<\/li>\n<li>Material: Kunststoff<\/li>\n<li>Kunststofftyp: ABS<\/li>\n<li>Ziegelsteine: 818 ST\u00dcCKE<\/li>\n<li>Abmessungen: 37,7 \u00d7 21,6 \u00d7 14,4 cm<\/li>\n<li>Enth\u00e4lt eine ausf\u00fchrliche Montageanleitung.<\/li>\n<\/ol>\n<p>Notiz:<br \/>\n1. Ohne Originalverpackung, aber wir garantieren, dass unsere Produkte eine Qualit\u00e4tssicherung und eine sch\u00f6ne Verpackung haben.<br \/>\n2. Wie alle Teile, die wir vor dem Versand \u00fcberpr\u00fcft haben, machen Sie sich keine Sorgen, wenn Sie feststellen, dass einige Teile fehlen oder besch\u00e4digt sind, und kontaktieren Sie uns einfach, und wir k\u00f6nnen sie Ihnen umgehend kostenlos erneut zusenden.<\/p>\n<figure id=\"attachment_33960\" aria-describedby=\"caption-attachment-33960\" style=\"width: 1080px\" class=\"wp-caption aligncenter\"><img fetchpriority=\"high\" decoding=\"async\" class=\"wp-image-33960 size-full\" src=\"https:\/\/mouldking.store\/wp-content\/uploads\/2022\/11\/15053-1-54ca.jpg\" alt=\"MOULD KING 15053 Red Spider With 818 Pieces\" width=\"1080\" height=\"1080\" title=\"-\" srcset=\"https:\/\/mouldking.store\/wp-content\/uploads\/2022\/11\/15053-1-54ca.jpg 1080w, https:\/\/mouldking.store\/wp-content\/uploads\/2022\/11\/15053-1-54ca-300x300.jpg 300w, https:\/\/mouldking.store\/wp-content\/uploads\/2022\/11\/15053-1-54ca-1024x1024.jpg 1024w, https:\/\/mouldking.store\/wp-content\/uploads\/2022\/11\/15053-1-54ca-768x768.jpg 768w, https:\/\/mouldking.store\/wp-content\/uploads\/2022\/11\/15053-1-54ca-600x600.jpg 600w, https:\/\/mouldking.store\/wp-content\/uploads\/2022\/11\/15053-1-54ca-150x150.jpg 150w, https:\/\/mouldking.store\/wp-content\/uploads\/2022\/11\/15053-1-54ca-60x60.jpg 60w, https:\/\/mouldking.store\/wp-content\/uploads\/2022\/11\/15053-1-54ca-90x90.jpg 90w\" sizes=\"(max-width: 1080px) 100vw, 1080px\" \/><figcaption id=\"caption-attachment-33960\" class=\"wp-caption-text\">MOLD KING 15053 Rote Spinne mit 818 Teilen<\/figcaption><\/figure>\n<figure id=\"attachment_33961\" aria-describedby=\"caption-attachment-33961\" style=\"width: 1080px\" class=\"wp-caption aligncenter\"><img decoding=\"async\" class=\"wp-image-33961 size-full\" src=\"https:\/\/mouldking.store\/wp-content\/uploads\/2022\/11\/15053-2-6cff.jpg\" alt=\"MOULD KING 15053 Red Spider With 818 Pieces\" width=\"1080\" height=\"1080\" title=\"-\" srcset=\"https:\/\/mouldking.store\/wp-content\/uploads\/2022\/11\/15053-2-6cff.jpg 1080w, https:\/\/mouldking.store\/wp-content\/uploads\/2022\/11\/15053-2-6cff-300x300.jpg 300w, https:\/\/mouldking.store\/wp-content\/uploads\/2022\/11\/15053-2-6cff-1024x1024.jpg 1024w, https:\/\/mouldking.store\/wp-content\/uploads\/2022\/11\/15053-2-6cff-768x768.jpg 768w, https:\/\/mouldking.store\/wp-content\/uploads\/2022\/11\/15053-2-6cff-600x600.jpg 600w, https:\/\/mouldking.store\/wp-content\/uploads\/2022\/11\/15053-2-6cff-150x150.jpg 150w, https:\/\/mouldking.store\/wp-content\/uploads\/2022\/11\/15053-2-6cff-60x60.jpg 60w, https:\/\/mouldking.store\/wp-content\/uploads\/2022\/11\/15053-2-6cff-90x90.jpg 90w\" sizes=\"(max-width: 1080px) 100vw, 1080px\" \/><figcaption id=\"caption-attachment-33961\" class=\"wp-caption-text\">MOLD KING 15053 Rote Spinne mit 818 Teilen<\/figcaption><\/figure>","protected":false},"excerpt":{"rendered":"<p>Product information: Brand: MOULD KING Gender: Unisex Name:Red Spider Age Range: &gt; 6 years old Model Number: 15053 Classification: Assemblage Plastic Block Shape: Self-Locking Bricks Material: Plastic Plastic Type: ABS Bricks Blocks: 818 PCS Dimensions: 37.7 \u00d7 21.6 \u00d7 14.4 cm Contains detailed assembly instructions. Notice: 1. Without an original box, but we guarantee our [&hellip;]<\/p>","protected":false},"featured_media":33960,"comment_status":"closed","ping_status":"closed","template":"","meta":{"_acf_changed":false},"product_cat":[371],"product_tag":[6628,615,6631,6627,6629,6630],"class_list":["product","first","instock","shipping-taxable","purchasable","product-type-simple"],"acf":[],"_links":{"self":[{"href":"https:\/\/mouldking.store\/de\/wp-json\/wp\/v2\/product\/33959","targetHints":{"allow":["GET"]}}],"collection":[{"href":"https:\/\/mouldking.store\/de\/wp-json\/wp\/v2\/product"}],"about":[{"href":"https:\/\/mouldking.store\/de\/wp-json\/wp\/v2\/types\/product"}],"replies":[{"embeddable":true,"href":"https:\/\/mouldking.store\/de\/wp-json\/wp\/v2\/comments?post=33959"}],"wp:featuredmedia":[{"embeddable":true,"href":"https:\/\/mouldking.store\/de\/wp-json\/wp\/v2\/media\/33960"}],"wp:attachment":[{"href":"https:\/\/mouldking.store\/de\/wp-json\/wp\/v2\/media?parent=33959"}],"wp:term":[{"taxonomy":"product_cat","embeddable":true,"href":"https:\/\/mouldking.store\/de\/wp-json\/wp\/v2\/product_cat?post=33959"},{"taxonomy":"product_tag","embeddable":true,"href":"https:\/\/mouldking.store\/de\/wp-json\/wp\/v2\/product_tag?post=33959"}],"curies":[{"name":"wp","href":"https:\/\/api.w.org\/{rel}","templated":true}]}}