{"id":33980,"date":"2022-11-04T11:37:47","date_gmt":"2022-11-04T04:37:47","guid":{"rendered":"https:\/\/mouldking.store\/?post_type=product&#038;p=33980"},"modified":"2024-02-27T15:05:53","modified_gmt":"2024-02-27T08:05:53","slug":"mould-king-27024-speed-champions-1965-mustang-racers-car-with-408-pieces","status":"publish","type":"product","link":"https:\/\/mouldking.store\/de\/shop\/mould-king-27024-speed-champions-1965-mustang-racers-car-with-408-pieces\/","title":{"rendered":"MOLD KING 27024 Speed Champions 1965 Mustang Racers Auto mit 408 Teilen"},"content":{"rendered":"<p>Produktinformation:<\/p>\n<ol>\n<li>Marke: MOLD KING<\/li>\n<li>Geschlecht: Unisex<\/li>\n<li>Name: Speed Champions 1965 Mustang Racers Car<\/li>\n<li>Altersspanne: &gt; 6 Jahre alt<\/li>\n<li>Model Number: 27024<\/li>\n<li>Einstufung: Assemblage<\/li>\n<li>Kunststoffblockform: Selbstsichernde Steine<\/li>\n<li>Material: Kunststoff<\/li>\n<li>Kunststofftyp: ABS<\/li>\n<li>Bricks Blocks: 408 PCS<\/li>\n<li>Dimensions:16.5\u00d77.3\u00d75.2cm<\/li>\n<li>Enth\u00e4lt eine ausf\u00fchrliche Montageanleitung.<\/li>\n<\/ol>\n<p>Notiz:<br \/>\n1. Ohne Originalverpackung, aber wir garantieren, dass unsere Produkte eine Qualit\u00e4tssicherung und eine sch\u00f6ne Verpackung haben.<br \/>\n2. Wie alle Teile, die wir vor dem Versand \u00fcberpr\u00fcft haben, machen Sie sich keine Sorgen, wenn Sie feststellen, dass einige Teile fehlen oder besch\u00e4digt sind, und kontaktieren Sie uns einfach, und wir k\u00f6nnen sie Ihnen umgehend kostenlos erneut zusenden.<\/p>\n<figure id=\"attachment_33981\" aria-describedby=\"caption-attachment-33981\" style=\"width: 800px\" class=\"wp-caption aligncenter\"><img fetchpriority=\"high\" decoding=\"async\" class=\"wp-image-33981 size-full\" src=\"https:\/\/mouldking.store\/wp-content\/uploads\/2022\/11\/MK27024-1-95ca.jpg\" alt=\" MOULD KING 27024 Speed Champions 1965 Mustang Racers Car With 408 Pieces\" width=\"800\" height=\"800\" title=\"-\" srcset=\"https:\/\/mouldking.store\/wp-content\/uploads\/2022\/11\/MK27024-1-95ca.jpg 800w, https:\/\/mouldking.store\/wp-content\/uploads\/2022\/11\/MK27024-1-95ca-300x300.jpg 300w, https:\/\/mouldking.store\/wp-content\/uploads\/2022\/11\/MK27024-1-95ca-768x768.jpg 768w, https:\/\/mouldking.store\/wp-content\/uploads\/2022\/11\/MK27024-1-95ca-600x600.jpg 600w, https:\/\/mouldking.store\/wp-content\/uploads\/2022\/11\/MK27024-1-95ca-150x150.jpg 150w, https:\/\/mouldking.store\/wp-content\/uploads\/2022\/11\/MK27024-1-95ca-60x60.jpg 60w, https:\/\/mouldking.store\/wp-content\/uploads\/2022\/11\/MK27024-1-95ca-90x90.jpg 90w\" sizes=\"(max-width: 800px) 100vw, 800px\" \/><figcaption id=\"caption-attachment-33981\" class=\"wp-caption-text\">MOLD KING 27024 Speed Champions 1965 Mustang Racers Auto mit 408 Teilen<\/figcaption><\/figure>\n<figure id=\"attachment_33982\" aria-describedby=\"caption-attachment-33982\" style=\"width: 800px\" class=\"wp-caption aligncenter\"><img decoding=\"async\" class=\"wp-image-33982 size-full\" src=\"https:\/\/mouldking.store\/wp-content\/uploads\/2022\/11\/MK27024-2-105c.jpg\" alt=\" MOULD KING 27024 Speed Champions 1965 Mustang Racers Car With 408 Pieces\" width=\"800\" height=\"800\" title=\"-\" srcset=\"https:\/\/mouldking.store\/wp-content\/uploads\/2022\/11\/MK27024-2-105c.jpg 800w, https:\/\/mouldking.store\/wp-content\/uploads\/2022\/11\/MK27024-2-105c-300x300.jpg 300w, https:\/\/mouldking.store\/wp-content\/uploads\/2022\/11\/MK27024-2-105c-768x768.jpg 768w, https:\/\/mouldking.store\/wp-content\/uploads\/2022\/11\/MK27024-2-105c-600x600.jpg 600w, https:\/\/mouldking.store\/wp-content\/uploads\/2022\/11\/MK27024-2-105c-150x150.jpg 150w, https:\/\/mouldking.store\/wp-content\/uploads\/2022\/11\/MK27024-2-105c-60x60.jpg 60w, https:\/\/mouldking.store\/wp-content\/uploads\/2022\/11\/MK27024-2-105c-90x90.jpg 90w\" sizes=\"(max-width: 800px) 100vw, 800px\" \/><figcaption id=\"caption-attachment-33982\" class=\"wp-caption-text\">MOLD KING 27024 Speed Champions 1965 Mustang Racers Auto mit 408 Teilen<\/figcaption><\/figure>\n<figure id=\"attachment_33983\" aria-describedby=\"caption-attachment-33983\" style=\"width: 800px\" class=\"wp-caption aligncenter\"><img decoding=\"async\" class=\"wp-image-33983 size-full\" src=\"https:\/\/mouldking.store\/wp-content\/uploads\/2022\/11\/MK27024-4-466d.jpg\" alt=\" MOULD KING 27024 Speed Champions 1965 Mustang Racers Car With 408 Pieces\" width=\"800\" height=\"800\" title=\"-\" srcset=\"https:\/\/mouldking.store\/wp-content\/uploads\/2022\/11\/MK27024-4-466d.jpg 800w, https:\/\/mouldking.store\/wp-content\/uploads\/2022\/11\/MK27024-4-466d-300x300.jpg 300w, https:\/\/mouldking.store\/wp-content\/uploads\/2022\/11\/MK27024-4-466d-768x768.jpg 768w, https:\/\/mouldking.store\/wp-content\/uploads\/2022\/11\/MK27024-4-466d-600x600.jpg 600w, https:\/\/mouldking.store\/wp-content\/uploads\/2022\/11\/MK27024-4-466d-150x150.jpg 150w, https:\/\/mouldking.store\/wp-content\/uploads\/2022\/11\/MK27024-4-466d-60x60.jpg 60w, https:\/\/mouldking.store\/wp-content\/uploads\/2022\/11\/MK27024-4-466d-90x90.jpg 90w\" sizes=\"(max-width: 800px) 100vw, 800px\" \/><figcaption id=\"caption-attachment-33983\" class=\"wp-caption-text\">MOLD KING 27024 Speed Champions 1965 Mustang Racers Auto mit 408 Teilen<\/figcaption><\/figure>\n<figure id=\"attachment_33984\" aria-describedby=\"caption-attachment-33984\" style=\"width: 800px\" class=\"wp-caption aligncenter\"><img loading=\"lazy\" decoding=\"async\" class=\"wp-image-33984 size-full\" src=\"https:\/\/mouldking.store\/wp-content\/uploads\/2022\/11\/MK27024-3-ae56.jpg\" alt=\" MOULD KING 27024 Speed Champions 1965 Mustang Racers Car With 408 Pieces\" width=\"800\" height=\"800\" title=\"-\" srcset=\"https:\/\/mouldking.store\/wp-content\/uploads\/2022\/11\/MK27024-3-ae56.jpg 800w, https:\/\/mouldking.store\/wp-content\/uploads\/2022\/11\/MK27024-3-ae56-300x300.jpg 300w, https:\/\/mouldking.store\/wp-content\/uploads\/2022\/11\/MK27024-3-ae56-768x768.jpg 768w, https:\/\/mouldking.store\/wp-content\/uploads\/2022\/11\/MK27024-3-ae56-600x600.jpg 600w, https:\/\/mouldking.store\/wp-content\/uploads\/2022\/11\/MK27024-3-ae56-150x150.jpg 150w, https:\/\/mouldking.store\/wp-content\/uploads\/2022\/11\/MK27024-3-ae56-60x60.jpg 60w, https:\/\/mouldking.store\/wp-content\/uploads\/2022\/11\/MK27024-3-ae56-90x90.jpg 90w\" sizes=\"(max-width: 800px) 100vw, 800px\" \/><figcaption id=\"caption-attachment-33984\" class=\"wp-caption-text\">MOLD KING 27024 Speed Champions 1965 Mustang Racers Auto mit 408 Teilen<\/figcaption><\/figure>\n<figure id=\"attachment_33985\" aria-describedby=\"caption-attachment-33985\" style=\"width: 800px\" class=\"wp-caption aligncenter\"><img loading=\"lazy\" decoding=\"async\" class=\"wp-image-33985 size-full\" src=\"https:\/\/mouldking.store\/wp-content\/uploads\/2022\/11\/MK27024-5-c4d7.jpg\" alt=\" MOULD KING 27024 Speed Champions 1965 Mustang Racers Car With 408 Pieces\" width=\"800\" height=\"800\" title=\"-\" srcset=\"https:\/\/mouldking.store\/wp-content\/uploads\/2022\/11\/MK27024-5-c4d7.jpg 800w, https:\/\/mouldking.store\/wp-content\/uploads\/2022\/11\/MK27024-5-c4d7-300x300.jpg 300w, https:\/\/mouldking.store\/wp-content\/uploads\/2022\/11\/MK27024-5-c4d7-768x768.jpg 768w, https:\/\/mouldking.store\/wp-content\/uploads\/2022\/11\/MK27024-5-c4d7-600x600.jpg 600w, https:\/\/mouldking.store\/wp-content\/uploads\/2022\/11\/MK27024-5-c4d7-150x150.jpg 150w, https:\/\/mouldking.store\/wp-content\/uploads\/2022\/11\/MK27024-5-c4d7-60x60.jpg 60w, https:\/\/mouldking.store\/wp-content\/uploads\/2022\/11\/MK27024-5-c4d7-90x90.jpg 90w\" sizes=\"(max-width: 800px) 100vw, 800px\" \/><figcaption id=\"caption-attachment-33985\" class=\"wp-caption-text\">MOLD KING 27024 Speed Champions 1965 Mustang Racers Auto mit 408 Teilen<\/figcaption><\/figure>","protected":false},"excerpt":{"rendered":"<p>Product information: Brand: MOULD KING Gender: Unisex Name: Speed Champions 1965 Mustang Racers Car Age Range: &gt; 6 years old Model Number: 27024 Classification: Assemblage Plastic Block Shape: Self-Locking Bricks Material: Plastic Plastic Type: ABS Bricks Blocks: 408 PCS Dimensions:16.5\u00d77.3\u00d75.2cm Contains detailed assembly instructions. Notice: 1. Without an original box, but we guarantee our products [&hellip;]<\/p>","protected":false},"featured_media":33981,"comment_status":"closed","ping_status":"closed","template":"","meta":{"_acf_changed":false},"product_cat":[364],"product_tag":[6652,6651,6635,615,6656,6650,6653,6654,6633,6655],"class_list":["product","first","instock","shipping-taxable","purchasable","product-type-simple"],"acf":[],"_links":{"self":[{"href":"https:\/\/mouldking.store\/de\/wp-json\/wp\/v2\/product\/33980","targetHints":{"allow":["GET"]}}],"collection":[{"href":"https:\/\/mouldking.store\/de\/wp-json\/wp\/v2\/product"}],"about":[{"href":"https:\/\/mouldking.store\/de\/wp-json\/wp\/v2\/types\/product"}],"replies":[{"embeddable":true,"href":"https:\/\/mouldking.store\/de\/wp-json\/wp\/v2\/comments?post=33980"}],"wp:featuredmedia":[{"embeddable":true,"href":"https:\/\/mouldking.store\/de\/wp-json\/wp\/v2\/media\/33981"}],"wp:attachment":[{"href":"https:\/\/mouldking.store\/de\/wp-json\/wp\/v2\/media?parent=33980"}],"wp:term":[{"taxonomy":"product_cat","embeddable":true,"href":"https:\/\/mouldking.store\/de\/wp-json\/wp\/v2\/product_cat?post=33980"},{"taxonomy":"product_tag","embeddable":true,"href":"https:\/\/mouldking.store\/de\/wp-json\/wp\/v2\/product_tag?post=33980"}],"curies":[{"name":"wp","href":"https:\/\/api.w.org\/{rel}","templated":true}]}}