{"id":33994,"date":"2022-11-04T12:13:14","date_gmt":"2022-11-04T05:13:14","guid":{"rendered":"https:\/\/mouldking.store\/?post_type=product&#038;p=33994"},"modified":"2022-11-04T12:13:14","modified_gmt":"2022-11-04T05:13:14","slug":"jaki-1365-christmas-diy-music-box-christmas-fiesta-with-543-pieces","status":"publish","type":"product","link":"https:\/\/mouldking.store\/de\/shop\/jaki-1365-christmas-diy-music-box-christmas-fiesta-with-543-pieces\/","title":{"rendered":"JAKI 1365 Weihnachten DIY Spieluhr Christmas Fiesta mit 543 Teilen"},"content":{"rendered":"<p>Produktinformation:<\/p>\n<ol>\n<li>Marke: JAKI<\/li>\n<li>Geschlecht: Unisex<\/li>\n<li>Name: Christmas DIY Music Box Christmas Fiesta<\/li>\n<li>Altersspanne: &gt; 6 Jahre alt<\/li>\n<li>Model Number: 1365<\/li>\n<li>Einstufung: Assemblage<\/li>\n<li>Kunststoffblockform: Selbstsichernde Steine<\/li>\n<li>Material: Kunststoff<\/li>\n<li>Kunststofftyp: ABS<\/li>\n<li>Bricks Blocks: 543 PCS<\/li>\n<li>Dimensions: 19 \u00d7 19 \u00d7 29 cm<\/li>\n<li>Enth\u00e4lt eine ausf\u00fchrliche Montageanleitung.<\/li>\n<\/ol>\n<p>Notiz:<br \/>\n1. Ohne Originalverpackung, aber wir garantieren, dass unsere Produkte eine Qualit\u00e4tssicherung und eine sch\u00f6ne Verpackung haben.<br \/>\n2. Wie alle Teile, die wir vor dem Versand \u00fcberpr\u00fcft haben, machen Sie sich keine Sorgen, wenn Sie feststellen, dass einige Teile fehlen oder besch\u00e4digt sind, und kontaktieren Sie uns einfach, und wir k\u00f6nnen sie Ihnen umgehend kostenlos erneut zusenden.<\/p>\n<figure id=\"attachment_33995\" aria-describedby=\"caption-attachment-33995\" style=\"width: 1000px\" class=\"wp-caption aligncenter\"><img fetchpriority=\"high\" decoding=\"async\" class=\"wp-image-33995 size-full\" src=\"https:\/\/mouldking.store\/wp-content\/uploads\/2022\/11\/JK1365-1-6ec4.jpg\" alt=\"JAKI 1365 Christmas DIY Music Box Christmas Fiesta With 543 Pieces\" width=\"1000\" height=\"1000\" title=\"-\" srcset=\"https:\/\/mouldking.store\/wp-content\/uploads\/2022\/11\/JK1365-1-6ec4.jpg 1000w, https:\/\/mouldking.store\/wp-content\/uploads\/2022\/11\/JK1365-1-6ec4-300x300.jpg 300w, https:\/\/mouldking.store\/wp-content\/uploads\/2022\/11\/JK1365-1-6ec4-768x768.jpg 768w, https:\/\/mouldking.store\/wp-content\/uploads\/2022\/11\/JK1365-1-6ec4-600x600.jpg 600w, https:\/\/mouldking.store\/wp-content\/uploads\/2022\/11\/JK1365-1-6ec4-150x150.jpg 150w, https:\/\/mouldking.store\/wp-content\/uploads\/2022\/11\/JK1365-1-6ec4-60x60.jpg 60w, https:\/\/mouldking.store\/wp-content\/uploads\/2022\/11\/JK1365-1-6ec4-90x90.jpg 90w\" sizes=\"(max-width: 1000px) 100vw, 1000px\" \/><figcaption id=\"caption-attachment-33995\" class=\"wp-caption-text\">JAKI 1365 Weihnachten DIY Spieluhr Christmas Fiesta mit 543 Teilen<\/figcaption><\/figure>\n<figure id=\"attachment_33996\" aria-describedby=\"caption-attachment-33996\" style=\"width: 1000px\" class=\"wp-caption aligncenter\"><img decoding=\"async\" class=\"wp-image-33996 size-full\" src=\"https:\/\/mouldking.store\/wp-content\/uploads\/2022\/11\/JK1365-2-496d.jpg\" alt=\"JAKI 1365 Christmas DIY Music Box Christmas Fiesta With 543 Pieces\" width=\"1000\" height=\"1000\" title=\"-\" srcset=\"https:\/\/mouldking.store\/wp-content\/uploads\/2022\/11\/JK1365-2-496d.jpg 1000w, https:\/\/mouldking.store\/wp-content\/uploads\/2022\/11\/JK1365-2-496d-300x300.jpg 300w, https:\/\/mouldking.store\/wp-content\/uploads\/2022\/11\/JK1365-2-496d-768x768.jpg 768w, https:\/\/mouldking.store\/wp-content\/uploads\/2022\/11\/JK1365-2-496d-600x600.jpg 600w, https:\/\/mouldking.store\/wp-content\/uploads\/2022\/11\/JK1365-2-496d-150x150.jpg 150w, https:\/\/mouldking.store\/wp-content\/uploads\/2022\/11\/JK1365-2-496d-60x60.jpg 60w, https:\/\/mouldking.store\/wp-content\/uploads\/2022\/11\/JK1365-2-496d-90x90.jpg 90w\" sizes=\"(max-width: 1000px) 100vw, 1000px\" \/><figcaption id=\"caption-attachment-33996\" class=\"wp-caption-text\">JAKI 1365 Weihnachten DIY Spieluhr Christmas Fiesta mit 543 Teilen<\/figcaption><\/figure>\n<figure id=\"attachment_33997\" aria-describedby=\"caption-attachment-33997\" style=\"width: 1000px\" class=\"wp-caption aligncenter\"><img decoding=\"async\" class=\"wp-image-33997 size-full\" src=\"https:\/\/mouldking.store\/wp-content\/uploads\/2022\/11\/JK1365-3-e049.jpg\" alt=\"JAKI 1365 Christmas DIY Music Box Christmas Fiesta With 543 Pieces\" width=\"1000\" height=\"1000\" title=\"-\" srcset=\"https:\/\/mouldking.store\/wp-content\/uploads\/2022\/11\/JK1365-3-e049.jpg 1000w, https:\/\/mouldking.store\/wp-content\/uploads\/2022\/11\/JK1365-3-e049-300x300.jpg 300w, https:\/\/mouldking.store\/wp-content\/uploads\/2022\/11\/JK1365-3-e049-768x768.jpg 768w, https:\/\/mouldking.store\/wp-content\/uploads\/2022\/11\/JK1365-3-e049-600x600.jpg 600w, https:\/\/mouldking.store\/wp-content\/uploads\/2022\/11\/JK1365-3-e049-150x150.jpg 150w, https:\/\/mouldking.store\/wp-content\/uploads\/2022\/11\/JK1365-3-e049-60x60.jpg 60w, https:\/\/mouldking.store\/wp-content\/uploads\/2022\/11\/JK1365-3-e049-90x90.jpg 90w\" sizes=\"(max-width: 1000px) 100vw, 1000px\" \/><figcaption id=\"caption-attachment-33997\" class=\"wp-caption-text\">JAKI 1365 Weihnachten DIY Spieluhr Christmas Fiesta mit 543 Teilen<\/figcaption><\/figure>\n<figure id=\"attachment_33998\" aria-describedby=\"caption-attachment-33998\" style=\"width: 1000px\" class=\"wp-caption aligncenter\"><img loading=\"lazy\" decoding=\"async\" class=\"wp-image-33998 size-full\" src=\"https:\/\/mouldking.store\/wp-content\/uploads\/2022\/11\/JK1365-4-7d15.jpg\" alt=\"JAKI 1365 Christmas DIY Music Box Christmas Fiesta With 543 Pieces\" width=\"1000\" height=\"1000\" title=\"-\" srcset=\"https:\/\/mouldking.store\/wp-content\/uploads\/2022\/11\/JK1365-4-7d15.jpg 1000w, https:\/\/mouldking.store\/wp-content\/uploads\/2022\/11\/JK1365-4-7d15-300x300.jpg 300w, https:\/\/mouldking.store\/wp-content\/uploads\/2022\/11\/JK1365-4-7d15-768x768.jpg 768w, https:\/\/mouldking.store\/wp-content\/uploads\/2022\/11\/JK1365-4-7d15-600x600.jpg 600w, https:\/\/mouldking.store\/wp-content\/uploads\/2022\/11\/JK1365-4-7d15-150x150.jpg 150w, https:\/\/mouldking.store\/wp-content\/uploads\/2022\/11\/JK1365-4-7d15-60x60.jpg 60w, https:\/\/mouldking.store\/wp-content\/uploads\/2022\/11\/JK1365-4-7d15-90x90.jpg 90w\" sizes=\"(max-width: 1000px) 100vw, 1000px\" \/><figcaption id=\"caption-attachment-33998\" class=\"wp-caption-text\">JAKI 1365 Weihnachten DIY Spieluhr Christmas Fiesta mit 543 Teilen<\/figcaption><\/figure>\n<figure id=\"attachment_33999\" aria-describedby=\"caption-attachment-33999\" style=\"width: 1000px\" class=\"wp-caption aligncenter\"><img loading=\"lazy\" decoding=\"async\" class=\"wp-image-33999 size-full\" src=\"https:\/\/mouldking.store\/wp-content\/uploads\/2022\/11\/JK1365-5-29be.jpg\" alt=\"JAKI 1365 Christmas DIY Music Box Christmas Fiesta With 543 Pieces\" width=\"1000\" height=\"1000\" title=\"-\" srcset=\"https:\/\/mouldking.store\/wp-content\/uploads\/2022\/11\/JK1365-5-29be.jpg 1000w, https:\/\/mouldking.store\/wp-content\/uploads\/2022\/11\/JK1365-5-29be-300x300.jpg 300w, https:\/\/mouldking.store\/wp-content\/uploads\/2022\/11\/JK1365-5-29be-768x768.jpg 768w, https:\/\/mouldking.store\/wp-content\/uploads\/2022\/11\/JK1365-5-29be-600x600.jpg 600w, https:\/\/mouldking.store\/wp-content\/uploads\/2022\/11\/JK1365-5-29be-150x150.jpg 150w, https:\/\/mouldking.store\/wp-content\/uploads\/2022\/11\/JK1365-5-29be-60x60.jpg 60w, https:\/\/mouldking.store\/wp-content\/uploads\/2022\/11\/JK1365-5-29be-90x90.jpg 90w\" sizes=\"(max-width: 1000px) 100vw, 1000px\" \/><figcaption id=\"caption-attachment-33999\" class=\"wp-caption-text\">JAKI 1365 Weihnachten DIY Spieluhr Christmas Fiesta mit 543 Teilen<\/figcaption><\/figure>","protected":false},"excerpt":{"rendered":"<p>Product information: Brand: JAKI Gender: Unisex Name: Christmas DIY Music Box Christmas Fiesta Age Range: &gt; 6 years old Model Number: 1365 Classification: Assemblage Plastic Block Shape: Self-Locking Bricks Material: Plastic Plastic Type: ABS Bricks Blocks: 543 PCS Dimensions: 19 \u00d7 19 \u00d7 29 cm Contains detailed assembly instructions. Notice: 1. Without an original box, [&hellip;]<\/p>","protected":false},"featured_media":33995,"comment_status":"closed","ping_status":"closed","template":"","meta":{"_acf_changed":false},"product_cat":[1365],"product_tag":[6670,1066,6672,6673,6671,6440,6674,6669,1370],"class_list":["product","first","instock","shipping-taxable","purchasable","product-type-simple"],"acf":[],"_links":{"self":[{"href":"https:\/\/mouldking.store\/de\/wp-json\/wp\/v2\/product\/33994","targetHints":{"allow":["GET"]}}],"collection":[{"href":"https:\/\/mouldking.store\/de\/wp-json\/wp\/v2\/product"}],"about":[{"href":"https:\/\/mouldking.store\/de\/wp-json\/wp\/v2\/types\/product"}],"replies":[{"embeddable":true,"href":"https:\/\/mouldking.store\/de\/wp-json\/wp\/v2\/comments?post=33994"}],"wp:featuredmedia":[{"embeddable":true,"href":"https:\/\/mouldking.store\/de\/wp-json\/wp\/v2\/media\/33995"}],"wp:attachment":[{"href":"https:\/\/mouldking.store\/de\/wp-json\/wp\/v2\/media?parent=33994"}],"wp:term":[{"taxonomy":"product_cat","embeddable":true,"href":"https:\/\/mouldking.store\/de\/wp-json\/wp\/v2\/product_cat?post=33994"},{"taxonomy":"product_tag","embeddable":true,"href":"https:\/\/mouldking.store\/de\/wp-json\/wp\/v2\/product_tag?post=33994"}],"curies":[{"name":"wp","href":"https:\/\/api.w.org\/{rel}","templated":true}]}}