{"id":34006,"date":"2022-11-04T14:10:57","date_gmt":"2022-11-04T07:10:57","guid":{"rendered":"https:\/\/mouldking.store\/?post_type=product&#038;p=34006"},"modified":"2025-12-25T09:12:23","modified_gmt":"2025-12-25T02:12:23","slug":"moc-89573-green-rainbow-friends-with-309-pieces","status":"publish","type":"product","link":"https:\/\/mouldking.store\/de\/shop\/moc-89573-green-rainbow-friends-with-309-pieces\/","title":{"rendered":"MOC-89573 Green Rainbow Friends mit 309 Teilen"},"content":{"rendered":"<p>Produktinformation:<\/p>\n<ol>\n<li>Marke: MOC<\/li>\n<li>Geschlecht: Unisex<\/li>\n<li>Name: Green Rainbow Friends<\/li>\n<li>Altersspanne: &gt; 6 Jahre alt<\/li>\n<li>Model Number: 89573<\/li>\n<li>Einstufung: Assemblage<\/li>\n<li>Kunststoffblockform: Selbstsichernde Steine<\/li>\n<li>Material: Kunststoff<\/li>\n<li>Kunststofftyp: ABS<\/li>\n<li>Bricks Blocks: 309 pcs<\/li>\n<li>Size: 46.4 x 6 x 23.9 cm<\/li>\n<li>Weight:0.23 kg<\/li>\n<li>Enth\u00e4lt eine ausf\u00fchrliche Montageanleitung.<\/li>\n<\/ol>\n<p>Notiz:<br \/>\n1. Ohne Originalverpackung, aber wir garantieren, dass unsere Produkte eine Qualit\u00e4tssicherung und eine sch\u00f6ne Verpackung haben.<br \/>\n2. Wie alle Teile, die wir vor dem Versand \u00fcberpr\u00fcft haben, machen Sie sich keine Sorgen, wenn Sie feststellen, dass einige Teile fehlen oder besch\u00e4digt sind, und kontaktieren Sie uns einfach, und wir k\u00f6nnen sie Ihnen umgehend kostenlos erneut zusenden.<\/p>\n<figure id=\"attachment_34017\" aria-describedby=\"caption-attachment-34017\" style=\"width: 1024px\" class=\"wp-caption aligncenter\"><img fetchpriority=\"high\" decoding=\"async\" class=\"wp-image-34017 size-large\" src=\"https:\/\/mouldking.store\/wp-content\/uploads\/2022\/11\/MOCFACTORY-Product-17-1024x1024.png\" alt=\"MOC-89573 Green Rainbow Friends With 309 Pieces \" width=\"1024\" height=\"1024\" title=\"-\" srcset=\"https:\/\/mouldking.store\/wp-content\/uploads\/2022\/11\/MOCFACTORY-Product-17-1024x1024.png 1024w, https:\/\/mouldking.store\/wp-content\/uploads\/2022\/11\/MOCFACTORY-Product-17-300x300.png 300w, https:\/\/mouldking.store\/wp-content\/uploads\/2022\/11\/MOCFACTORY-Product-17-768x768.png 768w, https:\/\/mouldking.store\/wp-content\/uploads\/2022\/11\/MOCFACTORY-Product-17-600x600.png 600w, https:\/\/mouldking.store\/wp-content\/uploads\/2022\/11\/MOCFACTORY-Product-17-150x150.png 150w, https:\/\/mouldking.store\/wp-content\/uploads\/2022\/11\/MOCFACTORY-Product-17-60x60.png 60w, https:\/\/mouldking.store\/wp-content\/uploads\/2022\/11\/MOCFACTORY-Product-17-90x90.png 90w, https:\/\/mouldking.store\/wp-content\/uploads\/2022\/11\/MOCFACTORY-Product-17.png 1095w\" sizes=\"(max-width: 1024px) 100vw, 1024px\" \/><figcaption id=\"caption-attachment-34017\" class=\"wp-caption-text\">MOC-89573 Green Rainbow Friends mit 309 Teilen<\/figcaption><\/figure>\n<p>&nbsp;<\/p>\n<figure id=\"attachment_34010\" aria-describedby=\"caption-attachment-34010\" style=\"width: 1000px\" class=\"wp-caption aligncenter\"><img decoding=\"async\" class=\"wp-image-34010 size-full\" src=\"https:\/\/mouldking.store\/wp-content\/uploads\/2022\/11\/c9139y01-1.jpg\" alt=\"MOC-89573 Green Rainbow Friends With 309 Pieces \" width=\"1000\" height=\"1000\" title=\"-\" srcset=\"https:\/\/mouldking.store\/wp-content\/uploads\/2022\/11\/c9139y01-1.jpg 1000w, https:\/\/mouldking.store\/wp-content\/uploads\/2022\/11\/c9139y01-1-300x300.jpg 300w, https:\/\/mouldking.store\/wp-content\/uploads\/2022\/11\/c9139y01-1-768x768.jpg 768w, https:\/\/mouldking.store\/wp-content\/uploads\/2022\/11\/c9139y01-1-600x600.jpg 600w, https:\/\/mouldking.store\/wp-content\/uploads\/2022\/11\/c9139y01-1-150x150.jpg 150w, https:\/\/mouldking.store\/wp-content\/uploads\/2022\/11\/c9139y01-1-60x60.jpg 60w, https:\/\/mouldking.store\/wp-content\/uploads\/2022\/11\/c9139y01-1-90x90.jpg 90w\" sizes=\"(max-width: 1000px) 100vw, 1000px\" \/><figcaption id=\"caption-attachment-34010\" class=\"wp-caption-text\">MOC-89573 Green Rainbow Friends mit 309 Teilen<\/figcaption><\/figure>\n<figure id=\"attachment_34011\" aria-describedby=\"caption-attachment-34011\" style=\"width: 1000px\" class=\"wp-caption aligncenter\"><img decoding=\"async\" class=\"wp-image-34011 size-full\" src=\"https:\/\/mouldking.store\/wp-content\/uploads\/2022\/11\/c9139y01-2.jpg\" alt=\"MOC-89573 Green Rainbow Friends With 309 Pieces \" width=\"1000\" height=\"1000\" title=\"-\" srcset=\"https:\/\/mouldking.store\/wp-content\/uploads\/2022\/11\/c9139y01-2.jpg 1000w, https:\/\/mouldking.store\/wp-content\/uploads\/2022\/11\/c9139y01-2-300x300.jpg 300w, https:\/\/mouldking.store\/wp-content\/uploads\/2022\/11\/c9139y01-2-768x768.jpg 768w, https:\/\/mouldking.store\/wp-content\/uploads\/2022\/11\/c9139y01-2-600x600.jpg 600w, https:\/\/mouldking.store\/wp-content\/uploads\/2022\/11\/c9139y01-2-150x150.jpg 150w, https:\/\/mouldking.store\/wp-content\/uploads\/2022\/11\/c9139y01-2-60x60.jpg 60w, https:\/\/mouldking.store\/wp-content\/uploads\/2022\/11\/c9139y01-2-90x90.jpg 90w\" sizes=\"(max-width: 1000px) 100vw, 1000px\" \/><figcaption id=\"caption-attachment-34011\" class=\"wp-caption-text\">MOC-89573 Green Rainbow Friends mit 309 Teilen<\/figcaption><\/figure>\n<figure id=\"attachment_34012\" aria-describedby=\"caption-attachment-34012\" style=\"width: 1000px\" class=\"wp-caption aligncenter\"><img loading=\"lazy\" decoding=\"async\" class=\"wp-image-34012 size-full\" src=\"https:\/\/mouldking.store\/wp-content\/uploads\/2022\/11\/c9139y01-3.jpg\" alt=\"MOC-89573 Green Rainbow Friends With 309 Pieces \" width=\"1000\" height=\"1000\" title=\"-\" srcset=\"https:\/\/mouldking.store\/wp-content\/uploads\/2022\/11\/c9139y01-3.jpg 1000w, https:\/\/mouldking.store\/wp-content\/uploads\/2022\/11\/c9139y01-3-300x300.jpg 300w, https:\/\/mouldking.store\/wp-content\/uploads\/2022\/11\/c9139y01-3-768x768.jpg 768w, https:\/\/mouldking.store\/wp-content\/uploads\/2022\/11\/c9139y01-3-600x600.jpg 600w, https:\/\/mouldking.store\/wp-content\/uploads\/2022\/11\/c9139y01-3-150x150.jpg 150w, https:\/\/mouldking.store\/wp-content\/uploads\/2022\/11\/c9139y01-3-60x60.jpg 60w, https:\/\/mouldking.store\/wp-content\/uploads\/2022\/11\/c9139y01-3-90x90.jpg 90w\" sizes=\"(max-width: 1000px) 100vw, 1000px\" \/><figcaption id=\"caption-attachment-34012\" class=\"wp-caption-text\">MOC-89573 Green Rainbow Friends mit 309 Teilen<\/figcaption><\/figure>\n<figure id=\"attachment_34013\" aria-describedby=\"caption-attachment-34013\" style=\"width: 1000px\" class=\"wp-caption aligncenter\"><img loading=\"lazy\" decoding=\"async\" class=\"wp-image-34013 size-full\" src=\"https:\/\/mouldking.store\/wp-content\/uploads\/2022\/11\/c9139y01-4.jpg\" alt=\"MOC-89573 Green Rainbow Friends With 309 Pieces \" width=\"1000\" height=\"1000\" title=\"-\" srcset=\"https:\/\/mouldking.store\/wp-content\/uploads\/2022\/11\/c9139y01-4.jpg 1000w, https:\/\/mouldking.store\/wp-content\/uploads\/2022\/11\/c9139y01-4-300x300.jpg 300w, https:\/\/mouldking.store\/wp-content\/uploads\/2022\/11\/c9139y01-4-768x768.jpg 768w, https:\/\/mouldking.store\/wp-content\/uploads\/2022\/11\/c9139y01-4-600x600.jpg 600w, https:\/\/mouldking.store\/wp-content\/uploads\/2022\/11\/c9139y01-4-150x150.jpg 150w, https:\/\/mouldking.store\/wp-content\/uploads\/2022\/11\/c9139y01-4-60x60.jpg 60w, https:\/\/mouldking.store\/wp-content\/uploads\/2022\/11\/c9139y01-4-90x90.jpg 90w\" sizes=\"(max-width: 1000px) 100vw, 1000px\" \/><figcaption id=\"caption-attachment-34013\" class=\"wp-caption-text\">MOC-89573 Green Rainbow Friends mit 309 Teilen<\/figcaption><\/figure>\n<figure id=\"attachment_34014\" aria-describedby=\"caption-attachment-34014\" style=\"width: 1000px\" class=\"wp-caption aligncenter\"><img loading=\"lazy\" decoding=\"async\" class=\"wp-image-34014 size-full\" src=\"https:\/\/mouldking.store\/wp-content\/uploads\/2022\/11\/c9139y01-5.jpg\" alt=\"MOC-89573 Green Rainbow Friends With 309 Pieces \" width=\"1000\" height=\"1000\" title=\"-\" srcset=\"https:\/\/mouldking.store\/wp-content\/uploads\/2022\/11\/c9139y01-5.jpg 1000w, https:\/\/mouldking.store\/wp-content\/uploads\/2022\/11\/c9139y01-5-300x300.jpg 300w, https:\/\/mouldking.store\/wp-content\/uploads\/2022\/11\/c9139y01-5-768x768.jpg 768w, https:\/\/mouldking.store\/wp-content\/uploads\/2022\/11\/c9139y01-5-600x600.jpg 600w, https:\/\/mouldking.store\/wp-content\/uploads\/2022\/11\/c9139y01-5-150x150.jpg 150w, https:\/\/mouldking.store\/wp-content\/uploads\/2022\/11\/c9139y01-5-60x60.jpg 60w, https:\/\/mouldking.store\/wp-content\/uploads\/2022\/11\/c9139y01-5-90x90.jpg 90w\" sizes=\"(max-width: 1000px) 100vw, 1000px\" \/><figcaption id=\"caption-attachment-34014\" class=\"wp-caption-text\">MOC-89573 Green Rainbow Friends mit 309 Teilen<\/figcaption><\/figure>\n<figure id=\"attachment_34015\" aria-describedby=\"caption-attachment-34015\" style=\"width: 1000px\" class=\"wp-caption aligncenter\"><img loading=\"lazy\" decoding=\"async\" class=\"wp-image-34015 size-full\" src=\"https:\/\/mouldking.store\/wp-content\/uploads\/2022\/11\/c9139y01-6.jpg\" alt=\"MOC-89573 Green Rainbow Friends With 309 Pieces \" width=\"1000\" height=\"1000\" title=\"-\" srcset=\"https:\/\/mouldking.store\/wp-content\/uploads\/2022\/11\/c9139y01-6.jpg 1000w, https:\/\/mouldking.store\/wp-content\/uploads\/2022\/11\/c9139y01-6-300x300.jpg 300w, https:\/\/mouldking.store\/wp-content\/uploads\/2022\/11\/c9139y01-6-768x768.jpg 768w, https:\/\/mouldking.store\/wp-content\/uploads\/2022\/11\/c9139y01-6-600x600.jpg 600w, https:\/\/mouldking.store\/wp-content\/uploads\/2022\/11\/c9139y01-6-150x150.jpg 150w, https:\/\/mouldking.store\/wp-content\/uploads\/2022\/11\/c9139y01-6-60x60.jpg 60w, https:\/\/mouldking.store\/wp-content\/uploads\/2022\/11\/c9139y01-6-90x90.jpg 90w\" sizes=\"(max-width: 1000px) 100vw, 1000px\" \/><figcaption id=\"caption-attachment-34015\" class=\"wp-caption-text\">MOC-89573 Green Rainbow Friends mit 309 Teilen<\/figcaption><\/figure>\n<figure id=\"attachment_34016\" aria-describedby=\"caption-attachment-34016\" style=\"width: 1000px\" class=\"wp-caption aligncenter\"><img loading=\"lazy\" decoding=\"async\" class=\"wp-image-34016 size-full\" src=\"https:\/\/mouldking.store\/wp-content\/uploads\/2022\/11\/c9139y01-7.jpg\" alt=\"MOC-89573 Green Rainbow Friends With 309 Pieces \" width=\"1000\" height=\"1000\" title=\"-\" srcset=\"https:\/\/mouldking.store\/wp-content\/uploads\/2022\/11\/c9139y01-7.jpg 1000w, https:\/\/mouldking.store\/wp-content\/uploads\/2022\/11\/c9139y01-7-300x300.jpg 300w, https:\/\/mouldking.store\/wp-content\/uploads\/2022\/11\/c9139y01-7-768x768.jpg 768w, https:\/\/mouldking.store\/wp-content\/uploads\/2022\/11\/c9139y01-7-600x600.jpg 600w, https:\/\/mouldking.store\/wp-content\/uploads\/2022\/11\/c9139y01-7-150x150.jpg 150w, https:\/\/mouldking.store\/wp-content\/uploads\/2022\/11\/c9139y01-7-60x60.jpg 60w, https:\/\/mouldking.store\/wp-content\/uploads\/2022\/11\/c9139y01-7-90x90.jpg 90w\" sizes=\"(max-width: 1000px) 100vw, 1000px\" \/><figcaption id=\"caption-attachment-34016\" class=\"wp-caption-text\">MOC-89573 Green Rainbow Friends mit 309 Teilen<\/figcaption><\/figure>","protected":false},"excerpt":{"rendered":"<p>Product information: Brand: MOC Gender: Unisex Name: Green Rainbow Friends Age Range: &gt; 6 years old Model Number: 89573 Classification: Assemblage Plastic Block Shape: Self-Locking Bricks Material: Plastic Plastic Type: ABS Bricks Blocks: 309 pcs Size: 46.4 x 6 x 23.9 cm Weight:0.23 kg Contains detailed assembly instructions. Notice: 1. Without an original box, but [&hellip;]<\/p>","protected":false},"featured_media":34017,"comment_status":"closed","ping_status":"closed","template":"","meta":{"_acf_changed":false},"product_cat":[581],"product_tag":[6688,6686,6689,6685,6684,6687,6690],"class_list":["product","first","instock","shipping-taxable","purchasable","product-type-simple"],"acf":[],"_links":{"self":[{"href":"https:\/\/mouldking.store\/de\/wp-json\/wp\/v2\/product\/34006","targetHints":{"allow":["GET"]}}],"collection":[{"href":"https:\/\/mouldking.store\/de\/wp-json\/wp\/v2\/product"}],"about":[{"href":"https:\/\/mouldking.store\/de\/wp-json\/wp\/v2\/types\/product"}],"replies":[{"embeddable":true,"href":"https:\/\/mouldking.store\/de\/wp-json\/wp\/v2\/comments?post=34006"}],"wp:featuredmedia":[{"embeddable":true,"href":"https:\/\/mouldking.store\/de\/wp-json\/wp\/v2\/media\/34017"}],"wp:attachment":[{"href":"https:\/\/mouldking.store\/de\/wp-json\/wp\/v2\/media?parent=34006"}],"wp:term":[{"taxonomy":"product_cat","embeddable":true,"href":"https:\/\/mouldking.store\/de\/wp-json\/wp\/v2\/product_cat?post=34006"},{"taxonomy":"product_tag","embeddable":true,"href":"https:\/\/mouldking.store\/de\/wp-json\/wp\/v2\/product_tag?post=34006"}],"curies":[{"name":"wp","href":"https:\/\/api.w.org\/{rel}","templated":true}]}}