{"id":34050,"date":"2022-11-04T15:52:25","date_gmt":"2022-11-04T08:52:25","guid":{"rendered":"https:\/\/mouldking.store\/?post_type=product&#038;p=34050"},"modified":"2025-12-25T09:12:23","modified_gmt":"2025-12-25T02:12:23","slug":"moc-89556-the-nutcracker-and-the-mouse-king-set-with-774-pieces","status":"publish","type":"product","link":"https:\/\/mouldking.store\/de\/shop\/moc-89556-the-nutcracker-and-the-mouse-king-set-with-774-pieces\/","title":{"rendered":"MOC-89556 Der Nussknacker und der M\u00e4usek\u00f6nig Set mit 774 Teilen"},"content":{"rendered":"<p>Produktinformation:<\/p>\n<ol>\n<li>Marke: MOC<\/li>\n<li>Geschlecht: Unisex<\/li>\n<li>Name: The Nutcracker And The Mouse King Set<\/li>\n<li>Altersspanne: &gt; 6 Jahre alt<\/li>\n<li>Model Number: 89556<\/li>\n<li>Einstufung: Assemblage<\/li>\n<li>Kunststoffblockform: Selbstsichernde Steine<\/li>\n<li>Material: Kunststoff<\/li>\n<li>Kunststofftyp: ABS<\/li>\n<li>Bricks Blocks: 774 PCS<\/li>\n<li>Size: 25.8 x 12 x 24 cm<\/li>\n<li>Enth\u00e4lt eine ausf\u00fchrliche Montageanleitung.<\/li>\n<\/ol>\n<p>Notiz:<br \/>\n1. Ohne Originalverpackung, aber wir garantieren, dass unsere Produkte eine Qualit\u00e4tssicherung und eine sch\u00f6ne Verpackung haben.<br \/>\n2. Wie alle Teile, die wir vor dem Versand \u00fcberpr\u00fcft haben, machen Sie sich keine Sorgen, wenn Sie feststellen, dass einige Teile fehlen oder besch\u00e4digt sind, und kontaktieren Sie uns einfach, und wir k\u00f6nnen sie Ihnen umgehend kostenlos erneut zusenden.<\/p>\n<figure id=\"attachment_34051\" aria-describedby=\"caption-attachment-34051\" style=\"width: 1024px\" class=\"wp-caption aligncenter\"><img fetchpriority=\"high\" decoding=\"async\" class=\"wp-image-34051 size-large\" src=\"https:\/\/mouldking.store\/wp-content\/uploads\/2022\/11\/MOCFACTORY-Product-27-1024x1024.png\" alt=\"MOC-89556 The Nutcracker And The Mouse King Set With 774 Pieces\" width=\"1024\" height=\"1024\" title=\"-\" srcset=\"https:\/\/mouldking.store\/wp-content\/uploads\/2022\/11\/MOCFACTORY-Product-27-1024x1024.png 1024w, https:\/\/mouldking.store\/wp-content\/uploads\/2022\/11\/MOCFACTORY-Product-27-300x300.png 300w, https:\/\/mouldking.store\/wp-content\/uploads\/2022\/11\/MOCFACTORY-Product-27-768x768.png 768w, https:\/\/mouldking.store\/wp-content\/uploads\/2022\/11\/MOCFACTORY-Product-27-600x600.png 600w, https:\/\/mouldking.store\/wp-content\/uploads\/2022\/11\/MOCFACTORY-Product-27-150x150.png 150w, https:\/\/mouldking.store\/wp-content\/uploads\/2022\/11\/MOCFACTORY-Product-27-60x60.png 60w, https:\/\/mouldking.store\/wp-content\/uploads\/2022\/11\/MOCFACTORY-Product-27-90x90.png 90w, https:\/\/mouldking.store\/wp-content\/uploads\/2022\/11\/MOCFACTORY-Product-27.png 1095w\" sizes=\"(max-width: 1024px) 100vw, 1024px\" \/><figcaption id=\"caption-attachment-34051\" class=\"wp-caption-text\">MOC-89556 Der Nussknacker und der M\u00e4usek\u00f6nig Set mit 774 Teilen<\/figcaption><\/figure>\n<figure id=\"attachment_34052\" aria-describedby=\"caption-attachment-34052\" style=\"width: 1000px\" class=\"wp-caption aligncenter\"><img decoding=\"async\" class=\"wp-image-34052 size-full\" src=\"https:\/\/mouldking.store\/wp-content\/uploads\/2022\/11\/c9103-2.jpg\" alt=\"MOC-89556 The Nutcracker And The Mouse King Set With 774 Pieces\" width=\"1000\" height=\"1000\" title=\"-\" srcset=\"https:\/\/mouldking.store\/wp-content\/uploads\/2022\/11\/c9103-2.jpg 1000w, https:\/\/mouldking.store\/wp-content\/uploads\/2022\/11\/c9103-2-300x300.jpg 300w, https:\/\/mouldking.store\/wp-content\/uploads\/2022\/11\/c9103-2-768x768.jpg 768w, https:\/\/mouldking.store\/wp-content\/uploads\/2022\/11\/c9103-2-600x600.jpg 600w, https:\/\/mouldking.store\/wp-content\/uploads\/2022\/11\/c9103-2-150x150.jpg 150w, https:\/\/mouldking.store\/wp-content\/uploads\/2022\/11\/c9103-2-60x60.jpg 60w, https:\/\/mouldking.store\/wp-content\/uploads\/2022\/11\/c9103-2-90x90.jpg 90w\" sizes=\"(max-width: 1000px) 100vw, 1000px\" \/><figcaption id=\"caption-attachment-34052\" class=\"wp-caption-text\">MOC-89556 Der Nussknacker und der M\u00e4usek\u00f6nig Set mit 774 Teilen<\/figcaption><\/figure>\n<figure id=\"attachment_34053\" aria-describedby=\"caption-attachment-34053\" style=\"width: 1000px\" class=\"wp-caption aligncenter\"><img decoding=\"async\" class=\"wp-image-34053 size-full\" src=\"https:\/\/mouldking.store\/wp-content\/uploads\/2022\/11\/c9103-3.jpg\" alt=\"MOC-89556 The Nutcracker And The Mouse King Set With 774 Pieces\" width=\"1000\" height=\"1000\" title=\"-\" srcset=\"https:\/\/mouldking.store\/wp-content\/uploads\/2022\/11\/c9103-3.jpg 1000w, https:\/\/mouldking.store\/wp-content\/uploads\/2022\/11\/c9103-3-300x300.jpg 300w, https:\/\/mouldking.store\/wp-content\/uploads\/2022\/11\/c9103-3-768x768.jpg 768w, https:\/\/mouldking.store\/wp-content\/uploads\/2022\/11\/c9103-3-600x600.jpg 600w, https:\/\/mouldking.store\/wp-content\/uploads\/2022\/11\/c9103-3-150x150.jpg 150w, https:\/\/mouldking.store\/wp-content\/uploads\/2022\/11\/c9103-3-60x60.jpg 60w, https:\/\/mouldking.store\/wp-content\/uploads\/2022\/11\/c9103-3-90x90.jpg 90w\" sizes=\"(max-width: 1000px) 100vw, 1000px\" \/><figcaption id=\"caption-attachment-34053\" class=\"wp-caption-text\">MOC-89556 Der Nussknacker und der M\u00e4usek\u00f6nig Set mit 774 Teilen<\/figcaption><\/figure>\n<figure id=\"attachment_34054\" aria-describedby=\"caption-attachment-34054\" style=\"width: 1000px\" class=\"wp-caption aligncenter\"><img loading=\"lazy\" decoding=\"async\" class=\"wp-image-34054 size-full\" src=\"https:\/\/mouldking.store\/wp-content\/uploads\/2022\/11\/c9103-4.jpg\" alt=\"MOC-89556 The Nutcracker And The Mouse King Set With 774 Pieces\" width=\"1000\" height=\"1000\" title=\"-\" srcset=\"https:\/\/mouldking.store\/wp-content\/uploads\/2022\/11\/c9103-4.jpg 1000w, https:\/\/mouldking.store\/wp-content\/uploads\/2022\/11\/c9103-4-300x300.jpg 300w, https:\/\/mouldking.store\/wp-content\/uploads\/2022\/11\/c9103-4-768x768.jpg 768w, https:\/\/mouldking.store\/wp-content\/uploads\/2022\/11\/c9103-4-600x600.jpg 600w, https:\/\/mouldking.store\/wp-content\/uploads\/2022\/11\/c9103-4-150x150.jpg 150w, https:\/\/mouldking.store\/wp-content\/uploads\/2022\/11\/c9103-4-60x60.jpg 60w, https:\/\/mouldking.store\/wp-content\/uploads\/2022\/11\/c9103-4-90x90.jpg 90w\" sizes=\"(max-width: 1000px) 100vw, 1000px\" \/><figcaption id=\"caption-attachment-34054\" class=\"wp-caption-text\">MOC-89556 Der Nussknacker und der M\u00e4usek\u00f6nig Set mit 774 Teilen<\/figcaption><\/figure>\n<figure id=\"attachment_34055\" aria-describedby=\"caption-attachment-34055\" style=\"width: 1000px\" class=\"wp-caption aligncenter\"><img loading=\"lazy\" decoding=\"async\" class=\"wp-image-34055 size-full\" src=\"https:\/\/mouldking.store\/wp-content\/uploads\/2022\/11\/c9103-5.jpg\" alt=\"MOC-89556 The Nutcracker And The Mouse King Set With 774 Pieces\" width=\"1000\" height=\"1000\" title=\"-\" srcset=\"https:\/\/mouldking.store\/wp-content\/uploads\/2022\/11\/c9103-5.jpg 1000w, https:\/\/mouldking.store\/wp-content\/uploads\/2022\/11\/c9103-5-300x300.jpg 300w, https:\/\/mouldking.store\/wp-content\/uploads\/2022\/11\/c9103-5-768x768.jpg 768w, https:\/\/mouldking.store\/wp-content\/uploads\/2022\/11\/c9103-5-600x600.jpg 600w, https:\/\/mouldking.store\/wp-content\/uploads\/2022\/11\/c9103-5-150x150.jpg 150w, https:\/\/mouldking.store\/wp-content\/uploads\/2022\/11\/c9103-5-60x60.jpg 60w, https:\/\/mouldking.store\/wp-content\/uploads\/2022\/11\/c9103-5-90x90.jpg 90w\" sizes=\"(max-width: 1000px) 100vw, 1000px\" \/><figcaption id=\"caption-attachment-34055\" class=\"wp-caption-text\">MOC-89556 Der Nussknacker und der M\u00e4usek\u00f6nig Set mit 774 Teilen<\/figcaption><\/figure>\n<figure id=\"attachment_34056\" aria-describedby=\"caption-attachment-34056\" style=\"width: 1000px\" class=\"wp-caption aligncenter\"><img loading=\"lazy\" decoding=\"async\" class=\"wp-image-34056 size-full\" src=\"https:\/\/mouldking.store\/wp-content\/uploads\/2022\/11\/c9103-6.jpg\" alt=\"MOC-89556 The Nutcracker And The Mouse King Set With 774 Pieces\" width=\"1000\" height=\"1000\" title=\"-\" srcset=\"https:\/\/mouldking.store\/wp-content\/uploads\/2022\/11\/c9103-6.jpg 1000w, https:\/\/mouldking.store\/wp-content\/uploads\/2022\/11\/c9103-6-300x300.jpg 300w, https:\/\/mouldking.store\/wp-content\/uploads\/2022\/11\/c9103-6-768x768.jpg 768w, https:\/\/mouldking.store\/wp-content\/uploads\/2022\/11\/c9103-6-600x600.jpg 600w, https:\/\/mouldking.store\/wp-content\/uploads\/2022\/11\/c9103-6-150x150.jpg 150w, https:\/\/mouldking.store\/wp-content\/uploads\/2022\/11\/c9103-6-60x60.jpg 60w, https:\/\/mouldking.store\/wp-content\/uploads\/2022\/11\/c9103-6-90x90.jpg 90w\" sizes=\"(max-width: 1000px) 100vw, 1000px\" \/><figcaption id=\"caption-attachment-34056\" class=\"wp-caption-text\">MOC-89556 Der Nussknacker und der M\u00e4usek\u00f6nig Set mit 774 Teilen<\/figcaption><\/figure>\n<figure id=\"attachment_34057\" aria-describedby=\"caption-attachment-34057\" style=\"width: 1000px\" class=\"wp-caption aligncenter\"><img loading=\"lazy\" decoding=\"async\" class=\"wp-image-34057 size-full\" src=\"https:\/\/mouldking.store\/wp-content\/uploads\/2022\/11\/c9103-7.jpg\" alt=\"MOC-89556 The Nutcracker And The Mouse King Set With 774 Pieces\" width=\"1000\" height=\"1000\" title=\"-\" srcset=\"https:\/\/mouldking.store\/wp-content\/uploads\/2022\/11\/c9103-7.jpg 1000w, https:\/\/mouldking.store\/wp-content\/uploads\/2022\/11\/c9103-7-300x300.jpg 300w, https:\/\/mouldking.store\/wp-content\/uploads\/2022\/11\/c9103-7-768x768.jpg 768w, https:\/\/mouldking.store\/wp-content\/uploads\/2022\/11\/c9103-7-600x600.jpg 600w, https:\/\/mouldking.store\/wp-content\/uploads\/2022\/11\/c9103-7-150x150.jpg 150w, https:\/\/mouldking.store\/wp-content\/uploads\/2022\/11\/c9103-7-60x60.jpg 60w, https:\/\/mouldking.store\/wp-content\/uploads\/2022\/11\/c9103-7-90x90.jpg 90w\" sizes=\"(max-width: 1000px) 100vw, 1000px\" \/><figcaption id=\"caption-attachment-34057\" class=\"wp-caption-text\">MOC-89556 Der Nussknacker und der M\u00e4usek\u00f6nig Set mit 774 Teilen<\/figcaption><\/figure>\n<figure id=\"attachment_34058\" aria-describedby=\"caption-attachment-34058\" style=\"width: 1000px\" class=\"wp-caption aligncenter\"><img loading=\"lazy\" decoding=\"async\" class=\"wp-image-34058 size-full\" src=\"https:\/\/mouldking.store\/wp-content\/uploads\/2022\/11\/c9103-8.jpg\" alt=\"MOC-89556 The Nutcracker And The Mouse King Set With 774 Pieces\" width=\"1000\" height=\"1000\" title=\"-\" srcset=\"https:\/\/mouldking.store\/wp-content\/uploads\/2022\/11\/c9103-8.jpg 1000w, https:\/\/mouldking.store\/wp-content\/uploads\/2022\/11\/c9103-8-300x300.jpg 300w, https:\/\/mouldking.store\/wp-content\/uploads\/2022\/11\/c9103-8-768x768.jpg 768w, https:\/\/mouldking.store\/wp-content\/uploads\/2022\/11\/c9103-8-600x600.jpg 600w, https:\/\/mouldking.store\/wp-content\/uploads\/2022\/11\/c9103-8-150x150.jpg 150w, https:\/\/mouldking.store\/wp-content\/uploads\/2022\/11\/c9103-8-60x60.jpg 60w, https:\/\/mouldking.store\/wp-content\/uploads\/2022\/11\/c9103-8-90x90.jpg 90w\" sizes=\"(max-width: 1000px) 100vw, 1000px\" \/><figcaption id=\"caption-attachment-34058\" class=\"wp-caption-text\">MOC-89556 Der Nussknacker und der M\u00e4usek\u00f6nig Set mit 774 Teilen<\/figcaption><\/figure>\n<figure id=\"attachment_34059\" aria-describedby=\"caption-attachment-34059\" style=\"width: 1000px\" class=\"wp-caption aligncenter\"><img loading=\"lazy\" decoding=\"async\" class=\"wp-image-34059 size-full\" src=\"https:\/\/mouldking.store\/wp-content\/uploads\/2022\/11\/c9103-9.jpg\" alt=\"MOC-89556 The Nutcracker And The Mouse King Set With 774 Pieces\" width=\"1000\" height=\"1000\" title=\"-\" srcset=\"https:\/\/mouldking.store\/wp-content\/uploads\/2022\/11\/c9103-9.jpg 1000w, https:\/\/mouldking.store\/wp-content\/uploads\/2022\/11\/c9103-9-300x300.jpg 300w, https:\/\/mouldking.store\/wp-content\/uploads\/2022\/11\/c9103-9-768x768.jpg 768w, https:\/\/mouldking.store\/wp-content\/uploads\/2022\/11\/c9103-9-600x600.jpg 600w, https:\/\/mouldking.store\/wp-content\/uploads\/2022\/11\/c9103-9-150x150.jpg 150w, https:\/\/mouldking.store\/wp-content\/uploads\/2022\/11\/c9103-9-60x60.jpg 60w, https:\/\/mouldking.store\/wp-content\/uploads\/2022\/11\/c9103-9-90x90.jpg 90w\" sizes=\"(max-width: 1000px) 100vw, 1000px\" \/><figcaption id=\"caption-attachment-34059\" class=\"wp-caption-text\">MOC-89556 Der Nussknacker und der M\u00e4usek\u00f6nig Set mit 774 Teilen<\/figcaption><\/figure>\n<figure id=\"attachment_34060\" aria-describedby=\"caption-attachment-34060\" style=\"width: 300px\" class=\"wp-caption aligncenter\"><img loading=\"lazy\" decoding=\"async\" class=\"wp-image-34060\" src=\"https:\/\/mouldking.store\/wp-content\/uploads\/2022\/11\/c9103-10-300x300.jpg\" alt=\"MOC-89556 The Nutcracker And The Mouse King Set With 774 Pieces\" width=\"300\" height=\"300\" title=\"-\" srcset=\"https:\/\/mouldking.store\/wp-content\/uploads\/2022\/11\/c9103-10-300x300.jpg 300w, https:\/\/mouldking.store\/wp-content\/uploads\/2022\/11\/c9103-10-768x768.jpg 768w, https:\/\/mouldking.store\/wp-content\/uploads\/2022\/11\/c9103-10-600x600.jpg 600w, https:\/\/mouldking.store\/wp-content\/uploads\/2022\/11\/c9103-10-150x150.jpg 150w, https:\/\/mouldking.store\/wp-content\/uploads\/2022\/11\/c9103-10-60x60.jpg 60w, https:\/\/mouldking.store\/wp-content\/uploads\/2022\/11\/c9103-10-90x90.jpg 90w, https:\/\/mouldking.store\/wp-content\/uploads\/2022\/11\/c9103-10.jpg 1000w\" sizes=\"(max-width: 300px) 100vw, 300px\" \/><figcaption id=\"caption-attachment-34060\" class=\"wp-caption-text\">MOC-89556 Der Nussknacker und der M\u00e4usek\u00f6nig Set mit 774 Teilen<\/figcaption><\/figure>\n<figure id=\"attachment_34061\" aria-describedby=\"caption-attachment-34061\" style=\"width: 1000px\" class=\"wp-caption aligncenter\"><img loading=\"lazy\" decoding=\"async\" class=\"wp-image-34061 size-full\" src=\"https:\/\/mouldking.store\/wp-content\/uploads\/2022\/11\/c9103-11.jpg\" alt=\"MOC-89556 The Nutcracker And The Mouse King Set With 774 Pieces\" width=\"1000\" height=\"1000\" title=\"-\" srcset=\"https:\/\/mouldking.store\/wp-content\/uploads\/2022\/11\/c9103-11.jpg 1000w, https:\/\/mouldking.store\/wp-content\/uploads\/2022\/11\/c9103-11-300x300.jpg 300w, https:\/\/mouldking.store\/wp-content\/uploads\/2022\/11\/c9103-11-768x768.jpg 768w, https:\/\/mouldking.store\/wp-content\/uploads\/2022\/11\/c9103-11-600x600.jpg 600w, https:\/\/mouldking.store\/wp-content\/uploads\/2022\/11\/c9103-11-150x150.jpg 150w, https:\/\/mouldking.store\/wp-content\/uploads\/2022\/11\/c9103-11-60x60.jpg 60w, https:\/\/mouldking.store\/wp-content\/uploads\/2022\/11\/c9103-11-90x90.jpg 90w\" sizes=\"(max-width: 1000px) 100vw, 1000px\" \/><figcaption id=\"caption-attachment-34061\" class=\"wp-caption-text\">MOC-89556 Der Nussknacker und der M\u00e4usek\u00f6nig Set mit 774 Teilen<\/figcaption><\/figure>\n<figure id=\"attachment_34062\" aria-describedby=\"caption-attachment-34062\" style=\"width: 1000px\" class=\"wp-caption aligncenter\"><img loading=\"lazy\" decoding=\"async\" class=\"wp-image-34062 size-full\" src=\"https:\/\/mouldking.store\/wp-content\/uploads\/2022\/11\/c9103-13.jpg\" alt=\"MOC-89556 The Nutcracker And The Mouse King Set With 774 Pieces\" width=\"1000\" height=\"1000\" title=\"-\" srcset=\"https:\/\/mouldking.store\/wp-content\/uploads\/2022\/11\/c9103-13.jpg 1000w, https:\/\/mouldking.store\/wp-content\/uploads\/2022\/11\/c9103-13-300x300.jpg 300w, https:\/\/mouldking.store\/wp-content\/uploads\/2022\/11\/c9103-13-768x768.jpg 768w, https:\/\/mouldking.store\/wp-content\/uploads\/2022\/11\/c9103-13-600x600.jpg 600w, https:\/\/mouldking.store\/wp-content\/uploads\/2022\/11\/c9103-13-150x150.jpg 150w, https:\/\/mouldking.store\/wp-content\/uploads\/2022\/11\/c9103-13-60x60.jpg 60w, https:\/\/mouldking.store\/wp-content\/uploads\/2022\/11\/c9103-13-90x90.jpg 90w\" sizes=\"(max-width: 1000px) 100vw, 1000px\" \/><figcaption id=\"caption-attachment-34062\" class=\"wp-caption-text\">MOC-89556 Der Nussknacker und der M\u00e4usek\u00f6nig Set mit 774 Teilen<\/figcaption><\/figure>\n<figure id=\"attachment_34063\" aria-describedby=\"caption-attachment-34063\" style=\"width: 1000px\" class=\"wp-caption aligncenter\"><img loading=\"lazy\" decoding=\"async\" class=\"wp-image-34063 size-full\" src=\"https:\/\/mouldking.store\/wp-content\/uploads\/2022\/11\/c9103.jpg\" alt=\"MOC-89556 The Nutcracker And The Mouse King Set With 774 Pieces\" width=\"1000\" height=\"1000\" title=\"-\" srcset=\"https:\/\/mouldking.store\/wp-content\/uploads\/2022\/11\/c9103.jpg 1000w, https:\/\/mouldking.store\/wp-content\/uploads\/2022\/11\/c9103-300x300.jpg 300w, https:\/\/mouldking.store\/wp-content\/uploads\/2022\/11\/c9103-768x768.jpg 768w, https:\/\/mouldking.store\/wp-content\/uploads\/2022\/11\/c9103-600x600.jpg 600w, https:\/\/mouldking.store\/wp-content\/uploads\/2022\/11\/c9103-150x150.jpg 150w, https:\/\/mouldking.store\/wp-content\/uploads\/2022\/11\/c9103-60x60.jpg 60w, https:\/\/mouldking.store\/wp-content\/uploads\/2022\/11\/c9103-90x90.jpg 90w\" sizes=\"(max-width: 1000px) 100vw, 1000px\" \/><figcaption id=\"caption-attachment-34063\" class=\"wp-caption-text\">MOC-89556 Der Nussknacker und der M\u00e4usek\u00f6nig Set mit 774 Teilen<\/figcaption><\/figure>\n<figure id=\"attachment_34064\" aria-describedby=\"caption-attachment-34064\" style=\"width: 1000px\" class=\"wp-caption aligncenter\"><img loading=\"lazy\" decoding=\"async\" class=\"wp-image-34064 size-full\" src=\"https:\/\/mouldking.store\/wp-content\/uploads\/2022\/11\/c9103-12.jpg\" alt=\"MOC-89556 The Nutcracker And The Mouse King Set With 774 Pieces\" width=\"1000\" height=\"1000\" title=\"-\" srcset=\"https:\/\/mouldking.store\/wp-content\/uploads\/2022\/11\/c9103-12.jpg 1000w, https:\/\/mouldking.store\/wp-content\/uploads\/2022\/11\/c9103-12-300x300.jpg 300w, https:\/\/mouldking.store\/wp-content\/uploads\/2022\/11\/c9103-12-768x768.jpg 768w, https:\/\/mouldking.store\/wp-content\/uploads\/2022\/11\/c9103-12-600x600.jpg 600w, https:\/\/mouldking.store\/wp-content\/uploads\/2022\/11\/c9103-12-150x150.jpg 150w, https:\/\/mouldking.store\/wp-content\/uploads\/2022\/11\/c9103-12-60x60.jpg 60w, https:\/\/mouldking.store\/wp-content\/uploads\/2022\/11\/c9103-12-90x90.jpg 90w\" sizes=\"(max-width: 1000px) 100vw, 1000px\" \/><figcaption id=\"caption-attachment-34064\" class=\"wp-caption-text\">MOC-89556 Der Nussknacker und der M\u00e4usek\u00f6nig Set mit 774 Teilen<\/figcaption><\/figure>","protected":false},"excerpt":{"rendered":"<p>Product information: Brand: MOC Gender: Unisex Name: The Nutcracker And The Mouse King Set Age Range: &gt; 6 years old Model Number: 89556 Classification: Assemblage Plastic Block Shape: Self-Locking Bricks Material: Plastic Plastic Type: ABS Bricks Blocks: 774 PCS Size: 25.8 x 12 x 24 cm Contains detailed assembly instructions. Notice: 1. Without an original [&hellip;]<\/p>","protected":false},"featured_media":34051,"comment_status":"closed","ping_status":"closed","template":"","meta":{"_acf_changed":false},"product_cat":[371],"product_tag":[6722,6721,6726,6724,6723,6725,6727],"class_list":["product","first","instock","shipping-taxable","purchasable","product-type-simple"],"acf":[],"_links":{"self":[{"href":"https:\/\/mouldking.store\/de\/wp-json\/wp\/v2\/product\/34050","targetHints":{"allow":["GET"]}}],"collection":[{"href":"https:\/\/mouldking.store\/de\/wp-json\/wp\/v2\/product"}],"about":[{"href":"https:\/\/mouldking.store\/de\/wp-json\/wp\/v2\/types\/product"}],"replies":[{"embeddable":true,"href":"https:\/\/mouldking.store\/de\/wp-json\/wp\/v2\/comments?post=34050"}],"wp:featuredmedia":[{"embeddable":true,"href":"https:\/\/mouldking.store\/de\/wp-json\/wp\/v2\/media\/34051"}],"wp:attachment":[{"href":"https:\/\/mouldking.store\/de\/wp-json\/wp\/v2\/media?parent=34050"}],"wp:term":[{"taxonomy":"product_cat","embeddable":true,"href":"https:\/\/mouldking.store\/de\/wp-json\/wp\/v2\/product_cat?post=34050"},{"taxonomy":"product_tag","embeddable":true,"href":"https:\/\/mouldking.store\/de\/wp-json\/wp\/v2\/product_tag?post=34050"}],"curies":[{"name":"wp","href":"https:\/\/api.w.org\/{rel}","templated":true}]}}