{"id":34077,"date":"2022-11-04T16:16:36","date_gmt":"2022-11-04T09:16:36","guid":{"rendered":"https:\/\/mouldking.store\/?post_type=product&#038;p=34077"},"modified":"2025-12-25T09:12:22","modified_gmt":"2025-12-25T02:12:22","slug":"moc-54251-santa-fe-super-chief-trains-heavy-duty-passenger-locomotive-with-570-pieces","status":"publish","type":"product","link":"https:\/\/mouldking.store\/de\/shop\/moc-54251-santa-fe-super-chief-trains-heavy-duty-passenger-locomotive-with-570-pieces\/","title":{"rendered":"MOC-54251 Santa Fe Super Chief Trains-Schwerlast Personenlokomotive mit 570 St\u00fcck"},"content":{"rendered":"<p>Produktinformation:<\/p>\n<ol>\n<li>Marke: MOC<\/li>\n<li>Geschlecht: Unisex<\/li>\n<li>Name: Santa Fe Super Chief Trains-Heavy Duty Passenger Locomotive<\/li>\n<li>Altersspanne: &gt; 6 Jahre alt<\/li>\n<li>Model Number: 54251<\/li>\n<li>Einstufung: Assemblage<\/li>\n<li>Kunststoffblockform: Selbstsichernde Steine<\/li>\n<li>Material: Kunststoff<\/li>\n<li>Kunststofftyp: ABS<\/li>\n<li>Bricks Blocks: 570 PCS<\/li>\n<li>Size: 27 x 6.1 x 10.3 cm<\/li>\n<li>Weight:\u00a00.5 kg<\/li>\n<li>Enth\u00e4lt eine ausf\u00fchrliche Montageanleitung.<\/li>\n<\/ol>\n<p>Notiz:<br \/>\n1. Ohne Originalverpackung, aber wir garantieren, dass unsere Produkte eine Qualit\u00e4tssicherung und eine sch\u00f6ne Verpackung haben.<br \/>\n2. Wie alle Teile, die wir vor dem Versand \u00fcberpr\u00fcft haben, machen Sie sich keine Sorgen, wenn Sie feststellen, dass einige Teile fehlen oder besch\u00e4digt sind, und kontaktieren Sie uns einfach, und wir k\u00f6nnen sie Ihnen umgehend kostenlos erneut zusenden.<\/p>\n<figure id=\"attachment_34078\" aria-describedby=\"caption-attachment-34078\" style=\"width: 1024px\" class=\"wp-caption aligncenter\"><img fetchpriority=\"high\" decoding=\"async\" class=\"wp-image-34078 size-large\" src=\"https:\/\/mouldking.store\/wp-content\/uploads\/2022\/11\/MOCFACTORY-Product-29-1024x1024.png\" alt=\"MOC-54251 Santa Fe Super Chief Trains-Heavy Duty Passenger Locomotive With 570 Pieces\" width=\"1024\" height=\"1024\" title=\"-\" srcset=\"https:\/\/mouldking.store\/wp-content\/uploads\/2022\/11\/MOCFACTORY-Product-29-1024x1024.png 1024w, https:\/\/mouldking.store\/wp-content\/uploads\/2022\/11\/MOCFACTORY-Product-29-300x300.png 300w, https:\/\/mouldking.store\/wp-content\/uploads\/2022\/11\/MOCFACTORY-Product-29-768x768.png 768w, https:\/\/mouldking.store\/wp-content\/uploads\/2022\/11\/MOCFACTORY-Product-29-600x600.png 600w, https:\/\/mouldking.store\/wp-content\/uploads\/2022\/11\/MOCFACTORY-Product-29-150x150.png 150w, https:\/\/mouldking.store\/wp-content\/uploads\/2022\/11\/MOCFACTORY-Product-29-60x60.png 60w, https:\/\/mouldking.store\/wp-content\/uploads\/2022\/11\/MOCFACTORY-Product-29-90x90.png 90w, https:\/\/mouldking.store\/wp-content\/uploads\/2022\/11\/MOCFACTORY-Product-29.png 1095w\" sizes=\"(max-width: 1024px) 100vw, 1024px\" \/><figcaption id=\"caption-attachment-34078\" class=\"wp-caption-text\">MOC-54251 Santa Fe Super Chief Trains-Schwerlast Personenlokomotive mit 570 St\u00fcck<\/figcaption><\/figure>\n<figure id=\"attachment_34080\" aria-describedby=\"caption-attachment-34080\" style=\"width: 1000px\" class=\"wp-caption aligncenter\"><img decoding=\"async\" class=\"wp-image-34080 size-full\" src=\"https:\/\/mouldking.store\/wp-content\/uploads\/2022\/11\/C807302-5.jpg\" alt=\"MOC-54251 Santa Fe Super Chief Trains-Heavy Duty Passenger Locomotive With 570 Pieces\" width=\"1000\" height=\"1000\" title=\"-\" srcset=\"https:\/\/mouldking.store\/wp-content\/uploads\/2022\/11\/C807302-5.jpg 1000w, https:\/\/mouldking.store\/wp-content\/uploads\/2022\/11\/C807302-5-300x300.jpg 300w, https:\/\/mouldking.store\/wp-content\/uploads\/2022\/11\/C807302-5-768x768.jpg 768w, https:\/\/mouldking.store\/wp-content\/uploads\/2022\/11\/C807302-5-600x600.jpg 600w, https:\/\/mouldking.store\/wp-content\/uploads\/2022\/11\/C807302-5-150x150.jpg 150w, https:\/\/mouldking.store\/wp-content\/uploads\/2022\/11\/C807302-5-60x60.jpg 60w, https:\/\/mouldking.store\/wp-content\/uploads\/2022\/11\/C807302-5-90x90.jpg 90w\" sizes=\"(max-width: 1000px) 100vw, 1000px\" \/><figcaption id=\"caption-attachment-34080\" class=\"wp-caption-text\">MOC-54251 Santa Fe Super Chief Trains-Schwerlast Personenlokomotive mit 570 St\u00fcck<\/figcaption><\/figure>\n<figure id=\"attachment_34081\" aria-describedby=\"caption-attachment-34081\" style=\"width: 1000px\" class=\"wp-caption aligncenter\"><img decoding=\"async\" class=\"wp-image-34081 size-full\" src=\"https:\/\/mouldking.store\/wp-content\/uploads\/2022\/11\/C807302-4.jpg\" alt=\"MOC-54251 Santa Fe Super Chief Trains-Heavy Duty Passenger Locomotive With 570 Pieces\" width=\"1000\" height=\"1000\" title=\"-\" srcset=\"https:\/\/mouldking.store\/wp-content\/uploads\/2022\/11\/C807302-4.jpg 1000w, https:\/\/mouldking.store\/wp-content\/uploads\/2022\/11\/C807302-4-300x300.jpg 300w, https:\/\/mouldking.store\/wp-content\/uploads\/2022\/11\/C807302-4-768x768.jpg 768w, https:\/\/mouldking.store\/wp-content\/uploads\/2022\/11\/C807302-4-600x600.jpg 600w, https:\/\/mouldking.store\/wp-content\/uploads\/2022\/11\/C807302-4-150x150.jpg 150w, https:\/\/mouldking.store\/wp-content\/uploads\/2022\/11\/C807302-4-60x60.jpg 60w, https:\/\/mouldking.store\/wp-content\/uploads\/2022\/11\/C807302-4-90x90.jpg 90w\" sizes=\"(max-width: 1000px) 100vw, 1000px\" \/><figcaption id=\"caption-attachment-34081\" class=\"wp-caption-text\">MOC-54251 Santa Fe Super Chief Trains-Schwerlast Personenlokomotive mit 570 St\u00fcck<\/figcaption><\/figure>\n<figure id=\"attachment_34082\" aria-describedby=\"caption-attachment-34082\" style=\"width: 1000px\" class=\"wp-caption aligncenter\"><img loading=\"lazy\" decoding=\"async\" class=\"wp-image-34082 size-full\" src=\"https:\/\/mouldking.store\/wp-content\/uploads\/2022\/11\/C807302-3.jpg\" alt=\"MOC-54251 Santa Fe Super Chief Trains-Heavy Duty Passenger Locomotive With 570 Pieces\" width=\"1000\" height=\"1000\" title=\"-\" srcset=\"https:\/\/mouldking.store\/wp-content\/uploads\/2022\/11\/C807302-3.jpg 1000w, https:\/\/mouldking.store\/wp-content\/uploads\/2022\/11\/C807302-3-300x300.jpg 300w, https:\/\/mouldking.store\/wp-content\/uploads\/2022\/11\/C807302-3-768x768.jpg 768w, https:\/\/mouldking.store\/wp-content\/uploads\/2022\/11\/C807302-3-600x600.jpg 600w, https:\/\/mouldking.store\/wp-content\/uploads\/2022\/11\/C807302-3-150x150.jpg 150w, https:\/\/mouldking.store\/wp-content\/uploads\/2022\/11\/C807302-3-60x60.jpg 60w, https:\/\/mouldking.store\/wp-content\/uploads\/2022\/11\/C807302-3-90x90.jpg 90w\" sizes=\"(max-width: 1000px) 100vw, 1000px\" \/><figcaption id=\"caption-attachment-34082\" class=\"wp-caption-text\">MOC-54251 Santa Fe Super Chief Trains-Schwerlast Personenlokomotive mit 570 St\u00fcck<\/figcaption><\/figure>\n<figure id=\"attachment_34083\" aria-describedby=\"caption-attachment-34083\" style=\"width: 1000px\" class=\"wp-caption aligncenter\"><img loading=\"lazy\" decoding=\"async\" class=\"wp-image-34083 size-full\" src=\"https:\/\/mouldking.store\/wp-content\/uploads\/2022\/11\/C807302-2.jpg\" alt=\"MOC-54251 Santa Fe Super Chief Trains-Heavy Duty Passenger Locomotive With 570 Pieces\" width=\"1000\" height=\"1000\" title=\"-\" srcset=\"https:\/\/mouldking.store\/wp-content\/uploads\/2022\/11\/C807302-2.jpg 1000w, https:\/\/mouldking.store\/wp-content\/uploads\/2022\/11\/C807302-2-300x300.jpg 300w, https:\/\/mouldking.store\/wp-content\/uploads\/2022\/11\/C807302-2-768x768.jpg 768w, https:\/\/mouldking.store\/wp-content\/uploads\/2022\/11\/C807302-2-600x600.jpg 600w, https:\/\/mouldking.store\/wp-content\/uploads\/2022\/11\/C807302-2-150x150.jpg 150w, https:\/\/mouldking.store\/wp-content\/uploads\/2022\/11\/C807302-2-60x60.jpg 60w, https:\/\/mouldking.store\/wp-content\/uploads\/2022\/11\/C807302-2-90x90.jpg 90w\" sizes=\"(max-width: 1000px) 100vw, 1000px\" \/><figcaption id=\"caption-attachment-34083\" class=\"wp-caption-text\">MOC-54251 Santa Fe Super Chief Trains-Schwerlast Personenlokomotive mit 570 St\u00fcck<\/figcaption><\/figure>\n<figure id=\"attachment_34084\" aria-describedby=\"caption-attachment-34084\" style=\"width: 1000px\" class=\"wp-caption aligncenter\"><img loading=\"lazy\" decoding=\"async\" class=\"wp-image-34084 size-full\" src=\"https:\/\/mouldking.store\/wp-content\/uploads\/2022\/11\/C807302.jpg\" alt=\"MOC-54251 Santa Fe Super Chief Trains-Heavy Duty Passenger Locomotive With 570 Pieces\" width=\"1000\" height=\"1000\" title=\"-\" srcset=\"https:\/\/mouldking.store\/wp-content\/uploads\/2022\/11\/C807302.jpg 1000w, https:\/\/mouldking.store\/wp-content\/uploads\/2022\/11\/C807302-300x300.jpg 300w, https:\/\/mouldking.store\/wp-content\/uploads\/2022\/11\/C807302-768x768.jpg 768w, https:\/\/mouldking.store\/wp-content\/uploads\/2022\/11\/C807302-600x600.jpg 600w, https:\/\/mouldking.store\/wp-content\/uploads\/2022\/11\/C807302-150x150.jpg 150w, https:\/\/mouldking.store\/wp-content\/uploads\/2022\/11\/C807302-60x60.jpg 60w, https:\/\/mouldking.store\/wp-content\/uploads\/2022\/11\/C807302-90x90.jpg 90w\" sizes=\"(max-width: 1000px) 100vw, 1000px\" \/><figcaption id=\"caption-attachment-34084\" class=\"wp-caption-text\">MOC-54251 Santa Fe Super Chief Trains-Schwerlast Personenlokomotive mit 570 St\u00fcck<\/figcaption><\/figure>","protected":false},"excerpt":{"rendered":"<p>Product information: Brand: MOC Gender: Unisex Name: Santa Fe Super Chief Trains-Heavy Duty Passenger Locomotive Age Range: &gt; 6 years old Model Number: 54251 Classification: Assemblage Plastic Block Shape: Self-Locking Bricks Material: Plastic Plastic Type: ABS Bricks Blocks: 570 PCS Size: 27 x 6.1 x 10.3 cm Weight:\u00a00.5 kg Contains detailed assembly instructions. Notice: 1. [&hellip;]<\/p>","protected":false},"featured_media":34078,"comment_status":"closed","ping_status":"closed","template":"","meta":{"_acf_changed":false},"product_cat":[1357],"product_tag":[6737,6733,6732,6734,6738,6739,6735,6736],"class_list":["product","first","instock","shipping-taxable","purchasable","product-type-simple"],"acf":[],"_links":{"self":[{"href":"https:\/\/mouldking.store\/de\/wp-json\/wp\/v2\/product\/34077","targetHints":{"allow":["GET"]}}],"collection":[{"href":"https:\/\/mouldking.store\/de\/wp-json\/wp\/v2\/product"}],"about":[{"href":"https:\/\/mouldking.store\/de\/wp-json\/wp\/v2\/types\/product"}],"replies":[{"embeddable":true,"href":"https:\/\/mouldking.store\/de\/wp-json\/wp\/v2\/comments?post=34077"}],"wp:featuredmedia":[{"embeddable":true,"href":"https:\/\/mouldking.store\/de\/wp-json\/wp\/v2\/media\/34078"}],"wp:attachment":[{"href":"https:\/\/mouldking.store\/de\/wp-json\/wp\/v2\/media?parent=34077"}],"wp:term":[{"taxonomy":"product_cat","embeddable":true,"href":"https:\/\/mouldking.store\/de\/wp-json\/wp\/v2\/product_cat?post=34077"},{"taxonomy":"product_tag","embeddable":true,"href":"https:\/\/mouldking.store\/de\/wp-json\/wp\/v2\/product_tag?post=34077"}],"curies":[{"name":"wp","href":"https:\/\/api.w.org\/{rel}","templated":true}]}}