{"id":34086,"date":"2022-11-04T16:25:57","date_gmt":"2022-11-04T09:25:57","guid":{"rendered":"https:\/\/mouldking.store\/?post_type=product&#038;p=34086"},"modified":"2025-12-25T09:12:22","modified_gmt":"2025-12-25T02:12:22","slug":"moc-115191-new-hope-with-1098-pieces","status":"publish","type":"product","link":"https:\/\/mouldking.store\/de\/shop\/moc-115191-new-hope-with-1098-pieces\/","title":{"rendered":"MOC-115191 Neue Hoffnung mit 1098 Teilen"},"content":{"rendered":"<p>Produktinformation:<\/p>\n<ol>\n<li>Marke: MOC<\/li>\n<li>Geschlecht: Unisex<\/li>\n<li>Name: New Hope<\/li>\n<li>Altersspanne: &gt; 6 Jahre alt<\/li>\n<li>Model Number: 115191<\/li>\n<li>Einstufung: Assemblage<\/li>\n<li>Kunststoffblockform: Selbstsichernde Steine<\/li>\n<li>Material: Kunststoff<\/li>\n<li>Kunststofftyp: ABS<\/li>\n<li>Bricks Blocks:1098 PCS<\/li>\n<li>Size: 32.8 x 15.4 x 18.6 cm<\/li>\n<li>Weight:1.34 kg<\/li>\n<li>Enth\u00e4lt eine ausf\u00fchrliche Montageanleitung.<\/li>\n<\/ol>\n<p>Notiz:<br \/>\n1. Ohne Originalverpackung, aber wir garantieren, dass unsere Produkte eine Qualit\u00e4tssicherung und eine sch\u00f6ne Verpackung haben.<br \/>\n2. Wie alle Teile, die wir vor dem Versand \u00fcberpr\u00fcft haben, machen Sie sich keine Sorgen, wenn Sie feststellen, dass einige Teile fehlen oder besch\u00e4digt sind, und kontaktieren Sie uns einfach, und wir k\u00f6nnen sie Ihnen umgehend kostenlos erneut zusenden.<\/p>\n<figure id=\"attachment_34095\" aria-describedby=\"caption-attachment-34095\" style=\"width: 1024px\" class=\"wp-caption aligncenter\"><img fetchpriority=\"high\" decoding=\"async\" class=\"wp-image-34095 size-large\" src=\"https:\/\/mouldking.store\/wp-content\/uploads\/2022\/11\/MOCFACTORY-Product-30-1024x1024.png\" alt=\"MOC-115191 New Hope With 1098 Pieces\" width=\"1024\" height=\"1024\" title=\"-\" srcset=\"https:\/\/mouldking.store\/wp-content\/uploads\/2022\/11\/MOCFACTORY-Product-30-1024x1024.png 1024w, https:\/\/mouldking.store\/wp-content\/uploads\/2022\/11\/MOCFACTORY-Product-30-300x300.png 300w, https:\/\/mouldking.store\/wp-content\/uploads\/2022\/11\/MOCFACTORY-Product-30-768x768.png 768w, https:\/\/mouldking.store\/wp-content\/uploads\/2022\/11\/MOCFACTORY-Product-30-600x600.png 600w, https:\/\/mouldking.store\/wp-content\/uploads\/2022\/11\/MOCFACTORY-Product-30-150x150.png 150w, https:\/\/mouldking.store\/wp-content\/uploads\/2022\/11\/MOCFACTORY-Product-30-60x60.png 60w, https:\/\/mouldking.store\/wp-content\/uploads\/2022\/11\/MOCFACTORY-Product-30-90x90.png 90w, https:\/\/mouldking.store\/wp-content\/uploads\/2022\/11\/MOCFACTORY-Product-30.png 1095w\" sizes=\"(max-width: 1024px) 100vw, 1024px\" \/><figcaption id=\"caption-attachment-34095\" class=\"wp-caption-text\">MOC-115191 Neue Hoffnung mit 1098 Teilen<\/figcaption><\/figure>\n<figure id=\"attachment_34088\" aria-describedby=\"caption-attachment-34088\" style=\"width: 1000px\" class=\"wp-caption aligncenter\"><img decoding=\"async\" class=\"wp-image-34088 size-full\" src=\"https:\/\/mouldking.store\/wp-content\/uploads\/2022\/11\/C9043-1.jpg\" alt=\"MOC-115191 New Hope With 1098 Pieces\" width=\"1000\" height=\"1000\" title=\"-\" srcset=\"https:\/\/mouldking.store\/wp-content\/uploads\/2022\/11\/C9043-1.jpg 1000w, https:\/\/mouldking.store\/wp-content\/uploads\/2022\/11\/C9043-1-300x300.jpg 300w, https:\/\/mouldking.store\/wp-content\/uploads\/2022\/11\/C9043-1-768x768.jpg 768w, https:\/\/mouldking.store\/wp-content\/uploads\/2022\/11\/C9043-1-600x600.jpg 600w, https:\/\/mouldking.store\/wp-content\/uploads\/2022\/11\/C9043-1-150x150.jpg 150w, https:\/\/mouldking.store\/wp-content\/uploads\/2022\/11\/C9043-1-60x60.jpg 60w, https:\/\/mouldking.store\/wp-content\/uploads\/2022\/11\/C9043-1-90x90.jpg 90w\" sizes=\"(max-width: 1000px) 100vw, 1000px\" \/><figcaption id=\"caption-attachment-34088\" class=\"wp-caption-text\">MOC-115191 Neue Hoffnung mit 1098 Teilen<\/figcaption><\/figure>\n<figure id=\"attachment_34089\" aria-describedby=\"caption-attachment-34089\" style=\"width: 1000px\" class=\"wp-caption aligncenter\"><img decoding=\"async\" class=\"wp-image-34089 size-full\" src=\"https:\/\/mouldking.store\/wp-content\/uploads\/2022\/11\/C9043-2.jpg\" alt=\"MOC-115191 New Hope With 1098 Pieces\" width=\"1000\" height=\"1000\" title=\"-\" srcset=\"https:\/\/mouldking.store\/wp-content\/uploads\/2022\/11\/C9043-2.jpg 1000w, https:\/\/mouldking.store\/wp-content\/uploads\/2022\/11\/C9043-2-300x300.jpg 300w, https:\/\/mouldking.store\/wp-content\/uploads\/2022\/11\/C9043-2-768x768.jpg 768w, https:\/\/mouldking.store\/wp-content\/uploads\/2022\/11\/C9043-2-600x600.jpg 600w, https:\/\/mouldking.store\/wp-content\/uploads\/2022\/11\/C9043-2-150x150.jpg 150w, https:\/\/mouldking.store\/wp-content\/uploads\/2022\/11\/C9043-2-60x60.jpg 60w, https:\/\/mouldking.store\/wp-content\/uploads\/2022\/11\/C9043-2-90x90.jpg 90w\" sizes=\"(max-width: 1000px) 100vw, 1000px\" \/><figcaption id=\"caption-attachment-34089\" class=\"wp-caption-text\">MOC-115191 Neue Hoffnung mit 1098 Teilen<\/figcaption><\/figure>\n<figure id=\"attachment_34090\" aria-describedby=\"caption-attachment-34090\" style=\"width: 1000px\" class=\"wp-caption aligncenter\"><img loading=\"lazy\" decoding=\"async\" class=\"wp-image-34090 size-full\" src=\"https:\/\/mouldking.store\/wp-content\/uploads\/2022\/11\/C9043-3.jpg\" alt=\"MOC-115191 New Hope With 1098 Pieces\" width=\"1000\" height=\"1000\" title=\"-\" srcset=\"https:\/\/mouldking.store\/wp-content\/uploads\/2022\/11\/C9043-3.jpg 1000w, https:\/\/mouldking.store\/wp-content\/uploads\/2022\/11\/C9043-3-300x300.jpg 300w, https:\/\/mouldking.store\/wp-content\/uploads\/2022\/11\/C9043-3-768x768.jpg 768w, https:\/\/mouldking.store\/wp-content\/uploads\/2022\/11\/C9043-3-600x600.jpg 600w, https:\/\/mouldking.store\/wp-content\/uploads\/2022\/11\/C9043-3-150x150.jpg 150w, https:\/\/mouldking.store\/wp-content\/uploads\/2022\/11\/C9043-3-60x60.jpg 60w, https:\/\/mouldking.store\/wp-content\/uploads\/2022\/11\/C9043-3-90x90.jpg 90w\" sizes=\"(max-width: 1000px) 100vw, 1000px\" \/><figcaption id=\"caption-attachment-34090\" class=\"wp-caption-text\">MOC-115191 Neue Hoffnung mit 1098 Teilen<\/figcaption><\/figure>\n<figure id=\"attachment_34091\" aria-describedby=\"caption-attachment-34091\" style=\"width: 1000px\" class=\"wp-caption aligncenter\"><img loading=\"lazy\" decoding=\"async\" class=\"wp-image-34091 size-full\" src=\"https:\/\/mouldking.store\/wp-content\/uploads\/2022\/11\/C9043-4.jpg\" alt=\"MOC-115191 New Hope With 1098 Pieces\" width=\"1000\" height=\"1000\" title=\"-\" srcset=\"https:\/\/mouldking.store\/wp-content\/uploads\/2022\/11\/C9043-4.jpg 1000w, https:\/\/mouldking.store\/wp-content\/uploads\/2022\/11\/C9043-4-300x300.jpg 300w, https:\/\/mouldking.store\/wp-content\/uploads\/2022\/11\/C9043-4-768x768.jpg 768w, https:\/\/mouldking.store\/wp-content\/uploads\/2022\/11\/C9043-4-600x600.jpg 600w, https:\/\/mouldking.store\/wp-content\/uploads\/2022\/11\/C9043-4-150x150.jpg 150w, https:\/\/mouldking.store\/wp-content\/uploads\/2022\/11\/C9043-4-60x60.jpg 60w, https:\/\/mouldking.store\/wp-content\/uploads\/2022\/11\/C9043-4-90x90.jpg 90w\" sizes=\"(max-width: 1000px) 100vw, 1000px\" \/><figcaption id=\"caption-attachment-34091\" class=\"wp-caption-text\">MOC-115191 Neue Hoffnung mit 1098 Teilen<\/figcaption><\/figure>\n<figure id=\"attachment_34092\" aria-describedby=\"caption-attachment-34092\" style=\"width: 1000px\" class=\"wp-caption aligncenter\"><img loading=\"lazy\" decoding=\"async\" class=\"wp-image-34092 size-full\" src=\"https:\/\/mouldking.store\/wp-content\/uploads\/2022\/11\/C9043-10.jpg\" alt=\"MOC-115191 New Hope With 1098 Pieces\" width=\"1000\" height=\"1000\" title=\"-\" srcset=\"https:\/\/mouldking.store\/wp-content\/uploads\/2022\/11\/C9043-10.jpg 1000w, https:\/\/mouldking.store\/wp-content\/uploads\/2022\/11\/C9043-10-300x300.jpg 300w, https:\/\/mouldking.store\/wp-content\/uploads\/2022\/11\/C9043-10-768x768.jpg 768w, https:\/\/mouldking.store\/wp-content\/uploads\/2022\/11\/C9043-10-600x600.jpg 600w, https:\/\/mouldking.store\/wp-content\/uploads\/2022\/11\/C9043-10-150x150.jpg 150w, https:\/\/mouldking.store\/wp-content\/uploads\/2022\/11\/C9043-10-60x60.jpg 60w, https:\/\/mouldking.store\/wp-content\/uploads\/2022\/11\/C9043-10-90x90.jpg 90w\" sizes=\"(max-width: 1000px) 100vw, 1000px\" \/><figcaption id=\"caption-attachment-34092\" class=\"wp-caption-text\">MOC-115191 Neue Hoffnung mit 1098 Teilen<\/figcaption><\/figure>\n<figure id=\"attachment_34093\" aria-describedby=\"caption-attachment-34093\" style=\"width: 1000px\" class=\"wp-caption aligncenter\"><img loading=\"lazy\" decoding=\"async\" class=\"wp-image-34093 size-full\" src=\"https:\/\/mouldking.store\/wp-content\/uploads\/2022\/11\/C9043-11.jpg\" alt=\"MOC-115191 New Hope With 1098 Pieces\" width=\"1000\" height=\"1000\" title=\"-\" srcset=\"https:\/\/mouldking.store\/wp-content\/uploads\/2022\/11\/C9043-11.jpg 1000w, https:\/\/mouldking.store\/wp-content\/uploads\/2022\/11\/C9043-11-300x300.jpg 300w, https:\/\/mouldking.store\/wp-content\/uploads\/2022\/11\/C9043-11-768x768.jpg 768w, https:\/\/mouldking.store\/wp-content\/uploads\/2022\/11\/C9043-11-600x600.jpg 600w, https:\/\/mouldking.store\/wp-content\/uploads\/2022\/11\/C9043-11-150x150.jpg 150w, https:\/\/mouldking.store\/wp-content\/uploads\/2022\/11\/C9043-11-60x60.jpg 60w, https:\/\/mouldking.store\/wp-content\/uploads\/2022\/11\/C9043-11-90x90.jpg 90w\" sizes=\"(max-width: 1000px) 100vw, 1000px\" \/><figcaption id=\"caption-attachment-34093\" class=\"wp-caption-text\">MOC-115191 Neue Hoffnung mit 1098 Teilen<\/figcaption><\/figure>\n<figure id=\"attachment_34094\" aria-describedby=\"caption-attachment-34094\" style=\"width: 1000px\" class=\"wp-caption aligncenter\"><img loading=\"lazy\" decoding=\"async\" class=\"wp-image-34094 size-full\" src=\"https:\/\/mouldking.store\/wp-content\/uploads\/2022\/11\/C9043-12.jpg\" alt=\"MOC-115191 New Hope With 1098 Pieces\" width=\"1000\" height=\"1000\" title=\"-\" srcset=\"https:\/\/mouldking.store\/wp-content\/uploads\/2022\/11\/C9043-12.jpg 1000w, https:\/\/mouldking.store\/wp-content\/uploads\/2022\/11\/C9043-12-300x300.jpg 300w, https:\/\/mouldking.store\/wp-content\/uploads\/2022\/11\/C9043-12-768x768.jpg 768w, https:\/\/mouldking.store\/wp-content\/uploads\/2022\/11\/C9043-12-600x600.jpg 600w, https:\/\/mouldking.store\/wp-content\/uploads\/2022\/11\/C9043-12-150x150.jpg 150w, https:\/\/mouldking.store\/wp-content\/uploads\/2022\/11\/C9043-12-60x60.jpg 60w, https:\/\/mouldking.store\/wp-content\/uploads\/2022\/11\/C9043-12-90x90.jpg 90w\" sizes=\"(max-width: 1000px) 100vw, 1000px\" \/><figcaption id=\"caption-attachment-34094\" class=\"wp-caption-text\">MOC-115191 Neue Hoffnung mit 1098 Teilen<\/figcaption><\/figure>","protected":false},"excerpt":{"rendered":"<p>Product information: Brand: MOC Gender: Unisex Name: New Hope Age Range: &gt; 6 years old Model Number: 115191 Classification: Assemblage Plastic Block Shape: Self-Locking Bricks Material: Plastic Plastic Type: ABS Bricks Blocks:1098 PCS Size: 32.8 x 15.4 x 18.6 cm Weight:1.34 kg Contains detailed assembly instructions. Notice: 1. Without an original box, but we guarantee [&hellip;]<\/p>","protected":false},"featured_media":34095,"comment_status":"closed","ping_status":"closed","template":"","meta":{"_acf_changed":false},"product_cat":[415],"product_tag":[6743,6741,6745,6740,6742,6744],"class_list":["product","first","instock","shipping-taxable","purchasable","product-type-simple"],"acf":[],"_links":{"self":[{"href":"https:\/\/mouldking.store\/de\/wp-json\/wp\/v2\/product\/34086","targetHints":{"allow":["GET"]}}],"collection":[{"href":"https:\/\/mouldking.store\/de\/wp-json\/wp\/v2\/product"}],"about":[{"href":"https:\/\/mouldking.store\/de\/wp-json\/wp\/v2\/types\/product"}],"replies":[{"embeddable":true,"href":"https:\/\/mouldking.store\/de\/wp-json\/wp\/v2\/comments?post=34086"}],"wp:featuredmedia":[{"embeddable":true,"href":"https:\/\/mouldking.store\/de\/wp-json\/wp\/v2\/media\/34095"}],"wp:attachment":[{"href":"https:\/\/mouldking.store\/de\/wp-json\/wp\/v2\/media?parent=34086"}],"wp:term":[{"taxonomy":"product_cat","embeddable":true,"href":"https:\/\/mouldking.store\/de\/wp-json\/wp\/v2\/product_cat?post=34086"},{"taxonomy":"product_tag","embeddable":true,"href":"https:\/\/mouldking.store\/de\/wp-json\/wp\/v2\/product_tag?post=34086"}],"curies":[{"name":"wp","href":"https:\/\/api.w.org\/{rel}","templated":true}]}}