{"id":34096,"date":"2022-11-04T16:35:49","date_gmt":"2022-11-04T09:35:49","guid":{"rendered":"https:\/\/mouldking.store\/?post_type=product&#038;p=34096"},"modified":"2025-12-25T09:12:22","modified_gmt":"2025-12-25T02:12:22","slug":"moc-89570-doctor-who-telephone-booth-with-238-pieces","status":"publish","type":"product","link":"https:\/\/mouldking.store\/de\/shop\/moc-89570-doctor-who-telephone-booth-with-238-pieces\/","title":{"rendered":"MOC-89570 Doctor Who Telefonzelle mit 238 Teilen"},"content":{"rendered":"<p>Produktinformation:<\/p>\n<ol>\n<li>Marke: MOC<\/li>\n<li>Geschlecht: Unisex<\/li>\n<li>Name: Doctor Who Telefonzelle<\/li>\n<li>Altersspanne: &gt; 6 Jahre alt<\/li>\n<li>Modellnummer: 89570<\/li>\n<li>Einstufung: Assemblage<\/li>\n<li>Kunststoffblockform: Selbstsichernde Steine<\/li>\n<li>Material: Kunststoff<\/li>\n<li>Kunststofftyp: ABS<\/li>\n<li>Ziegelsteine: 238 ST\u00dcCKE<\/li>\n<li>Gr\u00f6\u00dfe: 6,1 x 6,1 x 10,9 cm<\/li>\n<li>Gewicht: 0,16 kg<\/li>\n<li>Enth\u00e4lt eine ausf\u00fchrliche Montageanleitung.<\/li>\n<\/ol>\n<p>Notiz:<br \/>\n1. Ohne Originalverpackung, aber wir garantieren, dass unsere Produkte eine Qualit\u00e4tssicherung und eine sch\u00f6ne Verpackung haben.<br \/>\n2. Wie alle Teile, die wir vor dem Versand \u00fcberpr\u00fcft haben, machen Sie sich keine Sorgen, wenn Sie feststellen, dass einige Teile fehlen oder besch\u00e4digt sind, und kontaktieren Sie uns einfach, und wir k\u00f6nnen sie Ihnen umgehend kostenlos erneut zusenden.<\/p>\n<figure id=\"attachment_34106\" aria-describedby=\"caption-attachment-34106\" style=\"width: 1024px\" class=\"wp-caption aligncenter\"><img fetchpriority=\"high\" decoding=\"async\" class=\"wp-image-34106 size-large\" src=\"https:\/\/mouldking.store\/wp-content\/uploads\/2022\/11\/MOCFACTORY-Product-31-1024x1024.png\" alt=\"MOC-89570 Doctor Who Telephone Booth With 238 Pieces\" width=\"1024\" height=\"1024\" title=\"-\" srcset=\"https:\/\/mouldking.store\/wp-content\/uploads\/2022\/11\/MOCFACTORY-Product-31-1024x1024.png 1024w, https:\/\/mouldking.store\/wp-content\/uploads\/2022\/11\/MOCFACTORY-Product-31-300x300.png 300w, https:\/\/mouldking.store\/wp-content\/uploads\/2022\/11\/MOCFACTORY-Product-31-768x768.png 768w, https:\/\/mouldking.store\/wp-content\/uploads\/2022\/11\/MOCFACTORY-Product-31-600x600.png 600w, https:\/\/mouldking.store\/wp-content\/uploads\/2022\/11\/MOCFACTORY-Product-31-150x150.png 150w, https:\/\/mouldking.store\/wp-content\/uploads\/2022\/11\/MOCFACTORY-Product-31-60x60.png 60w, https:\/\/mouldking.store\/wp-content\/uploads\/2022\/11\/MOCFACTORY-Product-31-90x90.png 90w, https:\/\/mouldking.store\/wp-content\/uploads\/2022\/11\/MOCFACTORY-Product-31.png 1095w\" sizes=\"(max-width: 1024px) 100vw, 1024px\" \/><figcaption id=\"caption-attachment-34106\" class=\"wp-caption-text\">MOC-89570 Doctor Who Telefonzelle mit 238 Teilen<\/figcaption><\/figure>\n<figure id=\"attachment_34098\" aria-describedby=\"caption-attachment-34098\" style=\"width: 1000px\" class=\"wp-caption aligncenter\"><img decoding=\"async\" class=\"wp-image-34098 size-full\" src=\"https:\/\/mouldking.store\/wp-content\/uploads\/2022\/11\/C9095-1.jpg\" alt=\"MOC-89570 Doctor Who Telephone Booth With 238 Pieces\" width=\"1000\" height=\"1000\" title=\"-\" srcset=\"https:\/\/mouldking.store\/wp-content\/uploads\/2022\/11\/C9095-1.jpg 1000w, https:\/\/mouldking.store\/wp-content\/uploads\/2022\/11\/C9095-1-300x300.jpg 300w, https:\/\/mouldking.store\/wp-content\/uploads\/2022\/11\/C9095-1-768x768.jpg 768w, https:\/\/mouldking.store\/wp-content\/uploads\/2022\/11\/C9095-1-600x600.jpg 600w, https:\/\/mouldking.store\/wp-content\/uploads\/2022\/11\/C9095-1-150x150.jpg 150w, https:\/\/mouldking.store\/wp-content\/uploads\/2022\/11\/C9095-1-60x60.jpg 60w, https:\/\/mouldking.store\/wp-content\/uploads\/2022\/11\/C9095-1-90x90.jpg 90w\" sizes=\"(max-width: 1000px) 100vw, 1000px\" \/><figcaption id=\"caption-attachment-34098\" class=\"wp-caption-text\">MOC-89570 Doctor Who Telefonzelle mit 238 Teilen<\/figcaption><\/figure>\n<figure id=\"attachment_34099\" aria-describedby=\"caption-attachment-34099\" style=\"width: 1000px\" class=\"wp-caption aligncenter\"><img decoding=\"async\" class=\"wp-image-34099 size-full\" src=\"https:\/\/mouldking.store\/wp-content\/uploads\/2022\/11\/C9095-2.jpg\" alt=\"MOC-89570 Doctor Who Telephone Booth With 238 Pieces\" width=\"1000\" height=\"1000\" title=\"-\" srcset=\"https:\/\/mouldking.store\/wp-content\/uploads\/2022\/11\/C9095-2.jpg 1000w, https:\/\/mouldking.store\/wp-content\/uploads\/2022\/11\/C9095-2-300x300.jpg 300w, https:\/\/mouldking.store\/wp-content\/uploads\/2022\/11\/C9095-2-768x768.jpg 768w, https:\/\/mouldking.store\/wp-content\/uploads\/2022\/11\/C9095-2-600x600.jpg 600w, https:\/\/mouldking.store\/wp-content\/uploads\/2022\/11\/C9095-2-150x150.jpg 150w, https:\/\/mouldking.store\/wp-content\/uploads\/2022\/11\/C9095-2-60x60.jpg 60w, https:\/\/mouldking.store\/wp-content\/uploads\/2022\/11\/C9095-2-90x90.jpg 90w\" sizes=\"(max-width: 1000px) 100vw, 1000px\" \/><figcaption id=\"caption-attachment-34099\" class=\"wp-caption-text\">MOC-89570 Doctor Who Telefonzelle mit 238 Teilen<\/figcaption><\/figure>\n<figure id=\"attachment_34100\" aria-describedby=\"caption-attachment-34100\" style=\"width: 1000px\" class=\"wp-caption aligncenter\"><img loading=\"lazy\" decoding=\"async\" class=\"wp-image-34100 size-full\" src=\"https:\/\/mouldking.store\/wp-content\/uploads\/2022\/11\/C9095-3.jpg\" alt=\"MOC-89570 Doctor Who Telephone Booth With 238 Pieces\" width=\"1000\" height=\"1000\" title=\"-\" srcset=\"https:\/\/mouldking.store\/wp-content\/uploads\/2022\/11\/C9095-3.jpg 1000w, https:\/\/mouldking.store\/wp-content\/uploads\/2022\/11\/C9095-3-300x300.jpg 300w, https:\/\/mouldking.store\/wp-content\/uploads\/2022\/11\/C9095-3-768x768.jpg 768w, https:\/\/mouldking.store\/wp-content\/uploads\/2022\/11\/C9095-3-600x600.jpg 600w, https:\/\/mouldking.store\/wp-content\/uploads\/2022\/11\/C9095-3-150x150.jpg 150w, https:\/\/mouldking.store\/wp-content\/uploads\/2022\/11\/C9095-3-60x60.jpg 60w, https:\/\/mouldking.store\/wp-content\/uploads\/2022\/11\/C9095-3-90x90.jpg 90w\" sizes=\"(max-width: 1000px) 100vw, 1000px\" \/><figcaption id=\"caption-attachment-34100\" class=\"wp-caption-text\">MOC-89570 Doctor Who Telefonzelle mit 238 Teilen<\/figcaption><\/figure>\n<figure id=\"attachment_34101\" aria-describedby=\"caption-attachment-34101\" style=\"width: 1000px\" class=\"wp-caption aligncenter\"><img loading=\"lazy\" decoding=\"async\" class=\"wp-image-34101 size-full\" src=\"https:\/\/mouldking.store\/wp-content\/uploads\/2022\/11\/C9095-4.jpg\" alt=\"MOC-89570 Doctor Who Telephone Booth With 238 Pieces\" width=\"1000\" height=\"1000\" title=\"-\" srcset=\"https:\/\/mouldking.store\/wp-content\/uploads\/2022\/11\/C9095-4.jpg 1000w, https:\/\/mouldking.store\/wp-content\/uploads\/2022\/11\/C9095-4-300x300.jpg 300w, https:\/\/mouldking.store\/wp-content\/uploads\/2022\/11\/C9095-4-768x768.jpg 768w, https:\/\/mouldking.store\/wp-content\/uploads\/2022\/11\/C9095-4-600x600.jpg 600w, https:\/\/mouldking.store\/wp-content\/uploads\/2022\/11\/C9095-4-150x150.jpg 150w, https:\/\/mouldking.store\/wp-content\/uploads\/2022\/11\/C9095-4-60x60.jpg 60w, https:\/\/mouldking.store\/wp-content\/uploads\/2022\/11\/C9095-4-90x90.jpg 90w\" sizes=\"(max-width: 1000px) 100vw, 1000px\" \/><figcaption id=\"caption-attachment-34101\" class=\"wp-caption-text\">MOC-89570 Doctor Who Telefonzelle mit 238 Teilen<\/figcaption><\/figure>\n<figure id=\"attachment_34102\" aria-describedby=\"caption-attachment-34102\" style=\"width: 1000px\" class=\"wp-caption aligncenter\"><img loading=\"lazy\" decoding=\"async\" class=\"wp-image-34102 size-full\" src=\"https:\/\/mouldking.store\/wp-content\/uploads\/2022\/11\/C9095-10.jpg\" alt=\"MOC-89570 Doctor Who Telephone Booth With 238 Pieces\" width=\"1000\" height=\"1000\" title=\"-\" srcset=\"https:\/\/mouldking.store\/wp-content\/uploads\/2022\/11\/C9095-10.jpg 1000w, https:\/\/mouldking.store\/wp-content\/uploads\/2022\/11\/C9095-10-300x300.jpg 300w, https:\/\/mouldking.store\/wp-content\/uploads\/2022\/11\/C9095-10-768x768.jpg 768w, https:\/\/mouldking.store\/wp-content\/uploads\/2022\/11\/C9095-10-600x600.jpg 600w, https:\/\/mouldking.store\/wp-content\/uploads\/2022\/11\/C9095-10-150x150.jpg 150w, https:\/\/mouldking.store\/wp-content\/uploads\/2022\/11\/C9095-10-60x60.jpg 60w, https:\/\/mouldking.store\/wp-content\/uploads\/2022\/11\/C9095-10-90x90.jpg 90w\" sizes=\"(max-width: 1000px) 100vw, 1000px\" \/><figcaption id=\"caption-attachment-34102\" class=\"wp-caption-text\">MOC-89570 Doctor Who Telefonzelle mit 238 Teilen<\/figcaption><\/figure>\n<figure id=\"attachment_34103\" aria-describedby=\"caption-attachment-34103\" style=\"width: 1000px\" class=\"wp-caption aligncenter\"><img loading=\"lazy\" decoding=\"async\" class=\"wp-image-34103 size-full\" src=\"https:\/\/mouldking.store\/wp-content\/uploads\/2022\/11\/C9095-11.jpg\" alt=\"MOC-89570 Doctor Who Telephone Booth With 238 Pieces\" width=\"1000\" height=\"1000\" title=\"-\" srcset=\"https:\/\/mouldking.store\/wp-content\/uploads\/2022\/11\/C9095-11.jpg 1000w, https:\/\/mouldking.store\/wp-content\/uploads\/2022\/11\/C9095-11-300x300.jpg 300w, https:\/\/mouldking.store\/wp-content\/uploads\/2022\/11\/C9095-11-768x768.jpg 768w, https:\/\/mouldking.store\/wp-content\/uploads\/2022\/11\/C9095-11-600x600.jpg 600w, https:\/\/mouldking.store\/wp-content\/uploads\/2022\/11\/C9095-11-150x150.jpg 150w, https:\/\/mouldking.store\/wp-content\/uploads\/2022\/11\/C9095-11-60x60.jpg 60w, https:\/\/mouldking.store\/wp-content\/uploads\/2022\/11\/C9095-11-90x90.jpg 90w\" sizes=\"(max-width: 1000px) 100vw, 1000px\" \/><figcaption id=\"caption-attachment-34103\" class=\"wp-caption-text\">MOC-89570 Doctor Who Telefonzelle mit 238 Teilen<\/figcaption><\/figure>\n<figure id=\"attachment_34104\" aria-describedby=\"caption-attachment-34104\" style=\"width: 1000px\" class=\"wp-caption aligncenter\"><img loading=\"lazy\" decoding=\"async\" class=\"wp-image-34104 size-full\" src=\"https:\/\/mouldking.store\/wp-content\/uploads\/2022\/11\/C9095-12.jpg\" alt=\"MOC-89570 Doctor Who Telephone Booth With 238 Pieces\" width=\"1000\" height=\"1000\" title=\"-\" srcset=\"https:\/\/mouldking.store\/wp-content\/uploads\/2022\/11\/C9095-12.jpg 1000w, https:\/\/mouldking.store\/wp-content\/uploads\/2022\/11\/C9095-12-300x300.jpg 300w, https:\/\/mouldking.store\/wp-content\/uploads\/2022\/11\/C9095-12-768x768.jpg 768w, https:\/\/mouldking.store\/wp-content\/uploads\/2022\/11\/C9095-12-600x600.jpg 600w, https:\/\/mouldking.store\/wp-content\/uploads\/2022\/11\/C9095-12-150x150.jpg 150w, https:\/\/mouldking.store\/wp-content\/uploads\/2022\/11\/C9095-12-60x60.jpg 60w, https:\/\/mouldking.store\/wp-content\/uploads\/2022\/11\/C9095-12-90x90.jpg 90w\" sizes=\"(max-width: 1000px) 100vw, 1000px\" \/><figcaption id=\"caption-attachment-34104\" class=\"wp-caption-text\">MOC-89570 Doctor Who Telefonzelle mit 238 Teilen<\/figcaption><\/figure>\n<figure id=\"attachment_34105\" aria-describedby=\"caption-attachment-34105\" style=\"width: 1000px\" class=\"wp-caption aligncenter\"><img loading=\"lazy\" decoding=\"async\" class=\"wp-image-34105 size-full\" src=\"https:\/\/mouldking.store\/wp-content\/uploads\/2022\/11\/C9095-13.jpg\" alt=\"MOC-89570 Doctor Who Telephone Booth With 238 Pieces\" width=\"1000\" height=\"1000\" title=\"-\" srcset=\"https:\/\/mouldking.store\/wp-content\/uploads\/2022\/11\/C9095-13.jpg 1000w, https:\/\/mouldking.store\/wp-content\/uploads\/2022\/11\/C9095-13-300x300.jpg 300w, https:\/\/mouldking.store\/wp-content\/uploads\/2022\/11\/C9095-13-768x768.jpg 768w, https:\/\/mouldking.store\/wp-content\/uploads\/2022\/11\/C9095-13-600x600.jpg 600w, https:\/\/mouldking.store\/wp-content\/uploads\/2022\/11\/C9095-13-150x150.jpg 150w, https:\/\/mouldking.store\/wp-content\/uploads\/2022\/11\/C9095-13-60x60.jpg 60w, https:\/\/mouldking.store\/wp-content\/uploads\/2022\/11\/C9095-13-90x90.jpg 90w\" sizes=\"(max-width: 1000px) 100vw, 1000px\" \/><figcaption id=\"caption-attachment-34105\" class=\"wp-caption-text\">MOC-89570 Doctor Who Telefonzelle mit 238 Teilen<\/figcaption><\/figure>","protected":false},"excerpt":{"rendered":"<p>Product information: Brand: MOC Gender: Unisex Name: Doctor Who Telephone Booth Age Range: &gt; 6 years old Model Number: 89570 Classification: Assemblage Plastic Block Shape: Self-Locking Bricks Material: Plastic Plastic Type: ABS Bricks Blocks: 238 PCS Size: 6.1 x 6.1 x 10.9 cm Weight:0.16 kg Contains detailed assembly instructions. Notice: 1. Without an original box, [&hellip;]<\/p>","protected":false},"featured_media":34106,"comment_status":"closed","ping_status":"closed","template":"","meta":{"_acf_changed":false},"product_cat":[1365,371],"product_tag":[6748,6750,6751,6747,6752,6746,6749],"class_list":["product","first","instock","shipping-taxable","purchasable","product-type-simple"],"acf":[],"_links":{"self":[{"href":"https:\/\/mouldking.store\/de\/wp-json\/wp\/v2\/product\/34096","targetHints":{"allow":["GET"]}}],"collection":[{"href":"https:\/\/mouldking.store\/de\/wp-json\/wp\/v2\/product"}],"about":[{"href":"https:\/\/mouldking.store\/de\/wp-json\/wp\/v2\/types\/product"}],"replies":[{"embeddable":true,"href":"https:\/\/mouldking.store\/de\/wp-json\/wp\/v2\/comments?post=34096"}],"wp:featuredmedia":[{"embeddable":true,"href":"https:\/\/mouldking.store\/de\/wp-json\/wp\/v2\/media\/34106"}],"wp:attachment":[{"href":"https:\/\/mouldking.store\/de\/wp-json\/wp\/v2\/media?parent=34096"}],"wp:term":[{"taxonomy":"product_cat","embeddable":true,"href":"https:\/\/mouldking.store\/de\/wp-json\/wp\/v2\/product_cat?post=34096"},{"taxonomy":"product_tag","embeddable":true,"href":"https:\/\/mouldking.store\/de\/wp-json\/wp\/v2\/product_tag?post=34096"}],"curies":[{"name":"wp","href":"https:\/\/api.w.org\/{rel}","templated":true}]}}