{"id":34168,"date":"2022-11-05T11:07:42","date_gmt":"2022-11-05T04:07:42","guid":{"rendered":"https:\/\/mouldking.store\/?post_type=product&#038;p=34168"},"modified":"2022-11-05T11:07:42","modified_gmt":"2022-11-05T04:07:42","slug":"52toys-bb-25cl-stegosaur","status":"publish","type":"product","link":"https:\/\/mouldking.store\/de\/shop\/52toys-bb-25cl-stegosaur\/","title":{"rendered":"52TOYS BB-25CL STEGOSAUR"},"content":{"rendered":"<p>Produktinformation:<\/p>\n<ol>\n<li>Marke: 52TOYS<\/li>\n<li>Geschlecht: Unisex<\/li>\n<li>Name: Stegosaurier<\/li>\n<li>Altersspanne: &gt; 6 Jahre alt<\/li>\n<li>Modellnummer: BB-25CL<\/li>\n<li>Einstufung: Assemblage<\/li>\n<li>Kunststoffblockform: Selbstsichernde Steine<\/li>\n<li>Material: Kunststoff<\/li>\n<li>Kunststofftyp: ABS<\/li>\n<li>Gr\u00f6\u00dfe: 15 cm<\/li>\n<li>Enth\u00e4lt eine ausf\u00fchrliche Montageanleitung.<\/li>\n<\/ol>\n<p>Notiz:<br \/>\n1. Ohne Originalverpackung, aber wir garantieren, dass unsere Produkte eine Qualit\u00e4tssicherung und eine sch\u00f6ne Verpackung haben.<br \/>\n2. Wie alle Teile, die wir vor dem Versand \u00fcberpr\u00fcft haben, machen Sie sich keine Sorgen, wenn Sie feststellen, dass einige Teile fehlen oder besch\u00e4digt sind, und kontaktieren Sie uns einfach, und wir k\u00f6nnen sie Ihnen umgehend kostenlos erneut zusenden.<\/p>\n<figure id=\"attachment_34169\" aria-describedby=\"caption-attachment-34169\" style=\"width: 800px\" class=\"wp-caption aligncenter\"><img fetchpriority=\"high\" decoding=\"async\" class=\"wp-image-34169 size-full\" src=\"https:\/\/mouldking.store\/wp-content\/uploads\/2022\/11\/2TOYS-BB-25CL-6.jpg\" alt=\"52TOYS BB-25CL STEGOSAUR\" width=\"800\" height=\"800\" title=\"-\" srcset=\"https:\/\/mouldking.store\/wp-content\/uploads\/2022\/11\/2TOYS-BB-25CL-6.jpg 800w, https:\/\/mouldking.store\/wp-content\/uploads\/2022\/11\/2TOYS-BB-25CL-6-300x300.jpg 300w, https:\/\/mouldking.store\/wp-content\/uploads\/2022\/11\/2TOYS-BB-25CL-6-768x768.jpg 768w, https:\/\/mouldking.store\/wp-content\/uploads\/2022\/11\/2TOYS-BB-25CL-6-600x600.jpg 600w, https:\/\/mouldking.store\/wp-content\/uploads\/2022\/11\/2TOYS-BB-25CL-6-150x150.jpg 150w, https:\/\/mouldking.store\/wp-content\/uploads\/2022\/11\/2TOYS-BB-25CL-6-60x60.jpg 60w, https:\/\/mouldking.store\/wp-content\/uploads\/2022\/11\/2TOYS-BB-25CL-6-90x90.jpg 90w\" sizes=\"(max-width: 800px) 100vw, 800px\" \/><figcaption id=\"caption-attachment-34169\" class=\"wp-caption-text\">52TOYS BB-25CL STEGOSAUR<\/figcaption><\/figure>\n<figure id=\"attachment_34170\" aria-describedby=\"caption-attachment-34170\" style=\"width: 770px\" class=\"wp-caption aligncenter\"><img decoding=\"async\" class=\"wp-image-34170 size-full\" src=\"https:\/\/mouldking.store\/wp-content\/uploads\/2022\/11\/2TOYS-BB-25CL-5.jpg\" alt=\"52TOYS BB-25CL STEGOSAUR\" width=\"770\" height=\"1024\" title=\"-\" srcset=\"https:\/\/mouldking.store\/wp-content\/uploads\/2022\/11\/2TOYS-BB-25CL-5.jpg 770w, https:\/\/mouldking.store\/wp-content\/uploads\/2022\/11\/2TOYS-BB-25CL-5-226x300.jpg 226w, https:\/\/mouldking.store\/wp-content\/uploads\/2022\/11\/2TOYS-BB-25CL-5-768x1021.jpg 768w, https:\/\/mouldking.store\/wp-content\/uploads\/2022\/11\/2TOYS-BB-25CL-5-300x399.jpg 300w, https:\/\/mouldking.store\/wp-content\/uploads\/2022\/11\/2TOYS-BB-25CL-5-600x798.jpg 600w, https:\/\/mouldking.store\/wp-content\/uploads\/2022\/11\/2TOYS-BB-25CL-5-113x150.jpg 113w, https:\/\/mouldking.store\/wp-content\/uploads\/2022\/11\/2TOYS-BB-25CL-5-45x60.jpg 45w, https:\/\/mouldking.store\/wp-content\/uploads\/2022\/11\/2TOYS-BB-25CL-5-68x90.jpg 68w\" sizes=\"(max-width: 770px) 100vw, 770px\" \/><figcaption id=\"caption-attachment-34170\" class=\"wp-caption-text\">52TOYS BB-25CL STEGOSAUR<\/figcaption><\/figure>\n<figure id=\"attachment_34171\" aria-describedby=\"caption-attachment-34171\" style=\"width: 717px\" class=\"wp-caption aligncenter\"><img decoding=\"async\" class=\"wp-image-34171 size-full\" src=\"https:\/\/mouldking.store\/wp-content\/uploads\/2022\/11\/2TOYS-BB-25CL-4.jpg\" alt=\"52TOYS BB-25CL STEGOSAUR\" width=\"717\" height=\"1024\" title=\"-\" srcset=\"https:\/\/mouldking.store\/wp-content\/uploads\/2022\/11\/2TOYS-BB-25CL-4.jpg 717w, https:\/\/mouldking.store\/wp-content\/uploads\/2022\/11\/2TOYS-BB-25CL-4-210x300.jpg 210w, https:\/\/mouldking.store\/wp-content\/uploads\/2022\/11\/2TOYS-BB-25CL-4-300x428.jpg 300w, https:\/\/mouldking.store\/wp-content\/uploads\/2022\/11\/2TOYS-BB-25CL-4-600x857.jpg 600w, https:\/\/mouldking.store\/wp-content\/uploads\/2022\/11\/2TOYS-BB-25CL-4-105x150.jpg 105w, https:\/\/mouldking.store\/wp-content\/uploads\/2022\/11\/2TOYS-BB-25CL-4-42x60.jpg 42w, https:\/\/mouldking.store\/wp-content\/uploads\/2022\/11\/2TOYS-BB-25CL-4-63x90.jpg 63w\" sizes=\"(max-width: 717px) 100vw, 717px\" \/><figcaption id=\"caption-attachment-34171\" class=\"wp-caption-text\">52TOYS BB-25CL STEGOSAUR<\/figcaption><\/figure>\n<figure id=\"attachment_34172\" aria-describedby=\"caption-attachment-34172\" style=\"width: 800px\" class=\"wp-caption aligncenter\"><img loading=\"lazy\" decoding=\"async\" class=\"wp-image-34172 size-full\" src=\"https:\/\/mouldking.store\/wp-content\/uploads\/2022\/11\/2TOYS-BB-25CL-3.jpg\" alt=\"52TOYS BB-25CL STEGOSAUR\" width=\"800\" height=\"800\" title=\"-\" srcset=\"https:\/\/mouldking.store\/wp-content\/uploads\/2022\/11\/2TOYS-BB-25CL-3.jpg 800w, https:\/\/mouldking.store\/wp-content\/uploads\/2022\/11\/2TOYS-BB-25CL-3-300x300.jpg 300w, https:\/\/mouldking.store\/wp-content\/uploads\/2022\/11\/2TOYS-BB-25CL-3-768x768.jpg 768w, https:\/\/mouldking.store\/wp-content\/uploads\/2022\/11\/2TOYS-BB-25CL-3-600x600.jpg 600w, https:\/\/mouldking.store\/wp-content\/uploads\/2022\/11\/2TOYS-BB-25CL-3-150x150.jpg 150w, https:\/\/mouldking.store\/wp-content\/uploads\/2022\/11\/2TOYS-BB-25CL-3-60x60.jpg 60w, https:\/\/mouldking.store\/wp-content\/uploads\/2022\/11\/2TOYS-BB-25CL-3-90x90.jpg 90w\" sizes=\"(max-width: 800px) 100vw, 800px\" \/><figcaption id=\"caption-attachment-34172\" class=\"wp-caption-text\">52TOYS BB-25CL STEGOSAUR<\/figcaption><\/figure>\n<figure id=\"attachment_34173\" aria-describedby=\"caption-attachment-34173\" style=\"width: 800px\" class=\"wp-caption aligncenter\"><img loading=\"lazy\" decoding=\"async\" class=\"wp-image-34173 size-full\" src=\"https:\/\/mouldking.store\/wp-content\/uploads\/2022\/11\/2TOYS-BB-25CL-2.jpg\" alt=\"52TOYS BB-25CL STEGOSAUR\" width=\"800\" height=\"800\" title=\"-\" srcset=\"https:\/\/mouldking.store\/wp-content\/uploads\/2022\/11\/2TOYS-BB-25CL-2.jpg 800w, https:\/\/mouldking.store\/wp-content\/uploads\/2022\/11\/2TOYS-BB-25CL-2-300x300.jpg 300w, https:\/\/mouldking.store\/wp-content\/uploads\/2022\/11\/2TOYS-BB-25CL-2-768x768.jpg 768w, https:\/\/mouldking.store\/wp-content\/uploads\/2022\/11\/2TOYS-BB-25CL-2-600x600.jpg 600w, https:\/\/mouldking.store\/wp-content\/uploads\/2022\/11\/2TOYS-BB-25CL-2-150x150.jpg 150w, https:\/\/mouldking.store\/wp-content\/uploads\/2022\/11\/2TOYS-BB-25CL-2-60x60.jpg 60w, https:\/\/mouldking.store\/wp-content\/uploads\/2022\/11\/2TOYS-BB-25CL-2-90x90.jpg 90w\" sizes=\"(max-width: 800px) 100vw, 800px\" \/><figcaption id=\"caption-attachment-34173\" class=\"wp-caption-text\">52TOYS BB-25CL STEGOSAUR<\/figcaption><\/figure>\n<figure id=\"attachment_34174\" aria-describedby=\"caption-attachment-34174\" style=\"width: 800px\" class=\"wp-caption aligncenter\"><img loading=\"lazy\" decoding=\"async\" class=\"wp-image-34174 size-full\" src=\"https:\/\/mouldking.store\/wp-content\/uploads\/2022\/11\/2TOYS-BB-25CL.jpg\" alt=\"52TOYS BB-25CL STEGOSAUR\" width=\"800\" height=\"800\" title=\"-\" srcset=\"https:\/\/mouldking.store\/wp-content\/uploads\/2022\/11\/2TOYS-BB-25CL.jpg 800w, https:\/\/mouldking.store\/wp-content\/uploads\/2022\/11\/2TOYS-BB-25CL-300x300.jpg 300w, https:\/\/mouldking.store\/wp-content\/uploads\/2022\/11\/2TOYS-BB-25CL-768x768.jpg 768w, https:\/\/mouldking.store\/wp-content\/uploads\/2022\/11\/2TOYS-BB-25CL-600x600.jpg 600w, https:\/\/mouldking.store\/wp-content\/uploads\/2022\/11\/2TOYS-BB-25CL-150x150.jpg 150w, https:\/\/mouldking.store\/wp-content\/uploads\/2022\/11\/2TOYS-BB-25CL-60x60.jpg 60w, https:\/\/mouldking.store\/wp-content\/uploads\/2022\/11\/2TOYS-BB-25CL-90x90.jpg 90w\" sizes=\"(max-width: 800px) 100vw, 800px\" \/><figcaption id=\"caption-attachment-34174\" class=\"wp-caption-text\">52TOYS BB-25CL STEGOSAUR<\/figcaption><\/figure>","protected":false},"excerpt":{"rendered":"<p>Product information: Brand: 52TOYS Gender: Unisex Name: STEGOSAUR Age Range: &gt; 6 years old Model Number: BB-25CL Classification: Assemblage Plastic Block Shape: Self-Locking Bricks Material: Plastic Plastic Type: ABS Size: 15 cm Contains detailed assembly instructions. Notice: 1. Without an original box, but we guarantee our products have quality assurance and nice packaging. 2. As [&hellip;]<\/p>","protected":false},"featured_media":34169,"comment_status":"closed","ping_status":"closed","template":"","meta":{"_acf_changed":false},"product_cat":[1408],"product_tag":[6179,6809,6806,6807,6808],"class_list":["product","first","instock","shipping-taxable","purchasable","product-type-simple"],"acf":[],"_links":{"self":[{"href":"https:\/\/mouldking.store\/de\/wp-json\/wp\/v2\/product\/34168","targetHints":{"allow":["GET"]}}],"collection":[{"href":"https:\/\/mouldking.store\/de\/wp-json\/wp\/v2\/product"}],"about":[{"href":"https:\/\/mouldking.store\/de\/wp-json\/wp\/v2\/types\/product"}],"replies":[{"embeddable":true,"href":"https:\/\/mouldking.store\/de\/wp-json\/wp\/v2\/comments?post=34168"}],"wp:featuredmedia":[{"embeddable":true,"href":"https:\/\/mouldking.store\/de\/wp-json\/wp\/v2\/media\/34169"}],"wp:attachment":[{"href":"https:\/\/mouldking.store\/de\/wp-json\/wp\/v2\/media?parent=34168"}],"wp:term":[{"taxonomy":"product_cat","embeddable":true,"href":"https:\/\/mouldking.store\/de\/wp-json\/wp\/v2\/product_cat?post=34168"},{"taxonomy":"product_tag","embeddable":true,"href":"https:\/\/mouldking.store\/de\/wp-json\/wp\/v2\/product_tag?post=34168"}],"curies":[{"name":"wp","href":"https:\/\/api.w.org\/{rel}","templated":true}]}}