{"id":34221,"date":"2022-11-07T09:39:50","date_gmt":"2022-11-07T02:39:50","guid":{"rendered":"https:\/\/mouldking.store\/?post_type=product&#038;p=34221"},"modified":"2022-11-07T09:39:50","modified_gmt":"2022-11-07T02:39:50","slug":"52toys-bb-14rt-rhincodon","status":"publish","type":"product","link":"https:\/\/mouldking.store\/de\/shop\/52toys-bb-14rt-rhincodon\/","title":{"rendered":"52TOYS BB-14RT RHINCODON"},"content":{"rendered":"<p>Produktinformation:<\/p>\n<ol>\n<li>Marke: 52TOYS<\/li>\n<li>Geschlecht: Unisex<\/li>\n<li>Name: RHINCODON<\/li>\n<li>Altersspanne: &gt; 6 Jahre alt<\/li>\n<li>Modellnummer: BB-14RT<\/li>\n<li>Einstufung: Assemblage<\/li>\n<li>Kunststoffblockform: Selbstsichernde Steine<\/li>\n<li>Material: Kunststoff<\/li>\n<li>Kunststofftyp: ABS<\/li>\n<li>Gr\u00f6\u00dfe: 11,5 cm<\/li>\n<li>Enth\u00e4lt eine ausf\u00fchrliche Montageanleitung.<\/li>\n<\/ol>\n<p>Notiz:<br \/>\n1. Ohne Originalverpackung, aber wir garantieren, dass unsere Produkte eine Qualit\u00e4tssicherung und eine sch\u00f6ne Verpackung haben.<br \/>\n2. Wie alle Teile, die wir vor dem Versand \u00fcberpr\u00fcft haben, machen Sie sich keine Sorgen, wenn Sie feststellen, dass einige Teile fehlen oder besch\u00e4digt sind, und kontaktieren Sie uns einfach, und wir k\u00f6nnen sie Ihnen umgehend kostenlos erneut zusenden.<\/p>\n<figure id=\"attachment_34222\" aria-describedby=\"caption-attachment-34222\" style=\"width: 800px\" class=\"wp-caption aligncenter\"><img fetchpriority=\"high\" decoding=\"async\" class=\"wp-image-34222 size-full\" src=\"https:\/\/mouldking.store\/wp-content\/uploads\/2022\/11\/52TOYS-BB-14RT-6.jpg\" alt=\"52TOYS BB-14RT RHINCODON \" width=\"800\" height=\"800\" title=\"-\" srcset=\"https:\/\/mouldking.store\/wp-content\/uploads\/2022\/11\/52TOYS-BB-14RT-6.jpg 800w, https:\/\/mouldking.store\/wp-content\/uploads\/2022\/11\/52TOYS-BB-14RT-6-300x300.jpg 300w, https:\/\/mouldking.store\/wp-content\/uploads\/2022\/11\/52TOYS-BB-14RT-6-768x768.jpg 768w, https:\/\/mouldking.store\/wp-content\/uploads\/2022\/11\/52TOYS-BB-14RT-6-600x600.jpg 600w, https:\/\/mouldking.store\/wp-content\/uploads\/2022\/11\/52TOYS-BB-14RT-6-150x150.jpg 150w, https:\/\/mouldking.store\/wp-content\/uploads\/2022\/11\/52TOYS-BB-14RT-6-60x60.jpg 60w, https:\/\/mouldking.store\/wp-content\/uploads\/2022\/11\/52TOYS-BB-14RT-6-90x90.jpg 90w\" sizes=\"(max-width: 800px) 100vw, 800px\" \/><figcaption id=\"caption-attachment-34222\" class=\"wp-caption-text\">52TOYS BB-14RT RHINCODON<\/figcaption><\/figure>\n<figure id=\"attachment_34223\" aria-describedby=\"caption-attachment-34223\" style=\"width: 873px\" class=\"wp-caption aligncenter\"><img decoding=\"async\" class=\"wp-image-34223 size-full\" src=\"https:\/\/mouldking.store\/wp-content\/uploads\/2022\/11\/52TOYS-BB-14RT-5.jpg\" alt=\"52TOYS BB-14RT RHINCODON \" width=\"873\" height=\"1024\" title=\"-\" srcset=\"https:\/\/mouldking.store\/wp-content\/uploads\/2022\/11\/52TOYS-BB-14RT-5.jpg 873w, https:\/\/mouldking.store\/wp-content\/uploads\/2022\/11\/52TOYS-BB-14RT-5-256x300.jpg 256w, https:\/\/mouldking.store\/wp-content\/uploads\/2022\/11\/52TOYS-BB-14RT-5-768x901.jpg 768w, https:\/\/mouldking.store\/wp-content\/uploads\/2022\/11\/52TOYS-BB-14RT-5-300x352.jpg 300w, https:\/\/mouldking.store\/wp-content\/uploads\/2022\/11\/52TOYS-BB-14RT-5-600x704.jpg 600w, https:\/\/mouldking.store\/wp-content\/uploads\/2022\/11\/52TOYS-BB-14RT-5-128x150.jpg 128w, https:\/\/mouldking.store\/wp-content\/uploads\/2022\/11\/52TOYS-BB-14RT-5-51x60.jpg 51w, https:\/\/mouldking.store\/wp-content\/uploads\/2022\/11\/52TOYS-BB-14RT-5-77x90.jpg 77w\" sizes=\"(max-width: 873px) 100vw, 873px\" \/><figcaption id=\"caption-attachment-34223\" class=\"wp-caption-text\">52TOYS BB-14RT RHINCODON<\/figcaption><\/figure>\n<figure id=\"attachment_34224\" aria-describedby=\"caption-attachment-34224\" style=\"width: 900px\" class=\"wp-caption aligncenter\"><img decoding=\"async\" class=\"wp-image-34224 size-full\" src=\"https:\/\/mouldking.store\/wp-content\/uploads\/2022\/11\/52TOYS-BB-14RT-4.jpg\" alt=\"52TOYS BB-14RT RHINCODON \" width=\"900\" height=\"1024\" title=\"-\" srcset=\"https:\/\/mouldking.store\/wp-content\/uploads\/2022\/11\/52TOYS-BB-14RT-4.jpg 900w, https:\/\/mouldking.store\/wp-content\/uploads\/2022\/11\/52TOYS-BB-14RT-4-264x300.jpg 264w, https:\/\/mouldking.store\/wp-content\/uploads\/2022\/11\/52TOYS-BB-14RT-4-768x874.jpg 768w, https:\/\/mouldking.store\/wp-content\/uploads\/2022\/11\/52TOYS-BB-14RT-4-300x341.jpg 300w, https:\/\/mouldking.store\/wp-content\/uploads\/2022\/11\/52TOYS-BB-14RT-4-600x683.jpg 600w, https:\/\/mouldking.store\/wp-content\/uploads\/2022\/11\/52TOYS-BB-14RT-4-132x150.jpg 132w, https:\/\/mouldking.store\/wp-content\/uploads\/2022\/11\/52TOYS-BB-14RT-4-53x60.jpg 53w, https:\/\/mouldking.store\/wp-content\/uploads\/2022\/11\/52TOYS-BB-14RT-4-79x90.jpg 79w\" sizes=\"(max-width: 900px) 100vw, 900px\" \/><figcaption id=\"caption-attachment-34224\" class=\"wp-caption-text\">52TOYS BB-14RT RHINCODON<\/figcaption><\/figure>\n<figure id=\"attachment_34225\" aria-describedby=\"caption-attachment-34225\" style=\"width: 1016px\" class=\"wp-caption aligncenter\"><img loading=\"lazy\" decoding=\"async\" class=\"wp-image-34225 size-full\" src=\"https:\/\/mouldking.store\/wp-content\/uploads\/2022\/11\/52TOYS-BB-14RT-3.jpg\" alt=\"52TOYS BB-14RT RHINCODON \" width=\"1016\" height=\"992\" title=\"-\" srcset=\"https:\/\/mouldking.store\/wp-content\/uploads\/2022\/11\/52TOYS-BB-14RT-3.jpg 1016w, https:\/\/mouldking.store\/wp-content\/uploads\/2022\/11\/52TOYS-BB-14RT-3-300x293.jpg 300w, https:\/\/mouldking.store\/wp-content\/uploads\/2022\/11\/52TOYS-BB-14RT-3-768x750.jpg 768w, https:\/\/mouldking.store\/wp-content\/uploads\/2022\/11\/52TOYS-BB-14RT-3-600x586.jpg 600w, https:\/\/mouldking.store\/wp-content\/uploads\/2022\/11\/52TOYS-BB-14RT-3-150x146.jpg 150w, https:\/\/mouldking.store\/wp-content\/uploads\/2022\/11\/52TOYS-BB-14RT-3-61x60.jpg 61w, https:\/\/mouldking.store\/wp-content\/uploads\/2022\/11\/52TOYS-BB-14RT-3-92x90.jpg 92w\" sizes=\"(max-width: 1016px) 100vw, 1016px\" \/><figcaption id=\"caption-attachment-34225\" class=\"wp-caption-text\">52TOYS BB-14RT RHINCODON<\/figcaption><\/figure>\n<figure id=\"attachment_34226\" aria-describedby=\"caption-attachment-34226\" style=\"width: 1020px\" class=\"wp-caption aligncenter\"><img loading=\"lazy\" decoding=\"async\" class=\"wp-image-34226 size-full\" src=\"https:\/\/mouldking.store\/wp-content\/uploads\/2022\/11\/52TOYS-BB-14RT-2.jpg\" alt=\"52TOYS BB-14RT RHINCODON \" width=\"1020\" height=\"872\" title=\"-\" srcset=\"https:\/\/mouldking.store\/wp-content\/uploads\/2022\/11\/52TOYS-BB-14RT-2.jpg 1020w, https:\/\/mouldking.store\/wp-content\/uploads\/2022\/11\/52TOYS-BB-14RT-2-300x256.jpg 300w, https:\/\/mouldking.store\/wp-content\/uploads\/2022\/11\/52TOYS-BB-14RT-2-768x657.jpg 768w, https:\/\/mouldking.store\/wp-content\/uploads\/2022\/11\/52TOYS-BB-14RT-2-600x513.jpg 600w, https:\/\/mouldking.store\/wp-content\/uploads\/2022\/11\/52TOYS-BB-14RT-2-150x128.jpg 150w, https:\/\/mouldking.store\/wp-content\/uploads\/2022\/11\/52TOYS-BB-14RT-2-70x60.jpg 70w, https:\/\/mouldking.store\/wp-content\/uploads\/2022\/11\/52TOYS-BB-14RT-2-105x90.jpg 105w\" sizes=\"(max-width: 1020px) 100vw, 1020px\" \/><figcaption id=\"caption-attachment-34226\" class=\"wp-caption-text\">52TOYS BB-14RT RHINCODON<\/figcaption><\/figure>\n<figure id=\"attachment_34227\" aria-describedby=\"caption-attachment-34227\" style=\"width: 705px\" class=\"wp-caption aligncenter\"><img loading=\"lazy\" decoding=\"async\" class=\"wp-image-34227 size-full\" src=\"https:\/\/mouldking.store\/wp-content\/uploads\/2022\/11\/52TOYS-BB-14RT.jpg\" alt=\"52TOYS BB-14RT RHINCODON \" width=\"705\" height=\"1024\" title=\"-\" srcset=\"https:\/\/mouldking.store\/wp-content\/uploads\/2022\/11\/52TOYS-BB-14RT.jpg 705w, https:\/\/mouldking.store\/wp-content\/uploads\/2022\/11\/52TOYS-BB-14RT-207x300.jpg 207w, https:\/\/mouldking.store\/wp-content\/uploads\/2022\/11\/52TOYS-BB-14RT-300x436.jpg 300w, https:\/\/mouldking.store\/wp-content\/uploads\/2022\/11\/52TOYS-BB-14RT-600x871.jpg 600w, https:\/\/mouldking.store\/wp-content\/uploads\/2022\/11\/52TOYS-BB-14RT-103x150.jpg 103w, https:\/\/mouldking.store\/wp-content\/uploads\/2022\/11\/52TOYS-BB-14RT-41x60.jpg 41w, https:\/\/mouldking.store\/wp-content\/uploads\/2022\/11\/52TOYS-BB-14RT-62x90.jpg 62w\" sizes=\"(max-width: 705px) 100vw, 705px\" \/><figcaption id=\"caption-attachment-34227\" class=\"wp-caption-text\">52TOYS BB-14RT RHINCODON<\/figcaption><\/figure>","protected":false},"excerpt":{"rendered":"<p>Product information: Brand: 52TOYS Gender: Unisex Name: RHINCODON Age Range: &gt; 6 years old Model Number: BB-14RT Classification: Assemblage Plastic Block Shape: Self-Locking Bricks Material: Plastic Plastic Type: ABS Size: 11.5 cm Contains detailed assembly instructions. Notice: 1. Without an original box, but we guarantee our products have quality assurance and nice packaging. 2. As [&hellip;]<\/p>","protected":false},"featured_media":34222,"comment_status":"closed","ping_status":"closed","template":"","meta":{"_acf_changed":false},"product_cat":[1408],"product_tag":[6179,6836,6833,6834,6835],"class_list":["product","first","instock","shipping-taxable","purchasable","product-type-simple"],"acf":[],"_links":{"self":[{"href":"https:\/\/mouldking.store\/de\/wp-json\/wp\/v2\/product\/34221","targetHints":{"allow":["GET"]}}],"collection":[{"href":"https:\/\/mouldking.store\/de\/wp-json\/wp\/v2\/product"}],"about":[{"href":"https:\/\/mouldking.store\/de\/wp-json\/wp\/v2\/types\/product"}],"replies":[{"embeddable":true,"href":"https:\/\/mouldking.store\/de\/wp-json\/wp\/v2\/comments?post=34221"}],"wp:featuredmedia":[{"embeddable":true,"href":"https:\/\/mouldking.store\/de\/wp-json\/wp\/v2\/media\/34222"}],"wp:attachment":[{"href":"https:\/\/mouldking.store\/de\/wp-json\/wp\/v2\/media?parent=34221"}],"wp:term":[{"taxonomy":"product_cat","embeddable":true,"href":"https:\/\/mouldking.store\/de\/wp-json\/wp\/v2\/product_cat?post=34221"},{"taxonomy":"product_tag","embeddable":true,"href":"https:\/\/mouldking.store\/de\/wp-json\/wp\/v2\/product_tag?post=34221"}],"curies":[{"name":"wp","href":"https:\/\/api.w.org\/{rel}","templated":true}]}}