{"id":34244,"date":"2022-11-07T10:13:43","date_gmt":"2022-11-07T03:13:43","guid":{"rendered":"https:\/\/mouldking.store\/?post_type=product&#038;p=34244"},"modified":"2022-11-07T10:13:43","modified_gmt":"2022-11-07T03:13:43","slug":"52toys-mb-06-getter-robot-black-getter","status":"publish","type":"product","link":"https:\/\/mouldking.store\/de\/shop\/52toys-mb-06-getter-robot-black-getter\/","title":{"rendered":"52TOYS MB-06 GETTER ROBOTER Schwarzer Getter"},"content":{"rendered":"<p>Produktinformation:<\/p>\n<ol>\n<li>Marke: 52TOYS<\/li>\n<li>Geschlecht: Unisex<\/li>\n<li>Name: GETTER ROBOT Black Getter<\/li>\n<li>Altersspanne: &gt; 6 Jahre alt<\/li>\n<li>Model Number: MB-06<\/li>\n<li>Einstufung: Assemblage<\/li>\n<li>Kunststoffblockform: Selbstsichernde Steine<\/li>\n<li>Material: Kunststoff<\/li>\n<li>Kunststofftyp: ABS<\/li>\n<li>Gr\u00f6\u00dfe: 15 cm<\/li>\n<li>Enth\u00e4lt eine ausf\u00fchrliche Montageanleitung.<\/li>\n<\/ol>\n<p>Notiz:<br \/>\n1. Ohne Originalverpackung, aber wir garantieren, dass unsere Produkte eine Qualit\u00e4tssicherung und eine sch\u00f6ne Verpackung haben.<br \/>\n2. Wie alle Teile, die wir vor dem Versand \u00fcberpr\u00fcft haben, machen Sie sich keine Sorgen, wenn Sie feststellen, dass einige Teile fehlen oder besch\u00e4digt sind, und kontaktieren Sie uns einfach, und wir k\u00f6nnen sie Ihnen umgehend kostenlos erneut zusenden.<\/p>\n<figure id=\"attachment_34245\" aria-describedby=\"caption-attachment-34245\" style=\"width: 800px\" class=\"wp-caption aligncenter\"><img fetchpriority=\"high\" decoding=\"async\" class=\"wp-image-34245 size-full\" src=\"https:\/\/mouldking.store\/wp-content\/uploads\/2022\/11\/52TOYS-MB-06-4.jpg\" alt=\" 52TOYS MB-06 GETTER ROBOT Black Getter \" width=\"800\" height=\"800\" title=\"-\" srcset=\"https:\/\/mouldking.store\/wp-content\/uploads\/2022\/11\/52TOYS-MB-06-4.jpg 800w, https:\/\/mouldking.store\/wp-content\/uploads\/2022\/11\/52TOYS-MB-06-4-300x300.jpg 300w, https:\/\/mouldking.store\/wp-content\/uploads\/2022\/11\/52TOYS-MB-06-4-768x768.jpg 768w, https:\/\/mouldking.store\/wp-content\/uploads\/2022\/11\/52TOYS-MB-06-4-600x600.jpg 600w, https:\/\/mouldking.store\/wp-content\/uploads\/2022\/11\/52TOYS-MB-06-4-150x150.jpg 150w, https:\/\/mouldking.store\/wp-content\/uploads\/2022\/11\/52TOYS-MB-06-4-60x60.jpg 60w, https:\/\/mouldking.store\/wp-content\/uploads\/2022\/11\/52TOYS-MB-06-4-90x90.jpg 90w\" sizes=\"(max-width: 800px) 100vw, 800px\" \/><figcaption id=\"caption-attachment-34245\" class=\"wp-caption-text\">52TOYS MB-06 GETTER ROBOTER Schwarzer Getter<\/figcaption><\/figure>\n<figure id=\"attachment_34246\" aria-describedby=\"caption-attachment-34246\" style=\"width: 800px\" class=\"wp-caption aligncenter\"><img decoding=\"async\" class=\"wp-image-34246 size-full\" src=\"https:\/\/mouldking.store\/wp-content\/uploads\/2022\/11\/52TOYS-MB-06-3.jpg\" alt=\" 52TOYS MB-06 GETTER ROBOT Black Getter \" width=\"800\" height=\"800\" title=\"-\" srcset=\"https:\/\/mouldking.store\/wp-content\/uploads\/2022\/11\/52TOYS-MB-06-3.jpg 800w, https:\/\/mouldking.store\/wp-content\/uploads\/2022\/11\/52TOYS-MB-06-3-300x300.jpg 300w, https:\/\/mouldking.store\/wp-content\/uploads\/2022\/11\/52TOYS-MB-06-3-768x768.jpg 768w, https:\/\/mouldking.store\/wp-content\/uploads\/2022\/11\/52TOYS-MB-06-3-600x600.jpg 600w, https:\/\/mouldking.store\/wp-content\/uploads\/2022\/11\/52TOYS-MB-06-3-150x150.jpg 150w, https:\/\/mouldking.store\/wp-content\/uploads\/2022\/11\/52TOYS-MB-06-3-60x60.jpg 60w, https:\/\/mouldking.store\/wp-content\/uploads\/2022\/11\/52TOYS-MB-06-3-90x90.jpg 90w\" sizes=\"(max-width: 800px) 100vw, 800px\" \/><figcaption id=\"caption-attachment-34246\" class=\"wp-caption-text\">52TOYS MB-06 GETTER ROBOTER Schwarzer Getter<\/figcaption><\/figure>\n<figure id=\"attachment_34247\" aria-describedby=\"caption-attachment-34247\" style=\"width: 752px\" class=\"wp-caption aligncenter\"><img decoding=\"async\" class=\"wp-image-34247 size-full\" src=\"https:\/\/mouldking.store\/wp-content\/uploads\/2022\/11\/52TOYS-MB-06-2.jpg\" alt=\" 52TOYS MB-06 GETTER ROBOT Black Getter \" width=\"752\" height=\"1024\" title=\"-\" srcset=\"https:\/\/mouldking.store\/wp-content\/uploads\/2022\/11\/52TOYS-MB-06-2.jpg 752w, https:\/\/mouldking.store\/wp-content\/uploads\/2022\/11\/52TOYS-MB-06-2-220x300.jpg 220w, https:\/\/mouldking.store\/wp-content\/uploads\/2022\/11\/52TOYS-MB-06-2-300x409.jpg 300w, https:\/\/mouldking.store\/wp-content\/uploads\/2022\/11\/52TOYS-MB-06-2-600x817.jpg 600w, https:\/\/mouldking.store\/wp-content\/uploads\/2022\/11\/52TOYS-MB-06-2-110x150.jpg 110w, https:\/\/mouldking.store\/wp-content\/uploads\/2022\/11\/52TOYS-MB-06-2-44x60.jpg 44w, https:\/\/mouldking.store\/wp-content\/uploads\/2022\/11\/52TOYS-MB-06-2-66x90.jpg 66w\" sizes=\"(max-width: 752px) 100vw, 752px\" \/><figcaption id=\"caption-attachment-34247\" class=\"wp-caption-text\">52TOYS MB-06 GETTER ROBOTER Schwarzer Getter<\/figcaption><\/figure>\n<figure id=\"attachment_34248\" aria-describedby=\"caption-attachment-34248\" style=\"width: 788px\" class=\"wp-caption aligncenter\"><img loading=\"lazy\" decoding=\"async\" class=\"wp-image-34248 size-full\" src=\"https:\/\/mouldking.store\/wp-content\/uploads\/2022\/11\/52TOYS-MB-06.jpg\" alt=\" 52TOYS MB-06 GETTER ROBOT Black Getter \" width=\"788\" height=\"388\" title=\"-\" srcset=\"https:\/\/mouldking.store\/wp-content\/uploads\/2022\/11\/52TOYS-MB-06.jpg 788w, https:\/\/mouldking.store\/wp-content\/uploads\/2022\/11\/52TOYS-MB-06-300x148.jpg 300w, https:\/\/mouldking.store\/wp-content\/uploads\/2022\/11\/52TOYS-MB-06-768x378.jpg 768w, https:\/\/mouldking.store\/wp-content\/uploads\/2022\/11\/52TOYS-MB-06-600x295.jpg 600w, https:\/\/mouldking.store\/wp-content\/uploads\/2022\/11\/52TOYS-MB-06-150x74.jpg 150w, https:\/\/mouldking.store\/wp-content\/uploads\/2022\/11\/52TOYS-MB-06-122x60.jpg 122w, https:\/\/mouldking.store\/wp-content\/uploads\/2022\/11\/52TOYS-MB-06-183x90.jpg 183w\" sizes=\"(max-width: 788px) 100vw, 788px\" \/><figcaption id=\"caption-attachment-34248\" class=\"wp-caption-text\">52TOYS MB-06 GETTER ROBOTER Schwarzer Getter<\/figcaption><\/figure>","protected":false},"excerpt":{"rendered":"<p>Product information: Brand: 52TOYS Gender: Unisex Name: GETTER ROBOT Black Getter Age Range: &gt; 6 years old Model Number: MB-06 Classification: Assemblage Plastic Block Shape: Self-Locking Bricks Material: Plastic Plastic Type: ABS Size: 15 cm Contains detailed assembly instructions. Notice: 1. Without an original box, but we guarantee our products have quality assurance and nice [&hellip;]<\/p>","protected":false},"featured_media":34245,"comment_status":"closed","ping_status":"closed","template":"","meta":{"_acf_changed":false},"product_cat":[1408],"product_tag":[6179,6852,6848,6851,6850,6853,6849],"class_list":["product","first","instock","shipping-taxable","purchasable","product-type-simple"],"acf":[],"_links":{"self":[{"href":"https:\/\/mouldking.store\/de\/wp-json\/wp\/v2\/product\/34244","targetHints":{"allow":["GET"]}}],"collection":[{"href":"https:\/\/mouldking.store\/de\/wp-json\/wp\/v2\/product"}],"about":[{"href":"https:\/\/mouldking.store\/de\/wp-json\/wp\/v2\/types\/product"}],"replies":[{"embeddable":true,"href":"https:\/\/mouldking.store\/de\/wp-json\/wp\/v2\/comments?post=34244"}],"wp:featuredmedia":[{"embeddable":true,"href":"https:\/\/mouldking.store\/de\/wp-json\/wp\/v2\/media\/34245"}],"wp:attachment":[{"href":"https:\/\/mouldking.store\/de\/wp-json\/wp\/v2\/media?parent=34244"}],"wp:term":[{"taxonomy":"product_cat","embeddable":true,"href":"https:\/\/mouldking.store\/de\/wp-json\/wp\/v2\/product_cat?post=34244"},{"taxonomy":"product_tag","embeddable":true,"href":"https:\/\/mouldking.store\/de\/wp-json\/wp\/v2\/product_tag?post=34244"}],"curies":[{"name":"wp","href":"https:\/\/api.w.org\/{rel}","templated":true}]}}