{"id":34285,"date":"2022-11-07T10:54:45","date_gmt":"2022-11-07T03:54:45","guid":{"rendered":"https:\/\/mouldking.store\/?post_type=product&#038;p=34285"},"modified":"2022-11-07T10:54:46","modified_gmt":"2022-11-07T03:54:46","slug":"52toys-mb-01-alien-original","status":"publish","type":"product","link":"https:\/\/mouldking.store\/de\/shop\/52toys-mb-01-alien-original\/","title":{"rendered":"52TOYS MB-01 ALIEN Original"},"content":{"rendered":"<p>Produktinformation:<\/p>\n<ol>\n<li>Marke: 52TOYS<\/li>\n<li>Geschlecht: Unisex<\/li>\n<li>Name: ALIEN Original<\/li>\n<li>Altersspanne: &gt; 6 Jahre alt<\/li>\n<li>Model Number: MB-01<\/li>\n<li>Einstufung: Assemblage<\/li>\n<li>Kunststoffblockform: Selbstsichernde Steine<\/li>\n<li>Material: Kunststoff<\/li>\n<li>Kunststofftyp: ABS<\/li>\n<li>Size: 18x7x15cm<\/li>\n<li>Enth\u00e4lt eine ausf\u00fchrliche Montageanleitung.<\/li>\n<\/ol>\n<p>Notiz:<br \/>\n1. Ohne Originalverpackung, aber wir garantieren, dass unsere Produkte eine Qualit\u00e4tssicherung und eine sch\u00f6ne Verpackung haben.<br \/>\n2. Wie alle Teile, die wir vor dem Versand \u00fcberpr\u00fcft haben, machen Sie sich keine Sorgen, wenn Sie feststellen, dass einige Teile fehlen oder besch\u00e4digt sind, und kontaktieren Sie uns einfach, und wir k\u00f6nnen sie Ihnen umgehend kostenlos erneut zusenden.<\/p>\n<figure id=\"attachment_34286\" aria-describedby=\"caption-attachment-34286\" style=\"width: 800px\" class=\"wp-caption aligncenter\"><img fetchpriority=\"high\" decoding=\"async\" class=\"wp-image-34286 size-full\" src=\"https:\/\/mouldking.store\/wp-content\/uploads\/2022\/11\/52TOYS-MB-01-10.jpg\" alt=\" 52TOYS MB-01 ALIEN Original\" width=\"800\" height=\"800\" title=\"-\" srcset=\"https:\/\/mouldking.store\/wp-content\/uploads\/2022\/11\/52TOYS-MB-01-10.jpg 800w, https:\/\/mouldking.store\/wp-content\/uploads\/2022\/11\/52TOYS-MB-01-10-300x300.jpg 300w, https:\/\/mouldking.store\/wp-content\/uploads\/2022\/11\/52TOYS-MB-01-10-768x768.jpg 768w, https:\/\/mouldking.store\/wp-content\/uploads\/2022\/11\/52TOYS-MB-01-10-600x600.jpg 600w, https:\/\/mouldking.store\/wp-content\/uploads\/2022\/11\/52TOYS-MB-01-10-150x150.jpg 150w, https:\/\/mouldking.store\/wp-content\/uploads\/2022\/11\/52TOYS-MB-01-10-60x60.jpg 60w, https:\/\/mouldking.store\/wp-content\/uploads\/2022\/11\/52TOYS-MB-01-10-90x90.jpg 90w\" sizes=\"(max-width: 800px) 100vw, 800px\" \/><figcaption id=\"caption-attachment-34286\" class=\"wp-caption-text\">52TOYS MB-01 ALIEN Original<\/figcaption><\/figure>\n<figure id=\"attachment_34287\" aria-describedby=\"caption-attachment-34287\" style=\"width: 750px\" class=\"wp-caption aligncenter\"><img decoding=\"async\" class=\"wp-image-34287 size-full\" src=\"https:\/\/mouldking.store\/wp-content\/uploads\/2022\/11\/52TOYS-MB-01-9.jpg\" alt=\" 52TOYS MB-01 ALIEN Original\" width=\"750\" height=\"1000\" title=\"-\" srcset=\"https:\/\/mouldking.store\/wp-content\/uploads\/2022\/11\/52TOYS-MB-01-9.jpg 750w, https:\/\/mouldking.store\/wp-content\/uploads\/2022\/11\/52TOYS-MB-01-9-225x300.jpg 225w, https:\/\/mouldking.store\/wp-content\/uploads\/2022\/11\/52TOYS-MB-01-9-300x400.jpg 300w, https:\/\/mouldking.store\/wp-content\/uploads\/2022\/11\/52TOYS-MB-01-9-600x800.jpg 600w, https:\/\/mouldking.store\/wp-content\/uploads\/2022\/11\/52TOYS-MB-01-9-113x150.jpg 113w, https:\/\/mouldking.store\/wp-content\/uploads\/2022\/11\/52TOYS-MB-01-9-45x60.jpg 45w, https:\/\/mouldking.store\/wp-content\/uploads\/2022\/11\/52TOYS-MB-01-9-68x90.jpg 68w\" sizes=\"(max-width: 750px) 100vw, 750px\" \/><figcaption id=\"caption-attachment-34287\" class=\"wp-caption-text\">52TOYS MB-01 ALIEN Original<\/figcaption><\/figure>\n<figure id=\"attachment_34288\" aria-describedby=\"caption-attachment-34288\" style=\"width: 750px\" class=\"wp-caption aligncenter\"><img decoding=\"async\" class=\"wp-image-34288 size-full\" src=\"https:\/\/mouldking.store\/wp-content\/uploads\/2022\/11\/52TOYS-MB-01-8.jpg\" alt=\" 52TOYS MB-01 ALIEN Original\" width=\"750\" height=\"1000\" title=\"-\" srcset=\"https:\/\/mouldking.store\/wp-content\/uploads\/2022\/11\/52TOYS-MB-01-8.jpg 750w, https:\/\/mouldking.store\/wp-content\/uploads\/2022\/11\/52TOYS-MB-01-8-225x300.jpg 225w, https:\/\/mouldking.store\/wp-content\/uploads\/2022\/11\/52TOYS-MB-01-8-300x400.jpg 300w, https:\/\/mouldking.store\/wp-content\/uploads\/2022\/11\/52TOYS-MB-01-8-600x800.jpg 600w, https:\/\/mouldking.store\/wp-content\/uploads\/2022\/11\/52TOYS-MB-01-8-113x150.jpg 113w, https:\/\/mouldking.store\/wp-content\/uploads\/2022\/11\/52TOYS-MB-01-8-45x60.jpg 45w, https:\/\/mouldking.store\/wp-content\/uploads\/2022\/11\/52TOYS-MB-01-8-68x90.jpg 68w\" sizes=\"(max-width: 750px) 100vw, 750px\" \/><figcaption id=\"caption-attachment-34288\" class=\"wp-caption-text\">52TOYS MB-01 ALIEN Original<\/figcaption><\/figure>\n<figure id=\"attachment_34289\" aria-describedby=\"caption-attachment-34289\" style=\"width: 750px\" class=\"wp-caption aligncenter\"><img loading=\"lazy\" decoding=\"async\" class=\"wp-image-34289 size-full\" src=\"https:\/\/mouldking.store\/wp-content\/uploads\/2022\/11\/52TOYS-MB-01-7.jpg\" alt=\" 52TOYS MB-01 ALIEN Original\" width=\"750\" height=\"1000\" title=\"-\" srcset=\"https:\/\/mouldking.store\/wp-content\/uploads\/2022\/11\/52TOYS-MB-01-7.jpg 750w, https:\/\/mouldking.store\/wp-content\/uploads\/2022\/11\/52TOYS-MB-01-7-225x300.jpg 225w, https:\/\/mouldking.store\/wp-content\/uploads\/2022\/11\/52TOYS-MB-01-7-300x400.jpg 300w, https:\/\/mouldking.store\/wp-content\/uploads\/2022\/11\/52TOYS-MB-01-7-600x800.jpg 600w, https:\/\/mouldking.store\/wp-content\/uploads\/2022\/11\/52TOYS-MB-01-7-113x150.jpg 113w, https:\/\/mouldking.store\/wp-content\/uploads\/2022\/11\/52TOYS-MB-01-7-45x60.jpg 45w, https:\/\/mouldking.store\/wp-content\/uploads\/2022\/11\/52TOYS-MB-01-7-68x90.jpg 68w\" sizes=\"(max-width: 750px) 100vw, 750px\" \/><figcaption id=\"caption-attachment-34289\" class=\"wp-caption-text\">52TOYS MB-01 ALIEN Original<\/figcaption><\/figure>\n<figure id=\"attachment_34290\" aria-describedby=\"caption-attachment-34290\" style=\"width: 761px\" class=\"wp-caption aligncenter\"><img loading=\"lazy\" decoding=\"async\" class=\"wp-image-34290 size-full\" src=\"https:\/\/mouldking.store\/wp-content\/uploads\/2022\/11\/52TOYS-MB-01-6.jpg\" alt=\" 52TOYS MB-01 ALIEN Original\" width=\"761\" height=\"1024\" title=\"-\" srcset=\"https:\/\/mouldking.store\/wp-content\/uploads\/2022\/11\/52TOYS-MB-01-6.jpg 761w, https:\/\/mouldking.store\/wp-content\/uploads\/2022\/11\/52TOYS-MB-01-6-223x300.jpg 223w, https:\/\/mouldking.store\/wp-content\/uploads\/2022\/11\/52TOYS-MB-01-6-300x404.jpg 300w, https:\/\/mouldking.store\/wp-content\/uploads\/2022\/11\/52TOYS-MB-01-6-600x807.jpg 600w, https:\/\/mouldking.store\/wp-content\/uploads\/2022\/11\/52TOYS-MB-01-6-111x150.jpg 111w, https:\/\/mouldking.store\/wp-content\/uploads\/2022\/11\/52TOYS-MB-01-6-45x60.jpg 45w, https:\/\/mouldking.store\/wp-content\/uploads\/2022\/11\/52TOYS-MB-01-6-67x90.jpg 67w\" sizes=\"(max-width: 761px) 100vw, 761px\" \/><figcaption id=\"caption-attachment-34290\" class=\"wp-caption-text\">52TOYS MB-01 ALIEN Original<\/figcaption><\/figure>\n<figure id=\"attachment_34291\" aria-describedby=\"caption-attachment-34291\" style=\"width: 656px\" class=\"wp-caption aligncenter\"><img loading=\"lazy\" decoding=\"async\" class=\"wp-image-34291 size-full\" src=\"https:\/\/mouldking.store\/wp-content\/uploads\/2022\/11\/52TOYS-MB-01-5.jpg\" alt=\" 52TOYS MB-01 ALIEN Original\" width=\"656\" height=\"1024\" title=\"-\" srcset=\"https:\/\/mouldking.store\/wp-content\/uploads\/2022\/11\/52TOYS-MB-01-5.jpg 656w, https:\/\/mouldking.store\/wp-content\/uploads\/2022\/11\/52TOYS-MB-01-5-192x300.jpg 192w, https:\/\/mouldking.store\/wp-content\/uploads\/2022\/11\/52TOYS-MB-01-5-300x468.jpg 300w, https:\/\/mouldking.store\/wp-content\/uploads\/2022\/11\/52TOYS-MB-01-5-600x937.jpg 600w, https:\/\/mouldking.store\/wp-content\/uploads\/2022\/11\/52TOYS-MB-01-5-96x150.jpg 96w, https:\/\/mouldking.store\/wp-content\/uploads\/2022\/11\/52TOYS-MB-01-5-38x60.jpg 38w, https:\/\/mouldking.store\/wp-content\/uploads\/2022\/11\/52TOYS-MB-01-5-58x90.jpg 58w\" sizes=\"(max-width: 656px) 100vw, 656px\" \/><figcaption id=\"caption-attachment-34291\" class=\"wp-caption-text\">52TOYS MB-01 ALIEN Original<\/figcaption><\/figure>\n<figure id=\"attachment_34292\" aria-describedby=\"caption-attachment-34292\" style=\"width: 752px\" class=\"wp-caption aligncenter\"><img loading=\"lazy\" decoding=\"async\" class=\"wp-image-34292 size-full\" src=\"https:\/\/mouldking.store\/wp-content\/uploads\/2022\/11\/52TOYS-MB-01-4.jpg\" alt=\" 52TOYS MB-01 ALIEN Original\" width=\"752\" height=\"1024\" title=\"-\" srcset=\"https:\/\/mouldking.store\/wp-content\/uploads\/2022\/11\/52TOYS-MB-01-4.jpg 752w, https:\/\/mouldking.store\/wp-content\/uploads\/2022\/11\/52TOYS-MB-01-4-220x300.jpg 220w, https:\/\/mouldking.store\/wp-content\/uploads\/2022\/11\/52TOYS-MB-01-4-300x409.jpg 300w, https:\/\/mouldking.store\/wp-content\/uploads\/2022\/11\/52TOYS-MB-01-4-600x817.jpg 600w, https:\/\/mouldking.store\/wp-content\/uploads\/2022\/11\/52TOYS-MB-01-4-110x150.jpg 110w, https:\/\/mouldking.store\/wp-content\/uploads\/2022\/11\/52TOYS-MB-01-4-44x60.jpg 44w, https:\/\/mouldking.store\/wp-content\/uploads\/2022\/11\/52TOYS-MB-01-4-66x90.jpg 66w\" sizes=\"(max-width: 752px) 100vw, 752px\" \/><figcaption id=\"caption-attachment-34292\" class=\"wp-caption-text\">52TOYS MB-01 ALIEN Original<\/figcaption><\/figure>\n<figure id=\"attachment_34293\" aria-describedby=\"caption-attachment-34293\" style=\"width: 953px\" class=\"wp-caption aligncenter\"><img loading=\"lazy\" decoding=\"async\" class=\"wp-image-34293 size-full\" src=\"https:\/\/mouldking.store\/wp-content\/uploads\/2022\/11\/52TOYS-MB-01-3.jpg\" alt=\" 52TOYS MB-01 ALIEN Original\" width=\"953\" height=\"1024\" title=\"-\" srcset=\"https:\/\/mouldking.store\/wp-content\/uploads\/2022\/11\/52TOYS-MB-01-3.jpg 953w, https:\/\/mouldking.store\/wp-content\/uploads\/2022\/11\/52TOYS-MB-01-3-279x300.jpg 279w, https:\/\/mouldking.store\/wp-content\/uploads\/2022\/11\/52TOYS-MB-01-3-768x825.jpg 768w, https:\/\/mouldking.store\/wp-content\/uploads\/2022\/11\/52TOYS-MB-01-3-300x322.jpg 300w, https:\/\/mouldking.store\/wp-content\/uploads\/2022\/11\/52TOYS-MB-01-3-600x645.jpg 600w, https:\/\/mouldking.store\/wp-content\/uploads\/2022\/11\/52TOYS-MB-01-3-140x150.jpg 140w, https:\/\/mouldking.store\/wp-content\/uploads\/2022\/11\/52TOYS-MB-01-3-56x60.jpg 56w, https:\/\/mouldking.store\/wp-content\/uploads\/2022\/11\/52TOYS-MB-01-3-84x90.jpg 84w\" sizes=\"(max-width: 953px) 100vw, 953px\" \/><figcaption id=\"caption-attachment-34293\" class=\"wp-caption-text\">52TOYS MB-01 ALIEN Original<\/figcaption><\/figure>\n<figure id=\"attachment_34294\" aria-describedby=\"caption-attachment-34294\" style=\"width: 1008px\" class=\"wp-caption aligncenter\"><img loading=\"lazy\" decoding=\"async\" class=\"wp-image-34294 size-full\" src=\"https:\/\/mouldking.store\/wp-content\/uploads\/2022\/11\/52TOYS-MB-01-2.jpg\" alt=\" 52TOYS MB-01 ALIEN Original\" width=\"1008\" height=\"1000\" title=\"-\" srcset=\"https:\/\/mouldking.store\/wp-content\/uploads\/2022\/11\/52TOYS-MB-01-2.jpg 1008w, https:\/\/mouldking.store\/wp-content\/uploads\/2022\/11\/52TOYS-MB-01-2-300x298.jpg 300w, https:\/\/mouldking.store\/wp-content\/uploads\/2022\/11\/52TOYS-MB-01-2-768x762.jpg 768w, https:\/\/mouldking.store\/wp-content\/uploads\/2022\/11\/52TOYS-MB-01-2-600x595.jpg 600w, https:\/\/mouldking.store\/wp-content\/uploads\/2022\/11\/52TOYS-MB-01-2-150x150.jpg 150w, https:\/\/mouldking.store\/wp-content\/uploads\/2022\/11\/52TOYS-MB-01-2-60x60.jpg 60w, https:\/\/mouldking.store\/wp-content\/uploads\/2022\/11\/52TOYS-MB-01-2-91x90.jpg 91w\" sizes=\"(max-width: 1008px) 100vw, 1008px\" \/><figcaption id=\"caption-attachment-34294\" class=\"wp-caption-text\">52TOYS MB-01 ALIEN Original<\/figcaption><\/figure>\n<figure id=\"attachment_34295\" aria-describedby=\"caption-attachment-34295\" style=\"width: 509px\" class=\"wp-caption aligncenter\"><img loading=\"lazy\" decoding=\"async\" class=\"wp-image-34295 size-full\" src=\"https:\/\/mouldking.store\/wp-content\/uploads\/2022\/11\/52TOYS-MB-01.jpg\" alt=\" 52TOYS MB-01 ALIEN Original\" width=\"509\" height=\"1024\" title=\"-\" srcset=\"https:\/\/mouldking.store\/wp-content\/uploads\/2022\/11\/52TOYS-MB-01.jpg 509w, https:\/\/mouldking.store\/wp-content\/uploads\/2022\/11\/52TOYS-MB-01-149x300.jpg 149w, https:\/\/mouldking.store\/wp-content\/uploads\/2022\/11\/52TOYS-MB-01-300x604.jpg 300w, https:\/\/mouldking.store\/wp-content\/uploads\/2022\/11\/52TOYS-MB-01-75x150.jpg 75w, https:\/\/mouldking.store\/wp-content\/uploads\/2022\/11\/52TOYS-MB-01-30x60.jpg 30w, https:\/\/mouldking.store\/wp-content\/uploads\/2022\/11\/52TOYS-MB-01-45x90.jpg 45w\" sizes=\"(max-width: 509px) 100vw, 509px\" \/><figcaption id=\"caption-attachment-34295\" class=\"wp-caption-text\">52TOYS MB-01 ALIEN Original<\/figcaption><\/figure>","protected":false},"excerpt":{"rendered":"<p>Product information: Brand: 52TOYS Gender: Unisex Name: ALIEN Original Age Range: &gt; 6 years old Model Number: MB-01 Classification: Assemblage Plastic Block Shape: Self-Locking Bricks Material: Plastic Plastic Type: ABS Size: 18x7x15cm Contains detailed assembly instructions. Notice: 1. Without an original box, but we guarantee our products have quality assurance and nice packaging. 2. As [&hellip;]<\/p>","protected":false},"featured_media":34286,"comment_status":"closed","ping_status":"closed","template":"","meta":{"_acf_changed":false},"product_cat":[1408],"product_tag":[6179,6870,6867,6866,6871,6868,6869],"class_list":["product","first","instock","shipping-taxable","purchasable","product-type-simple"],"acf":[],"_links":{"self":[{"href":"https:\/\/mouldking.store\/de\/wp-json\/wp\/v2\/product\/34285","targetHints":{"allow":["GET"]}}],"collection":[{"href":"https:\/\/mouldking.store\/de\/wp-json\/wp\/v2\/product"}],"about":[{"href":"https:\/\/mouldking.store\/de\/wp-json\/wp\/v2\/types\/product"}],"replies":[{"embeddable":true,"href":"https:\/\/mouldking.store\/de\/wp-json\/wp\/v2\/comments?post=34285"}],"wp:featuredmedia":[{"embeddable":true,"href":"https:\/\/mouldking.store\/de\/wp-json\/wp\/v2\/media\/34286"}],"wp:attachment":[{"href":"https:\/\/mouldking.store\/de\/wp-json\/wp\/v2\/media?parent=34285"}],"wp:term":[{"taxonomy":"product_cat","embeddable":true,"href":"https:\/\/mouldking.store\/de\/wp-json\/wp\/v2\/product_cat?post=34285"},{"taxonomy":"product_tag","embeddable":true,"href":"https:\/\/mouldking.store\/de\/wp-json\/wp\/v2\/product_tag?post=34285"}],"curies":[{"name":"wp","href":"https:\/\/api.w.org\/{rel}","templated":true}]}}