{"id":34296,"date":"2022-11-07T11:03:32","date_gmt":"2022-11-07T04:03:32","guid":{"rendered":"https:\/\/mouldking.store\/?post_type=product&#038;p=34296"},"modified":"2024-07-30T09:14:49","modified_gmt":"2024-07-30T02:14:49","slug":"52toys-mb-17ie-icarus-elite","status":"publish","type":"product","link":"https:\/\/mouldking.store\/de\/shop\/52toys-mb-17ie-icarus-elite\/","title":{"rendered":"52TOYS MB-17IE ICARUS Elite"},"content":{"rendered":"<p>Produktinformation:<\/p>\n<ol>\n<li>Marke: 52TOYS<\/li>\n<li>Geschlecht: Unisex<\/li>\n<li>Name: ICARUS Elite<\/li>\n<li>Altersspanne: &gt; 6 Jahre alt<\/li>\n<li>Model Number: MB-17IE<\/li>\n<li>Einstufung: Assemblage<\/li>\n<li>Kunststoffblockform: Selbstsichernde Steine<\/li>\n<li>Material: Kunststoff<\/li>\n<li>Kunststofftyp: ABS<\/li>\n<li>Size: 17.5x26cm<\/li>\n<li>Enth\u00e4lt eine ausf\u00fchrliche Montageanleitung.<\/li>\n<\/ol>\n<p>Notiz:<br \/>\n1. Ohne Originalverpackung, aber wir garantieren, dass unsere Produkte eine Qualit\u00e4tssicherung und eine sch\u00f6ne Verpackung haben.<br \/>\n2. Wie alle Teile, die wir vor dem Versand \u00fcberpr\u00fcft haben, machen Sie sich keine Sorgen, wenn Sie feststellen, dass einige Teile fehlen oder besch\u00e4digt sind, und kontaktieren Sie uns einfach, und wir k\u00f6nnen sie Ihnen umgehend kostenlos erneut zusenden.<\/p>\n<figure id=\"attachment_34297\" aria-describedby=\"caption-attachment-34297\" style=\"width: 800px\" class=\"wp-caption aligncenter\"><img fetchpriority=\"high\" decoding=\"async\" class=\"wp-image-34297 size-full\" src=\"https:\/\/mouldking.store\/wp-content\/uploads\/2022\/11\/52TOYS-MB-17IE-9.jpg\" alt=\"52TOYS MB-17IE ICARUS Elite \" width=\"800\" height=\"800\" title=\"-\" srcset=\"https:\/\/mouldking.store\/wp-content\/uploads\/2022\/11\/52TOYS-MB-17IE-9.jpg 800w, https:\/\/mouldking.store\/wp-content\/uploads\/2022\/11\/52TOYS-MB-17IE-9-300x300.jpg 300w, https:\/\/mouldking.store\/wp-content\/uploads\/2022\/11\/52TOYS-MB-17IE-9-768x768.jpg 768w, https:\/\/mouldking.store\/wp-content\/uploads\/2022\/11\/52TOYS-MB-17IE-9-600x600.jpg 600w, https:\/\/mouldking.store\/wp-content\/uploads\/2022\/11\/52TOYS-MB-17IE-9-150x150.jpg 150w, https:\/\/mouldking.store\/wp-content\/uploads\/2022\/11\/52TOYS-MB-17IE-9-60x60.jpg 60w, https:\/\/mouldking.store\/wp-content\/uploads\/2022\/11\/52TOYS-MB-17IE-9-90x90.jpg 90w\" sizes=\"(max-width: 800px) 100vw, 800px\" \/><figcaption id=\"caption-attachment-34297\" class=\"wp-caption-text\">52TOYS MB-17IE ICARUS Elite<\/figcaption><\/figure>\n<figure id=\"attachment_34298\" aria-describedby=\"caption-attachment-34298\" style=\"width: 800px\" class=\"wp-caption aligncenter\"><img decoding=\"async\" class=\"wp-image-34298 size-full\" src=\"https:\/\/mouldking.store\/wp-content\/uploads\/2022\/11\/52TOYS-MB-17IE-8.jpg\" alt=\"52TOYS MB-17IE ICARUS Elite \" width=\"800\" height=\"800\" title=\"-\" srcset=\"https:\/\/mouldking.store\/wp-content\/uploads\/2022\/11\/52TOYS-MB-17IE-8.jpg 800w, https:\/\/mouldking.store\/wp-content\/uploads\/2022\/11\/52TOYS-MB-17IE-8-300x300.jpg 300w, https:\/\/mouldking.store\/wp-content\/uploads\/2022\/11\/52TOYS-MB-17IE-8-768x768.jpg 768w, https:\/\/mouldking.store\/wp-content\/uploads\/2022\/11\/52TOYS-MB-17IE-8-600x600.jpg 600w, https:\/\/mouldking.store\/wp-content\/uploads\/2022\/11\/52TOYS-MB-17IE-8-150x150.jpg 150w, https:\/\/mouldking.store\/wp-content\/uploads\/2022\/11\/52TOYS-MB-17IE-8-60x60.jpg 60w, https:\/\/mouldking.store\/wp-content\/uploads\/2022\/11\/52TOYS-MB-17IE-8-90x90.jpg 90w\" sizes=\"(max-width: 800px) 100vw, 800px\" \/><figcaption id=\"caption-attachment-34298\" class=\"wp-caption-text\">52TOYS MB-17IE ICARUS Elite<\/figcaption><\/figure>\n<figure id=\"attachment_34299\" aria-describedby=\"caption-attachment-34299\" style=\"width: 800px\" class=\"wp-caption aligncenter\"><img decoding=\"async\" class=\"wp-image-34299 size-full\" src=\"https:\/\/mouldking.store\/wp-content\/uploads\/2022\/11\/52TOYS-MB-17IE-7.jpg\" alt=\"52TOYS MB-17IE ICARUS Elite \" width=\"800\" height=\"800\" title=\"-\" srcset=\"https:\/\/mouldking.store\/wp-content\/uploads\/2022\/11\/52TOYS-MB-17IE-7.jpg 800w, https:\/\/mouldking.store\/wp-content\/uploads\/2022\/11\/52TOYS-MB-17IE-7-300x300.jpg 300w, https:\/\/mouldking.store\/wp-content\/uploads\/2022\/11\/52TOYS-MB-17IE-7-768x768.jpg 768w, https:\/\/mouldking.store\/wp-content\/uploads\/2022\/11\/52TOYS-MB-17IE-7-600x600.jpg 600w, https:\/\/mouldking.store\/wp-content\/uploads\/2022\/11\/52TOYS-MB-17IE-7-150x150.jpg 150w, https:\/\/mouldking.store\/wp-content\/uploads\/2022\/11\/52TOYS-MB-17IE-7-60x60.jpg 60w, https:\/\/mouldking.store\/wp-content\/uploads\/2022\/11\/52TOYS-MB-17IE-7-90x90.jpg 90w\" sizes=\"(max-width: 800px) 100vw, 800px\" \/><figcaption id=\"caption-attachment-34299\" class=\"wp-caption-text\">52TOYS MB-17IE ICARUS Elite<\/figcaption><\/figure>\n<figure id=\"attachment_34300\" aria-describedby=\"caption-attachment-34300\" style=\"width: 663px\" class=\"wp-caption aligncenter\"><img loading=\"lazy\" decoding=\"async\" class=\"wp-image-34300 size-full\" src=\"https:\/\/mouldking.store\/wp-content\/uploads\/2022\/11\/52TOYS-MB-17IE-6.jpg\" alt=\"52TOYS MB-17IE ICARUS Elite \" width=\"663\" height=\"1024\" title=\"-\" srcset=\"https:\/\/mouldking.store\/wp-content\/uploads\/2022\/11\/52TOYS-MB-17IE-6.jpg 663w, https:\/\/mouldking.store\/wp-content\/uploads\/2022\/11\/52TOYS-MB-17IE-6-194x300.jpg 194w, https:\/\/mouldking.store\/wp-content\/uploads\/2022\/11\/52TOYS-MB-17IE-6-300x463.jpg 300w, https:\/\/mouldking.store\/wp-content\/uploads\/2022\/11\/52TOYS-MB-17IE-6-600x927.jpg 600w, https:\/\/mouldking.store\/wp-content\/uploads\/2022\/11\/52TOYS-MB-17IE-6-97x150.jpg 97w, https:\/\/mouldking.store\/wp-content\/uploads\/2022\/11\/52TOYS-MB-17IE-6-39x60.jpg 39w, https:\/\/mouldking.store\/wp-content\/uploads\/2022\/11\/52TOYS-MB-17IE-6-58x90.jpg 58w\" sizes=\"(max-width: 663px) 100vw, 663px\" \/><figcaption id=\"caption-attachment-34300\" class=\"wp-caption-text\">52TOYS MB-17IE ICARUS Elite<\/figcaption><\/figure>\n<figure id=\"attachment_34301\" aria-describedby=\"caption-attachment-34301\" style=\"width: 668px\" class=\"wp-caption aligncenter\"><img loading=\"lazy\" decoding=\"async\" class=\"wp-image-34301 size-full\" src=\"https:\/\/mouldking.store\/wp-content\/uploads\/2022\/11\/52TOYS-MB-17IE-5.jpg\" alt=\"52TOYS MB-17IE ICARUS Elite \" width=\"668\" height=\"1024\" title=\"-\" srcset=\"https:\/\/mouldking.store\/wp-content\/uploads\/2022\/11\/52TOYS-MB-17IE-5.jpg 668w, https:\/\/mouldking.store\/wp-content\/uploads\/2022\/11\/52TOYS-MB-17IE-5-196x300.jpg 196w, https:\/\/mouldking.store\/wp-content\/uploads\/2022\/11\/52TOYS-MB-17IE-5-300x460.jpg 300w, https:\/\/mouldking.store\/wp-content\/uploads\/2022\/11\/52TOYS-MB-17IE-5-600x920.jpg 600w, https:\/\/mouldking.store\/wp-content\/uploads\/2022\/11\/52TOYS-MB-17IE-5-98x150.jpg 98w, https:\/\/mouldking.store\/wp-content\/uploads\/2022\/11\/52TOYS-MB-17IE-5-39x60.jpg 39w, https:\/\/mouldking.store\/wp-content\/uploads\/2022\/11\/52TOYS-MB-17IE-5-59x90.jpg 59w\" sizes=\"(max-width: 668px) 100vw, 668px\" \/><figcaption id=\"caption-attachment-34301\" class=\"wp-caption-text\">52TOYS MB-17IE ICARUS Elite<\/figcaption><\/figure>\n<figure id=\"attachment_34302\" aria-describedby=\"caption-attachment-34302\" style=\"width: 793px\" class=\"wp-caption aligncenter\"><img loading=\"lazy\" decoding=\"async\" class=\"wp-image-34302 size-full\" src=\"https:\/\/mouldking.store\/wp-content\/uploads\/2022\/11\/52TOYS-MB-17IE-4.jpg\" alt=\"52TOYS MB-17IE ICARUS Elite \" width=\"793\" height=\"1024\" title=\"-\" srcset=\"https:\/\/mouldking.store\/wp-content\/uploads\/2022\/11\/52TOYS-MB-17IE-4.jpg 793w, https:\/\/mouldking.store\/wp-content\/uploads\/2022\/11\/52TOYS-MB-17IE-4-232x300.jpg 232w, https:\/\/mouldking.store\/wp-content\/uploads\/2022\/11\/52TOYS-MB-17IE-4-768x992.jpg 768w, https:\/\/mouldking.store\/wp-content\/uploads\/2022\/11\/52TOYS-MB-17IE-4-300x387.jpg 300w, https:\/\/mouldking.store\/wp-content\/uploads\/2022\/11\/52TOYS-MB-17IE-4-600x775.jpg 600w, https:\/\/mouldking.store\/wp-content\/uploads\/2022\/11\/52TOYS-MB-17IE-4-116x150.jpg 116w, https:\/\/mouldking.store\/wp-content\/uploads\/2022\/11\/52TOYS-MB-17IE-4-46x60.jpg 46w, https:\/\/mouldking.store\/wp-content\/uploads\/2022\/11\/52TOYS-MB-17IE-4-70x90.jpg 70w\" sizes=\"(max-width: 793px) 100vw, 793px\" \/><figcaption id=\"caption-attachment-34302\" class=\"wp-caption-text\">52TOYS MB-17IE ICARUS Elite<\/figcaption><\/figure>\n<figure id=\"attachment_34303\" aria-describedby=\"caption-attachment-34303\" style=\"width: 548px\" class=\"wp-caption aligncenter\"><img loading=\"lazy\" decoding=\"async\" class=\"wp-image-34303 size-full\" src=\"https:\/\/mouldking.store\/wp-content\/uploads\/2022\/11\/52TOYS-MB-17IE-3.jpg\" alt=\"52TOYS MB-17IE ICARUS Elite \" width=\"548\" height=\"1024\" title=\"-\" srcset=\"https:\/\/mouldking.store\/wp-content\/uploads\/2022\/11\/52TOYS-MB-17IE-3.jpg 548w, https:\/\/mouldking.store\/wp-content\/uploads\/2022\/11\/52TOYS-MB-17IE-3-161x300.jpg 161w, https:\/\/mouldking.store\/wp-content\/uploads\/2022\/11\/52TOYS-MB-17IE-3-300x561.jpg 300w, https:\/\/mouldking.store\/wp-content\/uploads\/2022\/11\/52TOYS-MB-17IE-3-80x150.jpg 80w, https:\/\/mouldking.store\/wp-content\/uploads\/2022\/11\/52TOYS-MB-17IE-3-32x60.jpg 32w, https:\/\/mouldking.store\/wp-content\/uploads\/2022\/11\/52TOYS-MB-17IE-3-48x90.jpg 48w\" sizes=\"(max-width: 548px) 100vw, 548px\" \/><figcaption id=\"caption-attachment-34303\" class=\"wp-caption-text\">52TOYS MB-17IE ICARUS Elite<\/figcaption><\/figure>\n<figure id=\"attachment_34304\" aria-describedby=\"caption-attachment-34304\" style=\"width: 710px\" class=\"wp-caption aligncenter\"><img loading=\"lazy\" decoding=\"async\" class=\"wp-image-34304 size-full\" src=\"https:\/\/mouldking.store\/wp-content\/uploads\/2022\/11\/52TOYS-MB-17IE-2.jpg\" alt=\"52TOYS MB-17IE ICARUS Elite \" width=\"710\" height=\"1024\" title=\"-\" srcset=\"https:\/\/mouldking.store\/wp-content\/uploads\/2022\/11\/52TOYS-MB-17IE-2.jpg 710w, https:\/\/mouldking.store\/wp-content\/uploads\/2022\/11\/52TOYS-MB-17IE-2-208x300.jpg 208w, https:\/\/mouldking.store\/wp-content\/uploads\/2022\/11\/52TOYS-MB-17IE-2-300x433.jpg 300w, https:\/\/mouldking.store\/wp-content\/uploads\/2022\/11\/52TOYS-MB-17IE-2-600x865.jpg 600w, https:\/\/mouldking.store\/wp-content\/uploads\/2022\/11\/52TOYS-MB-17IE-2-104x150.jpg 104w, https:\/\/mouldking.store\/wp-content\/uploads\/2022\/11\/52TOYS-MB-17IE-2-42x60.jpg 42w, https:\/\/mouldking.store\/wp-content\/uploads\/2022\/11\/52TOYS-MB-17IE-2-62x90.jpg 62w\" sizes=\"(max-width: 710px) 100vw, 710px\" \/><figcaption id=\"caption-attachment-34304\" class=\"wp-caption-text\">52TOYS MB-17IE ICARUS Elite<\/figcaption><\/figure>\n<figure id=\"attachment_34305\" aria-describedby=\"caption-attachment-34305\" style=\"width: 589px\" class=\"wp-caption aligncenter\"><img loading=\"lazy\" decoding=\"async\" class=\"wp-image-34305 size-full\" src=\"https:\/\/mouldking.store\/wp-content\/uploads\/2022\/11\/52TOYS-MB-17IE.jpg\" alt=\"52TOYS MB-17IE ICARUS Elite \" width=\"589\" height=\"1024\" title=\"-\" srcset=\"https:\/\/mouldking.store\/wp-content\/uploads\/2022\/11\/52TOYS-MB-17IE.jpg 589w, https:\/\/mouldking.store\/wp-content\/uploads\/2022\/11\/52TOYS-MB-17IE-173x300.jpg 173w, https:\/\/mouldking.store\/wp-content\/uploads\/2022\/11\/52TOYS-MB-17IE-300x522.jpg 300w, https:\/\/mouldking.store\/wp-content\/uploads\/2022\/11\/52TOYS-MB-17IE-86x150.jpg 86w, https:\/\/mouldking.store\/wp-content\/uploads\/2022\/11\/52TOYS-MB-17IE-35x60.jpg 35w, https:\/\/mouldking.store\/wp-content\/uploads\/2022\/11\/52TOYS-MB-17IE-52x90.jpg 52w\" sizes=\"(max-width: 589px) 100vw, 589px\" \/><figcaption id=\"caption-attachment-34305\" class=\"wp-caption-text\">52TOYS MB-17IE ICARUS Elite<\/figcaption><\/figure>","protected":false},"excerpt":{"rendered":"<p>Product information: Brand: 52TOYS Gender: Unisex Name: ICARUS Elite Age Range: &gt; 6 years old Model Number: MB-17IE Classification: Assemblage Plastic Block Shape: Self-Locking Bricks Material: Plastic Plastic Type: ABS Size: 17.5x26cm Contains detailed assembly instructions. Notice: 1. Without an original box, but we guarantee our products have quality assurance and nice packaging. 2. As [&hellip;]<\/p>","protected":false},"featured_media":34297,"comment_status":"closed","ping_status":"closed","template":"","meta":{"_acf_changed":false},"product_cat":[1408],"product_tag":[6179,6877,6872,6875,6874,6876,6873],"class_list":["product","first","outofstock","shipping-taxable","purchasable","product-type-simple"],"acf":[],"_links":{"self":[{"href":"https:\/\/mouldking.store\/de\/wp-json\/wp\/v2\/product\/34296","targetHints":{"allow":["GET"]}}],"collection":[{"href":"https:\/\/mouldking.store\/de\/wp-json\/wp\/v2\/product"}],"about":[{"href":"https:\/\/mouldking.store\/de\/wp-json\/wp\/v2\/types\/product"}],"replies":[{"embeddable":true,"href":"https:\/\/mouldking.store\/de\/wp-json\/wp\/v2\/comments?post=34296"}],"wp:featuredmedia":[{"embeddable":true,"href":"https:\/\/mouldking.store\/de\/wp-json\/wp\/v2\/media\/34297"}],"wp:attachment":[{"href":"https:\/\/mouldking.store\/de\/wp-json\/wp\/v2\/media?parent=34296"}],"wp:term":[{"taxonomy":"product_cat","embeddable":true,"href":"https:\/\/mouldking.store\/de\/wp-json\/wp\/v2\/product_cat?post=34296"},{"taxonomy":"product_tag","embeddable":true,"href":"https:\/\/mouldking.store\/de\/wp-json\/wp\/v2\/product_tag?post=34296"}],"curies":[{"name":"wp","href":"https:\/\/api.w.org\/{rel}","templated":true}]}}