{"id":34306,"date":"2022-11-07T11:10:35","date_gmt":"2022-11-07T04:10:35","guid":{"rendered":"https:\/\/mouldking.store\/?post_type=product&#038;p=34306"},"modified":"2024-07-30T09:14:42","modified_gmt":"2024-07-30T02:14:42","slug":"52toys-mb-17-icarus","status":"publish","type":"product","link":"https:\/\/mouldking.store\/de\/shop\/52toys-mb-17-icarus\/","title":{"rendered":"52 SPIELZEUG MB-17 ICARUS"},"content":{"rendered":"<p>Produktinformation:<\/p>\n<ol>\n<li>Marke: 52TOYS<\/li>\n<li>Geschlecht: Unisex<\/li>\n<li>Name: ICARUS<\/li>\n<li>Altersspanne: &gt; 6 Jahre alt<\/li>\n<li>Model Number: MB-17<\/li>\n<li>Einstufung: Assemblage<\/li>\n<li>Kunststoffblockform: Selbstsichernde Steine<\/li>\n<li>Material: Kunststoff<\/li>\n<li>Kunststofftyp: ABS<\/li>\n<li>Size:17.5x26cm<\/li>\n<li>Enth\u00e4lt eine ausf\u00fchrliche Montageanleitung.<\/li>\n<\/ol>\n<p>Notiz:<br \/>\n1. Ohne Originalverpackung, aber wir garantieren, dass unsere Produkte eine Qualit\u00e4tssicherung und eine sch\u00f6ne Verpackung haben.<br \/>\n2. Wie alle Teile, die wir vor dem Versand \u00fcberpr\u00fcft haben, machen Sie sich keine Sorgen, wenn Sie feststellen, dass einige Teile fehlen oder besch\u00e4digt sind, und kontaktieren Sie uns einfach, und wir k\u00f6nnen sie Ihnen umgehend kostenlos erneut zusenden.<\/p>\n<figure id=\"attachment_34307\" aria-describedby=\"caption-attachment-34307\" style=\"width: 800px\" class=\"wp-caption aligncenter\"><img fetchpriority=\"high\" decoding=\"async\" class=\"wp-image-34307 size-full\" src=\"https:\/\/mouldking.store\/wp-content\/uploads\/2022\/11\/52TOYS-MB-17-7.jpg\" alt=\"52TOYS MB-17 ICARUS \" width=\"800\" height=\"800\" title=\"-\" srcset=\"https:\/\/mouldking.store\/wp-content\/uploads\/2022\/11\/52TOYS-MB-17-7.jpg 800w, https:\/\/mouldking.store\/wp-content\/uploads\/2022\/11\/52TOYS-MB-17-7-300x300.jpg 300w, https:\/\/mouldking.store\/wp-content\/uploads\/2022\/11\/52TOYS-MB-17-7-768x768.jpg 768w, https:\/\/mouldking.store\/wp-content\/uploads\/2022\/11\/52TOYS-MB-17-7-600x600.jpg 600w, https:\/\/mouldking.store\/wp-content\/uploads\/2022\/11\/52TOYS-MB-17-7-150x150.jpg 150w, https:\/\/mouldking.store\/wp-content\/uploads\/2022\/11\/52TOYS-MB-17-7-60x60.jpg 60w, https:\/\/mouldking.store\/wp-content\/uploads\/2022\/11\/52TOYS-MB-17-7-90x90.jpg 90w\" sizes=\"(max-width: 800px) 100vw, 800px\" \/><figcaption id=\"caption-attachment-34307\" class=\"wp-caption-text\">52 SPIELZEUG MB-17 ICARUS<\/figcaption><\/figure>\n<figure id=\"attachment_34308\" aria-describedby=\"caption-attachment-34308\" style=\"width: 644px\" class=\"wp-caption aligncenter\"><img decoding=\"async\" class=\"wp-image-34308 size-full\" src=\"https:\/\/mouldking.store\/wp-content\/uploads\/2022\/11\/52TOYS-MB-17-6.jpg\" alt=\"52TOYS MB-17 ICARUS \" width=\"644\" height=\"1024\" title=\"-\" srcset=\"https:\/\/mouldking.store\/wp-content\/uploads\/2022\/11\/52TOYS-MB-17-6.jpg 644w, https:\/\/mouldking.store\/wp-content\/uploads\/2022\/11\/52TOYS-MB-17-6-189x300.jpg 189w, https:\/\/mouldking.store\/wp-content\/uploads\/2022\/11\/52TOYS-MB-17-6-300x477.jpg 300w, https:\/\/mouldking.store\/wp-content\/uploads\/2022\/11\/52TOYS-MB-17-6-600x954.jpg 600w, https:\/\/mouldking.store\/wp-content\/uploads\/2022\/11\/52TOYS-MB-17-6-94x150.jpg 94w, https:\/\/mouldking.store\/wp-content\/uploads\/2022\/11\/52TOYS-MB-17-6-38x60.jpg 38w, https:\/\/mouldking.store\/wp-content\/uploads\/2022\/11\/52TOYS-MB-17-6-57x90.jpg 57w\" sizes=\"(max-width: 644px) 100vw, 644px\" \/><figcaption id=\"caption-attachment-34308\" class=\"wp-caption-text\">52 SPIELZEUG MB-17 ICARUS<\/figcaption><\/figure>\n<figure id=\"attachment_34309\" aria-describedby=\"caption-attachment-34309\" style=\"width: 750px\" class=\"wp-caption aligncenter\"><img decoding=\"async\" class=\"wp-image-34309 size-full\" src=\"https:\/\/mouldking.store\/wp-content\/uploads\/2022\/11\/52TOYS-MB-17-5.jpg\" alt=\"52TOYS MB-17 ICARUS \" width=\"750\" height=\"1000\" title=\"-\" srcset=\"https:\/\/mouldking.store\/wp-content\/uploads\/2022\/11\/52TOYS-MB-17-5.jpg 750w, https:\/\/mouldking.store\/wp-content\/uploads\/2022\/11\/52TOYS-MB-17-5-225x300.jpg 225w, https:\/\/mouldking.store\/wp-content\/uploads\/2022\/11\/52TOYS-MB-17-5-300x400.jpg 300w, https:\/\/mouldking.store\/wp-content\/uploads\/2022\/11\/52TOYS-MB-17-5-600x800.jpg 600w, https:\/\/mouldking.store\/wp-content\/uploads\/2022\/11\/52TOYS-MB-17-5-113x150.jpg 113w, https:\/\/mouldking.store\/wp-content\/uploads\/2022\/11\/52TOYS-MB-17-5-45x60.jpg 45w, https:\/\/mouldking.store\/wp-content\/uploads\/2022\/11\/52TOYS-MB-17-5-68x90.jpg 68w\" sizes=\"(max-width: 750px) 100vw, 750px\" \/><figcaption id=\"caption-attachment-34309\" class=\"wp-caption-text\">52 SPIELZEUG MB-17 ICARUS<\/figcaption><\/figure>\n<figure id=\"attachment_34310\" aria-describedby=\"caption-attachment-34310\" style=\"width: 516px\" class=\"wp-caption aligncenter\"><img loading=\"lazy\" decoding=\"async\" class=\"wp-image-34310 size-full\" src=\"https:\/\/mouldking.store\/wp-content\/uploads\/2022\/11\/52TOYS-MB-17-4.jpg\" alt=\"52TOYS MB-17 ICARUS \" width=\"516\" height=\"1024\" title=\"-\" srcset=\"https:\/\/mouldking.store\/wp-content\/uploads\/2022\/11\/52TOYS-MB-17-4.jpg 516w, https:\/\/mouldking.store\/wp-content\/uploads\/2022\/11\/52TOYS-MB-17-4-151x300.jpg 151w, https:\/\/mouldking.store\/wp-content\/uploads\/2022\/11\/52TOYS-MB-17-4-300x595.jpg 300w, https:\/\/mouldking.store\/wp-content\/uploads\/2022\/11\/52TOYS-MB-17-4-76x150.jpg 76w, https:\/\/mouldking.store\/wp-content\/uploads\/2022\/11\/52TOYS-MB-17-4-30x60.jpg 30w, https:\/\/mouldking.store\/wp-content\/uploads\/2022\/11\/52TOYS-MB-17-4-45x90.jpg 45w\" sizes=\"(max-width: 516px) 100vw, 516px\" \/><figcaption id=\"caption-attachment-34310\" class=\"wp-caption-text\">52 SPIELZEUG MB-17 ICARUS<\/figcaption><\/figure>\n<figure id=\"attachment_34311\" aria-describedby=\"caption-attachment-34311\" style=\"width: 708px\" class=\"wp-caption aligncenter\"><img loading=\"lazy\" decoding=\"async\" class=\"wp-image-34311 size-full\" src=\"https:\/\/mouldking.store\/wp-content\/uploads\/2022\/11\/52TOYS-MB-17-3.jpg\" alt=\"52TOYS MB-17 ICARUS \" width=\"708\" height=\"1024\" title=\"-\" srcset=\"https:\/\/mouldking.store\/wp-content\/uploads\/2022\/11\/52TOYS-MB-17-3.jpg 708w, https:\/\/mouldking.store\/wp-content\/uploads\/2022\/11\/52TOYS-MB-17-3-207x300.jpg 207w, https:\/\/mouldking.store\/wp-content\/uploads\/2022\/11\/52TOYS-MB-17-3-300x434.jpg 300w, https:\/\/mouldking.store\/wp-content\/uploads\/2022\/11\/52TOYS-MB-17-3-600x868.jpg 600w, https:\/\/mouldking.store\/wp-content\/uploads\/2022\/11\/52TOYS-MB-17-3-104x150.jpg 104w, https:\/\/mouldking.store\/wp-content\/uploads\/2022\/11\/52TOYS-MB-17-3-41x60.jpg 41w, https:\/\/mouldking.store\/wp-content\/uploads\/2022\/11\/52TOYS-MB-17-3-62x90.jpg 62w\" sizes=\"(max-width: 708px) 100vw, 708px\" \/><figcaption id=\"caption-attachment-34311\" class=\"wp-caption-text\">52 SPIELZEUG MB-17 ICARUS<\/figcaption><\/figure>\n<figure id=\"attachment_34312\" aria-describedby=\"caption-attachment-34312\" style=\"width: 494px\" class=\"wp-caption aligncenter\"><img loading=\"lazy\" decoding=\"async\" class=\"wp-image-34312 size-full\" src=\"https:\/\/mouldking.store\/wp-content\/uploads\/2022\/11\/52TOYS-MB-17-2.jpg\" alt=\"52TOYS MB-17 ICARUS \" width=\"494\" height=\"1024\" title=\"-\" srcset=\"https:\/\/mouldking.store\/wp-content\/uploads\/2022\/11\/52TOYS-MB-17-2.jpg 494w, https:\/\/mouldking.store\/wp-content\/uploads\/2022\/11\/52TOYS-MB-17-2-145x300.jpg 145w, https:\/\/mouldking.store\/wp-content\/uploads\/2022\/11\/52TOYS-MB-17-2-300x622.jpg 300w, https:\/\/mouldking.store\/wp-content\/uploads\/2022\/11\/52TOYS-MB-17-2-72x150.jpg 72w, https:\/\/mouldking.store\/wp-content\/uploads\/2022\/11\/52TOYS-MB-17-2-29x60.jpg 29w, https:\/\/mouldking.store\/wp-content\/uploads\/2022\/11\/52TOYS-MB-17-2-43x90.jpg 43w\" sizes=\"(max-width: 494px) 100vw, 494px\" \/><figcaption id=\"caption-attachment-34312\" class=\"wp-caption-text\">52 SPIELZEUG MB-17 ICARUS<\/figcaption><\/figure>\n<figure id=\"attachment_34313\" aria-describedby=\"caption-attachment-34313\" style=\"width: 518px\" class=\"wp-caption aligncenter\"><img loading=\"lazy\" decoding=\"async\" class=\"wp-image-34313 size-full\" src=\"https:\/\/mouldking.store\/wp-content\/uploads\/2022\/11\/52TOYS-MB-17.jpg\" alt=\"52TOYS MB-17 ICARUS \" width=\"518\" height=\"1024\" title=\"-\" srcset=\"https:\/\/mouldking.store\/wp-content\/uploads\/2022\/11\/52TOYS-MB-17.jpg 518w, https:\/\/mouldking.store\/wp-content\/uploads\/2022\/11\/52TOYS-MB-17-152x300.jpg 152w, https:\/\/mouldking.store\/wp-content\/uploads\/2022\/11\/52TOYS-MB-17-300x593.jpg 300w, https:\/\/mouldking.store\/wp-content\/uploads\/2022\/11\/52TOYS-MB-17-76x150.jpg 76w, https:\/\/mouldking.store\/wp-content\/uploads\/2022\/11\/52TOYS-MB-17-30x60.jpg 30w, https:\/\/mouldking.store\/wp-content\/uploads\/2022\/11\/52TOYS-MB-17-46x90.jpg 46w\" sizes=\"(max-width: 518px) 100vw, 518px\" \/><figcaption id=\"caption-attachment-34313\" class=\"wp-caption-text\">52 SPIELZEUG MB-17 ICARUS<\/figcaption><\/figure>","protected":false},"excerpt":{"rendered":"<p>Product information: Brand: 52TOYS Gender: Unisex Name: ICARUS Age Range: &gt; 6 years old Model Number: MB-17 Classification: Assemblage Plastic Block Shape: Self-Locking Bricks Material: Plastic Plastic Type: ABS Size:17.5x26cm Contains detailed assembly instructions. Notice: 1. Without an original box, but we guarantee our products have quality assurance and nice packaging. 2. As all the [&hellip;]<\/p>","protected":false},"featured_media":34307,"comment_status":"closed","ping_status":"closed","template":"","meta":{"_acf_changed":false},"product_cat":[1408],"product_tag":[6179,6880,6878,6874,6879],"class_list":["product","first","outofstock","shipping-taxable","purchasable","product-type-simple"],"acf":[],"_links":{"self":[{"href":"https:\/\/mouldking.store\/de\/wp-json\/wp\/v2\/product\/34306","targetHints":{"allow":["GET"]}}],"collection":[{"href":"https:\/\/mouldking.store\/de\/wp-json\/wp\/v2\/product"}],"about":[{"href":"https:\/\/mouldking.store\/de\/wp-json\/wp\/v2\/types\/product"}],"replies":[{"embeddable":true,"href":"https:\/\/mouldking.store\/de\/wp-json\/wp\/v2\/comments?post=34306"}],"wp:featuredmedia":[{"embeddable":true,"href":"https:\/\/mouldking.store\/de\/wp-json\/wp\/v2\/media\/34307"}],"wp:attachment":[{"href":"https:\/\/mouldking.store\/de\/wp-json\/wp\/v2\/media?parent=34306"}],"wp:term":[{"taxonomy":"product_cat","embeddable":true,"href":"https:\/\/mouldking.store\/de\/wp-json\/wp\/v2\/product_cat?post=34306"},{"taxonomy":"product_tag","embeddable":true,"href":"https:\/\/mouldking.store\/de\/wp-json\/wp\/v2\/product_tag?post=34306"}],"curies":[{"name":"wp","href":"https:\/\/api.w.org\/{rel}","templated":true}]}}