{"id":34450,"date":"2022-11-07T15:09:32","date_gmt":"2022-11-07T08:09:32","guid":{"rendered":"https:\/\/mouldking.store\/?post_type=product&#038;p=34450"},"modified":"2022-11-07T15:09:33","modified_gmt":"2022-11-07T08:09:33","slug":"52toys-bb-31-firmhand-iron-fisted-wolf-claw","status":"publish","type":"product","link":"https:\/\/mouldking.store\/de\/shop\/52toys-bb-31-firmhand-iron-fisted-wolf-claw\/","title":{"rendered":"52TOYS BB-31 FIRMHAND Wolfskralle mit eiserner Faust"},"content":{"rendered":"<p>Produktinformation:<\/p>\n<ol>\n<li>Marke: 52TOYS<\/li>\n<li>Geschlecht: Unisex<\/li>\n<li>Name: FIRMHAND Iron-fisted Wolf Claw<\/li>\n<li>Altersspanne: &gt; 6 Jahre alt<\/li>\n<li>Model Number: BB-31<\/li>\n<li>Einstufung: Assemblage<\/li>\n<li>Kunststoffblockform: Selbstsichernde Steine<\/li>\n<li>Material: Kunststoff<\/li>\n<li>Kunststofftyp: ABS<\/li>\n<li>Gr\u00f6\u00dfe: 17,5 cm<\/li>\n<li>Enth\u00e4lt eine ausf\u00fchrliche Montageanleitung.<\/li>\n<\/ol>\n<p>Notiz:<br \/>\n1. Ohne Originalverpackung, aber wir garantieren, dass unsere Produkte eine Qualit\u00e4tssicherung und eine sch\u00f6ne Verpackung haben.<br \/>\n2. Wie alle Teile, die wir vor dem Versand \u00fcberpr\u00fcft haben, machen Sie sich keine Sorgen, wenn Sie feststellen, dass einige Teile fehlen oder besch\u00e4digt sind, und kontaktieren Sie uns einfach, und wir k\u00f6nnen sie Ihnen umgehend kostenlos erneut zusenden.<\/p>\n<figure id=\"attachment_34451\" aria-describedby=\"caption-attachment-34451\" style=\"width: 800px\" class=\"wp-caption aligncenter\"><img fetchpriority=\"high\" decoding=\"async\" class=\"wp-image-34451 size-full\" src=\"https:\/\/mouldking.store\/wp-content\/uploads\/2022\/11\/52TOYS-BB-31-10.jpg\" alt=\"52TOYS BB-31 FIRMHAND Iron-fisted Wolf Claw\" width=\"800\" height=\"800\" title=\"-\" srcset=\"https:\/\/mouldking.store\/wp-content\/uploads\/2022\/11\/52TOYS-BB-31-10.jpg 800w, https:\/\/mouldking.store\/wp-content\/uploads\/2022\/11\/52TOYS-BB-31-10-300x300.jpg 300w, https:\/\/mouldking.store\/wp-content\/uploads\/2022\/11\/52TOYS-BB-31-10-768x768.jpg 768w, https:\/\/mouldking.store\/wp-content\/uploads\/2022\/11\/52TOYS-BB-31-10-600x600.jpg 600w, https:\/\/mouldking.store\/wp-content\/uploads\/2022\/11\/52TOYS-BB-31-10-150x150.jpg 150w, https:\/\/mouldking.store\/wp-content\/uploads\/2022\/11\/52TOYS-BB-31-10-60x60.jpg 60w, https:\/\/mouldking.store\/wp-content\/uploads\/2022\/11\/52TOYS-BB-31-10-90x90.jpg 90w\" sizes=\"(max-width: 800px) 100vw, 800px\" \/><figcaption id=\"caption-attachment-34451\" class=\"wp-caption-text\">52TOYS BB-31 FIRMHAND Wolfskralle mit eiserner Faust<\/figcaption><\/figure>\n<figure id=\"attachment_34452\" aria-describedby=\"caption-attachment-34452\" style=\"width: 750px\" class=\"wp-caption aligncenter\"><img decoding=\"async\" class=\"wp-image-34452 size-full\" src=\"https:\/\/mouldking.store\/wp-content\/uploads\/2022\/11\/52TOYS-BB-31-9.jpg\" alt=\"52TOYS BB-31 FIRMHAND Iron-fisted Wolf Claw\" width=\"750\" height=\"1000\" title=\"-\" srcset=\"https:\/\/mouldking.store\/wp-content\/uploads\/2022\/11\/52TOYS-BB-31-9.jpg 750w, https:\/\/mouldking.store\/wp-content\/uploads\/2022\/11\/52TOYS-BB-31-9-225x300.jpg 225w, https:\/\/mouldking.store\/wp-content\/uploads\/2022\/11\/52TOYS-BB-31-9-300x400.jpg 300w, https:\/\/mouldking.store\/wp-content\/uploads\/2022\/11\/52TOYS-BB-31-9-600x800.jpg 600w, https:\/\/mouldking.store\/wp-content\/uploads\/2022\/11\/52TOYS-BB-31-9-113x150.jpg 113w, https:\/\/mouldking.store\/wp-content\/uploads\/2022\/11\/52TOYS-BB-31-9-45x60.jpg 45w, https:\/\/mouldking.store\/wp-content\/uploads\/2022\/11\/52TOYS-BB-31-9-68x90.jpg 68w\" sizes=\"(max-width: 750px) 100vw, 750px\" \/><figcaption id=\"caption-attachment-34452\" class=\"wp-caption-text\">52TOYS BB-31 FIRMHAND Wolfskralle mit eiserner Faust<\/figcaption><\/figure>\n<figure id=\"attachment_34453\" aria-describedby=\"caption-attachment-34453\" style=\"width: 750px\" class=\"wp-caption alignnone\"><img decoding=\"async\" class=\"wp-image-34453 size-full\" src=\"https:\/\/mouldking.store\/wp-content\/uploads\/2022\/11\/52TOYS-BB-31-8.jpg\" alt=\"52TOYS BB-31 FIRMHAND Iron-fisted Wolf Claw\" width=\"750\" height=\"1000\" title=\"-\" srcset=\"https:\/\/mouldking.store\/wp-content\/uploads\/2022\/11\/52TOYS-BB-31-8.jpg 750w, https:\/\/mouldking.store\/wp-content\/uploads\/2022\/11\/52TOYS-BB-31-8-225x300.jpg 225w, https:\/\/mouldking.store\/wp-content\/uploads\/2022\/11\/52TOYS-BB-31-8-300x400.jpg 300w, https:\/\/mouldking.store\/wp-content\/uploads\/2022\/11\/52TOYS-BB-31-8-600x800.jpg 600w, https:\/\/mouldking.store\/wp-content\/uploads\/2022\/11\/52TOYS-BB-31-8-113x150.jpg 113w, https:\/\/mouldking.store\/wp-content\/uploads\/2022\/11\/52TOYS-BB-31-8-45x60.jpg 45w, https:\/\/mouldking.store\/wp-content\/uploads\/2022\/11\/52TOYS-BB-31-8-68x90.jpg 68w\" sizes=\"(max-width: 750px) 100vw, 750px\" \/><figcaption id=\"caption-attachment-34453\" class=\"wp-caption-text\">52TOYS BB-31 FIRMHAND Wolfskralle mit eiserner Faust<\/figcaption><\/figure>\n<figure id=\"attachment_34454\" aria-describedby=\"caption-attachment-34454\" style=\"width: 614px\" class=\"wp-caption aligncenter\"><img loading=\"lazy\" decoding=\"async\" class=\"wp-image-34454 size-full\" src=\"https:\/\/mouldking.store\/wp-content\/uploads\/2022\/11\/52TOYS-BB-31-7.jpg\" alt=\"52TOYS BB-31 FIRMHAND Iron-fisted Wolf Claw\" width=\"614\" height=\"1024\" title=\"-\" srcset=\"https:\/\/mouldking.store\/wp-content\/uploads\/2022\/11\/52TOYS-BB-31-7.jpg 614w, https:\/\/mouldking.store\/wp-content\/uploads\/2022\/11\/52TOYS-BB-31-7-180x300.jpg 180w, https:\/\/mouldking.store\/wp-content\/uploads\/2022\/11\/52TOYS-BB-31-7-300x500.jpg 300w, https:\/\/mouldking.store\/wp-content\/uploads\/2022\/11\/52TOYS-BB-31-7-600x1001.jpg 600w, https:\/\/mouldking.store\/wp-content\/uploads\/2022\/11\/52TOYS-BB-31-7-90x150.jpg 90w, https:\/\/mouldking.store\/wp-content\/uploads\/2022\/11\/52TOYS-BB-31-7-36x60.jpg 36w, https:\/\/mouldking.store\/wp-content\/uploads\/2022\/11\/52TOYS-BB-31-7-54x90.jpg 54w\" sizes=\"(max-width: 614px) 100vw, 614px\" \/><figcaption id=\"caption-attachment-34454\" class=\"wp-caption-text\">52TOYS BB-31 FIRMHAND Wolfskralle mit eiserner Faust<\/figcaption><\/figure>\n<figure id=\"attachment_34455\" aria-describedby=\"caption-attachment-34455\" style=\"width: 732px\" class=\"wp-caption aligncenter\"><img loading=\"lazy\" decoding=\"async\" class=\"wp-image-34455 size-full\" src=\"https:\/\/mouldking.store\/wp-content\/uploads\/2022\/11\/52TOYS-BB-31-6.jpg\" alt=\"52TOYS BB-31 FIRMHAND Iron-fisted Wolf Claw\" width=\"732\" height=\"1024\" title=\"-\" srcset=\"https:\/\/mouldking.store\/wp-content\/uploads\/2022\/11\/52TOYS-BB-31-6.jpg 732w, https:\/\/mouldking.store\/wp-content\/uploads\/2022\/11\/52TOYS-BB-31-6-214x300.jpg 214w, https:\/\/mouldking.store\/wp-content\/uploads\/2022\/11\/52TOYS-BB-31-6-300x420.jpg 300w, https:\/\/mouldking.store\/wp-content\/uploads\/2022\/11\/52TOYS-BB-31-6-600x839.jpg 600w, https:\/\/mouldking.store\/wp-content\/uploads\/2022\/11\/52TOYS-BB-31-6-107x150.jpg 107w, https:\/\/mouldking.store\/wp-content\/uploads\/2022\/11\/52TOYS-BB-31-6-43x60.jpg 43w, https:\/\/mouldking.store\/wp-content\/uploads\/2022\/11\/52TOYS-BB-31-6-64x90.jpg 64w\" sizes=\"(max-width: 732px) 100vw, 732px\" \/><figcaption id=\"caption-attachment-34455\" class=\"wp-caption-text\">52TOYS BB-31 FIRMHAND Wolfskralle mit eiserner Faust<\/figcaption><\/figure>\n<figure id=\"attachment_34456\" aria-describedby=\"caption-attachment-34456\" style=\"width: 769px\" class=\"wp-caption aligncenter\"><img loading=\"lazy\" decoding=\"async\" class=\"wp-image-34456 size-full\" src=\"https:\/\/mouldking.store\/wp-content\/uploads\/2022\/11\/52TOYS-BB-31-5.jpg\" alt=\"52TOYS BB-31 FIRMHAND Iron-fisted Wolf Claw\" width=\"769\" height=\"1024\" title=\"-\" srcset=\"https:\/\/mouldking.store\/wp-content\/uploads\/2022\/11\/52TOYS-BB-31-5.jpg 769w, https:\/\/mouldking.store\/wp-content\/uploads\/2022\/11\/52TOYS-BB-31-5-225x300.jpg 225w, https:\/\/mouldking.store\/wp-content\/uploads\/2022\/11\/52TOYS-BB-31-5-300x399.jpg 300w, https:\/\/mouldking.store\/wp-content\/uploads\/2022\/11\/52TOYS-BB-31-5-600x799.jpg 600w, https:\/\/mouldking.store\/wp-content\/uploads\/2022\/11\/52TOYS-BB-31-5-113x150.jpg 113w, https:\/\/mouldking.store\/wp-content\/uploads\/2022\/11\/52TOYS-BB-31-5-45x60.jpg 45w, https:\/\/mouldking.store\/wp-content\/uploads\/2022\/11\/52TOYS-BB-31-5-68x90.jpg 68w\" sizes=\"(max-width: 769px) 100vw, 769px\" \/><figcaption id=\"caption-attachment-34456\" class=\"wp-caption-text\">52TOYS BB-31 FIRMHAND Wolfskralle mit eiserner Faust<\/figcaption><\/figure>\n<figure id=\"attachment_34457\" aria-describedby=\"caption-attachment-34457\" style=\"width: 766px\" class=\"wp-caption aligncenter\"><img loading=\"lazy\" decoding=\"async\" class=\"wp-image-34457 size-full\" src=\"https:\/\/mouldking.store\/wp-content\/uploads\/2022\/11\/52TOYS-BB-31-4.jpg\" alt=\"52TOYS BB-31 FIRMHAND Iron-fisted Wolf Claw\" width=\"766\" height=\"1024\" title=\"-\" srcset=\"https:\/\/mouldking.store\/wp-content\/uploads\/2022\/11\/52TOYS-BB-31-4.jpg 766w, https:\/\/mouldking.store\/wp-content\/uploads\/2022\/11\/52TOYS-BB-31-4-224x300.jpg 224w, https:\/\/mouldking.store\/wp-content\/uploads\/2022\/11\/52TOYS-BB-31-4-300x401.jpg 300w, https:\/\/mouldking.store\/wp-content\/uploads\/2022\/11\/52TOYS-BB-31-4-600x802.jpg 600w, https:\/\/mouldking.store\/wp-content\/uploads\/2022\/11\/52TOYS-BB-31-4-112x150.jpg 112w, https:\/\/mouldking.store\/wp-content\/uploads\/2022\/11\/52TOYS-BB-31-4-45x60.jpg 45w, https:\/\/mouldking.store\/wp-content\/uploads\/2022\/11\/52TOYS-BB-31-4-67x90.jpg 67w\" sizes=\"(max-width: 766px) 100vw, 766px\" \/><figcaption id=\"caption-attachment-34457\" class=\"wp-caption-text\">52TOYS BB-31 FIRMHAND Wolfskralle mit eiserner Faust<\/figcaption><\/figure>\n<figure id=\"attachment_34458\" aria-describedby=\"caption-attachment-34458\" style=\"width: 735px\" class=\"wp-caption aligncenter\"><img loading=\"lazy\" decoding=\"async\" class=\"wp-image-34458 size-full\" src=\"https:\/\/mouldking.store\/wp-content\/uploads\/2022\/11\/52TOYS-BB-31-3.jpg\" alt=\"52TOYS BB-31 FIRMHAND Iron-fisted Wolf Claw\" width=\"735\" height=\"1024\" title=\"-\" srcset=\"https:\/\/mouldking.store\/wp-content\/uploads\/2022\/11\/52TOYS-BB-31-3.jpg 735w, https:\/\/mouldking.store\/wp-content\/uploads\/2022\/11\/52TOYS-BB-31-3-215x300.jpg 215w, https:\/\/mouldking.store\/wp-content\/uploads\/2022\/11\/52TOYS-BB-31-3-300x418.jpg 300w, https:\/\/mouldking.store\/wp-content\/uploads\/2022\/11\/52TOYS-BB-31-3-600x836.jpg 600w, https:\/\/mouldking.store\/wp-content\/uploads\/2022\/11\/52TOYS-BB-31-3-108x150.jpg 108w, https:\/\/mouldking.store\/wp-content\/uploads\/2022\/11\/52TOYS-BB-31-3-43x60.jpg 43w, https:\/\/mouldking.store\/wp-content\/uploads\/2022\/11\/52TOYS-BB-31-3-65x90.jpg 65w\" sizes=\"(max-width: 735px) 100vw, 735px\" \/><figcaption id=\"caption-attachment-34458\" class=\"wp-caption-text\">52TOYS BB-31 FIRMHAND Wolfskralle mit eiserner Faust<\/figcaption><\/figure>\n<figure id=\"attachment_34459\" aria-describedby=\"caption-attachment-34459\" style=\"width: 646px\" class=\"wp-caption aligncenter\"><img loading=\"lazy\" decoding=\"async\" class=\"wp-image-34459 size-full\" src=\"https:\/\/mouldking.store\/wp-content\/uploads\/2022\/11\/52TOYS-BB-31-2.jpg\" alt=\"52TOYS BB-31 FIRMHAND Iron-fisted Wolf Claw\" width=\"646\" height=\"1024\" title=\"-\" srcset=\"https:\/\/mouldking.store\/wp-content\/uploads\/2022\/11\/52TOYS-BB-31-2.jpg 646w, https:\/\/mouldking.store\/wp-content\/uploads\/2022\/11\/52TOYS-BB-31-2-189x300.jpg 189w, https:\/\/mouldking.store\/wp-content\/uploads\/2022\/11\/52TOYS-BB-31-2-300x476.jpg 300w, https:\/\/mouldking.store\/wp-content\/uploads\/2022\/11\/52TOYS-BB-31-2-600x951.jpg 600w, https:\/\/mouldking.store\/wp-content\/uploads\/2022\/11\/52TOYS-BB-31-2-95x150.jpg 95w, https:\/\/mouldking.store\/wp-content\/uploads\/2022\/11\/52TOYS-BB-31-2-38x60.jpg 38w, https:\/\/mouldking.store\/wp-content\/uploads\/2022\/11\/52TOYS-BB-31-2-57x90.jpg 57w\" sizes=\"(max-width: 646px) 100vw, 646px\" \/><figcaption id=\"caption-attachment-34459\" class=\"wp-caption-text\">52TOYS BB-31 FIRMHAND Wolfskralle mit eiserner Faust<\/figcaption><\/figure>\n<figure id=\"attachment_34460\" aria-describedby=\"caption-attachment-34460\" style=\"width: 650px\" class=\"wp-caption aligncenter\"><img loading=\"lazy\" decoding=\"async\" class=\"wp-image-34460 size-full\" src=\"https:\/\/mouldking.store\/wp-content\/uploads\/2022\/11\/52TOYS-BB-31.jpg\" alt=\"52TOYS BB-31 FIRMHAND Iron-fisted Wolf Claw\" width=\"650\" height=\"1024\" title=\"-\" srcset=\"https:\/\/mouldking.store\/wp-content\/uploads\/2022\/11\/52TOYS-BB-31.jpg 650w, https:\/\/mouldking.store\/wp-content\/uploads\/2022\/11\/52TOYS-BB-31-190x300.jpg 190w, https:\/\/mouldking.store\/wp-content\/uploads\/2022\/11\/52TOYS-BB-31-300x473.jpg 300w, https:\/\/mouldking.store\/wp-content\/uploads\/2022\/11\/52TOYS-BB-31-600x945.jpg 600w, https:\/\/mouldking.store\/wp-content\/uploads\/2022\/11\/52TOYS-BB-31-95x150.jpg 95w, https:\/\/mouldking.store\/wp-content\/uploads\/2022\/11\/52TOYS-BB-31-38x60.jpg 38w, https:\/\/mouldking.store\/wp-content\/uploads\/2022\/11\/52TOYS-BB-31-57x90.jpg 57w\" sizes=\"(max-width: 650px) 100vw, 650px\" \/><figcaption id=\"caption-attachment-34460\" class=\"wp-caption-text\">52TOYS BB-31 FIRMHAND Wolfskralle mit eiserner Faust<\/figcaption><\/figure>","protected":false},"excerpt":{"rendered":"<p>Product information: Brand: 52TOYS Gender: Unisex Name: FIRMHAND Iron-fisted Wolf Claw Age Range: &gt; 6 years old Model Number: BB-31 Classification: Assemblage Plastic Block Shape: Self-Locking Bricks Material: Plastic Plastic Type: ABS Size: 17.5 cm Contains detailed assembly instructions. Notice: 1. Without an original box, but we guarantee our products have quality assurance and nice [&hellip;]<\/p>","protected":false},"featured_media":34451,"comment_status":"closed","ping_status":"closed","template":"","meta":{"_acf_changed":false},"product_cat":[1365],"product_tag":[6179,6964,6958,6959,6960,6965,6962,6961,6963],"class_list":["product","first","instock","shipping-taxable","purchasable","product-type-simple"],"acf":[],"_links":{"self":[{"href":"https:\/\/mouldking.store\/de\/wp-json\/wp\/v2\/product\/34450","targetHints":{"allow":["GET"]}}],"collection":[{"href":"https:\/\/mouldking.store\/de\/wp-json\/wp\/v2\/product"}],"about":[{"href":"https:\/\/mouldking.store\/de\/wp-json\/wp\/v2\/types\/product"}],"replies":[{"embeddable":true,"href":"https:\/\/mouldking.store\/de\/wp-json\/wp\/v2\/comments?post=34450"}],"wp:featuredmedia":[{"embeddable":true,"href":"https:\/\/mouldking.store\/de\/wp-json\/wp\/v2\/media\/34451"}],"wp:attachment":[{"href":"https:\/\/mouldking.store\/de\/wp-json\/wp\/v2\/media?parent=34450"}],"wp:term":[{"taxonomy":"product_cat","embeddable":true,"href":"https:\/\/mouldking.store\/de\/wp-json\/wp\/v2\/product_cat?post=34450"},{"taxonomy":"product_tag","embeddable":true,"href":"https:\/\/mouldking.store\/de\/wp-json\/wp\/v2\/product_tag?post=34450"}],"curies":[{"name":"wp","href":"https:\/\/api.w.org\/{rel}","templated":true}]}}