{"id":34478,"date":"2022-11-07T15:27:34","date_gmt":"2022-11-07T08:27:34","guid":{"rendered":"https:\/\/mouldking.store\/?post_type=product&#038;p=34478"},"modified":"2022-11-07T15:27:34","modified_gmt":"2022-11-07T08:27:34","slug":"52toys-bb-32-demon-dart-rhino-beetle","status":"publish","type":"product","link":"https:\/\/mouldking.store\/de\/shop\/52toys-bb-32-demon-dart-rhino-beetle\/","title":{"rendered":"52TOYS BB-32 DEMON DART Nashornk\u00e4fer"},"content":{"rendered":"<p>Produktinformation:<\/p>\n<ol>\n<li>Marke: 52TOYS<\/li>\n<li>Geschlecht: Unisex<\/li>\n<li>Name: DEMON DART Rhino Beetle<\/li>\n<li>Altersspanne: &gt; 6 Jahre alt<\/li>\n<li>Model Number: BB-32<\/li>\n<li>Einstufung: Assemblage<\/li>\n<li>Kunststoffblockform: Selbstsichernde Steine<\/li>\n<li>Material: Kunststoff<\/li>\n<li>Kunststofftyp: ABS<\/li>\n<li>Size: 13.4\u00d715.8cm<\/li>\n<li>Enth\u00e4lt eine ausf\u00fchrliche Montageanleitung.<\/li>\n<\/ol>\n<p>Notiz:<br \/>\n1. Ohne Originalverpackung, aber wir garantieren, dass unsere Produkte eine Qualit\u00e4tssicherung und eine sch\u00f6ne Verpackung haben.<br \/>\n2. Wie alle Teile, die wir vor dem Versand \u00fcberpr\u00fcft haben, machen Sie sich keine Sorgen, wenn Sie feststellen, dass einige Teile fehlen oder besch\u00e4digt sind, und kontaktieren Sie uns einfach, und wir k\u00f6nnen sie Ihnen umgehend kostenlos erneut zusenden.<\/p>\n<figure id=\"attachment_34479\" aria-describedby=\"caption-attachment-34479\" style=\"width: 800px\" class=\"wp-caption aligncenter\"><img fetchpriority=\"high\" decoding=\"async\" class=\"wp-image-34479 size-full\" src=\"https:\/\/mouldking.store\/wp-content\/uploads\/2022\/11\/52TOYS-BB-32-12.jpg\" alt=\"52TOYS BB-32 DEMON DART Rhino Beetle \" width=\"800\" height=\"800\" title=\"-\" srcset=\"https:\/\/mouldking.store\/wp-content\/uploads\/2022\/11\/52TOYS-BB-32-12.jpg 800w, https:\/\/mouldking.store\/wp-content\/uploads\/2022\/11\/52TOYS-BB-32-12-300x300.jpg 300w, https:\/\/mouldking.store\/wp-content\/uploads\/2022\/11\/52TOYS-BB-32-12-768x768.jpg 768w, https:\/\/mouldking.store\/wp-content\/uploads\/2022\/11\/52TOYS-BB-32-12-600x600.jpg 600w, https:\/\/mouldking.store\/wp-content\/uploads\/2022\/11\/52TOYS-BB-32-12-150x150.jpg 150w, https:\/\/mouldking.store\/wp-content\/uploads\/2022\/11\/52TOYS-BB-32-12-60x60.jpg 60w, https:\/\/mouldking.store\/wp-content\/uploads\/2022\/11\/52TOYS-BB-32-12-90x90.jpg 90w\" sizes=\"(max-width: 800px) 100vw, 800px\" \/><figcaption id=\"caption-attachment-34479\" class=\"wp-caption-text\">52TOYS BB-32 DEMON DART Nashornk\u00e4fer<\/figcaption><\/figure>\n<figure id=\"attachment_34480\" aria-describedby=\"caption-attachment-34480\" style=\"width: 750px\" class=\"wp-caption aligncenter\"><img decoding=\"async\" class=\"wp-image-34480 size-full\" src=\"https:\/\/mouldking.store\/wp-content\/uploads\/2022\/11\/52TOYS-BB-32-11.jpg\" alt=\"52TOYS BB-32 DEMON DART Rhino Beetle \" width=\"750\" height=\"1000\" title=\"-\" srcset=\"https:\/\/mouldking.store\/wp-content\/uploads\/2022\/11\/52TOYS-BB-32-11.jpg 750w, https:\/\/mouldking.store\/wp-content\/uploads\/2022\/11\/52TOYS-BB-32-11-225x300.jpg 225w, https:\/\/mouldking.store\/wp-content\/uploads\/2022\/11\/52TOYS-BB-32-11-300x400.jpg 300w, https:\/\/mouldking.store\/wp-content\/uploads\/2022\/11\/52TOYS-BB-32-11-600x800.jpg 600w, https:\/\/mouldking.store\/wp-content\/uploads\/2022\/11\/52TOYS-BB-32-11-113x150.jpg 113w, https:\/\/mouldking.store\/wp-content\/uploads\/2022\/11\/52TOYS-BB-32-11-45x60.jpg 45w, https:\/\/mouldking.store\/wp-content\/uploads\/2022\/11\/52TOYS-BB-32-11-68x90.jpg 68w\" sizes=\"(max-width: 750px) 100vw, 750px\" \/><figcaption id=\"caption-attachment-34480\" class=\"wp-caption-text\">52TOYS BB-32 DEMON DART Nashornk\u00e4fer<\/figcaption><\/figure>\n<figure id=\"attachment_34481\" aria-describedby=\"caption-attachment-34481\" style=\"width: 750px\" class=\"wp-caption aligncenter\"><img decoding=\"async\" class=\"wp-image-34481 size-full\" src=\"https:\/\/mouldking.store\/wp-content\/uploads\/2022\/11\/52TOYS-BB-32-10.jpg\" alt=\"52TOYS BB-32 DEMON DART Rhino Beetle \" width=\"750\" height=\"1000\" title=\"-\" srcset=\"https:\/\/mouldking.store\/wp-content\/uploads\/2022\/11\/52TOYS-BB-32-10.jpg 750w, https:\/\/mouldking.store\/wp-content\/uploads\/2022\/11\/52TOYS-BB-32-10-225x300.jpg 225w, https:\/\/mouldking.store\/wp-content\/uploads\/2022\/11\/52TOYS-BB-32-10-300x400.jpg 300w, https:\/\/mouldking.store\/wp-content\/uploads\/2022\/11\/52TOYS-BB-32-10-600x800.jpg 600w, https:\/\/mouldking.store\/wp-content\/uploads\/2022\/11\/52TOYS-BB-32-10-113x150.jpg 113w, https:\/\/mouldking.store\/wp-content\/uploads\/2022\/11\/52TOYS-BB-32-10-45x60.jpg 45w, https:\/\/mouldking.store\/wp-content\/uploads\/2022\/11\/52TOYS-BB-32-10-68x90.jpg 68w\" sizes=\"(max-width: 750px) 100vw, 750px\" \/><figcaption id=\"caption-attachment-34481\" class=\"wp-caption-text\">52TOYS BB-32 DEMON DART Nashornk\u00e4fer<\/figcaption><\/figure>\n<figure id=\"attachment_34482\" aria-describedby=\"caption-attachment-34482\" style=\"width: 750px\" class=\"wp-caption aligncenter\"><img loading=\"lazy\" decoding=\"async\" class=\"wp-image-34482 size-full\" src=\"https:\/\/mouldking.store\/wp-content\/uploads\/2022\/11\/52TOYS-BB-32-9.jpg\" alt=\"52TOYS BB-32 DEMON DART Rhino Beetle \" width=\"750\" height=\"1000\" title=\"-\" srcset=\"https:\/\/mouldking.store\/wp-content\/uploads\/2022\/11\/52TOYS-BB-32-9.jpg 750w, https:\/\/mouldking.store\/wp-content\/uploads\/2022\/11\/52TOYS-BB-32-9-225x300.jpg 225w, https:\/\/mouldking.store\/wp-content\/uploads\/2022\/11\/52TOYS-BB-32-9-300x400.jpg 300w, https:\/\/mouldking.store\/wp-content\/uploads\/2022\/11\/52TOYS-BB-32-9-600x800.jpg 600w, https:\/\/mouldking.store\/wp-content\/uploads\/2022\/11\/52TOYS-BB-32-9-113x150.jpg 113w, https:\/\/mouldking.store\/wp-content\/uploads\/2022\/11\/52TOYS-BB-32-9-45x60.jpg 45w, https:\/\/mouldking.store\/wp-content\/uploads\/2022\/11\/52TOYS-BB-32-9-68x90.jpg 68w\" sizes=\"(max-width: 750px) 100vw, 750px\" \/><figcaption id=\"caption-attachment-34482\" class=\"wp-caption-text\">52TOYS BB-32 DEMON DART Nashornk\u00e4fer<\/figcaption><\/figure>\n<figure id=\"attachment_34483\" aria-describedby=\"caption-attachment-34483\" style=\"width: 607px\" class=\"wp-caption aligncenter\"><img loading=\"lazy\" decoding=\"async\" class=\"wp-image-34483 size-full\" src=\"https:\/\/mouldking.store\/wp-content\/uploads\/2022\/11\/52TOYS-BB-32-8.jpg\" alt=\"52TOYS BB-32 DEMON DART Rhino Beetle \" width=\"607\" height=\"1024\" title=\"-\" srcset=\"https:\/\/mouldking.store\/wp-content\/uploads\/2022\/11\/52TOYS-BB-32-8.jpg 607w, https:\/\/mouldking.store\/wp-content\/uploads\/2022\/11\/52TOYS-BB-32-8-178x300.jpg 178w, https:\/\/mouldking.store\/wp-content\/uploads\/2022\/11\/52TOYS-BB-32-8-300x506.jpg 300w, https:\/\/mouldking.store\/wp-content\/uploads\/2022\/11\/52TOYS-BB-32-8-600x1012.jpg 600w, https:\/\/mouldking.store\/wp-content\/uploads\/2022\/11\/52TOYS-BB-32-8-89x150.jpg 89w, https:\/\/mouldking.store\/wp-content\/uploads\/2022\/11\/52TOYS-BB-32-8-36x60.jpg 36w, https:\/\/mouldking.store\/wp-content\/uploads\/2022\/11\/52TOYS-BB-32-8-53x90.jpg 53w\" sizes=\"(max-width: 607px) 100vw, 607px\" \/><figcaption id=\"caption-attachment-34483\" class=\"wp-caption-text\">52TOYS BB-32 DEMON DART Nashornk\u00e4fer<\/figcaption><\/figure>\n<figure id=\"attachment_34484\" aria-describedby=\"caption-attachment-34484\" style=\"width: 725px\" class=\"wp-caption aligncenter\"><img loading=\"lazy\" decoding=\"async\" class=\"wp-image-34484 size-full\" src=\"https:\/\/mouldking.store\/wp-content\/uploads\/2022\/11\/52TOYS-BB-32-7.jpg\" alt=\"52TOYS BB-32 DEMON DART Rhino Beetle \" width=\"725\" height=\"1024\" title=\"-\" srcset=\"https:\/\/mouldking.store\/wp-content\/uploads\/2022\/11\/52TOYS-BB-32-7.jpg 725w, https:\/\/mouldking.store\/wp-content\/uploads\/2022\/11\/52TOYS-BB-32-7-212x300.jpg 212w, https:\/\/mouldking.store\/wp-content\/uploads\/2022\/11\/52TOYS-BB-32-7-300x424.jpg 300w, https:\/\/mouldking.store\/wp-content\/uploads\/2022\/11\/52TOYS-BB-32-7-600x847.jpg 600w, https:\/\/mouldking.store\/wp-content\/uploads\/2022\/11\/52TOYS-BB-32-7-106x150.jpg 106w, https:\/\/mouldking.store\/wp-content\/uploads\/2022\/11\/52TOYS-BB-32-7-42x60.jpg 42w, https:\/\/mouldking.store\/wp-content\/uploads\/2022\/11\/52TOYS-BB-32-7-64x90.jpg 64w\" sizes=\"(max-width: 725px) 100vw, 725px\" \/><figcaption id=\"caption-attachment-34484\" class=\"wp-caption-text\">52TOYS BB-32 DEMON DART Nashornk\u00e4fer<\/figcaption><\/figure>\n<figure id=\"attachment_34485\" aria-describedby=\"caption-attachment-34485\" style=\"width: 773px\" class=\"wp-caption aligncenter\"><img loading=\"lazy\" decoding=\"async\" class=\"wp-image-34485 size-full\" src=\"https:\/\/mouldking.store\/wp-content\/uploads\/2022\/11\/52TOYS-BB-32-6.jpg\" alt=\"52TOYS BB-32 DEMON DART Rhino Beetle \" width=\"773\" height=\"1024\" title=\"-\" srcset=\"https:\/\/mouldking.store\/wp-content\/uploads\/2022\/11\/52TOYS-BB-32-6.jpg 773w, https:\/\/mouldking.store\/wp-content\/uploads\/2022\/11\/52TOYS-BB-32-6-226x300.jpg 226w, https:\/\/mouldking.store\/wp-content\/uploads\/2022\/11\/52TOYS-BB-32-6-768x1017.jpg 768w, https:\/\/mouldking.store\/wp-content\/uploads\/2022\/11\/52TOYS-BB-32-6-300x397.jpg 300w, https:\/\/mouldking.store\/wp-content\/uploads\/2022\/11\/52TOYS-BB-32-6-600x795.jpg 600w, https:\/\/mouldking.store\/wp-content\/uploads\/2022\/11\/52TOYS-BB-32-6-113x150.jpg 113w, https:\/\/mouldking.store\/wp-content\/uploads\/2022\/11\/52TOYS-BB-32-6-45x60.jpg 45w, https:\/\/mouldking.store\/wp-content\/uploads\/2022\/11\/52TOYS-BB-32-6-68x90.jpg 68w\" sizes=\"(max-width: 773px) 100vw, 773px\" \/><figcaption id=\"caption-attachment-34485\" class=\"wp-caption-text\">52TOYS BB-32 DEMON DART Nashornk\u00e4fer<\/figcaption><\/figure>\n<figure id=\"attachment_34486\" aria-describedby=\"caption-attachment-34486\" style=\"width: 770px\" class=\"wp-caption aligncenter\"><img loading=\"lazy\" decoding=\"async\" class=\"wp-image-34486 size-full\" src=\"https:\/\/mouldking.store\/wp-content\/uploads\/2022\/11\/52TOYS-BB-32-5.jpg\" alt=\"52TOYS BB-32 DEMON DART Rhino Beetle \" width=\"770\" height=\"1024\" title=\"-\" srcset=\"https:\/\/mouldking.store\/wp-content\/uploads\/2022\/11\/52TOYS-BB-32-5.jpg 770w, https:\/\/mouldking.store\/wp-content\/uploads\/2022\/11\/52TOYS-BB-32-5-226x300.jpg 226w, https:\/\/mouldking.store\/wp-content\/uploads\/2022\/11\/52TOYS-BB-32-5-768x1021.jpg 768w, https:\/\/mouldking.store\/wp-content\/uploads\/2022\/11\/52TOYS-BB-32-5-300x399.jpg 300w, https:\/\/mouldking.store\/wp-content\/uploads\/2022\/11\/52TOYS-BB-32-5-600x798.jpg 600w, https:\/\/mouldking.store\/wp-content\/uploads\/2022\/11\/52TOYS-BB-32-5-113x150.jpg 113w, https:\/\/mouldking.store\/wp-content\/uploads\/2022\/11\/52TOYS-BB-32-5-45x60.jpg 45w, https:\/\/mouldking.store\/wp-content\/uploads\/2022\/11\/52TOYS-BB-32-5-68x90.jpg 68w\" sizes=\"(max-width: 770px) 100vw, 770px\" \/><figcaption id=\"caption-attachment-34486\" class=\"wp-caption-text\">52TOYS BB-32 DEMON DART Nashornk\u00e4fer<\/figcaption><\/figure>\n<figure id=\"attachment_34487\" aria-describedby=\"caption-attachment-34487\" style=\"width: 484px\" class=\"wp-caption aligncenter\"><img loading=\"lazy\" decoding=\"async\" class=\"wp-image-34487 size-full\" src=\"https:\/\/mouldking.store\/wp-content\/uploads\/2022\/11\/52TOYS-BB-32-4.jpg\" alt=\"52TOYS BB-32 DEMON DART Rhino Beetle \" width=\"484\" height=\"1024\" title=\"-\" srcset=\"https:\/\/mouldking.store\/wp-content\/uploads\/2022\/11\/52TOYS-BB-32-4.jpg 484w, https:\/\/mouldking.store\/wp-content\/uploads\/2022\/11\/52TOYS-BB-32-4-142x300.jpg 142w, https:\/\/mouldking.store\/wp-content\/uploads\/2022\/11\/52TOYS-BB-32-4-300x635.jpg 300w, https:\/\/mouldking.store\/wp-content\/uploads\/2022\/11\/52TOYS-BB-32-4-71x150.jpg 71w, https:\/\/mouldking.store\/wp-content\/uploads\/2022\/11\/52TOYS-BB-32-4-28x60.jpg 28w, https:\/\/mouldking.store\/wp-content\/uploads\/2022\/11\/52TOYS-BB-32-4-43x90.jpg 43w\" sizes=\"(max-width: 484px) 100vw, 484px\" \/><figcaption id=\"caption-attachment-34487\" class=\"wp-caption-text\">52TOYS BB-32 DEMON DART Nashornk\u00e4fer<\/figcaption><\/figure>\n<figure id=\"attachment_34488\" aria-describedby=\"caption-attachment-34488\" style=\"width: 733px\" class=\"wp-caption aligncenter\"><img loading=\"lazy\" decoding=\"async\" class=\"wp-image-34488 size-full\" src=\"https:\/\/mouldking.store\/wp-content\/uploads\/2022\/11\/52TOYS-BB-32-3.jpg\" alt=\"52TOYS BB-32 DEMON DART Rhino Beetle \" width=\"733\" height=\"1024\" title=\"-\" srcset=\"https:\/\/mouldking.store\/wp-content\/uploads\/2022\/11\/52TOYS-BB-32-3.jpg 733w, https:\/\/mouldking.store\/wp-content\/uploads\/2022\/11\/52TOYS-BB-32-3-215x300.jpg 215w, https:\/\/mouldking.store\/wp-content\/uploads\/2022\/11\/52TOYS-BB-32-3-300x419.jpg 300w, https:\/\/mouldking.store\/wp-content\/uploads\/2022\/11\/52TOYS-BB-32-3-600x838.jpg 600w, https:\/\/mouldking.store\/wp-content\/uploads\/2022\/11\/52TOYS-BB-32-3-107x150.jpg 107w, https:\/\/mouldking.store\/wp-content\/uploads\/2022\/11\/52TOYS-BB-32-3-43x60.jpg 43w, https:\/\/mouldking.store\/wp-content\/uploads\/2022\/11\/52TOYS-BB-32-3-64x90.jpg 64w\" sizes=\"(max-width: 733px) 100vw, 733px\" \/><figcaption id=\"caption-attachment-34488\" class=\"wp-caption-text\">52TOYS BB-32 DEMON DART Nashornk\u00e4fer<\/figcaption><\/figure>\n<figure id=\"attachment_34489\" aria-describedby=\"caption-attachment-34489\" style=\"width: 543px\" class=\"wp-caption aligncenter\"><img loading=\"lazy\" decoding=\"async\" class=\"wp-image-34489 size-full\" src=\"https:\/\/mouldking.store\/wp-content\/uploads\/2022\/11\/52TOYS-BB-32-2.jpg\" alt=\"52TOYS BB-32 DEMON DART Rhino Beetle \" width=\"543\" height=\"1024\" title=\"-\" srcset=\"https:\/\/mouldking.store\/wp-content\/uploads\/2022\/11\/52TOYS-BB-32-2.jpg 543w, https:\/\/mouldking.store\/wp-content\/uploads\/2022\/11\/52TOYS-BB-32-2-159x300.jpg 159w, https:\/\/mouldking.store\/wp-content\/uploads\/2022\/11\/52TOYS-BB-32-2-300x566.jpg 300w, https:\/\/mouldking.store\/wp-content\/uploads\/2022\/11\/52TOYS-BB-32-2-80x150.jpg 80w, https:\/\/mouldking.store\/wp-content\/uploads\/2022\/11\/52TOYS-BB-32-2-32x60.jpg 32w, https:\/\/mouldking.store\/wp-content\/uploads\/2022\/11\/52TOYS-BB-32-2-48x90.jpg 48w\" sizes=\"(max-width: 543px) 100vw, 543px\" \/><figcaption id=\"caption-attachment-34489\" class=\"wp-caption-text\">52TOYS BB-32 DEMON DART Nashornk\u00e4fer<\/figcaption><\/figure>\n<figure id=\"attachment_34490\" aria-describedby=\"caption-attachment-34490\" style=\"width: 1020px\" class=\"wp-caption aligncenter\"><img loading=\"lazy\" decoding=\"async\" class=\"wp-image-34490 size-full\" src=\"https:\/\/mouldking.store\/wp-content\/uploads\/2022\/11\/52TOYS-BB-32.jpg\" alt=\"52TOYS BB-32 DEMON DART Rhino Beetle \" width=\"1020\" height=\"660\" title=\"-\" srcset=\"https:\/\/mouldking.store\/wp-content\/uploads\/2022\/11\/52TOYS-BB-32.jpg 1020w, https:\/\/mouldking.store\/wp-content\/uploads\/2022\/11\/52TOYS-BB-32-300x194.jpg 300w, https:\/\/mouldking.store\/wp-content\/uploads\/2022\/11\/52TOYS-BB-32-768x497.jpg 768w, https:\/\/mouldking.store\/wp-content\/uploads\/2022\/11\/52TOYS-BB-32-600x388.jpg 600w, https:\/\/mouldking.store\/wp-content\/uploads\/2022\/11\/52TOYS-BB-32-150x97.jpg 150w, https:\/\/mouldking.store\/wp-content\/uploads\/2022\/11\/52TOYS-BB-32-93x60.jpg 93w, https:\/\/mouldking.store\/wp-content\/uploads\/2022\/11\/52TOYS-BB-32-139x90.jpg 139w\" sizes=\"(max-width: 1020px) 100vw, 1020px\" \/><figcaption id=\"caption-attachment-34490\" class=\"wp-caption-text\">52TOYS BB-32 DEMON DART Nashornk\u00e4fer<\/figcaption><\/figure>","protected":false},"excerpt":{"rendered":"<p>Product information: Brand: 52TOYS Gender: Unisex Name: DEMON DART Rhino Beetle Age Range: &gt; 6 years old Model Number: BB-32 Classification: Assemblage Plastic Block Shape: Self-Locking Bricks Material: Plastic Plastic Type: ABS Size: 13.4\u00d715.8cm Contains detailed assembly instructions. Notice: 1. Without an original box, but we guarantee our products have quality assurance and nice packaging. [&hellip;]<\/p>","protected":false},"featured_media":34479,"comment_status":"closed","ping_status":"closed","template":"","meta":{"_acf_changed":false},"product_cat":[1365],"product_tag":[6179,6976,6972,6973,6974,6977,6975],"class_list":["product","first","instock","shipping-taxable","purchasable","product-type-simple"],"acf":[],"_links":{"self":[{"href":"https:\/\/mouldking.store\/de\/wp-json\/wp\/v2\/product\/34478","targetHints":{"allow":["GET"]}}],"collection":[{"href":"https:\/\/mouldking.store\/de\/wp-json\/wp\/v2\/product"}],"about":[{"href":"https:\/\/mouldking.store\/de\/wp-json\/wp\/v2\/types\/product"}],"replies":[{"embeddable":true,"href":"https:\/\/mouldking.store\/de\/wp-json\/wp\/v2\/comments?post=34478"}],"wp:featuredmedia":[{"embeddable":true,"href":"https:\/\/mouldking.store\/de\/wp-json\/wp\/v2\/media\/34479"}],"wp:attachment":[{"href":"https:\/\/mouldking.store\/de\/wp-json\/wp\/v2\/media?parent=34478"}],"wp:term":[{"taxonomy":"product_cat","embeddable":true,"href":"https:\/\/mouldking.store\/de\/wp-json\/wp\/v2\/product_cat?post=34478"},{"taxonomy":"product_tag","embeddable":true,"href":"https:\/\/mouldking.store\/de\/wp-json\/wp\/v2\/product_tag?post=34478"}],"curies":[{"name":"wp","href":"https:\/\/api.w.org\/{rel}","templated":true}]}}