{"id":34508,"date":"2022-11-07T15:46:56","date_gmt":"2022-11-07T08:46:56","guid":{"rendered":"https:\/\/mouldking.store\/?post_type=product&#038;p=34508"},"modified":"2022-11-07T15:46:56","modified_gmt":"2022-11-07T08:46:56","slug":"52toys-bb-27-toxichorn-poison-horn-buffalo","status":"publish","type":"product","link":"https:\/\/mouldking.store\/de\/shop\/52toys-bb-27-toxichorn-poison-horn-buffalo\/","title":{"rendered":"52TOYS BB-27 TOXICHORN Gifthornb\u00fcffel"},"content":{"rendered":"<p>Produktinformation:<\/p>\n<ol>\n<li>Marke: 52TOYS<\/li>\n<li>Geschlecht: Unisex<\/li>\n<li>Name: TOXICHORN Poison Horn Buffalo<\/li>\n<li>Altersspanne: &gt; 6 Jahre alt<\/li>\n<li>Model Number: BB-27<\/li>\n<li>Einstufung: Assemblage<\/li>\n<li>Kunststoffblockform: Selbstsichernde Steine<\/li>\n<li>Material: Kunststoff<\/li>\n<li>Kunststofftyp: ABS<\/li>\n<li>Size: 12 cm<\/li>\n<li>Enth\u00e4lt eine ausf\u00fchrliche Montageanleitung.<\/li>\n<\/ol>\n<p>Notiz:<br \/>\n1. Ohne Originalverpackung, aber wir garantieren, dass unsere Produkte eine Qualit\u00e4tssicherung und eine sch\u00f6ne Verpackung haben.<br \/>\n2. Wie alle Teile, die wir vor dem Versand \u00fcberpr\u00fcft haben, machen Sie sich keine Sorgen, wenn Sie feststellen, dass einige Teile fehlen oder besch\u00e4digt sind, und kontaktieren Sie uns einfach, und wir k\u00f6nnen sie Ihnen umgehend kostenlos erneut zusenden.<\/p>\n<figure id=\"attachment_34509\" aria-describedby=\"caption-attachment-34509\" style=\"width: 800px\" class=\"wp-caption aligncenter\"><img fetchpriority=\"high\" decoding=\"async\" class=\"wp-image-34509 size-full\" src=\"https:\/\/mouldking.store\/wp-content\/uploads\/2022\/11\/52TOYS-BB-27-10.jpg\" alt=\"52TOYS BB-27 TOXICHORN Poison Horn Buffalo \" width=\"800\" height=\"800\" title=\"-\" srcset=\"https:\/\/mouldking.store\/wp-content\/uploads\/2022\/11\/52TOYS-BB-27-10.jpg 800w, https:\/\/mouldking.store\/wp-content\/uploads\/2022\/11\/52TOYS-BB-27-10-300x300.jpg 300w, https:\/\/mouldking.store\/wp-content\/uploads\/2022\/11\/52TOYS-BB-27-10-768x768.jpg 768w, https:\/\/mouldking.store\/wp-content\/uploads\/2022\/11\/52TOYS-BB-27-10-600x600.jpg 600w, https:\/\/mouldking.store\/wp-content\/uploads\/2022\/11\/52TOYS-BB-27-10-150x150.jpg 150w, https:\/\/mouldking.store\/wp-content\/uploads\/2022\/11\/52TOYS-BB-27-10-60x60.jpg 60w, https:\/\/mouldking.store\/wp-content\/uploads\/2022\/11\/52TOYS-BB-27-10-90x90.jpg 90w\" sizes=\"(max-width: 800px) 100vw, 800px\" \/><figcaption id=\"caption-attachment-34509\" class=\"wp-caption-text\">52TOYS BB-27 TOXICHORN Gifthornb\u00fcffel<\/figcaption><\/figure>\n<figure id=\"attachment_34510\" aria-describedby=\"caption-attachment-34510\" style=\"width: 750px\" class=\"wp-caption aligncenter\"><img decoding=\"async\" class=\"wp-image-34510 size-full\" src=\"https:\/\/mouldking.store\/wp-content\/uploads\/2022\/11\/52TOYS-BB-27-9.jpg\" alt=\"52TOYS BB-27 TOXICHORN Poison Horn Buffalo \" width=\"750\" height=\"1000\" title=\"-\" srcset=\"https:\/\/mouldking.store\/wp-content\/uploads\/2022\/11\/52TOYS-BB-27-9.jpg 750w, https:\/\/mouldking.store\/wp-content\/uploads\/2022\/11\/52TOYS-BB-27-9-225x300.jpg 225w, https:\/\/mouldking.store\/wp-content\/uploads\/2022\/11\/52TOYS-BB-27-9-300x400.jpg 300w, https:\/\/mouldking.store\/wp-content\/uploads\/2022\/11\/52TOYS-BB-27-9-600x800.jpg 600w, https:\/\/mouldking.store\/wp-content\/uploads\/2022\/11\/52TOYS-BB-27-9-113x150.jpg 113w, https:\/\/mouldking.store\/wp-content\/uploads\/2022\/11\/52TOYS-BB-27-9-45x60.jpg 45w, https:\/\/mouldking.store\/wp-content\/uploads\/2022\/11\/52TOYS-BB-27-9-68x90.jpg 68w\" sizes=\"(max-width: 750px) 100vw, 750px\" \/><figcaption id=\"caption-attachment-34510\" class=\"wp-caption-text\">52TOYS BB-27 TOXICHORN Gifthornb\u00fcffel<\/figcaption><\/figure>\n<figure id=\"attachment_34511\" aria-describedby=\"caption-attachment-34511\" style=\"width: 750px\" class=\"wp-caption aligncenter\"><img decoding=\"async\" class=\"wp-image-34511 size-full\" src=\"https:\/\/mouldking.store\/wp-content\/uploads\/2022\/11\/52TOYS-BB-27-8.jpg\" alt=\"52TOYS BB-27 TOXICHORN Poison Horn Buffalo \" width=\"750\" height=\"1000\" title=\"-\" srcset=\"https:\/\/mouldking.store\/wp-content\/uploads\/2022\/11\/52TOYS-BB-27-8.jpg 750w, https:\/\/mouldking.store\/wp-content\/uploads\/2022\/11\/52TOYS-BB-27-8-225x300.jpg 225w, https:\/\/mouldking.store\/wp-content\/uploads\/2022\/11\/52TOYS-BB-27-8-300x400.jpg 300w, https:\/\/mouldking.store\/wp-content\/uploads\/2022\/11\/52TOYS-BB-27-8-600x800.jpg 600w, https:\/\/mouldking.store\/wp-content\/uploads\/2022\/11\/52TOYS-BB-27-8-113x150.jpg 113w, https:\/\/mouldking.store\/wp-content\/uploads\/2022\/11\/52TOYS-BB-27-8-45x60.jpg 45w, https:\/\/mouldking.store\/wp-content\/uploads\/2022\/11\/52TOYS-BB-27-8-68x90.jpg 68w\" sizes=\"(max-width: 750px) 100vw, 750px\" \/><figcaption id=\"caption-attachment-34511\" class=\"wp-caption-text\">52TOYS BB-27 TOXICHORN Gifthornb\u00fcffel<\/figcaption><\/figure>\n<figure id=\"attachment_34512\" aria-describedby=\"caption-attachment-34512\" style=\"width: 750px\" class=\"wp-caption aligncenter\"><img loading=\"lazy\" decoding=\"async\" class=\"wp-image-34512 size-full\" src=\"https:\/\/mouldking.store\/wp-content\/uploads\/2022\/11\/52TOYS-BB-27-7.jpg\" alt=\"52TOYS BB-27 TOXICHORN Poison Horn Buffalo \" width=\"750\" height=\"1000\" title=\"-\" srcset=\"https:\/\/mouldking.store\/wp-content\/uploads\/2022\/11\/52TOYS-BB-27-7.jpg 750w, https:\/\/mouldking.store\/wp-content\/uploads\/2022\/11\/52TOYS-BB-27-7-225x300.jpg 225w, https:\/\/mouldking.store\/wp-content\/uploads\/2022\/11\/52TOYS-BB-27-7-300x400.jpg 300w, https:\/\/mouldking.store\/wp-content\/uploads\/2022\/11\/52TOYS-BB-27-7-600x800.jpg 600w, https:\/\/mouldking.store\/wp-content\/uploads\/2022\/11\/52TOYS-BB-27-7-113x150.jpg 113w, https:\/\/mouldking.store\/wp-content\/uploads\/2022\/11\/52TOYS-BB-27-7-45x60.jpg 45w, https:\/\/mouldking.store\/wp-content\/uploads\/2022\/11\/52TOYS-BB-27-7-68x90.jpg 68w\" sizes=\"(max-width: 750px) 100vw, 750px\" \/><figcaption id=\"caption-attachment-34512\" class=\"wp-caption-text\">52TOYS BB-27 TOXICHORN Gifthornb\u00fcffel<\/figcaption><\/figure>\n<figure id=\"attachment_34513\" aria-describedby=\"caption-attachment-34513\" style=\"width: 660px\" class=\"wp-caption aligncenter\"><img loading=\"lazy\" decoding=\"async\" class=\"wp-image-34513 size-full\" src=\"https:\/\/mouldking.store\/wp-content\/uploads\/2022\/11\/52TOYS-BB-27-6.jpg\" alt=\"52TOYS BB-27 TOXICHORN Poison Horn Buffalo \" width=\"660\" height=\"1024\" title=\"-\" srcset=\"https:\/\/mouldking.store\/wp-content\/uploads\/2022\/11\/52TOYS-BB-27-6.jpg 660w, https:\/\/mouldking.store\/wp-content\/uploads\/2022\/11\/52TOYS-BB-27-6-193x300.jpg 193w, https:\/\/mouldking.store\/wp-content\/uploads\/2022\/11\/52TOYS-BB-27-6-300x465.jpg 300w, https:\/\/mouldking.store\/wp-content\/uploads\/2022\/11\/52TOYS-BB-27-6-600x931.jpg 600w, https:\/\/mouldking.store\/wp-content\/uploads\/2022\/11\/52TOYS-BB-27-6-97x150.jpg 97w, https:\/\/mouldking.store\/wp-content\/uploads\/2022\/11\/52TOYS-BB-27-6-39x60.jpg 39w, https:\/\/mouldking.store\/wp-content\/uploads\/2022\/11\/52TOYS-BB-27-6-58x90.jpg 58w\" sizes=\"(max-width: 660px) 100vw, 660px\" \/><figcaption id=\"caption-attachment-34513\" class=\"wp-caption-text\">52TOYS BB-27 TOXICHORN Gifthornb\u00fcffel<\/figcaption><\/figure>\n<figure id=\"attachment_34514\" aria-describedby=\"caption-attachment-34514\" style=\"width: 693px\" class=\"wp-caption aligncenter\"><img loading=\"lazy\" decoding=\"async\" class=\"wp-image-34514 size-full\" src=\"https:\/\/mouldking.store\/wp-content\/uploads\/2022\/11\/52TOYS-BB-27-5.jpg\" alt=\"52TOYS BB-27 TOXICHORN Poison Horn Buffalo \" width=\"693\" height=\"1024\" title=\"-\" srcset=\"https:\/\/mouldking.store\/wp-content\/uploads\/2022\/11\/52TOYS-BB-27-5.jpg 693w, https:\/\/mouldking.store\/wp-content\/uploads\/2022\/11\/52TOYS-BB-27-5-203x300.jpg 203w, https:\/\/mouldking.store\/wp-content\/uploads\/2022\/11\/52TOYS-BB-27-5-300x443.jpg 300w, https:\/\/mouldking.store\/wp-content\/uploads\/2022\/11\/52TOYS-BB-27-5-600x887.jpg 600w, https:\/\/mouldking.store\/wp-content\/uploads\/2022\/11\/52TOYS-BB-27-5-102x150.jpg 102w, https:\/\/mouldking.store\/wp-content\/uploads\/2022\/11\/52TOYS-BB-27-5-41x60.jpg 41w, https:\/\/mouldking.store\/wp-content\/uploads\/2022\/11\/52TOYS-BB-27-5-61x90.jpg 61w\" sizes=\"(max-width: 693px) 100vw, 693px\" \/><figcaption id=\"caption-attachment-34514\" class=\"wp-caption-text\">52TOYS BB-27 TOXICHORN Gifthornb\u00fcffel<\/figcaption><\/figure>\n<figure id=\"attachment_34515\" aria-describedby=\"caption-attachment-34515\" style=\"width: 670px\" class=\"wp-caption aligncenter\"><img loading=\"lazy\" decoding=\"async\" class=\"wp-image-34515 size-full\" src=\"https:\/\/mouldking.store\/wp-content\/uploads\/2022\/11\/52TOYS-BB-27-4.jpg\" alt=\"52TOYS BB-27 TOXICHORN Poison Horn Buffalo \" width=\"670\" height=\"1024\" title=\"-\" srcset=\"https:\/\/mouldking.store\/wp-content\/uploads\/2022\/11\/52TOYS-BB-27-4.jpg 670w, https:\/\/mouldking.store\/wp-content\/uploads\/2022\/11\/52TOYS-BB-27-4-196x300.jpg 196w, https:\/\/mouldking.store\/wp-content\/uploads\/2022\/11\/52TOYS-BB-27-4-300x459.jpg 300w, https:\/\/mouldking.store\/wp-content\/uploads\/2022\/11\/52TOYS-BB-27-4-600x917.jpg 600w, https:\/\/mouldking.store\/wp-content\/uploads\/2022\/11\/52TOYS-BB-27-4-98x150.jpg 98w, https:\/\/mouldking.store\/wp-content\/uploads\/2022\/11\/52TOYS-BB-27-4-39x60.jpg 39w, https:\/\/mouldking.store\/wp-content\/uploads\/2022\/11\/52TOYS-BB-27-4-59x90.jpg 59w\" sizes=\"(max-width: 670px) 100vw, 670px\" \/><figcaption id=\"caption-attachment-34515\" class=\"wp-caption-text\">52TOYS BB-27 TOXICHORN Gifthornb\u00fcffel<\/figcaption><\/figure>\n<figure id=\"attachment_34516\" aria-describedby=\"caption-attachment-34516\" style=\"width: 791px\" class=\"wp-caption aligncenter\"><img loading=\"lazy\" decoding=\"async\" class=\"wp-image-34516 size-full\" src=\"https:\/\/mouldking.store\/wp-content\/uploads\/2022\/11\/52TOYS-BB-27-3.jpg\" alt=\"52TOYS BB-27 TOXICHORN Poison Horn Buffalo \" width=\"791\" height=\"1024\" title=\"-\" srcset=\"https:\/\/mouldking.store\/wp-content\/uploads\/2022\/11\/52TOYS-BB-27-3.jpg 791w, https:\/\/mouldking.store\/wp-content\/uploads\/2022\/11\/52TOYS-BB-27-3-232x300.jpg 232w, https:\/\/mouldking.store\/wp-content\/uploads\/2022\/11\/52TOYS-BB-27-3-768x994.jpg 768w, https:\/\/mouldking.store\/wp-content\/uploads\/2022\/11\/52TOYS-BB-27-3-300x388.jpg 300w, https:\/\/mouldking.store\/wp-content\/uploads\/2022\/11\/52TOYS-BB-27-3-600x777.jpg 600w, https:\/\/mouldking.store\/wp-content\/uploads\/2022\/11\/52TOYS-BB-27-3-116x150.jpg 116w, https:\/\/mouldking.store\/wp-content\/uploads\/2022\/11\/52TOYS-BB-27-3-46x60.jpg 46w, https:\/\/mouldking.store\/wp-content\/uploads\/2022\/11\/52TOYS-BB-27-3-70x90.jpg 70w\" sizes=\"(max-width: 791px) 100vw, 791px\" \/><figcaption id=\"caption-attachment-34516\" class=\"wp-caption-text\">52TOYS BB-27 TOXICHORN Gifthornb\u00fcffel<\/figcaption><\/figure>\n<figure id=\"attachment_34517\" aria-describedby=\"caption-attachment-34517\" style=\"width: 1020px\" class=\"wp-caption aligncenter\"><img loading=\"lazy\" decoding=\"async\" class=\"wp-image-34517 size-full\" src=\"https:\/\/mouldking.store\/wp-content\/uploads\/2022\/11\/52TOYS-BB-27-2.jpg\" alt=\"52TOYS BB-27 TOXICHORN Poison Horn Buffalo \" width=\"1020\" height=\"976\" title=\"-\" srcset=\"https:\/\/mouldking.store\/wp-content\/uploads\/2022\/11\/52TOYS-BB-27-2.jpg 1020w, https:\/\/mouldking.store\/wp-content\/uploads\/2022\/11\/52TOYS-BB-27-2-300x287.jpg 300w, https:\/\/mouldking.store\/wp-content\/uploads\/2022\/11\/52TOYS-BB-27-2-768x735.jpg 768w, https:\/\/mouldking.store\/wp-content\/uploads\/2022\/11\/52TOYS-BB-27-2-600x574.jpg 600w, https:\/\/mouldking.store\/wp-content\/uploads\/2022\/11\/52TOYS-BB-27-2-150x144.jpg 150w, https:\/\/mouldking.store\/wp-content\/uploads\/2022\/11\/52TOYS-BB-27-2-63x60.jpg 63w, https:\/\/mouldking.store\/wp-content\/uploads\/2022\/11\/52TOYS-BB-27-2-94x90.jpg 94w\" sizes=\"(max-width: 1020px) 100vw, 1020px\" \/><figcaption id=\"caption-attachment-34517\" class=\"wp-caption-text\">52TOYS BB-27 TOXICHORN Gifthornb\u00fcffel<\/figcaption><\/figure>\n<figure id=\"attachment_34518\" aria-describedby=\"caption-attachment-34518\" style=\"width: 454px\" class=\"wp-caption aligncenter\"><img loading=\"lazy\" decoding=\"async\" class=\"wp-image-34518 size-full\" src=\"https:\/\/mouldking.store\/wp-content\/uploads\/2022\/11\/52TOYS-BB-27.jpg\" alt=\"52TOYS BB-27 TOXICHORN Poison Horn Buffalo \" width=\"454\" height=\"1024\" title=\"-\" srcset=\"https:\/\/mouldking.store\/wp-content\/uploads\/2022\/11\/52TOYS-BB-27.jpg 454w, https:\/\/mouldking.store\/wp-content\/uploads\/2022\/11\/52TOYS-BB-27-133x300.jpg 133w, https:\/\/mouldking.store\/wp-content\/uploads\/2022\/11\/52TOYS-BB-27-300x677.jpg 300w, https:\/\/mouldking.store\/wp-content\/uploads\/2022\/11\/52TOYS-BB-27-67x150.jpg 67w, https:\/\/mouldking.store\/wp-content\/uploads\/2022\/11\/52TOYS-BB-27-27x60.jpg 27w, https:\/\/mouldking.store\/wp-content\/uploads\/2022\/11\/52TOYS-BB-27-40x90.jpg 40w\" sizes=\"(max-width: 454px) 100vw, 454px\" \/><figcaption id=\"caption-attachment-34518\" class=\"wp-caption-text\">52TOYS BB-27 TOXICHORN Gifthornb\u00fcffel<\/figcaption><\/figure>","protected":false},"excerpt":{"rendered":"<p>Product information: Brand: 52TOYS Gender: Unisex Name: TOXICHORN Poison Horn Buffalo Age Range: &gt; 6 years old Model Number: BB-27 Classification: Assemblage Plastic Block Shape: Self-Locking Bricks Material: Plastic Plastic Type: ABS Size: 12 cm Contains detailed assembly instructions. Notice: 1. Without an original box, but we guarantee our products have quality assurance and nice [&hellip;]<\/p>","protected":false},"featured_media":34509,"comment_status":"closed","ping_status":"closed","template":"","meta":{"_acf_changed":false},"product_cat":[1365],"product_tag":[6179,6991,6985,6986,6989,6988,6990,6987,6992],"class_list":["product","first","instock","shipping-taxable","purchasable","product-type-simple"],"acf":[],"_links":{"self":[{"href":"https:\/\/mouldking.store\/de\/wp-json\/wp\/v2\/product\/34508","targetHints":{"allow":["GET"]}}],"collection":[{"href":"https:\/\/mouldking.store\/de\/wp-json\/wp\/v2\/product"}],"about":[{"href":"https:\/\/mouldking.store\/de\/wp-json\/wp\/v2\/types\/product"}],"replies":[{"embeddable":true,"href":"https:\/\/mouldking.store\/de\/wp-json\/wp\/v2\/comments?post=34508"}],"wp:featuredmedia":[{"embeddable":true,"href":"https:\/\/mouldking.store\/de\/wp-json\/wp\/v2\/media\/34509"}],"wp:attachment":[{"href":"https:\/\/mouldking.store\/de\/wp-json\/wp\/v2\/media?parent=34508"}],"wp:term":[{"taxonomy":"product_cat","embeddable":true,"href":"https:\/\/mouldking.store\/de\/wp-json\/wp\/v2\/product_cat?post=34508"},{"taxonomy":"product_tag","embeddable":true,"href":"https:\/\/mouldking.store\/de\/wp-json\/wp\/v2\/product_tag?post=34508"}],"curies":[{"name":"wp","href":"https:\/\/api.w.org\/{rel}","templated":true}]}}