{"id":34519,"date":"2022-11-07T15:57:21","date_gmt":"2022-11-07T08:57:21","guid":{"rendered":"https:\/\/mouldking.store\/?post_type=product&#038;p=34519"},"modified":"2022-11-07T15:57:21","modified_gmt":"2022-11-07T08:57:21","slug":"52toys-bb-26-thrashard-ankylosaurus-dino-robots","status":"publish","type":"product","link":"https:\/\/mouldking.store\/de\/shop\/52toys-bb-26-thrashard-ankylosaurus-dino-robots\/","title":{"rendered":"52TOYS BB-26 THRASHARD Ankylosaurus Dino-Roboter"},"content":{"rendered":"<p>Produktinformation:<\/p>\n<ol>\n<li>Marke: 52TOYS<\/li>\n<li>Geschlecht: Unisex<\/li>\n<li>Name: THRASHARD Ankylosaurus Dino Robots<\/li>\n<li>Altersspanne: &gt; 6 Jahre alt<\/li>\n<li>Model Number: BB-26<\/li>\n<li>Einstufung: Assemblage<\/li>\n<li>Kunststoffblockform: Selbstsichernde Steine<\/li>\n<li>Material: Kunststoff<\/li>\n<li>Kunststofftyp: ABS<\/li>\n<li>Size: 19 cm<\/li>\n<li>Enth\u00e4lt eine ausf\u00fchrliche Montageanleitung.<\/li>\n<\/ol>\n<p>Notiz:<br \/>\n1. Ohne Originalverpackung, aber wir garantieren, dass unsere Produkte eine Qualit\u00e4tssicherung und eine sch\u00f6ne Verpackung haben.<br \/>\n2. Wie alle Teile, die wir vor dem Versand \u00fcberpr\u00fcft haben, machen Sie sich keine Sorgen, wenn Sie feststellen, dass einige Teile fehlen oder besch\u00e4digt sind, und kontaktieren Sie uns einfach, und wir k\u00f6nnen sie Ihnen umgehend kostenlos erneut zusenden.<\/p>\n<figure id=\"attachment_34521\" aria-describedby=\"caption-attachment-34521\" style=\"width: 800px\" class=\"wp-caption aligncenter\"><img fetchpriority=\"high\" decoding=\"async\" class=\"wp-image-34521 size-full\" src=\"https:\/\/mouldking.store\/wp-content\/uploads\/2022\/11\/52TOYS-BB-26-12.jpg\" alt=\"52TOYS BB-26 THRASHARD Ankylosaurus Dino Robots\" width=\"800\" height=\"800\" title=\"-\" srcset=\"https:\/\/mouldking.store\/wp-content\/uploads\/2022\/11\/52TOYS-BB-26-12.jpg 800w, https:\/\/mouldking.store\/wp-content\/uploads\/2022\/11\/52TOYS-BB-26-12-300x300.jpg 300w, https:\/\/mouldking.store\/wp-content\/uploads\/2022\/11\/52TOYS-BB-26-12-768x768.jpg 768w, https:\/\/mouldking.store\/wp-content\/uploads\/2022\/11\/52TOYS-BB-26-12-600x600.jpg 600w, https:\/\/mouldking.store\/wp-content\/uploads\/2022\/11\/52TOYS-BB-26-12-150x150.jpg 150w, https:\/\/mouldking.store\/wp-content\/uploads\/2022\/11\/52TOYS-BB-26-12-60x60.jpg 60w, https:\/\/mouldking.store\/wp-content\/uploads\/2022\/11\/52TOYS-BB-26-12-90x90.jpg 90w\" sizes=\"(max-width: 800px) 100vw, 800px\" \/><figcaption id=\"caption-attachment-34521\" class=\"wp-caption-text\">52TOYS BB-26 THRASHARD Ankylosaurus Dino-Roboter<\/figcaption><\/figure>\n<figure id=\"attachment_34522\" aria-describedby=\"caption-attachment-34522\" style=\"width: 750px\" class=\"wp-caption aligncenter\"><img decoding=\"async\" class=\"wp-image-34522 size-full\" src=\"https:\/\/mouldking.store\/wp-content\/uploads\/2022\/11\/52TOYS-BB-26-11.jpg\" alt=\"52TOYS BB-26 THRASHARD Ankylosaurus Dino Robots\" width=\"750\" height=\"1000\" title=\"-\" srcset=\"https:\/\/mouldking.store\/wp-content\/uploads\/2022\/11\/52TOYS-BB-26-11.jpg 750w, https:\/\/mouldking.store\/wp-content\/uploads\/2022\/11\/52TOYS-BB-26-11-225x300.jpg 225w, https:\/\/mouldking.store\/wp-content\/uploads\/2022\/11\/52TOYS-BB-26-11-300x400.jpg 300w, https:\/\/mouldking.store\/wp-content\/uploads\/2022\/11\/52TOYS-BB-26-11-600x800.jpg 600w, https:\/\/mouldking.store\/wp-content\/uploads\/2022\/11\/52TOYS-BB-26-11-113x150.jpg 113w, https:\/\/mouldking.store\/wp-content\/uploads\/2022\/11\/52TOYS-BB-26-11-45x60.jpg 45w, https:\/\/mouldking.store\/wp-content\/uploads\/2022\/11\/52TOYS-BB-26-11-68x90.jpg 68w\" sizes=\"(max-width: 750px) 100vw, 750px\" \/><figcaption id=\"caption-attachment-34522\" class=\"wp-caption-text\">52TOYS BB-26 THRASHARD Ankylosaurus Dino-Roboter<\/figcaption><\/figure>\n<figure id=\"attachment_34523\" aria-describedby=\"caption-attachment-34523\" style=\"width: 750px\" class=\"wp-caption aligncenter\"><img decoding=\"async\" class=\"wp-image-34523 size-full\" src=\"https:\/\/mouldking.store\/wp-content\/uploads\/2022\/11\/52TOYS-BB-26-10.jpg\" alt=\"52TOYS BB-26 THRASHARD Ankylosaurus Dino Robots\" width=\"750\" height=\"1000\" title=\"-\" srcset=\"https:\/\/mouldking.store\/wp-content\/uploads\/2022\/11\/52TOYS-BB-26-10.jpg 750w, https:\/\/mouldking.store\/wp-content\/uploads\/2022\/11\/52TOYS-BB-26-10-225x300.jpg 225w, https:\/\/mouldking.store\/wp-content\/uploads\/2022\/11\/52TOYS-BB-26-10-300x400.jpg 300w, https:\/\/mouldking.store\/wp-content\/uploads\/2022\/11\/52TOYS-BB-26-10-600x800.jpg 600w, https:\/\/mouldking.store\/wp-content\/uploads\/2022\/11\/52TOYS-BB-26-10-113x150.jpg 113w, https:\/\/mouldking.store\/wp-content\/uploads\/2022\/11\/52TOYS-BB-26-10-45x60.jpg 45w, https:\/\/mouldking.store\/wp-content\/uploads\/2022\/11\/52TOYS-BB-26-10-68x90.jpg 68w\" sizes=\"(max-width: 750px) 100vw, 750px\" \/><figcaption id=\"caption-attachment-34523\" class=\"wp-caption-text\">52TOYS BB-26 THRASHARD Ankylosaurus Dino-Roboter<\/figcaption><\/figure>\n<figure id=\"attachment_34524\" aria-describedby=\"caption-attachment-34524\" style=\"width: 750px\" class=\"wp-caption aligncenter\"><img loading=\"lazy\" decoding=\"async\" class=\"wp-image-34524 size-full\" src=\"https:\/\/mouldking.store\/wp-content\/uploads\/2022\/11\/52TOYS-BB-26-9.jpg\" alt=\"52TOYS BB-26 THRASHARD Ankylosaurus Dino Robots\" width=\"750\" height=\"1000\" title=\"-\" srcset=\"https:\/\/mouldking.store\/wp-content\/uploads\/2022\/11\/52TOYS-BB-26-9.jpg 750w, https:\/\/mouldking.store\/wp-content\/uploads\/2022\/11\/52TOYS-BB-26-9-225x300.jpg 225w, https:\/\/mouldking.store\/wp-content\/uploads\/2022\/11\/52TOYS-BB-26-9-300x400.jpg 300w, https:\/\/mouldking.store\/wp-content\/uploads\/2022\/11\/52TOYS-BB-26-9-600x800.jpg 600w, https:\/\/mouldking.store\/wp-content\/uploads\/2022\/11\/52TOYS-BB-26-9-113x150.jpg 113w, https:\/\/mouldking.store\/wp-content\/uploads\/2022\/11\/52TOYS-BB-26-9-45x60.jpg 45w, https:\/\/mouldking.store\/wp-content\/uploads\/2022\/11\/52TOYS-BB-26-9-68x90.jpg 68w\" sizes=\"(max-width: 750px) 100vw, 750px\" \/><figcaption id=\"caption-attachment-34524\" class=\"wp-caption-text\">52TOYS BB-26 THRASHARD Ankylosaurus Dino-Roboter<\/figcaption><\/figure>\n<figure id=\"attachment_34525\" aria-describedby=\"caption-attachment-34525\" style=\"width: 750px\" class=\"wp-caption aligncenter\"><img loading=\"lazy\" decoding=\"async\" class=\"wp-image-34525 size-full\" src=\"https:\/\/mouldking.store\/wp-content\/uploads\/2022\/11\/52TOYS-BB-26-8.jpg\" alt=\"52TOYS BB-26 THRASHARD Ankylosaurus Dino Robots\" width=\"750\" height=\"1000\" title=\"-\" srcset=\"https:\/\/mouldking.store\/wp-content\/uploads\/2022\/11\/52TOYS-BB-26-8.jpg 750w, https:\/\/mouldking.store\/wp-content\/uploads\/2022\/11\/52TOYS-BB-26-8-225x300.jpg 225w, https:\/\/mouldking.store\/wp-content\/uploads\/2022\/11\/52TOYS-BB-26-8-300x400.jpg 300w, https:\/\/mouldking.store\/wp-content\/uploads\/2022\/11\/52TOYS-BB-26-8-600x800.jpg 600w, https:\/\/mouldking.store\/wp-content\/uploads\/2022\/11\/52TOYS-BB-26-8-113x150.jpg 113w, https:\/\/mouldking.store\/wp-content\/uploads\/2022\/11\/52TOYS-BB-26-8-45x60.jpg 45w, https:\/\/mouldking.store\/wp-content\/uploads\/2022\/11\/52TOYS-BB-26-8-68x90.jpg 68w\" sizes=\"(max-width: 750px) 100vw, 750px\" \/><figcaption id=\"caption-attachment-34525\" class=\"wp-caption-text\">52TOYS BB-26 THRASHARD Ankylosaurus Dino-Roboter<\/figcaption><\/figure>\n<figure id=\"attachment_34526\" aria-describedby=\"caption-attachment-34526\" style=\"width: 750px\" class=\"wp-caption aligncenter\"><img loading=\"lazy\" decoding=\"async\" class=\"wp-image-34526 size-full\" src=\"https:\/\/mouldking.store\/wp-content\/uploads\/2022\/11\/52TOYS-BB-26-7.jpg\" alt=\"52TOYS BB-26 THRASHARD Ankylosaurus Dino Robots\" width=\"750\" height=\"1000\" title=\"-\" srcset=\"https:\/\/mouldking.store\/wp-content\/uploads\/2022\/11\/52TOYS-BB-26-7.jpg 750w, https:\/\/mouldking.store\/wp-content\/uploads\/2022\/11\/52TOYS-BB-26-7-225x300.jpg 225w, https:\/\/mouldking.store\/wp-content\/uploads\/2022\/11\/52TOYS-BB-26-7-300x400.jpg 300w, https:\/\/mouldking.store\/wp-content\/uploads\/2022\/11\/52TOYS-BB-26-7-600x800.jpg 600w, https:\/\/mouldking.store\/wp-content\/uploads\/2022\/11\/52TOYS-BB-26-7-113x150.jpg 113w, https:\/\/mouldking.store\/wp-content\/uploads\/2022\/11\/52TOYS-BB-26-7-45x60.jpg 45w, https:\/\/mouldking.store\/wp-content\/uploads\/2022\/11\/52TOYS-BB-26-7-68x90.jpg 68w\" sizes=\"(max-width: 750px) 100vw, 750px\" \/><figcaption id=\"caption-attachment-34526\" class=\"wp-caption-text\">52TOYS BB-26 THRASHARD Ankylosaurus Dino-Roboter<\/figcaption><\/figure>\n<figure id=\"attachment_34527\" aria-describedby=\"caption-attachment-34527\" style=\"width: 675px\" class=\"wp-caption aligncenter\"><img loading=\"lazy\" decoding=\"async\" class=\"wp-image-34527 size-full\" src=\"https:\/\/mouldking.store\/wp-content\/uploads\/2022\/11\/52TOYS-BB-26-6.jpg\" alt=\"52TOYS BB-26 THRASHARD Ankylosaurus Dino Robots\" width=\"675\" height=\"1024\" title=\"-\" srcset=\"https:\/\/mouldking.store\/wp-content\/uploads\/2022\/11\/52TOYS-BB-26-6.jpg 675w, https:\/\/mouldking.store\/wp-content\/uploads\/2022\/11\/52TOYS-BB-26-6-198x300.jpg 198w, https:\/\/mouldking.store\/wp-content\/uploads\/2022\/11\/52TOYS-BB-26-6-300x455.jpg 300w, https:\/\/mouldking.store\/wp-content\/uploads\/2022\/11\/52TOYS-BB-26-6-600x910.jpg 600w, https:\/\/mouldking.store\/wp-content\/uploads\/2022\/11\/52TOYS-BB-26-6-99x150.jpg 99w, https:\/\/mouldking.store\/wp-content\/uploads\/2022\/11\/52TOYS-BB-26-6-40x60.jpg 40w, https:\/\/mouldking.store\/wp-content\/uploads\/2022\/11\/52TOYS-BB-26-6-59x90.jpg 59w\" sizes=\"(max-width: 675px) 100vw, 675px\" \/><figcaption id=\"caption-attachment-34527\" class=\"wp-caption-text\">52TOYS BB-26 THRASHARD Ankylosaurus Dino-Roboter<\/figcaption><\/figure>\n<figure id=\"attachment_34528\" aria-describedby=\"caption-attachment-34528\" style=\"width: 661px\" class=\"wp-caption aligncenter\"><img loading=\"lazy\" decoding=\"async\" class=\"wp-image-34528 size-full\" src=\"https:\/\/mouldking.store\/wp-content\/uploads\/2022\/11\/52TOYS-BB-26-5.jpg\" alt=\"52TOYS BB-26 THRASHARD Ankylosaurus Dino Robots\" width=\"661\" height=\"1024\" title=\"-\" srcset=\"https:\/\/mouldking.store\/wp-content\/uploads\/2022\/11\/52TOYS-BB-26-5.jpg 661w, https:\/\/mouldking.store\/wp-content\/uploads\/2022\/11\/52TOYS-BB-26-5-194x300.jpg 194w, https:\/\/mouldking.store\/wp-content\/uploads\/2022\/11\/52TOYS-BB-26-5-300x465.jpg 300w, https:\/\/mouldking.store\/wp-content\/uploads\/2022\/11\/52TOYS-BB-26-5-600x930.jpg 600w, https:\/\/mouldking.store\/wp-content\/uploads\/2022\/11\/52TOYS-BB-26-5-97x150.jpg 97w, https:\/\/mouldking.store\/wp-content\/uploads\/2022\/11\/52TOYS-BB-26-5-39x60.jpg 39w, https:\/\/mouldking.store\/wp-content\/uploads\/2022\/11\/52TOYS-BB-26-5-58x90.jpg 58w\" sizes=\"(max-width: 661px) 100vw, 661px\" \/><figcaption id=\"caption-attachment-34528\" class=\"wp-caption-text\">52TOYS BB-26 THRASHARD Ankylosaurus Dino-Roboter<\/figcaption><\/figure>\n<figure id=\"attachment_34529\" aria-describedby=\"caption-attachment-34529\" style=\"width: 731px\" class=\"wp-caption aligncenter\"><img loading=\"lazy\" decoding=\"async\" class=\"wp-image-34529 size-full\" src=\"https:\/\/mouldking.store\/wp-content\/uploads\/2022\/11\/52TOYS-BB-26-4.jpg\" alt=\"52TOYS BB-26 THRASHARD Ankylosaurus Dino Robots\" width=\"731\" height=\"1024\" title=\"-\" srcset=\"https:\/\/mouldking.store\/wp-content\/uploads\/2022\/11\/52TOYS-BB-26-4.jpg 731w, https:\/\/mouldking.store\/wp-content\/uploads\/2022\/11\/52TOYS-BB-26-4-214x300.jpg 214w, https:\/\/mouldking.store\/wp-content\/uploads\/2022\/11\/52TOYS-BB-26-4-300x420.jpg 300w, https:\/\/mouldking.store\/wp-content\/uploads\/2022\/11\/52TOYS-BB-26-4-600x840.jpg 600w, https:\/\/mouldking.store\/wp-content\/uploads\/2022\/11\/52TOYS-BB-26-4-107x150.jpg 107w, https:\/\/mouldking.store\/wp-content\/uploads\/2022\/11\/52TOYS-BB-26-4-43x60.jpg 43w, https:\/\/mouldking.store\/wp-content\/uploads\/2022\/11\/52TOYS-BB-26-4-64x90.jpg 64w\" sizes=\"(max-width: 731px) 100vw, 731px\" \/><figcaption id=\"caption-attachment-34529\" class=\"wp-caption-text\">52TOYS BB-26 THRASHARD Ankylosaurus Dino-Roboter<\/figcaption><\/figure>\n<figure id=\"attachment_34530\" aria-describedby=\"caption-attachment-34530\" style=\"width: 661px\" class=\"wp-caption aligncenter\"><img loading=\"lazy\" decoding=\"async\" class=\"wp-image-34530 size-full\" src=\"https:\/\/mouldking.store\/wp-content\/uploads\/2022\/11\/52TOYS-BB-26-3.jpg\" alt=\"52TOYS BB-26 THRASHARD Ankylosaurus Dino Robots\" width=\"661\" height=\"1024\" title=\"-\" srcset=\"https:\/\/mouldking.store\/wp-content\/uploads\/2022\/11\/52TOYS-BB-26-3.jpg 661w, https:\/\/mouldking.store\/wp-content\/uploads\/2022\/11\/52TOYS-BB-26-3-194x300.jpg 194w, https:\/\/mouldking.store\/wp-content\/uploads\/2022\/11\/52TOYS-BB-26-3-300x465.jpg 300w, https:\/\/mouldking.store\/wp-content\/uploads\/2022\/11\/52TOYS-BB-26-3-600x930.jpg 600w, https:\/\/mouldking.store\/wp-content\/uploads\/2022\/11\/52TOYS-BB-26-3-97x150.jpg 97w, https:\/\/mouldking.store\/wp-content\/uploads\/2022\/11\/52TOYS-BB-26-3-39x60.jpg 39w, https:\/\/mouldking.store\/wp-content\/uploads\/2022\/11\/52TOYS-BB-26-3-58x90.jpg 58w\" sizes=\"(max-width: 661px) 100vw, 661px\" \/><figcaption id=\"caption-attachment-34530\" class=\"wp-caption-text\">52TOYS BB-26 THRASHARD Ankylosaurus Dino-Roboter<\/figcaption><\/figure>\n<figure id=\"attachment_34531\" aria-describedby=\"caption-attachment-34531\" style=\"width: 1024px\" class=\"wp-caption aligncenter\"><img loading=\"lazy\" decoding=\"async\" class=\"wp-image-34531 size-full\" src=\"https:\/\/mouldking.store\/wp-content\/uploads\/2022\/11\/52TOYS-BB-26-2.jpg\" alt=\"52TOYS BB-26 THRASHARD Ankylosaurus Dino Robots\" width=\"1024\" height=\"722\" title=\"-\" srcset=\"https:\/\/mouldking.store\/wp-content\/uploads\/2022\/11\/52TOYS-BB-26-2.jpg 1024w, https:\/\/mouldking.store\/wp-content\/uploads\/2022\/11\/52TOYS-BB-26-2-300x212.jpg 300w, https:\/\/mouldking.store\/wp-content\/uploads\/2022\/11\/52TOYS-BB-26-2-768x542.jpg 768w, https:\/\/mouldking.store\/wp-content\/uploads\/2022\/11\/52TOYS-BB-26-2-600x423.jpg 600w, https:\/\/mouldking.store\/wp-content\/uploads\/2022\/11\/52TOYS-BB-26-2-150x106.jpg 150w, https:\/\/mouldking.store\/wp-content\/uploads\/2022\/11\/52TOYS-BB-26-2-85x60.jpg 85w, https:\/\/mouldking.store\/wp-content\/uploads\/2022\/11\/52TOYS-BB-26-2-128x90.jpg 128w\" sizes=\"(max-width: 1024px) 100vw, 1024px\" \/><figcaption id=\"caption-attachment-34531\" class=\"wp-caption-text\">52TOYS BB-26 THRASHARD Ankylosaurus Dino-Roboter<\/figcaption><\/figure>\n<figure id=\"attachment_34532\" aria-describedby=\"caption-attachment-34532\" style=\"width: 1024px\" class=\"wp-caption aligncenter\"><img loading=\"lazy\" decoding=\"async\" class=\"wp-image-34532 size-full\" src=\"https:\/\/mouldking.store\/wp-content\/uploads\/2022\/11\/52TOYS-BB-26.jpg\" alt=\"52TOYS BB-26 THRASHARD Ankylosaurus Dino Robots\" width=\"1024\" height=\"668\" title=\"-\" srcset=\"https:\/\/mouldking.store\/wp-content\/uploads\/2022\/11\/52TOYS-BB-26.jpg 1024w, https:\/\/mouldking.store\/wp-content\/uploads\/2022\/11\/52TOYS-BB-26-300x196.jpg 300w, https:\/\/mouldking.store\/wp-content\/uploads\/2022\/11\/52TOYS-BB-26-768x501.jpg 768w, https:\/\/mouldking.store\/wp-content\/uploads\/2022\/11\/52TOYS-BB-26-600x391.jpg 600w, https:\/\/mouldking.store\/wp-content\/uploads\/2022\/11\/52TOYS-BB-26-150x98.jpg 150w, https:\/\/mouldking.store\/wp-content\/uploads\/2022\/11\/52TOYS-BB-26-92x60.jpg 92w, https:\/\/mouldking.store\/wp-content\/uploads\/2022\/11\/52TOYS-BB-26-138x90.jpg 138w\" sizes=\"(max-width: 1024px) 100vw, 1024px\" \/><figcaption id=\"caption-attachment-34532\" class=\"wp-caption-text\">52TOYS BB-26 THRASHARD Ankylosaurus Dino-Roboter<\/figcaption><\/figure>","protected":false},"excerpt":{"rendered":"<p>Product information: Brand: 52TOYS Gender: Unisex Name: THRASHARD Ankylosaurus Dino Robots Age Range: &gt; 6 years old Model Number: BB-26 Classification: Assemblage Plastic Block Shape: Self-Locking Bricks Material: Plastic Plastic Type: ABS Size: 19 cm Contains detailed assembly instructions. Notice: 1. Without an original box, but we guarantee our products have quality assurance and nice [&hellip;]<\/p>","protected":false},"featured_media":34521,"comment_status":"closed","ping_status":"closed","template":"","meta":{"_acf_changed":false},"product_cat":[1365],"product_tag":[6179,6999,6993,6996,6998,6994,6997,6995,7000],"class_list":["product","first","instock","shipping-taxable","purchasable","product-type-simple"],"acf":[],"_links":{"self":[{"href":"https:\/\/mouldking.store\/de\/wp-json\/wp\/v2\/product\/34519","targetHints":{"allow":["GET"]}}],"collection":[{"href":"https:\/\/mouldking.store\/de\/wp-json\/wp\/v2\/product"}],"about":[{"href":"https:\/\/mouldking.store\/de\/wp-json\/wp\/v2\/types\/product"}],"replies":[{"embeddable":true,"href":"https:\/\/mouldking.store\/de\/wp-json\/wp\/v2\/comments?post=34519"}],"wp:featuredmedia":[{"embeddable":true,"href":"https:\/\/mouldking.store\/de\/wp-json\/wp\/v2\/media\/34521"}],"wp:attachment":[{"href":"https:\/\/mouldking.store\/de\/wp-json\/wp\/v2\/media?parent=34519"}],"wp:term":[{"taxonomy":"product_cat","embeddable":true,"href":"https:\/\/mouldking.store\/de\/wp-json\/wp\/v2\/product_cat?post=34519"},{"taxonomy":"product_tag","embeddable":true,"href":"https:\/\/mouldking.store\/de\/wp-json\/wp\/v2\/product_tag?post=34519"}],"curies":[{"name":"wp","href":"https:\/\/api.w.org\/{rel}","templated":true}]}}