{"id":34708,"date":"2022-11-08T10:05:50","date_gmt":"2022-11-08T03:05:50","guid":{"rendered":"https:\/\/mouldking.store\/?post_type=product&#038;p=34708"},"modified":"2022-11-08T10:05:50","modified_gmt":"2022-11-08T03:05:50","slug":"52toys-bb-13-26-39xfyx-firefighter-heroes-set","status":"publish","type":"product","link":"https:\/\/mouldking.store\/de\/shop\/52toys-bb-13-26-39xfyx-firefighter-heroes-set\/","title":{"rendered":"52TOYS BB-13\/26\/39XFYX FEUERWEHRHELDEN-SET"},"content":{"rendered":"<p>Produktinformation:<\/p>\n<ol>\n<li>Marke: 52TOYS<\/li>\n<li>Geschlecht: Unisex<\/li>\n<li>Name: FIREFIGHTER HEROES SET<\/li>\n<li>Altersspanne: &gt; 6 Jahre alt<\/li>\n<li>Model Number: BB-13\/26\/39XFYX<\/li>\n<li>Einstufung: Assemblage<\/li>\n<li>Kunststoffblockform: Selbstsichernde Steine<\/li>\n<li>Material: Kunststoff<\/li>\n<li>Kunststofftyp: ABS<\/li>\n<li>Size: 14 cm<\/li>\n<li>Enth\u00e4lt eine ausf\u00fchrliche Montageanleitung.<\/li>\n<\/ol>\n<p>Notiz:<br \/>\n1. Ohne Originalverpackung, aber wir garantieren, dass unsere Produkte eine Qualit\u00e4tssicherung und eine sch\u00f6ne Verpackung haben.<br \/>\n2. Wie alle Teile, die wir vor dem Versand \u00fcberpr\u00fcft haben, machen Sie sich keine Sorgen, wenn Sie feststellen, dass einige Teile fehlen oder besch\u00e4digt sind, und kontaktieren Sie uns einfach, und wir k\u00f6nnen sie Ihnen umgehend kostenlos erneut zusenden.<\/p>\n<figure id=\"attachment_34709\" aria-describedby=\"caption-attachment-34709\" style=\"width: 800px\" class=\"wp-caption aligncenter\"><img fetchpriority=\"high\" decoding=\"async\" class=\"wp-image-34709 size-full\" src=\"https:\/\/mouldking.store\/wp-content\/uploads\/2022\/11\/52TOYS-BB-132639XFYX-10.jpg\" alt=\"52TOYS BB-13\/26\/39XFYX FIREFIGHTER HEROES SET \" width=\"800\" height=\"800\" title=\"-\" srcset=\"https:\/\/mouldking.store\/wp-content\/uploads\/2022\/11\/52TOYS-BB-132639XFYX-10.jpg 800w, https:\/\/mouldking.store\/wp-content\/uploads\/2022\/11\/52TOYS-BB-132639XFYX-10-300x300.jpg 300w, https:\/\/mouldking.store\/wp-content\/uploads\/2022\/11\/52TOYS-BB-132639XFYX-10-768x768.jpg 768w, https:\/\/mouldking.store\/wp-content\/uploads\/2022\/11\/52TOYS-BB-132639XFYX-10-600x600.jpg 600w, https:\/\/mouldking.store\/wp-content\/uploads\/2022\/11\/52TOYS-BB-132639XFYX-10-150x150.jpg 150w, https:\/\/mouldking.store\/wp-content\/uploads\/2022\/11\/52TOYS-BB-132639XFYX-10-60x60.jpg 60w, https:\/\/mouldking.store\/wp-content\/uploads\/2022\/11\/52TOYS-BB-132639XFYX-10-90x90.jpg 90w\" sizes=\"(max-width: 800px) 100vw, 800px\" \/><figcaption id=\"caption-attachment-34709\" class=\"wp-caption-text\">52TOYS BB-13\/26\/39XFYX FEUERWEHRHELDEN-SET<\/figcaption><\/figure>\n<figure id=\"attachment_34710\" aria-describedby=\"caption-attachment-34710\" style=\"width: 1024px\" class=\"wp-caption aligncenter\"><img decoding=\"async\" class=\"wp-image-34710 size-full\" src=\"https:\/\/mouldking.store\/wp-content\/uploads\/2022\/11\/52TOYS-BB-132639XFYX-9.jpg\" alt=\"52TOYS BB-13\/26\/39XFYX FIREFIGHTER HEROES SET \" width=\"1024\" height=\"683\" title=\"-\" srcset=\"https:\/\/mouldking.store\/wp-content\/uploads\/2022\/11\/52TOYS-BB-132639XFYX-9.jpg 1024w, https:\/\/mouldking.store\/wp-content\/uploads\/2022\/11\/52TOYS-BB-132639XFYX-9-300x200.jpg 300w, https:\/\/mouldking.store\/wp-content\/uploads\/2022\/11\/52TOYS-BB-132639XFYX-9-768x512.jpg 768w, https:\/\/mouldking.store\/wp-content\/uploads\/2022\/11\/52TOYS-BB-132639XFYX-9-600x400.jpg 600w, https:\/\/mouldking.store\/wp-content\/uploads\/2022\/11\/52TOYS-BB-132639XFYX-9-150x100.jpg 150w, https:\/\/mouldking.store\/wp-content\/uploads\/2022\/11\/52TOYS-BB-132639XFYX-9-90x60.jpg 90w, https:\/\/mouldking.store\/wp-content\/uploads\/2022\/11\/52TOYS-BB-132639XFYX-9-135x90.jpg 135w\" sizes=\"(max-width: 1024px) 100vw, 1024px\" \/><figcaption id=\"caption-attachment-34710\" class=\"wp-caption-text\">52TOYS BB-13\/26\/39XFYX FEUERWEHRHELDEN-SET<\/figcaption><\/figure>\n<figure id=\"attachment_34711\" aria-describedby=\"caption-attachment-34711\" style=\"width: 1024px\" class=\"wp-caption aligncenter\"><img decoding=\"async\" class=\"wp-image-34711 size-full\" src=\"https:\/\/mouldking.store\/wp-content\/uploads\/2022\/11\/52TOYS-BB-132639XFYX-8.jpg\" alt=\"52TOYS BB-13\/26\/39XFYX FIREFIGHTER HEROES SET \" width=\"1024\" height=\"683\" title=\"-\" srcset=\"https:\/\/mouldking.store\/wp-content\/uploads\/2022\/11\/52TOYS-BB-132639XFYX-8.jpg 1024w, https:\/\/mouldking.store\/wp-content\/uploads\/2022\/11\/52TOYS-BB-132639XFYX-8-300x200.jpg 300w, https:\/\/mouldking.store\/wp-content\/uploads\/2022\/11\/52TOYS-BB-132639XFYX-8-768x512.jpg 768w, https:\/\/mouldking.store\/wp-content\/uploads\/2022\/11\/52TOYS-BB-132639XFYX-8-600x400.jpg 600w, https:\/\/mouldking.store\/wp-content\/uploads\/2022\/11\/52TOYS-BB-132639XFYX-8-150x100.jpg 150w, https:\/\/mouldking.store\/wp-content\/uploads\/2022\/11\/52TOYS-BB-132639XFYX-8-90x60.jpg 90w, https:\/\/mouldking.store\/wp-content\/uploads\/2022\/11\/52TOYS-BB-132639XFYX-8-135x90.jpg 135w\" sizes=\"(max-width: 1024px) 100vw, 1024px\" \/><figcaption id=\"caption-attachment-34711\" class=\"wp-caption-text\">52TOYS BB-13\/26\/39XFYX FEUERWEHRHELDEN-SET<\/figcaption><\/figure>\n<figure id=\"attachment_34712\" aria-describedby=\"caption-attachment-34712\" style=\"width: 1000px\" class=\"wp-caption aligncenter\"><img loading=\"lazy\" decoding=\"async\" class=\"wp-image-34712 size-full\" src=\"https:\/\/mouldking.store\/wp-content\/uploads\/2022\/11\/52TOYS-BB-132639XFYX-7.jpg\" alt=\"52TOYS BB-13\/26\/39XFYX FIREFIGHTER HEROES SET \" width=\"1000\" height=\"838\" title=\"-\" srcset=\"https:\/\/mouldking.store\/wp-content\/uploads\/2022\/11\/52TOYS-BB-132639XFYX-7.jpg 1000w, https:\/\/mouldking.store\/wp-content\/uploads\/2022\/11\/52TOYS-BB-132639XFYX-7-300x251.jpg 300w, https:\/\/mouldking.store\/wp-content\/uploads\/2022\/11\/52TOYS-BB-132639XFYX-7-768x644.jpg 768w, https:\/\/mouldking.store\/wp-content\/uploads\/2022\/11\/52TOYS-BB-132639XFYX-7-600x503.jpg 600w, https:\/\/mouldking.store\/wp-content\/uploads\/2022\/11\/52TOYS-BB-132639XFYX-7-150x126.jpg 150w, https:\/\/mouldking.store\/wp-content\/uploads\/2022\/11\/52TOYS-BB-132639XFYX-7-72x60.jpg 72w, https:\/\/mouldking.store\/wp-content\/uploads\/2022\/11\/52TOYS-BB-132639XFYX-7-107x90.jpg 107w\" sizes=\"(max-width: 1000px) 100vw, 1000px\" \/><figcaption id=\"caption-attachment-34712\" class=\"wp-caption-text\">52TOYS BB-13\/26\/39XFYX FEUERWEHRHELDEN-SET<\/figcaption><\/figure>\n<figure id=\"attachment_34713\" aria-describedby=\"caption-attachment-34713\" style=\"width: 1000px\" class=\"wp-caption aligncenter\"><img loading=\"lazy\" decoding=\"async\" class=\"wp-image-34713 size-full\" src=\"https:\/\/mouldking.store\/wp-content\/uploads\/2022\/11\/52TOYS-BB-132639XFYX-6.jpg\" alt=\"52TOYS BB-13\/26\/39XFYX FIREFIGHTER HEROES SET \" width=\"1000\" height=\"805\" title=\"-\" srcset=\"https:\/\/mouldking.store\/wp-content\/uploads\/2022\/11\/52TOYS-BB-132639XFYX-6.jpg 1000w, https:\/\/mouldking.store\/wp-content\/uploads\/2022\/11\/52TOYS-BB-132639XFYX-6-300x242.jpg 300w, https:\/\/mouldking.store\/wp-content\/uploads\/2022\/11\/52TOYS-BB-132639XFYX-6-768x618.jpg 768w, https:\/\/mouldking.store\/wp-content\/uploads\/2022\/11\/52TOYS-BB-132639XFYX-6-600x483.jpg 600w, https:\/\/mouldking.store\/wp-content\/uploads\/2022\/11\/52TOYS-BB-132639XFYX-6-150x121.jpg 150w, https:\/\/mouldking.store\/wp-content\/uploads\/2022\/11\/52TOYS-BB-132639XFYX-6-75x60.jpg 75w, https:\/\/mouldking.store\/wp-content\/uploads\/2022\/11\/52TOYS-BB-132639XFYX-6-112x90.jpg 112w\" sizes=\"(max-width: 1000px) 100vw, 1000px\" \/><figcaption id=\"caption-attachment-34713\" class=\"wp-caption-text\">52TOYS BB-13\/26\/39XFYX FEUERWEHRHELDEN-SET<\/figcaption><\/figure>\n<figure id=\"attachment_34714\" aria-describedby=\"caption-attachment-34714\" style=\"width: 1024px\" class=\"wp-caption aligncenter\"><img loading=\"lazy\" decoding=\"async\" class=\"wp-image-34714 size-full\" src=\"https:\/\/mouldking.store\/wp-content\/uploads\/2022\/11\/52TOYS-BB-132639XFYX-5.jpg\" alt=\"52TOYS BB-13\/26\/39XFYX FIREFIGHTER HEROES SET \" width=\"1024\" height=\"683\" title=\"-\" srcset=\"https:\/\/mouldking.store\/wp-content\/uploads\/2022\/11\/52TOYS-BB-132639XFYX-5.jpg 1024w, https:\/\/mouldking.store\/wp-content\/uploads\/2022\/11\/52TOYS-BB-132639XFYX-5-300x200.jpg 300w, https:\/\/mouldking.store\/wp-content\/uploads\/2022\/11\/52TOYS-BB-132639XFYX-5-768x512.jpg 768w, https:\/\/mouldking.store\/wp-content\/uploads\/2022\/11\/52TOYS-BB-132639XFYX-5-600x400.jpg 600w, https:\/\/mouldking.store\/wp-content\/uploads\/2022\/11\/52TOYS-BB-132639XFYX-5-150x100.jpg 150w, https:\/\/mouldking.store\/wp-content\/uploads\/2022\/11\/52TOYS-BB-132639XFYX-5-90x60.jpg 90w, https:\/\/mouldking.store\/wp-content\/uploads\/2022\/11\/52TOYS-BB-132639XFYX-5-135x90.jpg 135w\" sizes=\"(max-width: 1024px) 100vw, 1024px\" \/><figcaption id=\"caption-attachment-34714\" class=\"wp-caption-text\">52TOYS BB-13\/26\/39XFYX FEUERWEHRHELDEN-SET<\/figcaption><\/figure>\n<figure id=\"attachment_34715\" aria-describedby=\"caption-attachment-34715\" style=\"width: 1000px\" class=\"wp-caption aligncenter\"><img loading=\"lazy\" decoding=\"async\" class=\"wp-image-34715 size-full\" src=\"https:\/\/mouldking.store\/wp-content\/uploads\/2022\/11\/52TOYS-BB-132639XFYX-4.jpg\" alt=\"52TOYS BB-13\/26\/39XFYX FIREFIGHTER HEROES SET \" width=\"1000\" height=\"883\" title=\"-\" srcset=\"https:\/\/mouldking.store\/wp-content\/uploads\/2022\/11\/52TOYS-BB-132639XFYX-4.jpg 1000w, https:\/\/mouldking.store\/wp-content\/uploads\/2022\/11\/52TOYS-BB-132639XFYX-4-300x265.jpg 300w, https:\/\/mouldking.store\/wp-content\/uploads\/2022\/11\/52TOYS-BB-132639XFYX-4-768x678.jpg 768w, https:\/\/mouldking.store\/wp-content\/uploads\/2022\/11\/52TOYS-BB-132639XFYX-4-600x530.jpg 600w, https:\/\/mouldking.store\/wp-content\/uploads\/2022\/11\/52TOYS-BB-132639XFYX-4-150x132.jpg 150w, https:\/\/mouldking.store\/wp-content\/uploads\/2022\/11\/52TOYS-BB-132639XFYX-4-68x60.jpg 68w, https:\/\/mouldking.store\/wp-content\/uploads\/2022\/11\/52TOYS-BB-132639XFYX-4-102x90.jpg 102w\" sizes=\"(max-width: 1000px) 100vw, 1000px\" \/><figcaption id=\"caption-attachment-34715\" class=\"wp-caption-text\">52TOYS BB-13\/26\/39XFYX FEUERWEHRHELDEN-SET<\/figcaption><\/figure>\n<figure id=\"attachment_34716\" aria-describedby=\"caption-attachment-34716\" style=\"width: 1000px\" class=\"wp-caption aligncenter\"><img loading=\"lazy\" decoding=\"async\" class=\"wp-image-34716 size-full\" src=\"https:\/\/mouldking.store\/wp-content\/uploads\/2022\/11\/52TOYS-BB-132639XFYX-3.jpg\" alt=\"52TOYS BB-13\/26\/39XFYX FIREFIGHTER HEROES SET \" width=\"1000\" height=\"803\" title=\"-\" srcset=\"https:\/\/mouldking.store\/wp-content\/uploads\/2022\/11\/52TOYS-BB-132639XFYX-3.jpg 1000w, https:\/\/mouldking.store\/wp-content\/uploads\/2022\/11\/52TOYS-BB-132639XFYX-3-300x241.jpg 300w, https:\/\/mouldking.store\/wp-content\/uploads\/2022\/11\/52TOYS-BB-132639XFYX-3-768x617.jpg 768w, https:\/\/mouldking.store\/wp-content\/uploads\/2022\/11\/52TOYS-BB-132639XFYX-3-600x482.jpg 600w, https:\/\/mouldking.store\/wp-content\/uploads\/2022\/11\/52TOYS-BB-132639XFYX-3-150x120.jpg 150w, https:\/\/mouldking.store\/wp-content\/uploads\/2022\/11\/52TOYS-BB-132639XFYX-3-75x60.jpg 75w, https:\/\/mouldking.store\/wp-content\/uploads\/2022\/11\/52TOYS-BB-132639XFYX-3-112x90.jpg 112w\" sizes=\"(max-width: 1000px) 100vw, 1000px\" \/><figcaption id=\"caption-attachment-34716\" class=\"wp-caption-text\">52TOYS BB-13\/26\/39XFYX FEUERWEHRHELDEN-SET<\/figcaption><\/figure>\n<figure id=\"attachment_34717\" aria-describedby=\"caption-attachment-34717\" style=\"width: 1000px\" class=\"wp-caption aligncenter\"><img loading=\"lazy\" decoding=\"async\" class=\"wp-image-34717 size-full\" src=\"https:\/\/mouldking.store\/wp-content\/uploads\/2022\/11\/52TOYS-BB-132639XFYX-2.jpg\" alt=\"52TOYS BB-13\/26\/39XFYX FIREFIGHTER HEROES SET \" width=\"1000\" height=\"786\" title=\"-\" srcset=\"https:\/\/mouldking.store\/wp-content\/uploads\/2022\/11\/52TOYS-BB-132639XFYX-2.jpg 1000w, https:\/\/mouldking.store\/wp-content\/uploads\/2022\/11\/52TOYS-BB-132639XFYX-2-300x236.jpg 300w, https:\/\/mouldking.store\/wp-content\/uploads\/2022\/11\/52TOYS-BB-132639XFYX-2-768x604.jpg 768w, https:\/\/mouldking.store\/wp-content\/uploads\/2022\/11\/52TOYS-BB-132639XFYX-2-600x472.jpg 600w, https:\/\/mouldking.store\/wp-content\/uploads\/2022\/11\/52TOYS-BB-132639XFYX-2-150x118.jpg 150w, https:\/\/mouldking.store\/wp-content\/uploads\/2022\/11\/52TOYS-BB-132639XFYX-2-76x60.jpg 76w, https:\/\/mouldking.store\/wp-content\/uploads\/2022\/11\/52TOYS-BB-132639XFYX-2-115x90.jpg 115w\" sizes=\"(max-width: 1000px) 100vw, 1000px\" \/><figcaption id=\"caption-attachment-34717\" class=\"wp-caption-text\">52TOYS BB-13\/26\/39XFYX FEUERWEHRHELDEN-SET<\/figcaption><\/figure>\n<figure id=\"attachment_34718\" aria-describedby=\"caption-attachment-34718\" style=\"width: 1024px\" class=\"wp-caption aligncenter\"><img loading=\"lazy\" decoding=\"async\" class=\"wp-image-34718 size-full\" src=\"https:\/\/mouldking.store\/wp-content\/uploads\/2022\/11\/52TOYS-BB-132639XFYX.jpg\" alt=\"52TOYS BB-13\/26\/39XFYX FIREFIGHTER HEROES SET \" width=\"1024\" height=\"683\" title=\"-\" srcset=\"https:\/\/mouldking.store\/wp-content\/uploads\/2022\/11\/52TOYS-BB-132639XFYX.jpg 1024w, https:\/\/mouldking.store\/wp-content\/uploads\/2022\/11\/52TOYS-BB-132639XFYX-300x200.jpg 300w, https:\/\/mouldking.store\/wp-content\/uploads\/2022\/11\/52TOYS-BB-132639XFYX-768x512.jpg 768w, https:\/\/mouldking.store\/wp-content\/uploads\/2022\/11\/52TOYS-BB-132639XFYX-600x400.jpg 600w, https:\/\/mouldking.store\/wp-content\/uploads\/2022\/11\/52TOYS-BB-132639XFYX-150x100.jpg 150w, https:\/\/mouldking.store\/wp-content\/uploads\/2022\/11\/52TOYS-BB-132639XFYX-90x60.jpg 90w, https:\/\/mouldking.store\/wp-content\/uploads\/2022\/11\/52TOYS-BB-132639XFYX-135x90.jpg 135w\" sizes=\"(max-width: 1024px) 100vw, 1024px\" \/><figcaption id=\"caption-attachment-34718\" class=\"wp-caption-text\">52TOYS BB-13\/26\/39XFYX FEUERWEHRHELDEN-SET<\/figcaption><\/figure>","protected":false},"excerpt":{"rendered":"<p>Product information: Brand: 52TOYS Gender: Unisex Name: FIREFIGHTER HEROES SET Age Range: &gt; 6 years old Model Number: BB-13\/26\/39XFYX Classification: Assemblage Plastic Block Shape: Self-Locking Bricks Material: Plastic Plastic Type: ABS Size: 14 cm Contains detailed assembly instructions. Notice: 1. Without an original box, but we guarantee our products have quality assurance and nice packaging. [&hellip;]<\/p>","protected":false},"featured_media":34709,"comment_status":"closed","ping_status":"closed","template":"","meta":{"_acf_changed":false},"product_cat":[1365],"product_tag":[6179,7085,7081,7082,7083,7086,7084],"class_list":["product","first","instock","shipping-taxable","purchasable","product-type-simple"],"acf":[],"_links":{"self":[{"href":"https:\/\/mouldking.store\/de\/wp-json\/wp\/v2\/product\/34708","targetHints":{"allow":["GET"]}}],"collection":[{"href":"https:\/\/mouldking.store\/de\/wp-json\/wp\/v2\/product"}],"about":[{"href":"https:\/\/mouldking.store\/de\/wp-json\/wp\/v2\/types\/product"}],"replies":[{"embeddable":true,"href":"https:\/\/mouldking.store\/de\/wp-json\/wp\/v2\/comments?post=34708"}],"wp:featuredmedia":[{"embeddable":true,"href":"https:\/\/mouldking.store\/de\/wp-json\/wp\/v2\/media\/34709"}],"wp:attachment":[{"href":"https:\/\/mouldking.store\/de\/wp-json\/wp\/v2\/media?parent=34708"}],"wp:term":[{"taxonomy":"product_cat","embeddable":true,"href":"https:\/\/mouldking.store\/de\/wp-json\/wp\/v2\/product_cat?post=34708"},{"taxonomy":"product_tag","embeddable":true,"href":"https:\/\/mouldking.store\/de\/wp-json\/wp\/v2\/product_tag?post=34708"}],"curies":[{"name":"wp","href":"https:\/\/api.w.org\/{rel}","templated":true}]}}