{"id":34841,"date":"2022-11-08T11:57:14","date_gmt":"2022-11-08T04:57:14","guid":{"rendered":"https:\/\/mouldking.store\/?post_type=product&#038;p=34841"},"modified":"2022-11-08T11:57:14","modified_gmt":"2022-11-08T04:57:14","slug":"52toys-bb-03js-jonsen","status":"publish","type":"product","link":"https:\/\/mouldking.store\/de\/shop\/52toys-bb-03js-jonsen\/","title":{"rendered":"52TOYS BB-03JS Jonsen"},"content":{"rendered":"<p>Produktinformation:<\/p>\n<ol>\n<li>Marke: 52TOYS<\/li>\n<li>Geschlecht: Unisex<\/li>\n<li>Name: Jonsen<\/li>\n<li>Altersspanne: &gt; 6 Jahre alt<\/li>\n<li>Model Number: BB-03JS<\/li>\n<li>Einstufung: Assemblage<\/li>\n<li>Kunststoffblockform: Selbstsichernde Steine<\/li>\n<li>Material: Kunststoff<\/li>\n<li>Kunststofftyp: ABS<\/li>\n<li>Gr\u00f6\u00dfe: 11,5 cm<\/li>\n<li>Enth\u00e4lt eine ausf\u00fchrliche Montageanleitung.<\/li>\n<\/ol>\n<p>Notiz:<br \/>\n1. Ohne Originalverpackung, aber wir garantieren, dass unsere Produkte eine Qualit\u00e4tssicherung und eine sch\u00f6ne Verpackung haben.<br \/>\n2. Wie alle Teile, die wir vor dem Versand \u00fcberpr\u00fcft haben, machen Sie sich keine Sorgen, wenn Sie feststellen, dass einige Teile fehlen oder besch\u00e4digt sind, und kontaktieren Sie uns einfach, und wir k\u00f6nnen sie Ihnen umgehend kostenlos erneut zusenden.<\/p>\n<figure id=\"attachment_34842\" aria-describedby=\"caption-attachment-34842\" style=\"width: 800px\" class=\"wp-caption aligncenter\"><img fetchpriority=\"high\" decoding=\"async\" class=\"wp-image-34842 size-full\" src=\"https:\/\/mouldking.store\/wp-content\/uploads\/2022\/11\/52TOYS-BB-03JS-9.jpg\" alt=\"52TOYS BB-03JS Jonsen \" width=\"800\" height=\"800\" title=\"-\" srcset=\"https:\/\/mouldking.store\/wp-content\/uploads\/2022\/11\/52TOYS-BB-03JS-9.jpg 800w, https:\/\/mouldking.store\/wp-content\/uploads\/2022\/11\/52TOYS-BB-03JS-9-300x300.jpg 300w, https:\/\/mouldking.store\/wp-content\/uploads\/2022\/11\/52TOYS-BB-03JS-9-768x768.jpg 768w, https:\/\/mouldking.store\/wp-content\/uploads\/2022\/11\/52TOYS-BB-03JS-9-600x600.jpg 600w, https:\/\/mouldking.store\/wp-content\/uploads\/2022\/11\/52TOYS-BB-03JS-9-150x150.jpg 150w, https:\/\/mouldking.store\/wp-content\/uploads\/2022\/11\/52TOYS-BB-03JS-9-60x60.jpg 60w, https:\/\/mouldking.store\/wp-content\/uploads\/2022\/11\/52TOYS-BB-03JS-9-90x90.jpg 90w\" sizes=\"(max-width: 800px) 100vw, 800px\" \/><figcaption id=\"caption-attachment-34842\" class=\"wp-caption-text\">52TOYS BB-03JS Jonsen<\/figcaption><\/figure>\n<figure id=\"attachment_34843\" aria-describedby=\"caption-attachment-34843\" style=\"width: 767px\" class=\"wp-caption aligncenter\"><img decoding=\"async\" class=\"wp-image-34843 size-full\" src=\"https:\/\/mouldking.store\/wp-content\/uploads\/2022\/11\/52TOYS-BB-03JS-8.jpg\" alt=\"52TOYS BB-03JS Jonsen \" width=\"767\" height=\"1024\" title=\"-\" srcset=\"https:\/\/mouldking.store\/wp-content\/uploads\/2022\/11\/52TOYS-BB-03JS-8.jpg 767w, https:\/\/mouldking.store\/wp-content\/uploads\/2022\/11\/52TOYS-BB-03JS-8-225x300.jpg 225w, https:\/\/mouldking.store\/wp-content\/uploads\/2022\/11\/52TOYS-BB-03JS-8-300x401.jpg 300w, https:\/\/mouldking.store\/wp-content\/uploads\/2022\/11\/52TOYS-BB-03JS-8-600x801.jpg 600w, https:\/\/mouldking.store\/wp-content\/uploads\/2022\/11\/52TOYS-BB-03JS-8-112x150.jpg 112w, https:\/\/mouldking.store\/wp-content\/uploads\/2022\/11\/52TOYS-BB-03JS-8-45x60.jpg 45w, https:\/\/mouldking.store\/wp-content\/uploads\/2022\/11\/52TOYS-BB-03JS-8-67x90.jpg 67w\" sizes=\"(max-width: 767px) 100vw, 767px\" \/><figcaption id=\"caption-attachment-34843\" class=\"wp-caption-text\">52TOYS BB-03JS Jonsen<\/figcaption><\/figure>\n<figure id=\"attachment_34844\" aria-describedby=\"caption-attachment-34844\" style=\"width: 1024px\" class=\"wp-caption aligncenter\"><img decoding=\"async\" class=\"wp-image-34844 size-full\" src=\"https:\/\/mouldking.store\/wp-content\/uploads\/2022\/11\/52TOYS-BB-03JS-7.jpg\" alt=\"52TOYS BB-03JS Jonsen \" width=\"1024\" height=\"683\" title=\"-\" srcset=\"https:\/\/mouldking.store\/wp-content\/uploads\/2022\/11\/52TOYS-BB-03JS-7.jpg 1024w, https:\/\/mouldking.store\/wp-content\/uploads\/2022\/11\/52TOYS-BB-03JS-7-300x200.jpg 300w, https:\/\/mouldking.store\/wp-content\/uploads\/2022\/11\/52TOYS-BB-03JS-7-768x512.jpg 768w, https:\/\/mouldking.store\/wp-content\/uploads\/2022\/11\/52TOYS-BB-03JS-7-600x400.jpg 600w, https:\/\/mouldking.store\/wp-content\/uploads\/2022\/11\/52TOYS-BB-03JS-7-150x100.jpg 150w, https:\/\/mouldking.store\/wp-content\/uploads\/2022\/11\/52TOYS-BB-03JS-7-90x60.jpg 90w, https:\/\/mouldking.store\/wp-content\/uploads\/2022\/11\/52TOYS-BB-03JS-7-135x90.jpg 135w\" sizes=\"(max-width: 1024px) 100vw, 1024px\" \/><figcaption id=\"caption-attachment-34844\" class=\"wp-caption-text\">52TOYS BB-03JS Jonsen<\/figcaption><\/figure>\n<figure id=\"attachment_34845\" aria-describedby=\"caption-attachment-34845\" style=\"width: 1024px\" class=\"wp-caption aligncenter\"><img loading=\"lazy\" decoding=\"async\" class=\"wp-image-34845 size-full\" src=\"https:\/\/mouldking.store\/wp-content\/uploads\/2022\/11\/52TOYS-BB-03JS-6.jpg\" alt=\"52TOYS BB-03JS Jonsen \" width=\"1024\" height=\"683\" title=\"-\" srcset=\"https:\/\/mouldking.store\/wp-content\/uploads\/2022\/11\/52TOYS-BB-03JS-6.jpg 1024w, https:\/\/mouldking.store\/wp-content\/uploads\/2022\/11\/52TOYS-BB-03JS-6-300x200.jpg 300w, https:\/\/mouldking.store\/wp-content\/uploads\/2022\/11\/52TOYS-BB-03JS-6-768x512.jpg 768w, https:\/\/mouldking.store\/wp-content\/uploads\/2022\/11\/52TOYS-BB-03JS-6-600x400.jpg 600w, https:\/\/mouldking.store\/wp-content\/uploads\/2022\/11\/52TOYS-BB-03JS-6-150x100.jpg 150w, https:\/\/mouldking.store\/wp-content\/uploads\/2022\/11\/52TOYS-BB-03JS-6-90x60.jpg 90w, https:\/\/mouldking.store\/wp-content\/uploads\/2022\/11\/52TOYS-BB-03JS-6-135x90.jpg 135w\" sizes=\"(max-width: 1024px) 100vw, 1024px\" \/><figcaption id=\"caption-attachment-34845\" class=\"wp-caption-text\">52TOYS BB-03JS Jonsen<\/figcaption><\/figure>\n<figure id=\"attachment_34846\" aria-describedby=\"caption-attachment-34846\" style=\"width: 1024px\" class=\"wp-caption aligncenter\"><img loading=\"lazy\" decoding=\"async\" class=\"wp-image-34846 size-full\" src=\"https:\/\/mouldking.store\/wp-content\/uploads\/2022\/11\/52TOYS-BB-03JS-5.jpg\" alt=\"52TOYS BB-03JS Jonsen \" width=\"1024\" height=\"683\" title=\"-\" srcset=\"https:\/\/mouldking.store\/wp-content\/uploads\/2022\/11\/52TOYS-BB-03JS-5.jpg 1024w, https:\/\/mouldking.store\/wp-content\/uploads\/2022\/11\/52TOYS-BB-03JS-5-300x200.jpg 300w, https:\/\/mouldking.store\/wp-content\/uploads\/2022\/11\/52TOYS-BB-03JS-5-768x512.jpg 768w, https:\/\/mouldking.store\/wp-content\/uploads\/2022\/11\/52TOYS-BB-03JS-5-600x400.jpg 600w, https:\/\/mouldking.store\/wp-content\/uploads\/2022\/11\/52TOYS-BB-03JS-5-150x100.jpg 150w, https:\/\/mouldking.store\/wp-content\/uploads\/2022\/11\/52TOYS-BB-03JS-5-90x60.jpg 90w, https:\/\/mouldking.store\/wp-content\/uploads\/2022\/11\/52TOYS-BB-03JS-5-135x90.jpg 135w\" sizes=\"(max-width: 1024px) 100vw, 1024px\" \/><figcaption id=\"caption-attachment-34846\" class=\"wp-caption-text\">52TOYS BB-03JS Jonsen<\/figcaption><\/figure>\n<figure id=\"attachment_34847\" aria-describedby=\"caption-attachment-34847\" style=\"width: 1024px\" class=\"wp-caption aligncenter\"><img loading=\"lazy\" decoding=\"async\" class=\"wp-image-34847 size-full\" src=\"https:\/\/mouldking.store\/wp-content\/uploads\/2022\/11\/52TOYS-BB-03JS-4.jpg\" alt=\"52TOYS BB-03JS Jonsen \" width=\"1024\" height=\"683\" title=\"-\" srcset=\"https:\/\/mouldking.store\/wp-content\/uploads\/2022\/11\/52TOYS-BB-03JS-4.jpg 1024w, https:\/\/mouldking.store\/wp-content\/uploads\/2022\/11\/52TOYS-BB-03JS-4-300x200.jpg 300w, https:\/\/mouldking.store\/wp-content\/uploads\/2022\/11\/52TOYS-BB-03JS-4-768x512.jpg 768w, https:\/\/mouldking.store\/wp-content\/uploads\/2022\/11\/52TOYS-BB-03JS-4-600x400.jpg 600w, https:\/\/mouldking.store\/wp-content\/uploads\/2022\/11\/52TOYS-BB-03JS-4-150x100.jpg 150w, https:\/\/mouldking.store\/wp-content\/uploads\/2022\/11\/52TOYS-BB-03JS-4-90x60.jpg 90w, https:\/\/mouldking.store\/wp-content\/uploads\/2022\/11\/52TOYS-BB-03JS-4-135x90.jpg 135w\" sizes=\"(max-width: 1024px) 100vw, 1024px\" \/><figcaption id=\"caption-attachment-34847\" class=\"wp-caption-text\">52TOYS BB-03JS Jonsen<\/figcaption><\/figure>\n<figure id=\"attachment_34848\" aria-describedby=\"caption-attachment-34848\" style=\"width: 1024px\" class=\"wp-caption aligncenter\"><img loading=\"lazy\" decoding=\"async\" class=\"wp-image-34848 size-full\" src=\"https:\/\/mouldking.store\/wp-content\/uploads\/2022\/11\/52TOYS-BB-03JS-3.jpg\" alt=\"52TOYS BB-03JS Jonsen \" width=\"1024\" height=\"683\" title=\"-\" srcset=\"https:\/\/mouldking.store\/wp-content\/uploads\/2022\/11\/52TOYS-BB-03JS-3.jpg 1024w, https:\/\/mouldking.store\/wp-content\/uploads\/2022\/11\/52TOYS-BB-03JS-3-300x200.jpg 300w, https:\/\/mouldking.store\/wp-content\/uploads\/2022\/11\/52TOYS-BB-03JS-3-768x512.jpg 768w, https:\/\/mouldking.store\/wp-content\/uploads\/2022\/11\/52TOYS-BB-03JS-3-600x400.jpg 600w, https:\/\/mouldking.store\/wp-content\/uploads\/2022\/11\/52TOYS-BB-03JS-3-150x100.jpg 150w, https:\/\/mouldking.store\/wp-content\/uploads\/2022\/11\/52TOYS-BB-03JS-3-90x60.jpg 90w, https:\/\/mouldking.store\/wp-content\/uploads\/2022\/11\/52TOYS-BB-03JS-3-135x90.jpg 135w\" sizes=\"(max-width: 1024px) 100vw, 1024px\" \/><figcaption id=\"caption-attachment-34848\" class=\"wp-caption-text\">52TOYS BB-03JS Jonsen<\/figcaption><\/figure>\n<figure id=\"attachment_34849\" aria-describedby=\"caption-attachment-34849\" style=\"width: 1024px\" class=\"wp-caption aligncenter\"><img loading=\"lazy\" decoding=\"async\" class=\"wp-image-34849 size-full\" src=\"https:\/\/mouldking.store\/wp-content\/uploads\/2022\/11\/52TOYS-BB-03JS-2.jpg\" alt=\"52TOYS BB-03JS Jonsen \" width=\"1024\" height=\"683\" title=\"-\" srcset=\"https:\/\/mouldking.store\/wp-content\/uploads\/2022\/11\/52TOYS-BB-03JS-2.jpg 1024w, https:\/\/mouldking.store\/wp-content\/uploads\/2022\/11\/52TOYS-BB-03JS-2-300x200.jpg 300w, https:\/\/mouldking.store\/wp-content\/uploads\/2022\/11\/52TOYS-BB-03JS-2-768x512.jpg 768w, https:\/\/mouldking.store\/wp-content\/uploads\/2022\/11\/52TOYS-BB-03JS-2-600x400.jpg 600w, https:\/\/mouldking.store\/wp-content\/uploads\/2022\/11\/52TOYS-BB-03JS-2-150x100.jpg 150w, https:\/\/mouldking.store\/wp-content\/uploads\/2022\/11\/52TOYS-BB-03JS-2-90x60.jpg 90w, https:\/\/mouldking.store\/wp-content\/uploads\/2022\/11\/52TOYS-BB-03JS-2-135x90.jpg 135w\" sizes=\"(max-width: 1024px) 100vw, 1024px\" \/><figcaption id=\"caption-attachment-34849\" class=\"wp-caption-text\">52TOYS BB-03JS Jonsen<\/figcaption><\/figure>\n<figure id=\"attachment_34850\" aria-describedby=\"caption-attachment-34850\" style=\"width: 1024px\" class=\"wp-caption aligncenter\"><img loading=\"lazy\" decoding=\"async\" class=\"wp-image-34850 size-full\" src=\"https:\/\/mouldking.store\/wp-content\/uploads\/2022\/11\/52TOYS-BB-03JS.jpg\" alt=\"52TOYS BB-03JS Jonsen \" width=\"1024\" height=\"683\" title=\"-\" srcset=\"https:\/\/mouldking.store\/wp-content\/uploads\/2022\/11\/52TOYS-BB-03JS.jpg 1024w, https:\/\/mouldking.store\/wp-content\/uploads\/2022\/11\/52TOYS-BB-03JS-300x200.jpg 300w, https:\/\/mouldking.store\/wp-content\/uploads\/2022\/11\/52TOYS-BB-03JS-768x512.jpg 768w, https:\/\/mouldking.store\/wp-content\/uploads\/2022\/11\/52TOYS-BB-03JS-600x400.jpg 600w, https:\/\/mouldking.store\/wp-content\/uploads\/2022\/11\/52TOYS-BB-03JS-150x100.jpg 150w, https:\/\/mouldking.store\/wp-content\/uploads\/2022\/11\/52TOYS-BB-03JS-90x60.jpg 90w, https:\/\/mouldking.store\/wp-content\/uploads\/2022\/11\/52TOYS-BB-03JS-135x90.jpg 135w\" sizes=\"(max-width: 1024px) 100vw, 1024px\" \/><figcaption id=\"caption-attachment-34850\" class=\"wp-caption-text\">52TOYS BB-03JS Jonsen<\/figcaption><\/figure>","protected":false},"excerpt":{"rendered":"<p>Product information: Brand: 52TOYS Gender: Unisex Name: Jonsen Age Range: &gt; 6 years old Model Number: BB-03JS Classification: Assemblage Plastic Block Shape: Self-Locking Bricks Material: Plastic Plastic Type: ABS Size: 11.5 cm Contains detailed assembly instructions. Notice: 1. Without an original box, but we guarantee our products have quality assurance and nice packaging. 2. As [&hellip;]<\/p>","protected":false},"featured_media":34842,"comment_status":"closed","ping_status":"closed","template":"","meta":{"_acf_changed":false},"product_cat":[1365],"product_tag":[6179,7161,7158,7159,7160],"class_list":["product","first","instock","shipping-taxable","purchasable","product-type-simple"],"acf":[],"_links":{"self":[{"href":"https:\/\/mouldking.store\/de\/wp-json\/wp\/v2\/product\/34841","targetHints":{"allow":["GET"]}}],"collection":[{"href":"https:\/\/mouldking.store\/de\/wp-json\/wp\/v2\/product"}],"about":[{"href":"https:\/\/mouldking.store\/de\/wp-json\/wp\/v2\/types\/product"}],"replies":[{"embeddable":true,"href":"https:\/\/mouldking.store\/de\/wp-json\/wp\/v2\/comments?post=34841"}],"wp:featuredmedia":[{"embeddable":true,"href":"https:\/\/mouldking.store\/de\/wp-json\/wp\/v2\/media\/34842"}],"wp:attachment":[{"href":"https:\/\/mouldking.store\/de\/wp-json\/wp\/v2\/media?parent=34841"}],"wp:term":[{"taxonomy":"product_cat","embeddable":true,"href":"https:\/\/mouldking.store\/de\/wp-json\/wp\/v2\/product_cat?post=34841"},{"taxonomy":"product_tag","embeddable":true,"href":"https:\/\/mouldking.store\/de\/wp-json\/wp\/v2\/product_tag?post=34841"}],"curies":[{"name":"wp","href":"https:\/\/api.w.org\/{rel}","templated":true}]}}