{"id":34873,"date":"2022-11-08T12:20:41","date_gmt":"2022-11-08T05:20:41","guid":{"rendered":"https:\/\/mouldking.store\/?post_type=product&#038;p=34873"},"modified":"2022-11-08T12:20:42","modified_gmt":"2022-11-08T05:20:42","slug":"qizhile-103000-tiger-head-with-3000-pieces","status":"publish","type":"product","link":"https:\/\/mouldking.store\/de\/shop\/qizhile-103000-tiger-head-with-3000-pieces\/","title":{"rendered":"QIZHILE 103000 Tigerkopf mit 3000 St\u00fcck"},"content":{"rendered":"<p>Produktinformation:<\/p>\n<ol>\n<li>Brand: QIZHILE<\/li>\n<li>Geschlecht: Unisex<\/li>\n<li>Name: Tiger Head<\/li>\n<li>Altersspanne: &gt; 6 Jahre alt<\/li>\n<li>Model Number: 103000<\/li>\n<li>Einstufung: Assemblage<\/li>\n<li>Kunststoffblockform: Selbstsichernde Steine<\/li>\n<li>Material: Kunststoff<\/li>\n<li>Kunststofftyp: ABS<\/li>\n<li>Bricks Blocks:3000 PCS<\/li>\n<li>Size: 28x28x36cm<\/li>\n<li>Enth\u00e4lt eine ausf\u00fchrliche Montageanleitung.<\/li>\n<\/ol>\n<p>Notiz:<br \/>\n1. Ohne Originalverpackung, aber wir garantieren, dass unsere Produkte eine Qualit\u00e4tssicherung und eine sch\u00f6ne Verpackung haben.<br \/>\n2. Wie alle Teile, die wir vor dem Versand \u00fcberpr\u00fcft haben, machen Sie sich keine Sorgen, wenn Sie feststellen, dass einige Teile fehlen oder besch\u00e4digt sind, und kontaktieren Sie uns einfach, und wir k\u00f6nnen sie Ihnen umgehend kostenlos erneut zusenden.<\/p>\n<figure id=\"attachment_34874\" aria-describedby=\"caption-attachment-34874\" style=\"width: 800px\" class=\"wp-caption aligncenter\"><img fetchpriority=\"high\" decoding=\"async\" class=\"wp-image-34874 size-full\" src=\"https:\/\/mouldking.store\/wp-content\/uploads\/2022\/11\/QIZHILE-103000-3.jpg\" alt=\"QIZHILE 103000 Tiger Head With 3000 Pieces\" width=\"800\" height=\"800\" title=\"-\" srcset=\"https:\/\/mouldking.store\/wp-content\/uploads\/2022\/11\/QIZHILE-103000-3.jpg 800w, https:\/\/mouldking.store\/wp-content\/uploads\/2022\/11\/QIZHILE-103000-3-300x300.jpg 300w, https:\/\/mouldking.store\/wp-content\/uploads\/2022\/11\/QIZHILE-103000-3-768x768.jpg 768w, https:\/\/mouldking.store\/wp-content\/uploads\/2022\/11\/QIZHILE-103000-3-600x600.jpg 600w, https:\/\/mouldking.store\/wp-content\/uploads\/2022\/11\/QIZHILE-103000-3-150x150.jpg 150w, https:\/\/mouldking.store\/wp-content\/uploads\/2022\/11\/QIZHILE-103000-3-60x60.jpg 60w, https:\/\/mouldking.store\/wp-content\/uploads\/2022\/11\/QIZHILE-103000-3-90x90.jpg 90w\" sizes=\"(max-width: 800px) 100vw, 800px\" \/><figcaption id=\"caption-attachment-34874\" class=\"wp-caption-text\">QIZHILE 103000 Tigerkopf mit 3000 St\u00fcck<\/figcaption><\/figure>\n<figure id=\"attachment_34875\" aria-describedby=\"caption-attachment-34875\" style=\"width: 800px\" class=\"wp-caption aligncenter\"><img decoding=\"async\" class=\"wp-image-34875 size-full\" src=\"https:\/\/mouldking.store\/wp-content\/uploads\/2022\/11\/QIZHILE-103000-2.jpg\" alt=\"QIZHILE 103000 Tiger Head With 3000 Pieces\" width=\"800\" height=\"800\" title=\"-\" srcset=\"https:\/\/mouldking.store\/wp-content\/uploads\/2022\/11\/QIZHILE-103000-2.jpg 800w, https:\/\/mouldking.store\/wp-content\/uploads\/2022\/11\/QIZHILE-103000-2-300x300.jpg 300w, https:\/\/mouldking.store\/wp-content\/uploads\/2022\/11\/QIZHILE-103000-2-768x768.jpg 768w, https:\/\/mouldking.store\/wp-content\/uploads\/2022\/11\/QIZHILE-103000-2-600x600.jpg 600w, https:\/\/mouldking.store\/wp-content\/uploads\/2022\/11\/QIZHILE-103000-2-150x150.jpg 150w, https:\/\/mouldking.store\/wp-content\/uploads\/2022\/11\/QIZHILE-103000-2-60x60.jpg 60w, https:\/\/mouldking.store\/wp-content\/uploads\/2022\/11\/QIZHILE-103000-2-90x90.jpg 90w\" sizes=\"(max-width: 800px) 100vw, 800px\" \/><figcaption id=\"caption-attachment-34875\" class=\"wp-caption-text\">QIZHILE 103000 Tigerkopf mit 3000 St\u00fcck<\/figcaption><\/figure>\n<figure id=\"attachment_34876\" aria-describedby=\"caption-attachment-34876\" style=\"width: 800px\" class=\"wp-caption aligncenter\"><img decoding=\"async\" class=\"wp-image-34876 size-full\" src=\"https:\/\/mouldking.store\/wp-content\/uploads\/2022\/11\/QIZHILE-103000.jpg\" alt=\"QIZHILE 103000 Tiger Head With 3000 Pieces\" width=\"800\" height=\"800\" title=\"-\" srcset=\"https:\/\/mouldking.store\/wp-content\/uploads\/2022\/11\/QIZHILE-103000.jpg 800w, https:\/\/mouldking.store\/wp-content\/uploads\/2022\/11\/QIZHILE-103000-300x300.jpg 300w, https:\/\/mouldking.store\/wp-content\/uploads\/2022\/11\/QIZHILE-103000-768x768.jpg 768w, https:\/\/mouldking.store\/wp-content\/uploads\/2022\/11\/QIZHILE-103000-600x600.jpg 600w, https:\/\/mouldking.store\/wp-content\/uploads\/2022\/11\/QIZHILE-103000-150x150.jpg 150w, https:\/\/mouldking.store\/wp-content\/uploads\/2022\/11\/QIZHILE-103000-60x60.jpg 60w, https:\/\/mouldking.store\/wp-content\/uploads\/2022\/11\/QIZHILE-103000-90x90.jpg 90w\" sizes=\"(max-width: 800px) 100vw, 800px\" \/><figcaption id=\"caption-attachment-34876\" class=\"wp-caption-text\">QIZHILE 103000 Tigerkopf mit 3000 St\u00fcck<\/figcaption><\/figure>","protected":false},"excerpt":{"rendered":"<p>Product information: Brand: QIZHILE Gender: Unisex Name: Tiger Head Age Range: &gt; 6 years old Model Number: 103000 Classification: Assemblage Plastic Block Shape: Self-Locking Bricks Material: Plastic Plastic Type: ABS Bricks Blocks:3000 PCS Size: 28x28x36cm Contains detailed assembly instructions. Notice: 1. Without an original box, but we guarantee our products have quality assurance and nice [&hellip;]<\/p>","protected":false},"featured_media":34874,"comment_status":"closed","ping_status":"closed","template":"","meta":{"_acf_changed":false},"product_cat":[1365],"product_tag":[7176,1750,7177,7175,6482,6485,7178],"class_list":["product","first","instock","shipping-taxable","purchasable","product-type-simple"],"acf":[],"_links":{"self":[{"href":"https:\/\/mouldking.store\/de\/wp-json\/wp\/v2\/product\/34873","targetHints":{"allow":["GET"]}}],"collection":[{"href":"https:\/\/mouldking.store\/de\/wp-json\/wp\/v2\/product"}],"about":[{"href":"https:\/\/mouldking.store\/de\/wp-json\/wp\/v2\/types\/product"}],"replies":[{"embeddable":true,"href":"https:\/\/mouldking.store\/de\/wp-json\/wp\/v2\/comments?post=34873"}],"wp:featuredmedia":[{"embeddable":true,"href":"https:\/\/mouldking.store\/de\/wp-json\/wp\/v2\/media\/34874"}],"wp:attachment":[{"href":"https:\/\/mouldking.store\/de\/wp-json\/wp\/v2\/media?parent=34873"}],"wp:term":[{"taxonomy":"product_cat","embeddable":true,"href":"https:\/\/mouldking.store\/de\/wp-json\/wp\/v2\/product_cat?post=34873"},{"taxonomy":"product_tag","embeddable":true,"href":"https:\/\/mouldking.store\/de\/wp-json\/wp\/v2\/product_tag?post=34873"}],"curies":[{"name":"wp","href":"https:\/\/api.w.org\/{rel}","templated":true}]}}