{"id":34978,"date":"2022-11-17T16:16:54","date_gmt":"2022-11-17T09:16:54","guid":{"rendered":"https:\/\/mouldking.store\/?post_type=product&#038;p=34978"},"modified":"2022-11-17T16:16:54","modified_gmt":"2022-11-17T09:16:54","slug":"tagore-t4005-mixer-truck-with-3388-pieces","status":"publish","type":"product","link":"https:\/\/mouldking.store\/de\/shop\/tagore-t4005-mixer-truck-with-3388-pieces\/","title":{"rendered":"Tagore T4005 Fahrmischer mit 3388 Teilen"},"content":{"rendered":"<p>Produktinformation:<\/p>\n<ol>\n<li>Brand: Tagore<\/li>\n<li>Geschlecht: Unisex<\/li>\n<li>Name: Mixer Truck<\/li>\n<li>Altersspanne: &gt; 6 Jahre alt<\/li>\n<li>Model Number: T4005<\/li>\n<li>Einstufung: Assemblage<\/li>\n<li>Kunststoffblockform: Selbstsichernde Steine<\/li>\n<li>Material: Kunststoff<\/li>\n<li>Kunststofftyp: ABS<\/li>\n<li>Bricks Blocks:3388 PCS<\/li>\n<li>Size: 55.6\u00d719.3\u00d726.7cm<\/li>\n<li>Enth\u00e4lt eine ausf\u00fchrliche Montageanleitung.<\/li>\n<\/ol>\n<p>Notiz:<br \/>\n1. Ohne Originalverpackung, aber wir garantieren, dass unsere Produkte eine Qualit\u00e4tssicherung und eine sch\u00f6ne Verpackung haben.<br \/>\n2. Wie alle Teile, die wir vor dem Versand \u00fcberpr\u00fcft haben, machen Sie sich keine Sorgen, wenn Sie feststellen, dass einige Teile fehlen oder besch\u00e4digt sind, und kontaktieren Sie uns einfach, und wir k\u00f6nnen sie Ihnen umgehend kostenlos erneut zusenden.<\/p>\n<figure id=\"attachment_34979\" aria-describedby=\"caption-attachment-34979\" style=\"width: 768px\" class=\"wp-caption aligncenter\"><img fetchpriority=\"high\" decoding=\"async\" class=\"wp-image-34979 size-full\" src=\"https:\/\/mouldking.store\/wp-content\/uploads\/2022\/11\/T4005-1-b413-768x768-1.jpg\" alt=\" Tagore T4005 Mixer Truck With 3388 Pieces\" width=\"768\" height=\"768\" title=\"-\" srcset=\"https:\/\/mouldking.store\/wp-content\/uploads\/2022\/11\/T4005-1-b413-768x768-1.jpg 768w, https:\/\/mouldking.store\/wp-content\/uploads\/2022\/11\/T4005-1-b413-768x768-1-300x300.jpg 300w, https:\/\/mouldking.store\/wp-content\/uploads\/2022\/11\/T4005-1-b413-768x768-1-600x600.jpg 600w, https:\/\/mouldking.store\/wp-content\/uploads\/2022\/11\/T4005-1-b413-768x768-1-150x150.jpg 150w, https:\/\/mouldking.store\/wp-content\/uploads\/2022\/11\/T4005-1-b413-768x768-1-60x60.jpg 60w, https:\/\/mouldking.store\/wp-content\/uploads\/2022\/11\/T4005-1-b413-768x768-1-90x90.jpg 90w\" sizes=\"(max-width: 768px) 100vw, 768px\" \/><figcaption id=\"caption-attachment-34979\" class=\"wp-caption-text\">Tagore T4005 Fahrmischer mit 3388 Teilen<\/figcaption><\/figure>\n<figure id=\"attachment_34980\" aria-describedby=\"caption-attachment-34980\" style=\"width: 768px\" class=\"wp-caption aligncenter\"><img decoding=\"async\" class=\"wp-image-34980 size-full\" src=\"https:\/\/mouldking.store\/wp-content\/uploads\/2022\/11\/T4005-2-96ef-768x768-1.jpg\" alt=\" Tagore T4005 Mixer Truck With 3388 Pieces\" width=\"768\" height=\"768\" title=\"-\" srcset=\"https:\/\/mouldking.store\/wp-content\/uploads\/2022\/11\/T4005-2-96ef-768x768-1.jpg 768w, https:\/\/mouldking.store\/wp-content\/uploads\/2022\/11\/T4005-2-96ef-768x768-1-300x300.jpg 300w, https:\/\/mouldking.store\/wp-content\/uploads\/2022\/11\/T4005-2-96ef-768x768-1-600x600.jpg 600w, https:\/\/mouldking.store\/wp-content\/uploads\/2022\/11\/T4005-2-96ef-768x768-1-150x150.jpg 150w, https:\/\/mouldking.store\/wp-content\/uploads\/2022\/11\/T4005-2-96ef-768x768-1-60x60.jpg 60w, https:\/\/mouldking.store\/wp-content\/uploads\/2022\/11\/T4005-2-96ef-768x768-1-90x90.jpg 90w\" sizes=\"(max-width: 768px) 100vw, 768px\" \/><figcaption id=\"caption-attachment-34980\" class=\"wp-caption-text\">Tagore T4005 Fahrmischer mit 3388 Teilen<\/figcaption><\/figure>\n<figure id=\"attachment_34981\" aria-describedby=\"caption-attachment-34981\" style=\"width: 768px\" class=\"wp-caption aligncenter\"><img decoding=\"async\" class=\"wp-image-34981 size-full\" src=\"https:\/\/mouldking.store\/wp-content\/uploads\/2022\/11\/T4005-4-f0f0-768x768-1.jpg\" alt=\" Tagore T4005 Mixer Truck With 3388 Pieces\" width=\"768\" height=\"768\" title=\"-\" srcset=\"https:\/\/mouldking.store\/wp-content\/uploads\/2022\/11\/T4005-4-f0f0-768x768-1.jpg 768w, https:\/\/mouldking.store\/wp-content\/uploads\/2022\/11\/T4005-4-f0f0-768x768-1-300x300.jpg 300w, https:\/\/mouldking.store\/wp-content\/uploads\/2022\/11\/T4005-4-f0f0-768x768-1-600x600.jpg 600w, https:\/\/mouldking.store\/wp-content\/uploads\/2022\/11\/T4005-4-f0f0-768x768-1-150x150.jpg 150w, https:\/\/mouldking.store\/wp-content\/uploads\/2022\/11\/T4005-4-f0f0-768x768-1-60x60.jpg 60w, https:\/\/mouldking.store\/wp-content\/uploads\/2022\/11\/T4005-4-f0f0-768x768-1-90x90.jpg 90w\" sizes=\"(max-width: 768px) 100vw, 768px\" \/><figcaption id=\"caption-attachment-34981\" class=\"wp-caption-text\">Tagore T4005 Fahrmischer mit 3388 Teilen<\/figcaption><\/figure>\n<figure id=\"attachment_34982\" aria-describedby=\"caption-attachment-34982\" style=\"width: 768px\" class=\"wp-caption aligncenter\"><img loading=\"lazy\" decoding=\"async\" class=\"wp-image-34982 size-full\" src=\"https:\/\/mouldking.store\/wp-content\/uploads\/2022\/11\/T4005-6-2a9b-768x768-1.jpg\" alt=\" Tagore T4005 Mixer Truck With 3388 Pieces\" width=\"768\" height=\"768\" title=\"-\" srcset=\"https:\/\/mouldking.store\/wp-content\/uploads\/2022\/11\/T4005-6-2a9b-768x768-1.jpg 768w, https:\/\/mouldking.store\/wp-content\/uploads\/2022\/11\/T4005-6-2a9b-768x768-1-300x300.jpg 300w, https:\/\/mouldking.store\/wp-content\/uploads\/2022\/11\/T4005-6-2a9b-768x768-1-600x600.jpg 600w, https:\/\/mouldking.store\/wp-content\/uploads\/2022\/11\/T4005-6-2a9b-768x768-1-150x150.jpg 150w, https:\/\/mouldking.store\/wp-content\/uploads\/2022\/11\/T4005-6-2a9b-768x768-1-60x60.jpg 60w, https:\/\/mouldking.store\/wp-content\/uploads\/2022\/11\/T4005-6-2a9b-768x768-1-90x90.jpg 90w\" sizes=\"(max-width: 768px) 100vw, 768px\" \/><figcaption id=\"caption-attachment-34982\" class=\"wp-caption-text\">Tagore T4005 Fahrmischer mit 3388 Teilen<\/figcaption><\/figure>\n<figure id=\"attachment_34983\" aria-describedby=\"caption-attachment-34983\" style=\"width: 768px\" class=\"wp-caption aligncenter\"><img loading=\"lazy\" decoding=\"async\" class=\"wp-image-34983 size-full\" src=\"https:\/\/mouldking.store\/wp-content\/uploads\/2022\/11\/T4005-3-8407-768x768-1.jpg\" alt=\" Tagore T4005 Mixer Truck With 3388 Pieces\" width=\"768\" height=\"768\" title=\"-\" srcset=\"https:\/\/mouldking.store\/wp-content\/uploads\/2022\/11\/T4005-3-8407-768x768-1.jpg 768w, https:\/\/mouldking.store\/wp-content\/uploads\/2022\/11\/T4005-3-8407-768x768-1-300x300.jpg 300w, https:\/\/mouldking.store\/wp-content\/uploads\/2022\/11\/T4005-3-8407-768x768-1-600x600.jpg 600w, https:\/\/mouldking.store\/wp-content\/uploads\/2022\/11\/T4005-3-8407-768x768-1-150x150.jpg 150w, https:\/\/mouldking.store\/wp-content\/uploads\/2022\/11\/T4005-3-8407-768x768-1-60x60.jpg 60w, https:\/\/mouldking.store\/wp-content\/uploads\/2022\/11\/T4005-3-8407-768x768-1-90x90.jpg 90w\" sizes=\"(max-width: 768px) 100vw, 768px\" \/><figcaption id=\"caption-attachment-34983\" class=\"wp-caption-text\">Tagore T4005 Fahrmischer mit 3388 Teilen<\/figcaption><\/figure>","protected":false},"excerpt":{"rendered":"<p>Product information: Brand: Tagore Gender: Unisex Name: Mixer Truck Age Range: &gt; 6 years old Model Number: T4005 Classification: Assemblage Plastic Block Shape: Self-Locking Bricks Material: Plastic Plastic Type: ABS Bricks Blocks:3388 PCS Size: 55.6\u00d719.3\u00d726.7cm Contains detailed assembly instructions. Notice: 1. Without an original box, but we guarantee our products have quality assurance and nice [&hellip;]<\/p>","protected":false},"featured_media":34979,"comment_status":"closed","ping_status":"closed","template":"","meta":{"_acf_changed":false},"product_cat":[1357],"product_tag":[7225,7224,7223,7226,7227,7222,466],"class_list":["product","first","instock","shipping-taxable","purchasable","product-type-simple"],"acf":[],"_links":{"self":[{"href":"https:\/\/mouldking.store\/de\/wp-json\/wp\/v2\/product\/34978","targetHints":{"allow":["GET"]}}],"collection":[{"href":"https:\/\/mouldking.store\/de\/wp-json\/wp\/v2\/product"}],"about":[{"href":"https:\/\/mouldking.store\/de\/wp-json\/wp\/v2\/types\/product"}],"replies":[{"embeddable":true,"href":"https:\/\/mouldking.store\/de\/wp-json\/wp\/v2\/comments?post=34978"}],"wp:featuredmedia":[{"embeddable":true,"href":"https:\/\/mouldking.store\/de\/wp-json\/wp\/v2\/media\/34979"}],"wp:attachment":[{"href":"https:\/\/mouldking.store\/de\/wp-json\/wp\/v2\/media?parent=34978"}],"wp:term":[{"taxonomy":"product_cat","embeddable":true,"href":"https:\/\/mouldking.store\/de\/wp-json\/wp\/v2\/product_cat?post=34978"},{"taxonomy":"product_tag","embeddable":true,"href":"https:\/\/mouldking.store\/de\/wp-json\/wp\/v2\/product_tag?post=34978"}],"curies":[{"name":"wp","href":"https:\/\/api.w.org\/{rel}","templated":true}]}}