{"id":35006,"date":"2022-11-17T16:55:26","date_gmt":"2022-11-17T09:55:26","guid":{"rendered":"https:\/\/mouldking.store\/?post_type=product&#038;p=35006"},"modified":"2022-11-17T16:55:26","modified_gmt":"2022-11-17T09:55:26","slug":"cada-c63004-aventador-lp700-super-car-with-1805-pieces","status":"publish","type":"product","link":"https:\/\/mouldking.store\/de\/shop\/cada-c63004-aventador-lp700-super-car-with-1805-pieces\/","title":{"rendered":"CaDa C63004 Aventador LP700 Super Car mit 1805 Teilen"},"content":{"rendered":"<p>Produktinformation:<\/p>\n<ol>\n<li>Marke: Cada<\/li>\n<li>Geschlecht: Unisex<\/li>\n<li>Name: Aventador LP700 Superauto<\/li>\n<li>Altersspanne: &gt; 6 Jahre alt<\/li>\n<li>Modellnummer: C63004<\/li>\n<li>Einstufung: Assemblage<\/li>\n<li>Kunststoffblockform: Selbstsichernde Steine<\/li>\n<li>Material: Kunststoff<\/li>\n<li>Kunststofftyp: ABS<\/li>\n<li>Ziegelsteine: 1805 St\u00fcck<\/li>\n<li>Gr\u00f6\u00dfe: 49,6 \u00d7 20 \u00d7 12 cm<\/li>\n<li>Enth\u00e4lt eine ausf\u00fchrliche Montageanleitung.<\/li>\n<\/ol>\n<p>Notiz:<br \/>\n1. Ohne Originalverpackung, aber wir garantieren, dass unsere Produkte eine Qualit\u00e4tssicherung und eine sch\u00f6ne Verpackung haben.<br \/>\n2. Wie alle Teile, die wir vor dem Versand \u00fcberpr\u00fcft haben, machen Sie sich keine Sorgen, wenn Sie feststellen, dass einige Teile fehlen oder besch\u00e4digt sind, und kontaktieren Sie uns einfach, und wir k\u00f6nnen sie Ihnen umgehend kostenlos erneut zusenden.<\/p>\n<figure id=\"attachment_35007\" aria-describedby=\"caption-attachment-35007\" style=\"width: 768px\" class=\"wp-caption aligncenter\"><img fetchpriority=\"high\" decoding=\"async\" class=\"wp-image-35007 size-full\" src=\"https:\/\/mouldking.store\/wp-content\/uploads\/2022\/11\/C63004-1-4b4f-768x768-1.jpg\" alt=\"CaDa C63004 Aventador LP700 Super Car With 1805 Pieces\" width=\"768\" height=\"768\" title=\"-\" srcset=\"https:\/\/mouldking.store\/wp-content\/uploads\/2022\/11\/C63004-1-4b4f-768x768-1.jpg 768w, https:\/\/mouldking.store\/wp-content\/uploads\/2022\/11\/C63004-1-4b4f-768x768-1-300x300.jpg 300w, https:\/\/mouldking.store\/wp-content\/uploads\/2022\/11\/C63004-1-4b4f-768x768-1-600x600.jpg 600w, https:\/\/mouldking.store\/wp-content\/uploads\/2022\/11\/C63004-1-4b4f-768x768-1-150x150.jpg 150w, https:\/\/mouldking.store\/wp-content\/uploads\/2022\/11\/C63004-1-4b4f-768x768-1-60x60.jpg 60w, https:\/\/mouldking.store\/wp-content\/uploads\/2022\/11\/C63004-1-4b4f-768x768-1-90x90.jpg 90w\" sizes=\"(max-width: 768px) 100vw, 768px\" \/><figcaption id=\"caption-attachment-35007\" class=\"wp-caption-text\">CaDa C63004 Aventador LP700 Super Car mit 1805 Teilen<\/figcaption><\/figure>\n<figure id=\"attachment_35008\" aria-describedby=\"caption-attachment-35008\" style=\"width: 768px\" class=\"wp-caption aligncenter\"><img decoding=\"async\" class=\"wp-image-35008 size-full\" src=\"https:\/\/mouldking.store\/wp-content\/uploads\/2022\/11\/C63004-3-f838-768x768-1.jpg\" alt=\"CaDa C63004 Aventador LP700 Super Car With 1805 Pieces\" width=\"768\" height=\"768\" title=\"-\" srcset=\"https:\/\/mouldking.store\/wp-content\/uploads\/2022\/11\/C63004-3-f838-768x768-1.jpg 768w, https:\/\/mouldking.store\/wp-content\/uploads\/2022\/11\/C63004-3-f838-768x768-1-300x300.jpg 300w, https:\/\/mouldking.store\/wp-content\/uploads\/2022\/11\/C63004-3-f838-768x768-1-600x600.jpg 600w, https:\/\/mouldking.store\/wp-content\/uploads\/2022\/11\/C63004-3-f838-768x768-1-150x150.jpg 150w, https:\/\/mouldking.store\/wp-content\/uploads\/2022\/11\/C63004-3-f838-768x768-1-60x60.jpg 60w, https:\/\/mouldking.store\/wp-content\/uploads\/2022\/11\/C63004-3-f838-768x768-1-90x90.jpg 90w\" sizes=\"(max-width: 768px) 100vw, 768px\" \/><figcaption id=\"caption-attachment-35008\" class=\"wp-caption-text\">CaDa C63004 Aventador LP700 Super Car mit 1805 Teilen<\/figcaption><\/figure>\n<figure id=\"attachment_35009\" aria-describedby=\"caption-attachment-35009\" style=\"width: 768px\" class=\"wp-caption aligncenter\"><img decoding=\"async\" class=\"wp-image-35009 size-full\" src=\"https:\/\/mouldking.store\/wp-content\/uploads\/2022\/11\/C63004-2-e8ed-768x768-1.jpg\" alt=\"CaDa C63004 Aventador LP700 Super Car With 1805 Pieces\" width=\"768\" height=\"768\" title=\"-\" srcset=\"https:\/\/mouldking.store\/wp-content\/uploads\/2022\/11\/C63004-2-e8ed-768x768-1.jpg 768w, https:\/\/mouldking.store\/wp-content\/uploads\/2022\/11\/C63004-2-e8ed-768x768-1-300x300.jpg 300w, https:\/\/mouldking.store\/wp-content\/uploads\/2022\/11\/C63004-2-e8ed-768x768-1-600x600.jpg 600w, https:\/\/mouldking.store\/wp-content\/uploads\/2022\/11\/C63004-2-e8ed-768x768-1-150x150.jpg 150w, https:\/\/mouldking.store\/wp-content\/uploads\/2022\/11\/C63004-2-e8ed-768x768-1-60x60.jpg 60w, https:\/\/mouldking.store\/wp-content\/uploads\/2022\/11\/C63004-2-e8ed-768x768-1-90x90.jpg 90w\" sizes=\"(max-width: 768px) 100vw, 768px\" \/><figcaption id=\"caption-attachment-35009\" class=\"wp-caption-text\">CaDa C63004 Aventador LP700 Super Car mit 1805 Teilen<\/figcaption><\/figure>\n<figure id=\"attachment_35010\" aria-describedby=\"caption-attachment-35010\" style=\"width: 768px\" class=\"wp-caption aligncenter\"><img loading=\"lazy\" decoding=\"async\" class=\"wp-image-35010 size-full\" src=\"https:\/\/mouldking.store\/wp-content\/uploads\/2022\/11\/C63004-4-5851-768x768-1.jpg\" alt=\"CaDa C63004 Aventador LP700 Super Car With 1805 Pieces\" width=\"768\" height=\"768\" title=\"-\" srcset=\"https:\/\/mouldking.store\/wp-content\/uploads\/2022\/11\/C63004-4-5851-768x768-1.jpg 768w, https:\/\/mouldking.store\/wp-content\/uploads\/2022\/11\/C63004-4-5851-768x768-1-300x300.jpg 300w, https:\/\/mouldking.store\/wp-content\/uploads\/2022\/11\/C63004-4-5851-768x768-1-600x600.jpg 600w, https:\/\/mouldking.store\/wp-content\/uploads\/2022\/11\/C63004-4-5851-768x768-1-150x150.jpg 150w, https:\/\/mouldking.store\/wp-content\/uploads\/2022\/11\/C63004-4-5851-768x768-1-60x60.jpg 60w, https:\/\/mouldking.store\/wp-content\/uploads\/2022\/11\/C63004-4-5851-768x768-1-90x90.jpg 90w\" sizes=\"(max-width: 768px) 100vw, 768px\" \/><figcaption id=\"caption-attachment-35010\" class=\"wp-caption-text\">CaDa C63004 Aventador LP700 Super Car mit 1805 Teilen<\/figcaption><\/figure>","protected":false},"excerpt":{"rendered":"<p>Product information: Brand: CaDa Gender: Unisex Name: Aventador LP700 Super Car Age Range: &gt; 6 years old Model Number: C63004 Classification: Assemblage Plastic Block Shape: Self-Locking Bricks Material: Plastic Plastic Type: ABS Bricks Blocks:1805 PCS Size: 49.6 \u00d7 20 \u00d7 12 cm Contains detailed assembly instructions. Notice: 1. Without an original box, but we guarantee [&hellip;]<\/p>","protected":false},"featured_media":35007,"comment_status":"closed","ping_status":"closed","template":"","meta":{"_acf_changed":false},"product_cat":[1360,1357],"product_tag":[7253,7255,7256,7252,1916,7257,7258,7251,7254,552],"class_list":["product","first","instock","shipping-taxable","purchasable","product-type-variable"],"acf":[],"_links":{"self":[{"href":"https:\/\/mouldking.store\/de\/wp-json\/wp\/v2\/product\/35006","targetHints":{"allow":["GET"]}}],"collection":[{"href":"https:\/\/mouldking.store\/de\/wp-json\/wp\/v2\/product"}],"about":[{"href":"https:\/\/mouldking.store\/de\/wp-json\/wp\/v2\/types\/product"}],"replies":[{"embeddable":true,"href":"https:\/\/mouldking.store\/de\/wp-json\/wp\/v2\/comments?post=35006"}],"wp:featuredmedia":[{"embeddable":true,"href":"https:\/\/mouldking.store\/de\/wp-json\/wp\/v2\/media\/35007"}],"wp:attachment":[{"href":"https:\/\/mouldking.store\/de\/wp-json\/wp\/v2\/media?parent=35006"}],"wp:term":[{"taxonomy":"product_cat","embeddable":true,"href":"https:\/\/mouldking.store\/de\/wp-json\/wp\/v2\/product_cat?post=35006"},{"taxonomy":"product_tag","embeddable":true,"href":"https:\/\/mouldking.store\/de\/wp-json\/wp\/v2\/product_tag?post=35006"}],"curies":[{"name":"wp","href":"https:\/\/api.w.org\/{rel}","templated":true}]}}