{"id":35052,"date":"2022-11-17T17:51:39","date_gmt":"2022-11-17T10:51:39","guid":{"rendered":"https:\/\/mouldking.store\/?post_type=product&#038;p=35052"},"modified":"2022-11-17T17:51:39","modified_gmt":"2022-11-17T10:51:39","slug":"forange-fc6209-giganotosaurus-with-1872-pieces","status":"publish","type":"product","link":"https:\/\/mouldking.store\/de\/shop\/forange-fc6209-giganotosaurus-with-1872-pieces\/","title":{"rendered":"Forange FC6209 Giganotosaurus mit 1872 St\u00fcck"},"content":{"rendered":"<p>Produktinformation:<\/p>\n<ol>\n<li>Marke: Forange<\/li>\n<li>Geschlecht: Unisex<\/li>\n<li>Name: Giganotosaurus<\/li>\n<li>Altersspanne: &gt; 6 Jahre alt<\/li>\n<li>Model Number: FC6209<\/li>\n<li>Einstufung: Assemblage<\/li>\n<li>Kunststoffblockform: Selbstsichernde Steine<\/li>\n<li>Material: Kunststoff<\/li>\n<li>Kunststofftyp: ABS<\/li>\n<li>Bricks Blocks:1872 PCS<\/li>\n<li>Size: 75 x 25 cm<\/li>\n<li>Enth\u00e4lt eine ausf\u00fchrliche Montageanleitung.<\/li>\n<\/ol>\n<p>Notiz:<br \/>\n1. Ohne Originalverpackung, aber wir garantieren, dass unsere Produkte eine Qualit\u00e4tssicherung und eine sch\u00f6ne Verpackung haben.<br \/>\n2. Wie alle Teile, die wir vor dem Versand \u00fcberpr\u00fcft haben, machen Sie sich keine Sorgen, wenn Sie feststellen, dass einige Teile fehlen oder besch\u00e4digt sind, und kontaktieren Sie uns einfach, und wir k\u00f6nnen sie Ihnen umgehend kostenlos erneut zusenden.<\/p>\n<figure id=\"attachment_35053\" aria-describedby=\"caption-attachment-35053\" style=\"width: 768px\" class=\"wp-caption aligncenter\"><img fetchpriority=\"high\" decoding=\"async\" class=\"wp-image-35053 size-full\" src=\"https:\/\/mouldking.store\/wp-content\/uploads\/2022\/11\/Forange-Block-FC6209-Giganotosaurus-1-768x768-1.jpg\" alt=\"Forange FC6209 Giganotosaurus With 1872 Pieces\" width=\"768\" height=\"768\" title=\"-\" srcset=\"https:\/\/mouldking.store\/wp-content\/uploads\/2022\/11\/Forange-Block-FC6209-Giganotosaurus-1-768x768-1.jpg 768w, https:\/\/mouldking.store\/wp-content\/uploads\/2022\/11\/Forange-Block-FC6209-Giganotosaurus-1-768x768-1-300x300.jpg 300w, https:\/\/mouldking.store\/wp-content\/uploads\/2022\/11\/Forange-Block-FC6209-Giganotosaurus-1-768x768-1-600x600.jpg 600w, https:\/\/mouldking.store\/wp-content\/uploads\/2022\/11\/Forange-Block-FC6209-Giganotosaurus-1-768x768-1-150x150.jpg 150w, https:\/\/mouldking.store\/wp-content\/uploads\/2022\/11\/Forange-Block-FC6209-Giganotosaurus-1-768x768-1-60x60.jpg 60w, https:\/\/mouldking.store\/wp-content\/uploads\/2022\/11\/Forange-Block-FC6209-Giganotosaurus-1-768x768-1-90x90.jpg 90w\" sizes=\"(max-width: 768px) 100vw, 768px\" \/><figcaption id=\"caption-attachment-35053\" class=\"wp-caption-text\">Forange FC6209 Giganotosaurus mit 1872 St\u00fcck<\/figcaption><\/figure>\n<figure id=\"attachment_35054\" aria-describedby=\"caption-attachment-35054\" style=\"width: 768px\" class=\"wp-caption aligncenter\"><img decoding=\"async\" class=\"wp-image-35054 size-full\" src=\"https:\/\/mouldking.store\/wp-content\/uploads\/2022\/11\/Forange-Block-FC6209-Giganotosaurus-4-768x768-1.jpg\" alt=\"Forange FC6209 Giganotosaurus With 1872 Pieces\" width=\"768\" height=\"768\" title=\"-\" srcset=\"https:\/\/mouldking.store\/wp-content\/uploads\/2022\/11\/Forange-Block-FC6209-Giganotosaurus-4-768x768-1.jpg 768w, https:\/\/mouldking.store\/wp-content\/uploads\/2022\/11\/Forange-Block-FC6209-Giganotosaurus-4-768x768-1-300x300.jpg 300w, https:\/\/mouldking.store\/wp-content\/uploads\/2022\/11\/Forange-Block-FC6209-Giganotosaurus-4-768x768-1-600x600.jpg 600w, https:\/\/mouldking.store\/wp-content\/uploads\/2022\/11\/Forange-Block-FC6209-Giganotosaurus-4-768x768-1-150x150.jpg 150w, https:\/\/mouldking.store\/wp-content\/uploads\/2022\/11\/Forange-Block-FC6209-Giganotosaurus-4-768x768-1-60x60.jpg 60w, https:\/\/mouldking.store\/wp-content\/uploads\/2022\/11\/Forange-Block-FC6209-Giganotosaurus-4-768x768-1-90x90.jpg 90w\" sizes=\"(max-width: 768px) 100vw, 768px\" \/><figcaption id=\"caption-attachment-35054\" class=\"wp-caption-text\">Forange FC6209 Giganotosaurus mit 1872 St\u00fcck<\/figcaption><\/figure>\n<figure id=\"attachment_35055\" aria-describedby=\"caption-attachment-35055\" style=\"width: 768px\" class=\"wp-caption aligncenter\"><img decoding=\"async\" class=\"wp-image-35055 size-full\" src=\"https:\/\/mouldking.store\/wp-content\/uploads\/2022\/11\/Forange-Block-FC6209-Giganotosaurus-3-768x768-1.jpg\" alt=\"Forange FC6209 Giganotosaurus With 1872 Pieces\" width=\"768\" height=\"768\" title=\"-\" srcset=\"https:\/\/mouldking.store\/wp-content\/uploads\/2022\/11\/Forange-Block-FC6209-Giganotosaurus-3-768x768-1.jpg 768w, https:\/\/mouldking.store\/wp-content\/uploads\/2022\/11\/Forange-Block-FC6209-Giganotosaurus-3-768x768-1-300x300.jpg 300w, https:\/\/mouldking.store\/wp-content\/uploads\/2022\/11\/Forange-Block-FC6209-Giganotosaurus-3-768x768-1-600x600.jpg 600w, https:\/\/mouldking.store\/wp-content\/uploads\/2022\/11\/Forange-Block-FC6209-Giganotosaurus-3-768x768-1-150x150.jpg 150w, https:\/\/mouldking.store\/wp-content\/uploads\/2022\/11\/Forange-Block-FC6209-Giganotosaurus-3-768x768-1-60x60.jpg 60w, https:\/\/mouldking.store\/wp-content\/uploads\/2022\/11\/Forange-Block-FC6209-Giganotosaurus-3-768x768-1-90x90.jpg 90w\" sizes=\"(max-width: 768px) 100vw, 768px\" \/><figcaption id=\"caption-attachment-35055\" class=\"wp-caption-text\">Forange FC6209 Giganotosaurus mit 1872 St\u00fcck<\/figcaption><\/figure>\n<figure id=\"attachment_35056\" aria-describedby=\"caption-attachment-35056\" style=\"width: 768px\" class=\"wp-caption aligncenter\"><img loading=\"lazy\" decoding=\"async\" class=\"wp-image-35056 size-full\" src=\"https:\/\/mouldking.store\/wp-content\/uploads\/2022\/11\/Forange-Block-FC6209-Giganotosaurus-5-768x768-1.jpg\" alt=\"Forange FC6209 Giganotosaurus With 1872 Pieces\" width=\"768\" height=\"768\" title=\"-\" srcset=\"https:\/\/mouldking.store\/wp-content\/uploads\/2022\/11\/Forange-Block-FC6209-Giganotosaurus-5-768x768-1.jpg 768w, https:\/\/mouldking.store\/wp-content\/uploads\/2022\/11\/Forange-Block-FC6209-Giganotosaurus-5-768x768-1-300x300.jpg 300w, https:\/\/mouldking.store\/wp-content\/uploads\/2022\/11\/Forange-Block-FC6209-Giganotosaurus-5-768x768-1-600x600.jpg 600w, https:\/\/mouldking.store\/wp-content\/uploads\/2022\/11\/Forange-Block-FC6209-Giganotosaurus-5-768x768-1-150x150.jpg 150w, https:\/\/mouldking.store\/wp-content\/uploads\/2022\/11\/Forange-Block-FC6209-Giganotosaurus-5-768x768-1-60x60.jpg 60w, https:\/\/mouldking.store\/wp-content\/uploads\/2022\/11\/Forange-Block-FC6209-Giganotosaurus-5-768x768-1-90x90.jpg 90w\" sizes=\"(max-width: 768px) 100vw, 768px\" \/><figcaption id=\"caption-attachment-35056\" class=\"wp-caption-text\">Forange FC6209 Giganotosaurus mit 1872 St\u00fcck<\/figcaption><\/figure>\n<figure id=\"attachment_35057\" aria-describedby=\"caption-attachment-35057\" style=\"width: 768px\" class=\"wp-caption aligncenter\"><img loading=\"lazy\" decoding=\"async\" class=\"wp-image-35057 size-full\" src=\"https:\/\/mouldking.store\/wp-content\/uploads\/2022\/11\/Forange-Block-FC6209-Giganotosaurus-2-768x768-1.jpg\" alt=\"Forange FC6209 Giganotosaurus With 1872 Pieces\" width=\"768\" height=\"768\" title=\"-\" srcset=\"https:\/\/mouldking.store\/wp-content\/uploads\/2022\/11\/Forange-Block-FC6209-Giganotosaurus-2-768x768-1.jpg 768w, https:\/\/mouldking.store\/wp-content\/uploads\/2022\/11\/Forange-Block-FC6209-Giganotosaurus-2-768x768-1-300x300.jpg 300w, https:\/\/mouldking.store\/wp-content\/uploads\/2022\/11\/Forange-Block-FC6209-Giganotosaurus-2-768x768-1-600x600.jpg 600w, https:\/\/mouldking.store\/wp-content\/uploads\/2022\/11\/Forange-Block-FC6209-Giganotosaurus-2-768x768-1-150x150.jpg 150w, https:\/\/mouldking.store\/wp-content\/uploads\/2022\/11\/Forange-Block-FC6209-Giganotosaurus-2-768x768-1-60x60.jpg 60w, https:\/\/mouldking.store\/wp-content\/uploads\/2022\/11\/Forange-Block-FC6209-Giganotosaurus-2-768x768-1-90x90.jpg 90w\" sizes=\"(max-width: 768px) 100vw, 768px\" \/><figcaption id=\"caption-attachment-35057\" class=\"wp-caption-text\">Forange FC6209 Giganotosaurus mit 1872 St\u00fcck<\/figcaption><\/figure>","protected":false},"excerpt":{"rendered":"<p>Product information: Brand: Forange Gender: Unisex Name: Giganotosaurus Age Range: &gt; 6 years old Model Number: FC6209 Classification: Assemblage Plastic Block Shape: Self-Locking Bricks Material: Plastic Plastic Type: ABS Bricks Blocks:1872 PCS Size: 75 x 25 cm Contains detailed assembly instructions. Notice: 1. Without an original box, but we guarantee our products have quality assurance [&hellip;]<\/p>","protected":false},"featured_media":35053,"comment_status":"closed","ping_status":"closed","template":"","meta":{"_acf_changed":false},"product_cat":[1365,371],"product_tag":[7303,2595,7305,7306,7302,7304],"class_list":["product","first","instock","shipping-taxable","purchasable","product-type-simple"],"acf":[],"_links":{"self":[{"href":"https:\/\/mouldking.store\/de\/wp-json\/wp\/v2\/product\/35052","targetHints":{"allow":["GET"]}}],"collection":[{"href":"https:\/\/mouldking.store\/de\/wp-json\/wp\/v2\/product"}],"about":[{"href":"https:\/\/mouldking.store\/de\/wp-json\/wp\/v2\/types\/product"}],"replies":[{"embeddable":true,"href":"https:\/\/mouldking.store\/de\/wp-json\/wp\/v2\/comments?post=35052"}],"wp:featuredmedia":[{"embeddable":true,"href":"https:\/\/mouldking.store\/de\/wp-json\/wp\/v2\/media\/35053"}],"wp:attachment":[{"href":"https:\/\/mouldking.store\/de\/wp-json\/wp\/v2\/media?parent=35052"}],"wp:term":[{"taxonomy":"product_cat","embeddable":true,"href":"https:\/\/mouldking.store\/de\/wp-json\/wp\/v2\/product_cat?post=35052"},{"taxonomy":"product_tag","embeddable":true,"href":"https:\/\/mouldking.store\/de\/wp-json\/wp\/v2\/product_tag?post=35052"}],"curies":[{"name":"wp","href":"https:\/\/api.w.org\/{rel}","templated":true}]}}