{"id":35058,"date":"2022-11-17T18:03:55","date_gmt":"2022-11-17T11:03:55","guid":{"rendered":"https:\/\/mouldking.store\/?post_type=product&#038;p=35058"},"modified":"2024-02-02T16:03:06","modified_gmt":"2024-02-02T09:03:06","slug":"quanguan-745-747-spy-x-family-anyas-house-with-466-pieces","status":"publish","type":"product","link":"https:\/\/mouldking.store\/de\/shop\/quanguan-745-747-spy-x-family-anyas-house-with-466-pieces\/","title":{"rendered":"QuanGuan 745 \u2013 747 SPY x FAMILY Anyas Haus mit 466 Teilen"},"content":{"rendered":"<p>Produktinformation:<\/p>\n<ol>\n<li>Marke: Quan Guan<\/li>\n<li>Geschlecht: Unisex<\/li>\n<li>Name: SPY x FAMILY Anyas Haus<\/li>\n<li>Altersspanne: &gt; 6 Jahre alt<\/li>\n<li>Modellnummer: 745 \u2013 747<\/li>\n<li>Einstufung: Assemblage<\/li>\n<li>Kunststoffblockform: Selbstsichernde Steine<\/li>\n<li>Material: Kunststoff<\/li>\n<li>Kunststofftyp: ABS<\/li>\n<li>Ziegelsteine: 466 PCS x 3<\/li>\n<li>Gr\u00f6\u00dfe: 42 \u00d7 30 \u00d7 5 cm x3<\/li>\n<li>Enth\u00e4lt eine ausf\u00fchrliche Montageanleitung.<\/li>\n<\/ol>\n<p>Notiz:<br \/>\n1. Ohne Originalverpackung, aber wir garantieren, dass unsere Produkte eine Qualit\u00e4tssicherung und eine sch\u00f6ne Verpackung haben.<br \/>\n2. Wie alle Teile, die wir vor dem Versand \u00fcberpr\u00fcft haben, machen Sie sich keine Sorgen, wenn Sie feststellen, dass einige Teile fehlen oder besch\u00e4digt sind, und kontaktieren Sie uns einfach, und wir k\u00f6nnen sie Ihnen umgehend kostenlos erneut zusenden.<\/p>\n<figure id=\"attachment_35059\" aria-describedby=\"caption-attachment-35059\" style=\"width: 768px\" class=\"wp-caption aligncenter\"><img fetchpriority=\"high\" decoding=\"async\" class=\"wp-image-35059 size-full\" src=\"https:\/\/mouldking.store\/wp-content\/uploads\/2022\/11\/QuanGuan-745-477-6.jpg\" alt=\"QuanGuan 745 \u2013 747 SPY x FAMILY Anya\u2019s House With 466 Pieces\" width=\"768\" height=\"768\" title=\"-\" srcset=\"https:\/\/mouldking.store\/wp-content\/uploads\/2022\/11\/QuanGuan-745-477-6.jpg 768w, https:\/\/mouldking.store\/wp-content\/uploads\/2022\/11\/QuanGuan-745-477-6-300x300.jpg 300w, https:\/\/mouldking.store\/wp-content\/uploads\/2022\/11\/QuanGuan-745-477-6-600x600.jpg 600w, https:\/\/mouldking.store\/wp-content\/uploads\/2022\/11\/QuanGuan-745-477-6-150x150.jpg 150w, https:\/\/mouldking.store\/wp-content\/uploads\/2022\/11\/QuanGuan-745-477-6-60x60.jpg 60w, https:\/\/mouldking.store\/wp-content\/uploads\/2022\/11\/QuanGuan-745-477-6-90x90.jpg 90w\" sizes=\"(max-width: 768px) 100vw, 768px\" \/><figcaption id=\"caption-attachment-35059\" class=\"wp-caption-text\">QuanGuan 745 \u2013 747 SPY x FAMILY Anyas Haus mit 466 Teilen<\/figcaption><\/figure>\n<figure id=\"attachment_35060\" aria-describedby=\"caption-attachment-35060\" style=\"width: 768px\" class=\"wp-caption aligncenter\"><img decoding=\"async\" class=\"wp-image-35060 size-full\" src=\"https:\/\/mouldking.store\/wp-content\/uploads\/2022\/11\/QuanGuan-745-477-5.jpg\" alt=\"QuanGuan 745 \u2013 747 SPY x FAMILY Anya\u2019s House With 466 Pieces\" width=\"768\" height=\"768\" title=\"-\" srcset=\"https:\/\/mouldking.store\/wp-content\/uploads\/2022\/11\/QuanGuan-745-477-5.jpg 768w, https:\/\/mouldking.store\/wp-content\/uploads\/2022\/11\/QuanGuan-745-477-5-300x300.jpg 300w, https:\/\/mouldking.store\/wp-content\/uploads\/2022\/11\/QuanGuan-745-477-5-600x600.jpg 600w, https:\/\/mouldking.store\/wp-content\/uploads\/2022\/11\/QuanGuan-745-477-5-150x150.jpg 150w, https:\/\/mouldking.store\/wp-content\/uploads\/2022\/11\/QuanGuan-745-477-5-60x60.jpg 60w, https:\/\/mouldking.store\/wp-content\/uploads\/2022\/11\/QuanGuan-745-477-5-90x90.jpg 90w\" sizes=\"(max-width: 768px) 100vw, 768px\" \/><figcaption id=\"caption-attachment-35060\" class=\"wp-caption-text\">QuanGuan 745 \u2013 747 SPY x FAMILY Anyas Haus mit 466 Teilen<\/figcaption><\/figure>\n<figure id=\"attachment_35061\" aria-describedby=\"caption-attachment-35061\" style=\"width: 768px\" class=\"wp-caption aligncenter\"><img decoding=\"async\" class=\"wp-image-35061 size-full\" src=\"https:\/\/mouldking.store\/wp-content\/uploads\/2022\/11\/QuanGuan-745-477-4.jpg\" alt=\"QuanGuan 745 \u2013 747 SPY x FAMILY Anya\u2019s House With 466 Pieces\" width=\"768\" height=\"768\" title=\"-\" srcset=\"https:\/\/mouldking.store\/wp-content\/uploads\/2022\/11\/QuanGuan-745-477-4.jpg 768w, https:\/\/mouldking.store\/wp-content\/uploads\/2022\/11\/QuanGuan-745-477-4-300x300.jpg 300w, https:\/\/mouldking.store\/wp-content\/uploads\/2022\/11\/QuanGuan-745-477-4-600x600.jpg 600w, https:\/\/mouldking.store\/wp-content\/uploads\/2022\/11\/QuanGuan-745-477-4-150x150.jpg 150w, https:\/\/mouldking.store\/wp-content\/uploads\/2022\/11\/QuanGuan-745-477-4-60x60.jpg 60w, https:\/\/mouldking.store\/wp-content\/uploads\/2022\/11\/QuanGuan-745-477-4-90x90.jpg 90w\" sizes=\"(max-width: 768px) 100vw, 768px\" \/><figcaption id=\"caption-attachment-35061\" class=\"wp-caption-text\">QuanGuan 745 \u2013 747 SPY x FAMILY Anyas Haus mit 466 Teilen<\/figcaption><\/figure>\n<figure id=\"attachment_35062\" aria-describedby=\"caption-attachment-35062\" style=\"width: 768px\" class=\"wp-caption aligncenter\"><img loading=\"lazy\" decoding=\"async\" class=\"wp-image-35062 size-full\" src=\"https:\/\/mouldking.store\/wp-content\/uploads\/2022\/11\/QuanGuan-745-477-3.jpg\" alt=\"QuanGuan 745 \u2013 747 SPY x FAMILY Anya\u2019s House With 466 Pieces\" width=\"768\" height=\"768\" title=\"-\" srcset=\"https:\/\/mouldking.store\/wp-content\/uploads\/2022\/11\/QuanGuan-745-477-3.jpg 768w, https:\/\/mouldking.store\/wp-content\/uploads\/2022\/11\/QuanGuan-745-477-3-300x300.jpg 300w, https:\/\/mouldking.store\/wp-content\/uploads\/2022\/11\/QuanGuan-745-477-3-600x600.jpg 600w, https:\/\/mouldking.store\/wp-content\/uploads\/2022\/11\/QuanGuan-745-477-3-150x150.jpg 150w, https:\/\/mouldking.store\/wp-content\/uploads\/2022\/11\/QuanGuan-745-477-3-60x60.jpg 60w, https:\/\/mouldking.store\/wp-content\/uploads\/2022\/11\/QuanGuan-745-477-3-90x90.jpg 90w\" sizes=\"(max-width: 768px) 100vw, 768px\" \/><figcaption id=\"caption-attachment-35062\" class=\"wp-caption-text\">QuanGuan 745 \u2013 747 SPY x FAMILY Anyas Haus mit 466 Teilen<\/figcaption><\/figure>\n<figure id=\"attachment_35063\" aria-describedby=\"caption-attachment-35063\" style=\"width: 768px\" class=\"wp-caption aligncenter\"><img loading=\"lazy\" decoding=\"async\" class=\"wp-image-35063 size-full\" src=\"https:\/\/mouldking.store\/wp-content\/uploads\/2022\/11\/QuanGuan-745-477-2.jpg\" alt=\"QuanGuan 745 \u2013 747 SPY x FAMILY Anya\u2019s House With 466 Pieces\" width=\"768\" height=\"768\" title=\"-\" srcset=\"https:\/\/mouldking.store\/wp-content\/uploads\/2022\/11\/QuanGuan-745-477-2.jpg 768w, https:\/\/mouldking.store\/wp-content\/uploads\/2022\/11\/QuanGuan-745-477-2-300x300.jpg 300w, https:\/\/mouldking.store\/wp-content\/uploads\/2022\/11\/QuanGuan-745-477-2-600x600.jpg 600w, https:\/\/mouldking.store\/wp-content\/uploads\/2022\/11\/QuanGuan-745-477-2-150x150.jpg 150w, https:\/\/mouldking.store\/wp-content\/uploads\/2022\/11\/QuanGuan-745-477-2-60x60.jpg 60w, https:\/\/mouldking.store\/wp-content\/uploads\/2022\/11\/QuanGuan-745-477-2-90x90.jpg 90w\" sizes=\"(max-width: 768px) 100vw, 768px\" \/><figcaption id=\"caption-attachment-35063\" class=\"wp-caption-text\">QuanGuan 745 \u2013 747 SPY x FAMILY Anyas Haus mit 466 Teilen<\/figcaption><\/figure>\n<figure id=\"attachment_35064\" aria-describedby=\"caption-attachment-35064\" style=\"width: 768px\" class=\"wp-caption aligncenter\"><img loading=\"lazy\" decoding=\"async\" class=\"wp-image-35064 size-full\" src=\"https:\/\/mouldking.store\/wp-content\/uploads\/2022\/11\/QuanGuan-745-477-1.jpg\" alt=\"QuanGuan 745 \u2013 747 SPY x FAMILY Anya\u2019s House With 466 Pieces\" width=\"768\" height=\"768\" title=\"-\" srcset=\"https:\/\/mouldking.store\/wp-content\/uploads\/2022\/11\/QuanGuan-745-477-1.jpg 768w, https:\/\/mouldking.store\/wp-content\/uploads\/2022\/11\/QuanGuan-745-477-1-300x300.jpg 300w, https:\/\/mouldking.store\/wp-content\/uploads\/2022\/11\/QuanGuan-745-477-1-600x600.jpg 600w, https:\/\/mouldking.store\/wp-content\/uploads\/2022\/11\/QuanGuan-745-477-1-150x150.jpg 150w, https:\/\/mouldking.store\/wp-content\/uploads\/2022\/11\/QuanGuan-745-477-1-60x60.jpg 60w, https:\/\/mouldking.store\/wp-content\/uploads\/2022\/11\/QuanGuan-745-477-1-90x90.jpg 90w\" sizes=\"(max-width: 768px) 100vw, 768px\" \/><figcaption id=\"caption-attachment-35064\" class=\"wp-caption-text\">QuanGuan 745 \u2013 747 SPY x FAMILY Anyas Haus mit 466 Teilen<\/figcaption><\/figure>","protected":false},"excerpt":{"rendered":"<p>Produktinformationen: Marke: QuanGuan Geschlecht: Unisex Name: SPY x FAMILY Anya&#039;s House Altersgruppe: &gt; 6 Jahre Modellnummer: 745 \u2013 747 Klassifizierung: Zusammenbau Kunststoffblock Form: Selbstsichernde Steine Material: Kunststoff Kunststofftyp: ABS Steinbl\u00f6cke: 466 PCSx3 Gr\u00f6\u00dfe: 42 \u00d7 30 \u00d7 5 cm x3 Enth\u00e4lt eine detaillierte Montageanleitung. Hinweis: 1. Ohne Original [\u2026]<\/p>","protected":false},"featured_media":35059,"comment_status":"closed","ping_status":"closed","template":"","meta":{"_acf_changed":false},"product_cat":[581],"product_tag":[7308,7310,2290,7312,7307,7309,7311],"class_list":["product","first","outofstock","shipping-taxable","purchasable","product-type-variable"],"acf":[],"_links":{"self":[{"href":"https:\/\/mouldking.store\/de\/wp-json\/wp\/v2\/product\/35058","targetHints":{"allow":["GET"]}}],"collection":[{"href":"https:\/\/mouldking.store\/de\/wp-json\/wp\/v2\/product"}],"about":[{"href":"https:\/\/mouldking.store\/de\/wp-json\/wp\/v2\/types\/product"}],"replies":[{"embeddable":true,"href":"https:\/\/mouldking.store\/de\/wp-json\/wp\/v2\/comments?post=35058"}],"wp:featuredmedia":[{"embeddable":true,"href":"https:\/\/mouldking.store\/de\/wp-json\/wp\/v2\/media\/35059"}],"wp:attachment":[{"href":"https:\/\/mouldking.store\/de\/wp-json\/wp\/v2\/media?parent=35058"}],"wp:term":[{"taxonomy":"product_cat","embeddable":true,"href":"https:\/\/mouldking.store\/de\/wp-json\/wp\/v2\/product_cat?post=35058"},{"taxonomy":"product_tag","embeddable":true,"href":"https:\/\/mouldking.store\/de\/wp-json\/wp\/v2\/product_tag?post=35058"}],"curies":[{"name":"wp","href":"https:\/\/api.w.org\/{rel}","templated":true}]}}