{"id":35071,"date":"2022-11-18T09:22:14","date_gmt":"2022-11-18T02:22:14","guid":{"rendered":"https:\/\/mouldking.store\/?post_type=product&#038;p=35071"},"modified":"2022-11-18T09:22:15","modified_gmt":"2022-11-18T02:22:15","slug":"guif-3333d-porsche-911-gt3-with-2703-pieces","status":"publish","type":"product","link":"https:\/\/mouldking.store\/de\/shop\/guif-3333d-porsche-911-gt3-with-2703-pieces\/","title":{"rendered":"GUIF 3333D Porsche 911 GT3 mit 2703 Teilen"},"content":{"rendered":"<p>Produktinformation:<\/p>\n<ol>\n<li>Marke: GUIF<\/li>\n<li>Geschlecht: Unisex<\/li>\n<li>Name: Porsche 911 GT3<\/li>\n<li>Altersspanne: &gt; 6 Jahre alt<\/li>\n<li>Modellnummer: 3333D<\/li>\n<li>Einstufung: Assemblage<\/li>\n<li>Kunststoffblockform: Selbstsichernde Steine<\/li>\n<li>Material: Kunststoff<\/li>\n<li>Kunststofftyp: ABS<\/li>\n<li>Ziegelsteine: 2703 PCS<\/li>\n<li>Gr\u00f6\u00dfe: 28 x 57 x 16 cm<\/li>\n<li>Enth\u00e4lt eine ausf\u00fchrliche Montageanleitung.<\/li>\n<\/ol>\n<p>Notiz:<br \/>\n1. Ohne Originalverpackung, aber wir garantieren, dass unsere Produkte eine Qualit\u00e4tssicherung und eine sch\u00f6ne Verpackung haben.<br \/>\n2. Wie alle Teile, die wir vor dem Versand \u00fcberpr\u00fcft haben, machen Sie sich keine Sorgen, wenn Sie feststellen, dass einige Teile fehlen oder besch\u00e4digt sind, und kontaktieren Sie uns einfach, und wir k\u00f6nnen sie Ihnen umgehend kostenlos erneut zusenden.<\/p>\n<figure id=\"attachment_35072\" aria-describedby=\"caption-attachment-35072\" style=\"width: 748px\" class=\"wp-caption aligncenter\"><img fetchpriority=\"high\" decoding=\"async\" class=\"wp-image-35072 size-full\" src=\"https:\/\/mouldking.store\/wp-content\/uploads\/2022\/11\/GUIF-3333D-9.jpg\" alt=\"GUIF 3333D Porsche 911 GT3 With 2703 Pieces\" width=\"748\" height=\"836\" title=\"-\" srcset=\"https:\/\/mouldking.store\/wp-content\/uploads\/2022\/11\/GUIF-3333D-9.jpg 748w, https:\/\/mouldking.store\/wp-content\/uploads\/2022\/11\/GUIF-3333D-9-268x300.jpg 268w, https:\/\/mouldking.store\/wp-content\/uploads\/2022\/11\/GUIF-3333D-9-300x335.jpg 300w, https:\/\/mouldking.store\/wp-content\/uploads\/2022\/11\/GUIF-3333D-9-600x671.jpg 600w, https:\/\/mouldking.store\/wp-content\/uploads\/2022\/11\/GUIF-3333D-9-134x150.jpg 134w, https:\/\/mouldking.store\/wp-content\/uploads\/2022\/11\/GUIF-3333D-9-54x60.jpg 54w, https:\/\/mouldking.store\/wp-content\/uploads\/2022\/11\/GUIF-3333D-9-81x90.jpg 81w\" sizes=\"(max-width: 748px) 100vw, 748px\" \/><figcaption id=\"caption-attachment-35072\" class=\"wp-caption-text\">GUIF 3333D Porsche 911 GT3 mit 2703 Teilen<\/figcaption><\/figure>\n<figure id=\"attachment_35073\" aria-describedby=\"caption-attachment-35073\" style=\"width: 768px\" class=\"wp-caption aligncenter\"><img decoding=\"async\" class=\"wp-image-35073 size-full\" src=\"https:\/\/mouldking.store\/wp-content\/uploads\/2022\/11\/GUIF-3333D-8.jpg\" alt=\"GUIF 3333D Porsche 911 GT3 With 2703 Pieces\" width=\"768\" height=\"768\" title=\"-\" srcset=\"https:\/\/mouldking.store\/wp-content\/uploads\/2022\/11\/GUIF-3333D-8.jpg 768w, https:\/\/mouldking.store\/wp-content\/uploads\/2022\/11\/GUIF-3333D-8-300x300.jpg 300w, https:\/\/mouldking.store\/wp-content\/uploads\/2022\/11\/GUIF-3333D-8-600x600.jpg 600w, https:\/\/mouldking.store\/wp-content\/uploads\/2022\/11\/GUIF-3333D-8-150x150.jpg 150w, https:\/\/mouldking.store\/wp-content\/uploads\/2022\/11\/GUIF-3333D-8-60x60.jpg 60w, https:\/\/mouldking.store\/wp-content\/uploads\/2022\/11\/GUIF-3333D-8-90x90.jpg 90w\" sizes=\"(max-width: 768px) 100vw, 768px\" \/><figcaption id=\"caption-attachment-35073\" class=\"wp-caption-text\">GUIF 3333D Porsche 911 GT3 mit 2703 Teilen<\/figcaption><\/figure>\n<figure id=\"attachment_35074\" aria-describedby=\"caption-attachment-35074\" style=\"width: 744px\" class=\"wp-caption aligncenter\"><img decoding=\"async\" class=\"wp-image-35074 size-full\" src=\"https:\/\/mouldking.store\/wp-content\/uploads\/2022\/11\/GUIF-3333D-7.jpg\" alt=\"GUIF 3333D Porsche 911 GT3 With 2703 Pieces\" width=\"744\" height=\"996\" title=\"-\" srcset=\"https:\/\/mouldking.store\/wp-content\/uploads\/2022\/11\/GUIF-3333D-7.jpg 744w, https:\/\/mouldking.store\/wp-content\/uploads\/2022\/11\/GUIF-3333D-7-224x300.jpg 224w, https:\/\/mouldking.store\/wp-content\/uploads\/2022\/11\/GUIF-3333D-7-300x402.jpg 300w, https:\/\/mouldking.store\/wp-content\/uploads\/2022\/11\/GUIF-3333D-7-600x803.jpg 600w, https:\/\/mouldking.store\/wp-content\/uploads\/2022\/11\/GUIF-3333D-7-112x150.jpg 112w, https:\/\/mouldking.store\/wp-content\/uploads\/2022\/11\/GUIF-3333D-7-45x60.jpg 45w, https:\/\/mouldking.store\/wp-content\/uploads\/2022\/11\/GUIF-3333D-7-67x90.jpg 67w\" sizes=\"(max-width: 744px) 100vw, 744px\" \/><figcaption id=\"caption-attachment-35074\" class=\"wp-caption-text\">GUIF 3333D Porsche 911 GT3 mit 2703 Teilen<\/figcaption><\/figure>\n<figure id=\"attachment_35075\" aria-describedby=\"caption-attachment-35075\" style=\"width: 744px\" class=\"wp-caption aligncenter\"><img loading=\"lazy\" decoding=\"async\" class=\"wp-image-35075 size-full\" src=\"https:\/\/mouldking.store\/wp-content\/uploads\/2022\/11\/GUIF-3333D-6.jpg\" alt=\"GUIF 3333D Porsche 911 GT3 With 2703 Pieces\" width=\"744\" height=\"684\" title=\"-\" srcset=\"https:\/\/mouldking.store\/wp-content\/uploads\/2022\/11\/GUIF-3333D-6.jpg 744w, https:\/\/mouldking.store\/wp-content\/uploads\/2022\/11\/GUIF-3333D-6-300x276.jpg 300w, https:\/\/mouldking.store\/wp-content\/uploads\/2022\/11\/GUIF-3333D-6-600x552.jpg 600w, https:\/\/mouldking.store\/wp-content\/uploads\/2022\/11\/GUIF-3333D-6-150x138.jpg 150w, https:\/\/mouldking.store\/wp-content\/uploads\/2022\/11\/GUIF-3333D-6-65x60.jpg 65w, https:\/\/mouldking.store\/wp-content\/uploads\/2022\/11\/GUIF-3333D-6-98x90.jpg 98w\" sizes=\"(max-width: 744px) 100vw, 744px\" \/><figcaption id=\"caption-attachment-35075\" class=\"wp-caption-text\">GUIF 3333D Porsche 911 GT3 mit 2703 Teilen<\/figcaption><\/figure>\n<figure id=\"attachment_35076\" aria-describedby=\"caption-attachment-35076\" style=\"width: 748px\" class=\"wp-caption aligncenter\"><img loading=\"lazy\" decoding=\"async\" class=\"wp-image-35076 size-full\" src=\"https:\/\/mouldking.store\/wp-content\/uploads\/2022\/11\/GUIF-3333D-5.jpg\" alt=\"GUIF 3333D Porsche 911 GT3 With 2703 Pieces\" width=\"748\" height=\"1000\" title=\"-\" srcset=\"https:\/\/mouldking.store\/wp-content\/uploads\/2022\/11\/GUIF-3333D-5.jpg 748w, https:\/\/mouldking.store\/wp-content\/uploads\/2022\/11\/GUIF-3333D-5-224x300.jpg 224w, https:\/\/mouldking.store\/wp-content\/uploads\/2022\/11\/GUIF-3333D-5-300x401.jpg 300w, https:\/\/mouldking.store\/wp-content\/uploads\/2022\/11\/GUIF-3333D-5-600x802.jpg 600w, https:\/\/mouldking.store\/wp-content\/uploads\/2022\/11\/GUIF-3333D-5-112x150.jpg 112w, https:\/\/mouldking.store\/wp-content\/uploads\/2022\/11\/GUIF-3333D-5-45x60.jpg 45w, https:\/\/mouldking.store\/wp-content\/uploads\/2022\/11\/GUIF-3333D-5-67x90.jpg 67w\" sizes=\"(max-width: 748px) 100vw, 748px\" \/><figcaption id=\"caption-attachment-35076\" class=\"wp-caption-text\">GUIF 3333D Porsche 911 GT3 mit 2703 Teilen<\/figcaption><\/figure>\n<figure id=\"attachment_35077\" aria-describedby=\"caption-attachment-35077\" style=\"width: 744px\" class=\"wp-caption alignnone\"><img loading=\"lazy\" decoding=\"async\" class=\"wp-image-35077 size-full\" src=\"https:\/\/mouldking.store\/wp-content\/uploads\/2022\/11\/GUIF-3333D-4.jpg\" alt=\"GUIF 3333D Porsche 911 GT3 With 2703 Pieces\" width=\"744\" height=\"548\" title=\"-\" srcset=\"https:\/\/mouldking.store\/wp-content\/uploads\/2022\/11\/GUIF-3333D-4.jpg 744w, https:\/\/mouldking.store\/wp-content\/uploads\/2022\/11\/GUIF-3333D-4-300x221.jpg 300w, https:\/\/mouldking.store\/wp-content\/uploads\/2022\/11\/GUIF-3333D-4-600x442.jpg 600w, https:\/\/mouldking.store\/wp-content\/uploads\/2022\/11\/GUIF-3333D-4-150x110.jpg 150w, https:\/\/mouldking.store\/wp-content\/uploads\/2022\/11\/GUIF-3333D-4-81x60.jpg 81w, https:\/\/mouldking.store\/wp-content\/uploads\/2022\/11\/GUIF-3333D-4-122x90.jpg 122w\" sizes=\"(max-width: 744px) 100vw, 744px\" \/><figcaption id=\"caption-attachment-35077\" class=\"wp-caption-text\">GUIF 3333D Porsche 911 GT3 mit 2703 Teilen<\/figcaption><\/figure>\n<figure id=\"attachment_35078\" aria-describedby=\"caption-attachment-35078\" style=\"width: 748px\" class=\"wp-caption aligncenter\"><img loading=\"lazy\" decoding=\"async\" class=\"wp-image-35078 size-full\" src=\"https:\/\/mouldking.store\/wp-content\/uploads\/2022\/11\/GUIF-3333D-3.jpg\" alt=\"GUIF 3333D Porsche 911 GT3 With 2703 Pieces\" width=\"748\" height=\"944\" title=\"-\" srcset=\"https:\/\/mouldking.store\/wp-content\/uploads\/2022\/11\/GUIF-3333D-3.jpg 748w, https:\/\/mouldking.store\/wp-content\/uploads\/2022\/11\/GUIF-3333D-3-238x300.jpg 238w, https:\/\/mouldking.store\/wp-content\/uploads\/2022\/11\/GUIF-3333D-3-300x379.jpg 300w, https:\/\/mouldking.store\/wp-content\/uploads\/2022\/11\/GUIF-3333D-3-600x757.jpg 600w, https:\/\/mouldking.store\/wp-content\/uploads\/2022\/11\/GUIF-3333D-3-119x150.jpg 119w, https:\/\/mouldking.store\/wp-content\/uploads\/2022\/11\/GUIF-3333D-3-48x60.jpg 48w, https:\/\/mouldking.store\/wp-content\/uploads\/2022\/11\/GUIF-3333D-3-71x90.jpg 71w\" sizes=\"(max-width: 748px) 100vw, 748px\" \/><figcaption id=\"caption-attachment-35078\" class=\"wp-caption-text\">GUIF 3333D Porsche 911 GT3 mit 2703 Teilen<\/figcaption><\/figure>\n<figure id=\"attachment_35079\" aria-describedby=\"caption-attachment-35079\" style=\"width: 748px\" class=\"wp-caption aligncenter\"><img loading=\"lazy\" decoding=\"async\" class=\"wp-image-35079 size-full\" src=\"https:\/\/mouldking.store\/wp-content\/uploads\/2022\/11\/GUIF-3333D-2.jpg\" alt=\"GUIF 3333D Porsche 911 GT3 With 2703 Pieces\" width=\"748\" height=\"932\" title=\"-\" srcset=\"https:\/\/mouldking.store\/wp-content\/uploads\/2022\/11\/GUIF-3333D-2.jpg 748w, https:\/\/mouldking.store\/wp-content\/uploads\/2022\/11\/GUIF-3333D-2-241x300.jpg 241w, https:\/\/mouldking.store\/wp-content\/uploads\/2022\/11\/GUIF-3333D-2-300x374.jpg 300w, https:\/\/mouldking.store\/wp-content\/uploads\/2022\/11\/GUIF-3333D-2-600x748.jpg 600w, https:\/\/mouldking.store\/wp-content\/uploads\/2022\/11\/GUIF-3333D-2-120x150.jpg 120w, https:\/\/mouldking.store\/wp-content\/uploads\/2022\/11\/GUIF-3333D-2-48x60.jpg 48w, https:\/\/mouldking.store\/wp-content\/uploads\/2022\/11\/GUIF-3333D-2-72x90.jpg 72w\" sizes=\"(max-width: 748px) 100vw, 748px\" \/><figcaption id=\"caption-attachment-35079\" class=\"wp-caption-text\">GUIF 3333D Porsche 911 GT3 mit 2703 Teilen<\/figcaption><\/figure>\n<figure id=\"attachment_35080\" aria-describedby=\"caption-attachment-35080\" style=\"width: 748px\" class=\"wp-caption aligncenter\"><img loading=\"lazy\" decoding=\"async\" class=\"wp-image-35080 size-full\" src=\"https:\/\/mouldking.store\/wp-content\/uploads\/2022\/11\/GUIF-3333D-1.jpg\" alt=\"GUIF 3333D Porsche 911 GT3 With 2703 Pieces\" width=\"748\" height=\"700\" title=\"-\" srcset=\"https:\/\/mouldking.store\/wp-content\/uploads\/2022\/11\/GUIF-3333D-1.jpg 748w, https:\/\/mouldking.store\/wp-content\/uploads\/2022\/11\/GUIF-3333D-1-300x281.jpg 300w, https:\/\/mouldking.store\/wp-content\/uploads\/2022\/11\/GUIF-3333D-1-600x561.jpg 600w, https:\/\/mouldking.store\/wp-content\/uploads\/2022\/11\/GUIF-3333D-1-150x140.jpg 150w, https:\/\/mouldking.store\/wp-content\/uploads\/2022\/11\/GUIF-3333D-1-64x60.jpg 64w, https:\/\/mouldking.store\/wp-content\/uploads\/2022\/11\/GUIF-3333D-1-96x90.jpg 96w\" sizes=\"(max-width: 748px) 100vw, 748px\" \/><figcaption id=\"caption-attachment-35080\" class=\"wp-caption-text\">GUIF 3333D Porsche 911 GT3 mit 2703 Teilen<\/figcaption><\/figure>","protected":false},"excerpt":{"rendered":"<p>Product information: Brand: GUIF Gender: Unisex Name: Porsche 911 GT3 Age Range: &gt; 6 years old Model Number: 3333D Classification: Assemblage Plastic Block Shape: Self-Locking Bricks Material: Plastic Plastic Type: ABS Bricks Blocks:2703 PCS Size: 28x57x16cm Contains detailed assembly instructions. Notice: 1. Without an original box, but we guarantee our products have quality assurance and [&hellip;]<\/p>","protected":false},"featured_media":35073,"comment_status":"closed","ping_status":"closed","template":"","meta":{"_acf_changed":false},"product_cat":[1360,1357],"product_tag":[7315,7316,7314,7318,7319,7313,2754,7317],"class_list":["product","first","instock","shipping-taxable","purchasable","product-type-simple"],"acf":[],"_links":{"self":[{"href":"https:\/\/mouldking.store\/de\/wp-json\/wp\/v2\/product\/35071","targetHints":{"allow":["GET"]}}],"collection":[{"href":"https:\/\/mouldking.store\/de\/wp-json\/wp\/v2\/product"}],"about":[{"href":"https:\/\/mouldking.store\/de\/wp-json\/wp\/v2\/types\/product"}],"replies":[{"embeddable":true,"href":"https:\/\/mouldking.store\/de\/wp-json\/wp\/v2\/comments?post=35071"}],"wp:featuredmedia":[{"embeddable":true,"href":"https:\/\/mouldking.store\/de\/wp-json\/wp\/v2\/media\/35073"}],"wp:attachment":[{"href":"https:\/\/mouldking.store\/de\/wp-json\/wp\/v2\/media?parent=35071"}],"wp:term":[{"taxonomy":"product_cat","embeddable":true,"href":"https:\/\/mouldking.store\/de\/wp-json\/wp\/v2\/product_cat?post=35071"},{"taxonomy":"product_tag","embeddable":true,"href":"https:\/\/mouldking.store\/de\/wp-json\/wp\/v2\/product_tag?post=35071"}],"curies":[{"name":"wp","href":"https:\/\/api.w.org\/{rel}","templated":true}]}}